{"id":11268,"date":"2017-02-09T13:42:13","date_gmt":"2017-02-09T13:42:13","guid":{"rendered":"http:\/\/alj.corp.staging.omniaconnect.net\/es\/investments\/saudi-arabia\/"},"modified":"2020-03-30T09:16:16","modified_gmt":"2020-03-30T09:16:16","slug":"saudi-arabia","status":"publish","type":"page","link":"https:\/\/alj.com\/es\/investments\/saudi-arabia\/","title":{"rendered":"Arabia Saud\u00ed"},"content":{"rendered":"<h2>Invertir en el futuro de Arabia Saud\u00ed<\/h2>\n<div class=\"p1-style\">En 2016, despu\u00e9s de casi 70 a\u00f1os de \u00e9xito demostrado, incrementamos nuestro \u00e9nfasis en la inversi\u00f3n para el desarrollo de nuestro mercado de origen y creamos Abdul Latif Jameel Investments, una empresa de dedicaci\u00f3n exclusiva y con grandes recursos.<\/div>\n<p>Esta iniciativa pretende identificar oportunidades e impulsar las inversiones en Arabia Saud\u00ed. Su objetivo es acelerar la diversificaci\u00f3n y el crecimiento empresarial, al tiempo que se contribuye al desarrollo econ\u00f3mico del pa\u00eds.<\/p>\n","protected":false},"excerpt":{"rendered":"<p>Invertir en el futuro de Arabia Saud\u00ed En 2016, despu\u00e9s de casi 70 a\u00f1os de \u00e9xito demostrado, incrementamos nuestro \u00e9nfasis en la inversi\u00f3n para el desarrollo de nuestro mercado de origen y creamos Abdul Latif Jameel Investments, una empresa de dedicaci\u00f3n exclusiva y con grandes recursos. Esta iniciativa pretende identificar oportunidades e impulsar las inversiones [&hellip;]<\/p>\n","protected":false},"author":14,"featured_media":0,"parent":11265,"menu_order":15,"comment_status":"closed","ping_status":"closed","template":"page-templates\/investment-saudi.php","meta":{"footnotes":""},"categories":[],"acf":[],"yoast_head":"<!-- This site is optimized with the Yoast SEO plugin v21.5 - https:\/\/yoast.com\/wordpress\/plugins\/seo\/ -->\n<title>Oportunidades de inversi\u00f3n en Arabia Saud\u00ed | Abdul Latif Jameel\u00ae<\/title>\n<meta name=\"description\" content=\"Nuestro objetivo es acelerar la diversificaci\u00f3n y el crecimiento, contribuyendo al mismo tiempo al desarrollo econ\u00f3mico de Arabia Saud\u00ed. Conozca m\u00e1s sobre las oportunidades de inversi\u00f3n.\" \/>\n<meta name=\"robots\" content=\"index, follow, max-snippet:-1, max-image-preview:large, max-video-preview:-1\" \/>\n<link rel=\"canonical\" href=\"https:\/\/alj.com\/es\/investments\/saudi-arabia\/\" \/>\n<meta property=\"og:locale\" content=\"es_ES\" \/>\n<meta property=\"og:type\" content=\"article\" \/>\n<meta property=\"og:title\" content=\"Oportunidades de inversi\u00f3n en Arabia Saud\u00ed | Abdul Latif Jameel\u00ae\" \/>\n<meta property=\"og:description\" content=\"Nuestro objetivo es acelerar la diversificaci\u00f3n y el crecimiento, contribuyendo al mismo tiempo al desarrollo econ\u00f3mico de Arabia Saud\u00ed. Conozca m\u00e1s sobre las oportunidades de inversi\u00f3n.\" \/>\n<meta property=\"og:url\" content=\"https:\/\/alj.com\/es\/investments\/saudi-arabia\/\" \/>\n<meta property=\"og:site_name\" content=\"Abdul Latif Jameel\" \/>\n<meta property=\"article:publisher\" content=\"https:\/\/www.facebook.com\/Abdul.Latif.Jameel.Official\" \/>\n<meta property=\"article:modified_time\" content=\"2020-03-30T09:16:16+00:00\" \/>\n<meta property=\"og:image\" content=\"https:\/\/media.alj.com\/app\/uploads\/2016\/10\/alj-our-presence-in-menat-and-beyond.jpg\" \/>\n\t<meta property=\"og:image:width\" content=\"1294\" \/>\n\t<meta property=\"og:image:height\" content=\"600\" \/>\n\t<meta property=\"og:image:type\" content=\"image\/jpeg\" \/>\n<meta name=\"twitter:card\" content=\"summary_large_image\" \/>\n<script type=\"application\/ld+json\" class=\"yoast-schema-graph\">{\"@context\":\"https:\/\/schema.org\",\"@graph\":[{\"@type\":\"WebPage\",\"@id\":\"https:\/\/alj.com\/es\/investments\/saudi-arabia\/\",\"url\":\"https:\/\/alj.com\/es\/investments\/saudi-arabia\/\",\"name\":\"Oportunidades de inversi\u00f3n en Arabia Saud\u00ed | Abdul Latif Jameel\u00ae\",\"isPartOf\":{\"@id\":\"https:\/\/alj.com\/en\/#website\"},\"datePublished\":\"2017-02-09T13:42:13+00:00\",\"dateModified\":\"2020-03-30T09:16:16+00:00\",\"description\":\"Nuestro objetivo es acelerar la diversificaci\u00f3n y el crecimiento, contribuyendo al mismo tiempo al desarrollo econ\u00f3mico de Arabia Saud\u00ed. Conozca m\u00e1s sobre las oportunidades de inversi\u00f3n.\",\"breadcrumb\":{\"@id\":\"https:\/\/alj.com\/es\/investments\/saudi-arabia\/#breadcrumb\"},\"inLanguage\":\"es-ES\",\"potentialAction\":[{\"@type\":\"ReadAction\",\"target\":[\"https:\/\/alj.com\/es\/investments\/saudi-arabia\/\"]}]},{\"@type\":\"BreadcrumbList\",\"@id\":\"https:\/\/alj.com\/es\/investments\/saudi-arabia\/#breadcrumb\",\"itemListElement\":[{\"@type\":\"ListItem\",\"position\":1,\"name\":\"Home\",\"item\":\"https:\/\/alj.com\/es\/\"},{\"@type\":\"ListItem\",\"position\":2,\"name\":\"Inversiones\",\"item\":\"https:\/\/alj.com\/es\/investments\/\"},{\"@type\":\"ListItem\",\"position\":3,\"name\":\"Arabia Saud\u00ed\"}]},{\"@type\":\"WebSite\",\"@id\":\"https:\/\/alj.com\/en\/#website\",\"url\":\"https:\/\/alj.com\/en\/\",\"name\":\"Abdul Latif Jameel\",\"description\":\"Abdul Latif Jameel\",\"potentialAction\":[{\"@type\":\"SearchAction\",\"target\":{\"@type\":\"EntryPoint\",\"urlTemplate\":\"https:\/\/alj.com\/en\/?s={search_term_string}\"},\"query-input\":\"required name=search_term_string\"}],\"inLanguage\":\"es-ES\"}]}<\/script>\n<!-- \/ Yoast SEO plugin. -->","yoast_head_json":{"title":"Oportunidades de inversi\u00f3n en Arabia Saud\u00ed | Abdul Latif Jameel\u00ae","description":"Nuestro objetivo es acelerar la diversificaci\u00f3n y el crecimiento, contribuyendo al mismo tiempo al desarrollo econ\u00f3mico de Arabia Saud\u00ed. Conozca m\u00e1s sobre las oportunidades de inversi\u00f3n.","robots":{"index":"index","follow":"follow","max-snippet":"max-snippet:-1","max-image-preview":"max-image-preview:large","max-video-preview":"max-video-preview:-1"},"canonical":"https:\/\/alj.com\/es\/investments\/saudi-arabia\/","og_locale":"es_ES","og_type":"article","og_title":"Oportunidades de inversi\u00f3n en Arabia Saud\u00ed | Abdul Latif Jameel\u00ae","og_description":"Nuestro objetivo es acelerar la diversificaci\u00f3n y el crecimiento, contribuyendo al mismo tiempo al desarrollo econ\u00f3mico de Arabia Saud\u00ed. Conozca m\u00e1s sobre las oportunidades de inversi\u00f3n.","og_url":"https:\/\/alj.com\/es\/investments\/saudi-arabia\/","og_site_name":"Abdul Latif Jameel","article_publisher":"https:\/\/www.facebook.com\/Abdul.Latif.Jameel.Official","article_modified_time":"2020-03-30T09:16:16+00:00","og_image":[{"width":1294,"height":600,"url":"https:\/\/media.alj.com\/app\/uploads\/2016\/10\/alj-our-presence-in-menat-and-beyond.jpg","type":"image\/jpeg"}],"twitter_card":"summary_large_image","schema":{"@context":"https:\/\/schema.org","@graph":[{"@type":"WebPage","@id":"https:\/\/alj.com\/es\/investments\/saudi-arabia\/","url":"https:\/\/alj.com\/es\/investments\/saudi-arabia\/","name":"Oportunidades de inversi\u00f3n en Arabia Saud\u00ed | Abdul Latif Jameel\u00ae","isPartOf":{"@id":"https:\/\/alj.com\/en\/#website"},"datePublished":"2017-02-09T13:42:13+00:00","dateModified":"2020-03-30T09:16:16+00:00","description":"Nuestro objetivo es acelerar la diversificaci\u00f3n y el crecimiento, contribuyendo al mismo tiempo al desarrollo econ\u00f3mico de Arabia Saud\u00ed. Conozca m\u00e1s sobre las oportunidades de inversi\u00f3n.","breadcrumb":{"@id":"https:\/\/alj.com\/es\/investments\/saudi-arabia\/#breadcrumb"},"inLanguage":"es-ES","potentialAction":[{"@type":"ReadAction","target":["https:\/\/alj.com\/es\/investments\/saudi-arabia\/"]}]},{"@type":"BreadcrumbList","@id":"https:\/\/alj.com\/es\/investments\/saudi-arabia\/#breadcrumb","itemListElement":[{"@type":"ListItem","position":1,"name":"Home","item":"https:\/\/alj.com\/es\/"},{"@type":"ListItem","position":2,"name":"Inversiones","item":"https:\/\/alj.com\/es\/investments\/"},{"@type":"ListItem","position":3,"name":"Arabia Saud\u00ed"}]},{"@type":"WebSite","@id":"https:\/\/alj.com\/en\/#website","url":"https:\/\/alj.com\/en\/","name":"Abdul Latif Jameel","description":"Abdul Latif Jameel","potentialAction":[{"@type":"SearchAction","target":{"@type":"EntryPoint","urlTemplate":"https:\/\/alj.com\/en\/?s={search_term_string}"},"query-input":"required name=search_term_string"}],"inLanguage":"es-ES"}]}},"_links":{"self":[{"href":"https:\/\/alj.com\/es\/wp-json\/wp\/v2\/pages\/11268"}],"collection":[{"href":"https:\/\/alj.com\/es\/wp-json\/wp\/v2\/pages"}],"about":[{"href":"https:\/\/alj.com\/es\/wp-json\/wp\/v2\/types\/page"}],"author":[{"embeddable":true,"href":"https:\/\/alj.com\/es\/wp-json\/wp\/v2\/users\/14"}],"replies":[{"embeddable":true,"href":"https:\/\/alj.com\/es\/wp-json\/wp\/v2\/comments?post=11268"}],"version-history":[{"count":0,"href":"https:\/\/alj.com\/es\/wp-json\/wp\/v2\/pages\/11268\/revisions"}],"up":[{"embeddable":true,"href":"https:\/\/alj.com\/es\/wp-json\/wp\/v2\/pages\/11265"}],"wp:attachment":[{"href":"https:\/\/alj.com\/es\/wp-json\/wp\/v2\/media?parent=11268"}],"wp:term":[{"taxonomy":"category","embeddable":true,"href":"https:\/\/alj.com\/es\/wp-json\/wp\/v2\/categories?post=11268"}],"curies":[{"name":"wp","href":"https:\/\/api.w.org\/{rel}","templated":true}]}}