{"id":11269,"date":"2017-02-11T15:51:16","date_gmt":"2017-02-11T15:51:16","guid":{"rendered":"http:\/\/alj.corp.staging.omniaconnect.net\/es\/investments\/international\/"},"modified":"2020-03-30T09:59:56","modified_gmt":"2020-03-30T09:59:56","slug":"international","status":"publish","type":"page","link":"https:\/\/alj.com\/es\/investments\/international\/","title":{"rendered":"Internacional"},"content":{"rendered":"<h2>Se abren nuevas puertas y prosperan nuevos mercados por toda la regi\u00f3n, y m\u00e1s all\u00e1.<\/h2>\n<div class=\"p1-style\">Observamos poblaciones en crecimiento de posibles consumidores, muchos de los cuales pertenecen a generaciones m\u00e1s j\u00f3venes y con mejor formaci\u00f3n. Con estas poblaciones cada vez m\u00e1s ambiciosas y conectadas, los pa\u00edses de la regi\u00f3n MENAT y sus gobiernos est\u00e1n dispuestos a hacer negocios y ofrecen un potencial incre\u00edble.<\/div>\n<p>Existen numerosas oportunidades para crear enlaces comerciales de beneficio bilateral por todo el mundo. Para facilitar un di\u00e1logo activo y constructivo, que adem\u00e1s nos permita tanto a nosotros como a nuestros socios poder lograr este potencial, hemos establecido centros internacionales de desarrollo comercial en Estambul, Dub\u00e1i y Tokio<\/p>\n","protected":false},"excerpt":{"rendered":"<p>Se abren nuevas puertas y prosperan nuevos mercados por toda la regi\u00f3n, y m\u00e1s all\u00e1. Observamos poblaciones en crecimiento de posibles consumidores, muchos de los cuales pertenecen a generaciones m\u00e1s j\u00f3venes y con mejor formaci\u00f3n. Con estas poblaciones cada vez m\u00e1s ambiciosas y conectadas, los pa\u00edses de la regi\u00f3n MENAT y sus gobiernos est\u00e1n dispuestos [&hellip;]<\/p>\n","protected":false},"author":14,"featured_media":0,"parent":11265,"menu_order":17,"comment_status":"closed","ping_status":"closed","template":"page-templates\/investment-international.php","meta":{"footnotes":""},"categories":[],"acf":[],"yoast_head":"<!-- This site is optimized with the Yoast SEO plugin v21.5 - https:\/\/yoast.com\/wordpress\/plugins\/seo\/ -->\n<title>Inversiones y comercio internacional | Abdul Latif Jameel\u00ae<\/title>\n<meta name=\"description\" content=\"Abdul Latif Jameel International tiene su sede en el Emirato de Dubai, en los Emiratos \u00c1rabes Unidos, y gestiona empresas de diversos sectores industriales.\" \/>\n<meta name=\"robots\" content=\"index, follow, max-snippet:-1, max-image-preview:large, max-video-preview:-1\" \/>\n<link rel=\"canonical\" href=\"https:\/\/alj.com\/es\/investments\/international\/\" \/>\n<meta property=\"og:locale\" content=\"es_ES\" \/>\n<meta property=\"og:type\" content=\"article\" \/>\n<meta property=\"og:title\" content=\"Inversiones y comercio internacional | Abdul Latif Jameel\u00ae\" \/>\n<meta property=\"og:description\" content=\"Abdul Latif Jameel International tiene su sede en el Emirato de Dubai, en los Emiratos \u00c1rabes Unidos, y gestiona empresas de diversos sectores industriales.\" \/>\n<meta property=\"og:url\" content=\"https:\/\/alj.com\/es\/investments\/international\/\" \/>\n<meta property=\"og:site_name\" content=\"Abdul Latif Jameel\" \/>\n<meta property=\"article:publisher\" content=\"https:\/\/www.facebook.com\/Abdul.Latif.Jameel.Official\" \/>\n<meta property=\"article:modified_time\" content=\"2020-03-30T09:59:56+00:00\" \/>\n<meta property=\"og:image\" content=\"https:\/\/media.alj.com\/app\/uploads\/2016\/10\/alj-our-presence-in-menat-and-beyond.jpg\" \/>\n\t<meta property=\"og:image:width\" content=\"1294\" \/>\n\t<meta property=\"og:image:height\" content=\"600\" \/>\n\t<meta property=\"og:image:type\" content=\"image\/jpeg\" \/>\n<meta name=\"twitter:card\" content=\"summary_large_image\" \/>\n<meta name=\"twitter:label1\" content=\"Est. reading time\" \/>\n\t<meta name=\"twitter:data1\" content=\"1 minute\" \/>\n<script type=\"application\/ld+json\" class=\"yoast-schema-graph\">{\"@context\":\"https:\/\/schema.org\",\"@graph\":[{\"@type\":\"WebPage\",\"@id\":\"https:\/\/alj.com\/es\/investments\/international\/\",\"url\":\"https:\/\/alj.com\/es\/investments\/international\/\",\"name\":\"Inversiones y comercio internacional | Abdul Latif Jameel\u00ae\",\"isPartOf\":{\"@id\":\"https:\/\/alj.com\/en\/#website\"},\"datePublished\":\"2017-02-11T15:51:16+00:00\",\"dateModified\":\"2020-03-30T09:59:56+00:00\",\"description\":\"Abdul Latif Jameel International tiene su sede en el Emirato de Dubai, en los Emiratos \u00c1rabes Unidos, y gestiona empresas de diversos sectores industriales.\",\"breadcrumb\":{\"@id\":\"https:\/\/alj.com\/es\/investments\/international\/#breadcrumb\"},\"inLanguage\":\"es-ES\",\"potentialAction\":[{\"@type\":\"ReadAction\",\"target\":[\"https:\/\/alj.com\/es\/investments\/international\/\"]}]},{\"@type\":\"BreadcrumbList\",\"@id\":\"https:\/\/alj.com\/es\/investments\/international\/#breadcrumb\",\"itemListElement\":[{\"@type\":\"ListItem\",\"position\":1,\"name\":\"Home\",\"item\":\"https:\/\/alj.com\/es\/\"},{\"@type\":\"ListItem\",\"position\":2,\"name\":\"Inversiones\",\"item\":\"https:\/\/alj.com\/es\/investments\/\"},{\"@type\":\"ListItem\",\"position\":3,\"name\":\"Internacional\"}]},{\"@type\":\"WebSite\",\"@id\":\"https:\/\/alj.com\/en\/#website\",\"url\":\"https:\/\/alj.com\/en\/\",\"name\":\"Abdul Latif Jameel\",\"description\":\"Abdul Latif Jameel\",\"potentialAction\":[{\"@type\":\"SearchAction\",\"target\":{\"@type\":\"EntryPoint\",\"urlTemplate\":\"https:\/\/alj.com\/en\/?s={search_term_string}\"},\"query-input\":\"required name=search_term_string\"}],\"inLanguage\":\"es-ES\"}]}<\/script>\n<!-- \/ Yoast SEO plugin. -->","yoast_head_json":{"title":"Inversiones y comercio internacional | Abdul Latif Jameel\u00ae","description":"Abdul Latif Jameel International tiene su sede en el Emirato de Dubai, en los Emiratos \u00c1rabes Unidos, y gestiona empresas de diversos sectores industriales.","robots":{"index":"index","follow":"follow","max-snippet":"max-snippet:-1","max-image-preview":"max-image-preview:large","max-video-preview":"max-video-preview:-1"},"canonical":"https:\/\/alj.com\/es\/investments\/international\/","og_locale":"es_ES","og_type":"article","og_title":"Inversiones y comercio internacional | Abdul Latif Jameel\u00ae","og_description":"Abdul Latif Jameel International tiene su sede en el Emirato de Dubai, en los Emiratos \u00c1rabes Unidos, y gestiona empresas de diversos sectores industriales.","og_url":"https:\/\/alj.com\/es\/investments\/international\/","og_site_name":"Abdul Latif Jameel","article_publisher":"https:\/\/www.facebook.com\/Abdul.Latif.Jameel.Official","article_modified_time":"2020-03-30T09:59:56+00:00","og_image":[{"width":1294,"height":600,"url":"https:\/\/media.alj.com\/app\/uploads\/2016\/10\/alj-our-presence-in-menat-and-beyond.jpg","type":"image\/jpeg"}],"twitter_card":"summary_large_image","twitter_misc":{"Est. reading time":"1 minute"},"schema":{"@context":"https:\/\/schema.org","@graph":[{"@type":"WebPage","@id":"https:\/\/alj.com\/es\/investments\/international\/","url":"https:\/\/alj.com\/es\/investments\/international\/","name":"Inversiones y comercio internacional | Abdul Latif Jameel\u00ae","isPartOf":{"@id":"https:\/\/alj.com\/en\/#website"},"datePublished":"2017-02-11T15:51:16+00:00","dateModified":"2020-03-30T09:59:56+00:00","description":"Abdul Latif Jameel International tiene su sede en el Emirato de Dubai, en los Emiratos \u00c1rabes Unidos, y gestiona empresas de diversos sectores industriales.","breadcrumb":{"@id":"https:\/\/alj.com\/es\/investments\/international\/#breadcrumb"},"inLanguage":"es-ES","potentialAction":[{"@type":"ReadAction","target":["https:\/\/alj.com\/es\/investments\/international\/"]}]},{"@type":"BreadcrumbList","@id":"https:\/\/alj.com\/es\/investments\/international\/#breadcrumb","itemListElement":[{"@type":"ListItem","position":1,"name":"Home","item":"https:\/\/alj.com\/es\/"},{"@type":"ListItem","position":2,"name":"Inversiones","item":"https:\/\/alj.com\/es\/investments\/"},{"@type":"ListItem","position":3,"name":"Internacional"}]},{"@type":"WebSite","@id":"https:\/\/alj.com\/en\/#website","url":"https:\/\/alj.com\/en\/","name":"Abdul Latif Jameel","description":"Abdul Latif Jameel","potentialAction":[{"@type":"SearchAction","target":{"@type":"EntryPoint","urlTemplate":"https:\/\/alj.com\/en\/?s={search_term_string}"},"query-input":"required name=search_term_string"}],"inLanguage":"es-ES"}]}},"_links":{"self":[{"href":"https:\/\/alj.com\/es\/wp-json\/wp\/v2\/pages\/11269"}],"collection":[{"href":"https:\/\/alj.com\/es\/wp-json\/wp\/v2\/pages"}],"about":[{"href":"https:\/\/alj.com\/es\/wp-json\/wp\/v2\/types\/page"}],"author":[{"embeddable":true,"href":"https:\/\/alj.com\/es\/wp-json\/wp\/v2\/users\/14"}],"replies":[{"embeddable":true,"href":"https:\/\/alj.com\/es\/wp-json\/wp\/v2\/comments?post=11269"}],"version-history":[{"count":0,"href":"https:\/\/alj.com\/es\/wp-json\/wp\/v2\/pages\/11269\/revisions"}],"up":[{"embeddable":true,"href":"https:\/\/alj.com\/es\/wp-json\/wp\/v2\/pages\/11265"}],"wp:attachment":[{"href":"https:\/\/alj.com\/es\/wp-json\/wp\/v2\/media?parent=11269"}],"wp:term":[{"taxonomy":"category","embeddable":true,"href":"https:\/\/alj.com\/es\/wp-json\/wp\/v2\/categories?post=11269"}],"curies":[{"name":"wp","href":"https:\/\/api.w.org\/{rel}","templated":true}]}}