{"id":11271,"date":"2017-04-17T13:40:51","date_gmt":"2017-04-17T13:40:51","guid":{"rendered":"http:\/\/alj.corp.staging.omniaconnect.net\/es\/investments\/menat-region\/"},"modified":"2020-03-30T09:56:49","modified_gmt":"2020-03-30T09:56:49","slug":"menat-region","status":"publish","type":"page","link":"https:\/\/alj.com\/es\/investments\/menat-region\/","title":{"rendered":"La Regi\u00f3n MENAT"},"content":{"rendered":"<h2>Una regi\u00f3n con much\u00edsimas posibilidades<\/h2>\n<div class=\"p1-style\">Con nuestra larga tradici\u00f3n de fomentar y cultivar las relaciones en las comunidades a las que prestamos servicio, Abdul\u00a0Latif\u00a0Jameel es gu\u00eda, socio y consejero respetado y de plena confianza en la regi\u00f3n MENAT (Oriente Medio, \u00c1frica del Norte y Turqu\u00eda).<\/div>\n<p>Aclamada como \u2018el p\u00f3rtico entre Oriente y Occidente\u2019 desde hace miles de a\u00f1os, la regi\u00f3n MENAT se encuentra actualmente en el epicentro geogr\u00e1fico de los viajes, el turismo y, por supuesto, el comercio internacional. Con poblaciones ambiciosas y conectadas con muchas posibilidades y preparadas para la inversi\u00f3n, los pa\u00edses de la regi\u00f3n MENAT y sus gobiernos se est\u00e1n modernizando y desarrollando a un ritmo sorprendente.<\/p>\n<p>Juntos podemos desbloquear este excitante potencial y desarrollar un futuro a\u00fan m\u00e1s brillante para una de las regiones m\u00e1s emocionantes del mundo.<\/p>\n","protected":false},"excerpt":{"rendered":"<p>Una regi\u00f3n con much\u00edsimas posibilidades Con nuestra larga tradici\u00f3n de fomentar y cultivar las relaciones en las comunidades a las que prestamos servicio, Abdul\u00a0Latif\u00a0Jameel es gu\u00eda, socio y consejero respetado y de plena confianza en la regi\u00f3n MENAT (Oriente Medio, \u00c1frica del Norte y Turqu\u00eda). Aclamada como \u2018el p\u00f3rtico entre Oriente y Occidente\u2019 desde hace [&hellip;]<\/p>\n","protected":false},"author":14,"featured_media":0,"parent":11265,"menu_order":20,"comment_status":"closed","ping_status":"closed","template":"page-templates\/investment-international.php","meta":{"footnotes":""},"categories":[],"acf":[],"yoast_head":"<!-- This site is optimized with the Yoast SEO plugin v21.5 - https:\/\/yoast.com\/wordpress\/plugins\/seo\/ -->\n<title>Inversiones: Oriente Medio, \u00c1frica del Norte y Turqu\u00eda | Abdul Latif Jameel\u00ae<\/title>\n<meta name=\"description\" content=\"La regi\u00f3n MENAT se est\u00e1 desarrollando a un ritmo incre\u00edble y tiene el potencial para inversiones prometedoras. Conozca m\u00e1s sobre las oportunidades en la regi\u00f3n.\" \/>\n<meta name=\"robots\" content=\"index, follow, max-snippet:-1, max-image-preview:large, max-video-preview:-1\" \/>\n<link rel=\"canonical\" href=\"https:\/\/alj.com\/es\/investments\/menat-region\/\" \/>\n<meta property=\"og:locale\" content=\"es_ES\" \/>\n<meta property=\"og:type\" content=\"article\" \/>\n<meta property=\"og:title\" content=\"Inversiones: Oriente Medio, \u00c1frica del Norte y Turqu\u00eda | Abdul Latif Jameel\u00ae\" \/>\n<meta property=\"og:description\" content=\"La regi\u00f3n MENAT se est\u00e1 desarrollando a un ritmo incre\u00edble y tiene el potencial para inversiones prometedoras. Conozca m\u00e1s sobre las oportunidades en la regi\u00f3n.\" \/>\n<meta property=\"og:url\" content=\"https:\/\/alj.com\/es\/investments\/menat-region\/\" \/>\n<meta property=\"og:site_name\" content=\"Abdul Latif Jameel\" \/>\n<meta property=\"article:publisher\" content=\"https:\/\/www.facebook.com\/Abdul.Latif.Jameel.Official\" \/>\n<meta property=\"article:modified_time\" content=\"2020-03-30T09:56:49+00:00\" \/>\n<meta property=\"og:image\" content=\"https:\/\/media.alj.com\/app\/uploads\/2016\/10\/alj-our-presence-in-menat-and-beyond.jpg\" \/>\n\t<meta property=\"og:image:width\" content=\"1294\" \/>\n\t<meta property=\"og:image:height\" content=\"600\" \/>\n\t<meta property=\"og:image:type\" content=\"image\/jpeg\" \/>\n<meta name=\"twitter:card\" content=\"summary_large_image\" \/>\n<meta name=\"twitter:label1\" content=\"Est. reading time\" \/>\n\t<meta name=\"twitter:data1\" content=\"1 minute\" \/>\n<script type=\"application\/ld+json\" class=\"yoast-schema-graph\">{\"@context\":\"https:\/\/schema.org\",\"@graph\":[{\"@type\":\"WebPage\",\"@id\":\"https:\/\/alj.com\/es\/investments\/menat-region\/\",\"url\":\"https:\/\/alj.com\/es\/investments\/menat-region\/\",\"name\":\"Inversiones: Oriente Medio, \u00c1frica del Norte y Turqu\u00eda | Abdul Latif Jameel\u00ae\",\"isPartOf\":{\"@id\":\"https:\/\/alj.com\/en\/#website\"},\"datePublished\":\"2017-04-17T13:40:51+00:00\",\"dateModified\":\"2020-03-30T09:56:49+00:00\",\"description\":\"La regi\u00f3n MENAT se est\u00e1 desarrollando a un ritmo incre\u00edble y tiene el potencial para inversiones prometedoras. Conozca m\u00e1s sobre las oportunidades en la regi\u00f3n.\",\"breadcrumb\":{\"@id\":\"https:\/\/alj.com\/es\/investments\/menat-region\/#breadcrumb\"},\"inLanguage\":\"es-ES\",\"potentialAction\":[{\"@type\":\"ReadAction\",\"target\":[\"https:\/\/alj.com\/es\/investments\/menat-region\/\"]}]},{\"@type\":\"BreadcrumbList\",\"@id\":\"https:\/\/alj.com\/es\/investments\/menat-region\/#breadcrumb\",\"itemListElement\":[{\"@type\":\"ListItem\",\"position\":1,\"name\":\"Home\",\"item\":\"https:\/\/alj.com\/es\/\"},{\"@type\":\"ListItem\",\"position\":2,\"name\":\"Inversiones\",\"item\":\"https:\/\/alj.com\/es\/investments\/\"},{\"@type\":\"ListItem\",\"position\":3,\"name\":\"La Regi\u00f3n MENAT\"}]},{\"@type\":\"WebSite\",\"@id\":\"https:\/\/alj.com\/en\/#website\",\"url\":\"https:\/\/alj.com\/en\/\",\"name\":\"Abdul Latif Jameel\",\"description\":\"Abdul Latif Jameel\",\"potentialAction\":[{\"@type\":\"SearchAction\",\"target\":{\"@type\":\"EntryPoint\",\"urlTemplate\":\"https:\/\/alj.com\/en\/?s={search_term_string}\"},\"query-input\":\"required name=search_term_string\"}],\"inLanguage\":\"es-ES\"}]}<\/script>\n<!-- \/ Yoast SEO plugin. -->","yoast_head_json":{"title":"Inversiones: Oriente Medio, \u00c1frica del Norte y Turqu\u00eda | Abdul Latif Jameel\u00ae","description":"La regi\u00f3n MENAT se est\u00e1 desarrollando a un ritmo incre\u00edble y tiene el potencial para inversiones prometedoras. Conozca m\u00e1s sobre las oportunidades en la regi\u00f3n.","robots":{"index":"index","follow":"follow","max-snippet":"max-snippet:-1","max-image-preview":"max-image-preview:large","max-video-preview":"max-video-preview:-1"},"canonical":"https:\/\/alj.com\/es\/investments\/menat-region\/","og_locale":"es_ES","og_type":"article","og_title":"Inversiones: Oriente Medio, \u00c1frica del Norte y Turqu\u00eda | Abdul Latif Jameel\u00ae","og_description":"La regi\u00f3n MENAT se est\u00e1 desarrollando a un ritmo incre\u00edble y tiene el potencial para inversiones prometedoras. Conozca m\u00e1s sobre las oportunidades en la regi\u00f3n.","og_url":"https:\/\/alj.com\/es\/investments\/menat-region\/","og_site_name":"Abdul Latif Jameel","article_publisher":"https:\/\/www.facebook.com\/Abdul.Latif.Jameel.Official","article_modified_time":"2020-03-30T09:56:49+00:00","og_image":[{"width":1294,"height":600,"url":"https:\/\/media.alj.com\/app\/uploads\/2016\/10\/alj-our-presence-in-menat-and-beyond.jpg","type":"image\/jpeg"}],"twitter_card":"summary_large_image","twitter_misc":{"Est. reading time":"1 minute"},"schema":{"@context":"https:\/\/schema.org","@graph":[{"@type":"WebPage","@id":"https:\/\/alj.com\/es\/investments\/menat-region\/","url":"https:\/\/alj.com\/es\/investments\/menat-region\/","name":"Inversiones: Oriente Medio, \u00c1frica del Norte y Turqu\u00eda | Abdul Latif Jameel\u00ae","isPartOf":{"@id":"https:\/\/alj.com\/en\/#website"},"datePublished":"2017-04-17T13:40:51+00:00","dateModified":"2020-03-30T09:56:49+00:00","description":"La regi\u00f3n MENAT se est\u00e1 desarrollando a un ritmo incre\u00edble y tiene el potencial para inversiones prometedoras. Conozca m\u00e1s sobre las oportunidades en la regi\u00f3n.","breadcrumb":{"@id":"https:\/\/alj.com\/es\/investments\/menat-region\/#breadcrumb"},"inLanguage":"es-ES","potentialAction":[{"@type":"ReadAction","target":["https:\/\/alj.com\/es\/investments\/menat-region\/"]}]},{"@type":"BreadcrumbList","@id":"https:\/\/alj.com\/es\/investments\/menat-region\/#breadcrumb","itemListElement":[{"@type":"ListItem","position":1,"name":"Home","item":"https:\/\/alj.com\/es\/"},{"@type":"ListItem","position":2,"name":"Inversiones","item":"https:\/\/alj.com\/es\/investments\/"},{"@type":"ListItem","position":3,"name":"La Regi\u00f3n MENAT"}]},{"@type":"WebSite","@id":"https:\/\/alj.com\/en\/#website","url":"https:\/\/alj.com\/en\/","name":"Abdul Latif Jameel","description":"Abdul Latif Jameel","potentialAction":[{"@type":"SearchAction","target":{"@type":"EntryPoint","urlTemplate":"https:\/\/alj.com\/en\/?s={search_term_string}"},"query-input":"required name=search_term_string"}],"inLanguage":"es-ES"}]}},"_links":{"self":[{"href":"https:\/\/alj.com\/es\/wp-json\/wp\/v2\/pages\/11271"}],"collection":[{"href":"https:\/\/alj.com\/es\/wp-json\/wp\/v2\/pages"}],"about":[{"href":"https:\/\/alj.com\/es\/wp-json\/wp\/v2\/types\/page"}],"author":[{"embeddable":true,"href":"https:\/\/alj.com\/es\/wp-json\/wp\/v2\/users\/14"}],"replies":[{"embeddable":true,"href":"https:\/\/alj.com\/es\/wp-json\/wp\/v2\/comments?post=11271"}],"version-history":[{"count":0,"href":"https:\/\/alj.com\/es\/wp-json\/wp\/v2\/pages\/11271\/revisions"}],"up":[{"embeddable":true,"href":"https:\/\/alj.com\/es\/wp-json\/wp\/v2\/pages\/11265"}],"wp:attachment":[{"href":"https:\/\/alj.com\/es\/wp-json\/wp\/v2\/media?parent=11271"}],"wp:term":[{"taxonomy":"category","embeddable":true,"href":"https:\/\/alj.com\/es\/wp-json\/wp\/v2\/categories?post=11271"}],"curies":[{"name":"wp","href":"https:\/\/api.w.org\/{rel}","templated":true}]}}