{"id":11280,"date":"2016-10-05T12:00:32","date_gmt":"2016-10-05T12:00:32","guid":{"rendered":"http:\/\/alj.corp.staging.omniaconnect.net\/es\/transportation\/transportation-overview\/"},"modified":"2019-12-30T12:37:30","modified_gmt":"2019-12-30T12:37:30","slug":"transportation-overview","status":"publish","type":"page","link":"https:\/\/alj.com\/es\/transportation\/transportation-overview\/","title":{"rendered":"Descripci\u00f3n General"},"content":{"rendered":"<div class=\"p1-style\">En 1945, nuestro fundador, Abdul Latif Jameel, inici\u00f3 su b\u00fasqueda para satisfacer la necesidad de aumentar las opciones del consumidor en el transporte personal y abri\u00f3 su primer punto de venta de veh\u00edculos en Yeda (Arabia Saud\u00ed).<\/div>\n<p>En tan solo diez a\u00f1os, la compa\u00f1\u00eda fue designada distribuidor oficial de Toyota, con un pedido inicial de cuatro veh\u00edculos todo terreno Toyota BJ.\u00a0M\u00e1s de sesenta a\u00f1os despu\u00e9s, nuestra relaci\u00f3n de mutuo respeto con Toyota Motor Corporation nos ha permitido pasar de ser una empresa modesta con sede en Arabia Saud\u00ed a ser un negocio global de automoci\u00f3n, que presta un servicio completo a nuestros clientes comerciales y minoristas en nueve pa\u00edses de tres continentes.<\/p>\n<p>Nuestros esfuerzos pioneros en desarrollo nos han llevado de aquella primera compra a ser uno de los distribuidores independientes de Toyota l\u00edderes en el mundo, adem\u00e1s de ayudar a Toyota y a otras siete marcas l\u00edderes en automoci\u00f3n a triunfar en el sector del transporte.<\/p>\n","protected":false},"excerpt":{"rendered":"<p>En 1945, nuestro fundador, Abdul Latif Jameel, inici\u00f3 su b\u00fasqueda para satisfacer la necesidad de aumentar las opciones del consumidor en el transporte personal y abri\u00f3 su primer punto de venta de veh\u00edculos en Yeda (Arabia Saud\u00ed). En tan solo diez a\u00f1os, la compa\u00f1\u00eda fue designada distribuidor oficial de Toyota, con un pedido inicial de [&hellip;]<\/p>\n","protected":false},"author":14,"featured_media":0,"parent":11279,"menu_order":15,"comment_status":"closed","ping_status":"closed","template":"page-templates\/business-overview.php","meta":{"footnotes":""},"categories":[],"acf":[],"yoast_head":"<!-- This site is optimized with the Yoast SEO plugin v21.5 - https:\/\/yoast.com\/wordpress\/plugins\/seo\/ -->\n<title>Soluciones de transporte | Abdul Latif Jameel\u00ae<\/title>\n<meta name=\"description\" content=\"Desde 1955, hemos construido un negocio automotriz mundial en 12 pa\u00edses. \u00a1Conozca m\u00e1s sobre nuestros negocios globales de automoci\u00f3n e ingenier\u00eda!\" \/>\n<meta name=\"robots\" content=\"index, follow, max-snippet:-1, max-image-preview:large, max-video-preview:-1\" \/>\n<link rel=\"canonical\" href=\"https:\/\/alj.com\/es\/transportation\/transportation-overview\/\" \/>\n<meta property=\"og:locale\" content=\"es_ES\" \/>\n<meta property=\"og:type\" content=\"article\" \/>\n<meta property=\"og:title\" content=\"Soluciones de transporte | Abdul Latif Jameel\u00ae\" \/>\n<meta property=\"og:description\" content=\"Desde 1955, hemos construido un negocio automotriz mundial en 12 pa\u00edses. \u00a1Conozca m\u00e1s sobre nuestros negocios globales de automoci\u00f3n e ingenier\u00eda!\" \/>\n<meta property=\"og:url\" content=\"https:\/\/alj.com\/es\/transportation\/transportation-overview\/\" \/>\n<meta property=\"og:site_name\" content=\"Abdul Latif Jameel\" \/>\n<meta property=\"article:publisher\" content=\"https:\/\/www.facebook.com\/Abdul.Latif.Jameel.Official\" \/>\n<meta property=\"article:modified_time\" content=\"2019-12-30T12:37:30+00:00\" \/>\n<meta property=\"og:image\" content=\"https:\/\/media.alj.com\/app\/uploads\/2016\/10\/alj-our-presence-in-menat-and-beyond.jpg\" \/>\n\t<meta property=\"og:image:width\" content=\"1294\" \/>\n\t<meta property=\"og:image:height\" content=\"600\" \/>\n\t<meta property=\"og:image:type\" content=\"image\/jpeg\" \/>\n<meta name=\"twitter:card\" content=\"summary_large_image\" \/>\n<meta name=\"twitter:label1\" content=\"Est. reading time\" \/>\n\t<meta name=\"twitter:data1\" content=\"1 minute\" \/>\n<script type=\"application\/ld+json\" class=\"yoast-schema-graph\">{\"@context\":\"https:\/\/schema.org\",\"@graph\":[{\"@type\":\"WebPage\",\"@id\":\"https:\/\/alj.com\/es\/transportation\/transportation-overview\/\",\"url\":\"https:\/\/alj.com\/es\/transportation\/transportation-overview\/\",\"name\":\"Soluciones de transporte | Abdul Latif Jameel\u00ae\",\"isPartOf\":{\"@id\":\"https:\/\/alj.com\/en\/#website\"},\"datePublished\":\"2016-10-05T12:00:32+00:00\",\"dateModified\":\"2019-12-30T12:37:30+00:00\",\"description\":\"Desde 1955, hemos construido un negocio automotriz mundial en 12 pa\u00edses. \u00a1Conozca m\u00e1s sobre nuestros negocios globales de automoci\u00f3n e ingenier\u00eda!\",\"breadcrumb\":{\"@id\":\"https:\/\/alj.com\/es\/transportation\/transportation-overview\/#breadcrumb\"},\"inLanguage\":\"es-ES\",\"potentialAction\":[{\"@type\":\"ReadAction\",\"target\":[\"https:\/\/alj.com\/es\/transportation\/transportation-overview\/\"]}]},{\"@type\":\"BreadcrumbList\",\"@id\":\"https:\/\/alj.com\/es\/transportation\/transportation-overview\/#breadcrumb\",\"itemListElement\":[{\"@type\":\"ListItem\",\"position\":1,\"name\":\"Home\",\"item\":\"https:\/\/alj.com\/es\/\"},{\"@type\":\"ListItem\",\"position\":2,\"name\":\"Transporte\",\"item\":\"https:\/\/alj.com\/es\/transportation\/\"},{\"@type\":\"ListItem\",\"position\":3,\"name\":\"Descripci\u00f3n General\"}]},{\"@type\":\"WebSite\",\"@id\":\"https:\/\/alj.com\/en\/#website\",\"url\":\"https:\/\/alj.com\/en\/\",\"name\":\"Abdul Latif Jameel\",\"description\":\"Abdul Latif Jameel\",\"potentialAction\":[{\"@type\":\"SearchAction\",\"target\":{\"@type\":\"EntryPoint\",\"urlTemplate\":\"https:\/\/alj.com\/en\/?s={search_term_string}\"},\"query-input\":\"required name=search_term_string\"}],\"inLanguage\":\"es-ES\"}]}<\/script>\n<!-- \/ Yoast SEO plugin. -->","yoast_head_json":{"title":"Soluciones de transporte | Abdul Latif Jameel\u00ae","description":"Desde 1955, hemos construido un negocio automotriz mundial en 12 pa\u00edses. \u00a1Conozca m\u00e1s sobre nuestros negocios globales de automoci\u00f3n e ingenier\u00eda!","robots":{"index":"index","follow":"follow","max-snippet":"max-snippet:-1","max-image-preview":"max-image-preview:large","max-video-preview":"max-video-preview:-1"},"canonical":"https:\/\/alj.com\/es\/transportation\/transportation-overview\/","og_locale":"es_ES","og_type":"article","og_title":"Soluciones de transporte | Abdul Latif Jameel\u00ae","og_description":"Desde 1955, hemos construido un negocio automotriz mundial en 12 pa\u00edses. \u00a1Conozca m\u00e1s sobre nuestros negocios globales de automoci\u00f3n e ingenier\u00eda!","og_url":"https:\/\/alj.com\/es\/transportation\/transportation-overview\/","og_site_name":"Abdul Latif Jameel","article_publisher":"https:\/\/www.facebook.com\/Abdul.Latif.Jameel.Official","article_modified_time":"2019-12-30T12:37:30+00:00","og_image":[{"width":1294,"height":600,"url":"https:\/\/media.alj.com\/app\/uploads\/2016\/10\/alj-our-presence-in-menat-and-beyond.jpg","type":"image\/jpeg"}],"twitter_card":"summary_large_image","twitter_misc":{"Est. reading time":"1 minute"},"schema":{"@context":"https:\/\/schema.org","@graph":[{"@type":"WebPage","@id":"https:\/\/alj.com\/es\/transportation\/transportation-overview\/","url":"https:\/\/alj.com\/es\/transportation\/transportation-overview\/","name":"Soluciones de transporte | Abdul Latif Jameel\u00ae","isPartOf":{"@id":"https:\/\/alj.com\/en\/#website"},"datePublished":"2016-10-05T12:00:32+00:00","dateModified":"2019-12-30T12:37:30+00:00","description":"Desde 1955, hemos construido un negocio automotriz mundial en 12 pa\u00edses. \u00a1Conozca m\u00e1s sobre nuestros negocios globales de automoci\u00f3n e ingenier\u00eda!","breadcrumb":{"@id":"https:\/\/alj.com\/es\/transportation\/transportation-overview\/#breadcrumb"},"inLanguage":"es-ES","potentialAction":[{"@type":"ReadAction","target":["https:\/\/alj.com\/es\/transportation\/transportation-overview\/"]}]},{"@type":"BreadcrumbList","@id":"https:\/\/alj.com\/es\/transportation\/transportation-overview\/#breadcrumb","itemListElement":[{"@type":"ListItem","position":1,"name":"Home","item":"https:\/\/alj.com\/es\/"},{"@type":"ListItem","position":2,"name":"Transporte","item":"https:\/\/alj.com\/es\/transportation\/"},{"@type":"ListItem","position":3,"name":"Descripci\u00f3n General"}]},{"@type":"WebSite","@id":"https:\/\/alj.com\/en\/#website","url":"https:\/\/alj.com\/en\/","name":"Abdul Latif Jameel","description":"Abdul Latif Jameel","potentialAction":[{"@type":"SearchAction","target":{"@type":"EntryPoint","urlTemplate":"https:\/\/alj.com\/en\/?s={search_term_string}"},"query-input":"required name=search_term_string"}],"inLanguage":"es-ES"}]}},"_links":{"self":[{"href":"https:\/\/alj.com\/es\/wp-json\/wp\/v2\/pages\/11280"}],"collection":[{"href":"https:\/\/alj.com\/es\/wp-json\/wp\/v2\/pages"}],"about":[{"href":"https:\/\/alj.com\/es\/wp-json\/wp\/v2\/types\/page"}],"author":[{"embeddable":true,"href":"https:\/\/alj.com\/es\/wp-json\/wp\/v2\/users\/14"}],"replies":[{"embeddable":true,"href":"https:\/\/alj.com\/es\/wp-json\/wp\/v2\/comments?post=11280"}],"version-history":[{"count":0,"href":"https:\/\/alj.com\/es\/wp-json\/wp\/v2\/pages\/11280\/revisions"}],"up":[{"embeddable":true,"href":"https:\/\/alj.com\/es\/wp-json\/wp\/v2\/pages\/11279"}],"wp:attachment":[{"href":"https:\/\/alj.com\/es\/wp-json\/wp\/v2\/media?parent=11280"}],"wp:term":[{"taxonomy":"category","embeddable":true,"href":"https:\/\/alj.com\/es\/wp-json\/wp\/v2\/categories?post=11280"}],"curies":[{"name":"wp","href":"https:\/\/api.w.org\/{rel}","templated":true}]}}