{"id":11282,"date":"2016-10-23T10:10:15","date_gmt":"2016-10-23T10:10:15","guid":{"rendered":"http:\/\/alj.corp.staging.omniaconnect.net\/es\/transportation\/commercial-vehicles-equipment\/"},"modified":"2025-04-30T11:50:56","modified_gmt":"2025-04-30T11:50:56","slug":"commercial-vehicles-equipment","status":"publish","type":"page","link":"https:\/\/alj.com\/es\/transportation\/commercial-vehicles-equipment\/","title":{"rendered":"Equipamiento para Veh\u00edculos Comerciales"},"content":{"rendered":"<h2>Soluciones a medida para empresas<\/h2>\n<div class=\"p1-style\">Estamos aplicando las d\u00e9cadas de experiencia que hemos acumulado en la distribuci\u00f3n automovil\u00edstica a nuestro negocio de veh\u00edculos comerciales y equipamiento.<\/div>\n<p>Centrados en ofrecer los mejores resultados para nuestros clientes, desde la calidad de los productos que suministramos hasta las opciones de financiaci\u00f3n y el servicio posventa, estamos abriendo puertas y facilitando el desarrollo de Arabia Saud\u00ed y la regi\u00f3n MENAT.<\/p>\n<p>Actualmente, representamos a marcas reconocidas a nivel mundial como las de los camiones Hino, Toyota Industrial Equipment, materiales de Raymond, soluciones de miner\u00eda y construcci\u00f3n de Komatsu, Manitou, as\u00ed como soluciones de generaci\u00f3n de energ\u00eda para satisfacer las necesidades del creciente sector de la construcci\u00f3n.<\/p>\n","protected":false},"excerpt":{"rendered":"<p>Soluciones a medida para empresas Estamos aplicando las d\u00e9cadas de experiencia que hemos acumulado en la distribuci\u00f3n automovil\u00edstica a nuestro negocio de veh\u00edculos comerciales y equipamiento. Centrados en ofrecer los mejores resultados para nuestros clientes, desde la calidad de los productos que suministramos hasta las opciones de financiaci\u00f3n y el servicio posventa, estamos abriendo puertas [&hellip;]<\/p>\n","protected":false},"author":14,"featured_media":4186,"parent":11279,"menu_order":19,"comment_status":"closed","ping_status":"closed","template":"page-templates\/business-inner.php","meta":{"footnotes":""},"categories":[],"acf":[],"yoast_head":"<!-- This site is optimized with the Yoast SEO plugin v21.5 - https:\/\/yoast.com\/wordpress\/plugins\/seo\/ -->\n<title>Manipulaci\u00f3n de materiales, equipos pesados y maquinaria | Abdul Latif Jameel\u00ae<\/title>\n<meta name=\"description\" content=\"Para ofrecer soluciones a medida a nuestros clientes, aplicamos nuestra excelencia en la distribuci\u00f3n automotriz al sector de veh\u00edculos comerciales y equipos de construcci\u00f3n.\" \/>\n<meta name=\"robots\" content=\"index, follow, max-snippet:-1, max-image-preview:large, max-video-preview:-1\" \/>\n<link rel=\"canonical\" href=\"https:\/\/alj.com\/es\/transportation\/commercial-vehicles-equipment\/\" \/>\n<meta property=\"og:locale\" content=\"es_ES\" \/>\n<meta property=\"og:type\" content=\"article\" \/>\n<meta property=\"og:title\" content=\"Manipulaci\u00f3n de materiales, equipos pesados y maquinaria | Abdul Latif Jameel\u00ae\" \/>\n<meta property=\"og:description\" content=\"Para ofrecer soluciones a medida a nuestros clientes, aplicamos nuestra excelencia en la distribuci\u00f3n automotriz al sector de veh\u00edculos comerciales y equipos de construcci\u00f3n.\" \/>\n<meta property=\"og:url\" content=\"https:\/\/alj.com\/es\/transportation\/commercial-vehicles-equipment\/\" \/>\n<meta property=\"og:site_name\" content=\"Abdul Latif Jameel\" \/>\n<meta property=\"article:publisher\" content=\"https:\/\/www.facebook.com\/Abdul.Latif.Jameel.Official\" \/>\n<meta property=\"article:modified_time\" content=\"2025-04-30T11:50:56+00:00\" \/>\n<meta property=\"og:image\" content=\"https:\/\/media.alj.com\/app\/uploads\/2016\/10\/alj-our-presence-in-menat-and-beyond.jpg\" \/>\n\t<meta property=\"og:image:width\" content=\"1294\" \/>\n\t<meta property=\"og:image:height\" content=\"600\" \/>\n\t<meta property=\"og:image:type\" content=\"image\/jpeg\" \/>\n<meta name=\"twitter:card\" content=\"summary_large_image\" \/>\n<meta name=\"twitter:label1\" content=\"Est. reading time\" \/>\n\t<meta name=\"twitter:data1\" content=\"1 minute\" \/>\n<script type=\"application\/ld+json\" class=\"yoast-schema-graph\">{\"@context\":\"https:\/\/schema.org\",\"@graph\":[{\"@type\":\"WebPage\",\"@id\":\"https:\/\/alj.com\/es\/transportation\/commercial-vehicles-equipment\/\",\"url\":\"https:\/\/alj.com\/es\/transportation\/commercial-vehicles-equipment\/\",\"name\":\"Manipulaci\u00f3n de materiales, equipos pesados y maquinaria | Abdul Latif Jameel\u00ae\",\"isPartOf\":{\"@id\":\"https:\/\/alj.com\/en\/#website\"},\"datePublished\":\"2016-10-23T10:10:15+00:00\",\"dateModified\":\"2025-04-30T11:50:56+00:00\",\"description\":\"Para ofrecer soluciones a medida a nuestros clientes, aplicamos nuestra excelencia en la distribuci\u00f3n automotriz al sector de veh\u00edculos comerciales y equipos de construcci\u00f3n.\",\"breadcrumb\":{\"@id\":\"https:\/\/alj.com\/es\/transportation\/commercial-vehicles-equipment\/#breadcrumb\"},\"inLanguage\":\"es-ES\",\"potentialAction\":[{\"@type\":\"ReadAction\",\"target\":[\"https:\/\/alj.com\/es\/transportation\/commercial-vehicles-equipment\/\"]}]},{\"@type\":\"BreadcrumbList\",\"@id\":\"https:\/\/alj.com\/es\/transportation\/commercial-vehicles-equipment\/#breadcrumb\",\"itemListElement\":[{\"@type\":\"ListItem\",\"position\":1,\"name\":\"Home\",\"item\":\"https:\/\/alj.com\/es\/\"},{\"@type\":\"ListItem\",\"position\":2,\"name\":\"Transporte\",\"item\":\"https:\/\/alj.com\/es\/transportation\/\"},{\"@type\":\"ListItem\",\"position\":3,\"name\":\"Equipamiento para Veh\u00edculos Comerciales\"}]},{\"@type\":\"WebSite\",\"@id\":\"https:\/\/alj.com\/en\/#website\",\"url\":\"https:\/\/alj.com\/en\/\",\"name\":\"Abdul Latif Jameel\",\"description\":\"Abdul Latif Jameel\",\"potentialAction\":[{\"@type\":\"SearchAction\",\"target\":{\"@type\":\"EntryPoint\",\"urlTemplate\":\"https:\/\/alj.com\/en\/?s={search_term_string}\"},\"query-input\":\"required name=search_term_string\"}],\"inLanguage\":\"es-ES\"}]}<\/script>\n<!-- \/ Yoast SEO plugin. -->","yoast_head_json":{"title":"Manipulaci\u00f3n de materiales, equipos pesados y maquinaria | Abdul Latif Jameel\u00ae","description":"Para ofrecer soluciones a medida a nuestros clientes, aplicamos nuestra excelencia en la distribuci\u00f3n automotriz al sector de veh\u00edculos comerciales y equipos de construcci\u00f3n.","robots":{"index":"index","follow":"follow","max-snippet":"max-snippet:-1","max-image-preview":"max-image-preview:large","max-video-preview":"max-video-preview:-1"},"canonical":"https:\/\/alj.com\/es\/transportation\/commercial-vehicles-equipment\/","og_locale":"es_ES","og_type":"article","og_title":"Manipulaci\u00f3n de materiales, equipos pesados y maquinaria | Abdul Latif Jameel\u00ae","og_description":"Para ofrecer soluciones a medida a nuestros clientes, aplicamos nuestra excelencia en la distribuci\u00f3n automotriz al sector de veh\u00edculos comerciales y equipos de construcci\u00f3n.","og_url":"https:\/\/alj.com\/es\/transportation\/commercial-vehicles-equipment\/","og_site_name":"Abdul Latif Jameel","article_publisher":"https:\/\/www.facebook.com\/Abdul.Latif.Jameel.Official","article_modified_time":"2025-04-30T11:50:56+00:00","og_image":[{"width":1294,"height":600,"url":"https:\/\/media.alj.com\/app\/uploads\/2016\/10\/alj-our-presence-in-menat-and-beyond.jpg","type":"image\/jpeg"}],"twitter_card":"summary_large_image","twitter_misc":{"Est. reading time":"1 minute"},"schema":{"@context":"https:\/\/schema.org","@graph":[{"@type":"WebPage","@id":"https:\/\/alj.com\/es\/transportation\/commercial-vehicles-equipment\/","url":"https:\/\/alj.com\/es\/transportation\/commercial-vehicles-equipment\/","name":"Manipulaci\u00f3n de materiales, equipos pesados y maquinaria | Abdul Latif Jameel\u00ae","isPartOf":{"@id":"https:\/\/alj.com\/en\/#website"},"datePublished":"2016-10-23T10:10:15+00:00","dateModified":"2025-04-30T11:50:56+00:00","description":"Para ofrecer soluciones a medida a nuestros clientes, aplicamos nuestra excelencia en la distribuci\u00f3n automotriz al sector de veh\u00edculos comerciales y equipos de construcci\u00f3n.","breadcrumb":{"@id":"https:\/\/alj.com\/es\/transportation\/commercial-vehicles-equipment\/#breadcrumb"},"inLanguage":"es-ES","potentialAction":[{"@type":"ReadAction","target":["https:\/\/alj.com\/es\/transportation\/commercial-vehicles-equipment\/"]}]},{"@type":"BreadcrumbList","@id":"https:\/\/alj.com\/es\/transportation\/commercial-vehicles-equipment\/#breadcrumb","itemListElement":[{"@type":"ListItem","position":1,"name":"Home","item":"https:\/\/alj.com\/es\/"},{"@type":"ListItem","position":2,"name":"Transporte","item":"https:\/\/alj.com\/es\/transportation\/"},{"@type":"ListItem","position":3,"name":"Equipamiento para Veh\u00edculos Comerciales"}]},{"@type":"WebSite","@id":"https:\/\/alj.com\/en\/#website","url":"https:\/\/alj.com\/en\/","name":"Abdul Latif Jameel","description":"Abdul Latif Jameel","potentialAction":[{"@type":"SearchAction","target":{"@type":"EntryPoint","urlTemplate":"https:\/\/alj.com\/en\/?s={search_term_string}"},"query-input":"required name=search_term_string"}],"inLanguage":"es-ES"}]}},"_links":{"self":[{"href":"https:\/\/alj.com\/es\/wp-json\/wp\/v2\/pages\/11282"}],"collection":[{"href":"https:\/\/alj.com\/es\/wp-json\/wp\/v2\/pages"}],"about":[{"href":"https:\/\/alj.com\/es\/wp-json\/wp\/v2\/types\/page"}],"author":[{"embeddable":true,"href":"https:\/\/alj.com\/es\/wp-json\/wp\/v2\/users\/14"}],"replies":[{"embeddable":true,"href":"https:\/\/alj.com\/es\/wp-json\/wp\/v2\/comments?post=11282"}],"version-history":[{"count":1,"href":"https:\/\/alj.com\/es\/wp-json\/wp\/v2\/pages\/11282\/revisions"}],"predecessor-version":[{"id":121599,"href":"https:\/\/alj.com\/es\/wp-json\/wp\/v2\/pages\/11282\/revisions\/121599"}],"up":[{"embeddable":true,"href":"https:\/\/alj.com\/es\/wp-json\/wp\/v2\/pages\/11279"}],"wp:featuredmedia":[{"embeddable":true,"href":"https:\/\/alj.com\/es\/wp-json\/wp\/v2\/media\/4186"}],"wp:attachment":[{"href":"https:\/\/alj.com\/es\/wp-json\/wp\/v2\/media?parent=11282"}],"wp:term":[{"taxonomy":"category","embeddable":true,"href":"https:\/\/alj.com\/es\/wp-json\/wp\/v2\/categories?post=11282"}],"curies":[{"name":"wp","href":"https:\/\/api.w.org\/{rel}","templated":true}]}}