{"id":11283,"date":"2016-10-23T10:26:42","date_gmt":"2016-10-23T10:26:42","guid":{"rendered":"http:\/\/alj.corp.staging.omniaconnect.net\/es\/transportation\/logistics\/"},"modified":"2020-04-13T10:22:17","modified_gmt":"2020-04-13T10:22:17","slug":"logistics","status":"publish","type":"page","link":"https:\/\/alj.com\/es\/transportation\/logistics\/","title":{"rendered":"Log\u00edstica"},"content":{"rendered":"<h2>Inversi\u00f3n en conectividad internacional<\/h2>\n<div class=\"p1-style\">Cada mercado emergente comprende la importancia del desarrollo de la infraestructura y la log\u00edstica, ambos aspectos esenciales para una competitividad y un crecimiento econ\u00f3mico sostenibles.<\/div>\n<p>La industria de carga y log\u00edstica de Arabia Saudita es una industria grande y din\u00e1mica, fuertemente respaldada por inversiones estatales en infraestructura ferroviaria, mar\u00edtima, vial, log\u00edstica y aeroportuaria. Se estima que el mercado de carga y log\u00edstica en el pa\u00eds tiene un valor de USD 22.95 mil millones y se estima que crezca a una tasa compuesta anual de 7.35% entre 2020 y 2025.<\/p>\n","protected":false},"excerpt":{"rendered":"<p>Inversi\u00f3n en conectividad internacional Cada mercado emergente comprende la importancia del desarrollo de la infraestructura y la log\u00edstica, ambos aspectos esenciales para una competitividad y un crecimiento econ\u00f3mico sostenibles. La industria de carga y log\u00edstica de Arabia Saudita es una industria grande y din\u00e1mica, fuertemente respaldada por inversiones estatales en infraestructura ferroviaria, mar\u00edtima, vial, log\u00edstica [&hellip;]<\/p>\n","protected":false},"author":14,"featured_media":4165,"parent":11279,"menu_order":20,"comment_status":"closed","ping_status":"closed","template":"page-templates\/business-inner.php","meta":{"footnotes":""},"categories":[],"acf":[],"yoast_head":"<!-- This site is optimized with the Yoast SEO plugin v21.5 - https:\/\/yoast.com\/wordpress\/plugins\/seo\/ -->\n<title>Soluciones de log\u00edstica y flete | Abdul Latif Jameel\u00ae<\/title>\n<meta name=\"description\" content=\"Con a\u00f1os de experiencia probada en log\u00edstica en la regi\u00f3n, manejamos m\u00e1s de 700 env\u00edos de contenedores mar\u00edtimos al mes con 20.000 l\u00edneas de pedidos enviados por d\u00eda.\" \/>\n<meta name=\"robots\" content=\"index, follow, max-snippet:-1, max-image-preview:large, max-video-preview:-1\" \/>\n<link rel=\"canonical\" href=\"https:\/\/alj.com\/es\/transportation\/logistics\/\" \/>\n<meta property=\"og:locale\" content=\"es_ES\" \/>\n<meta property=\"og:type\" content=\"article\" \/>\n<meta property=\"og:title\" content=\"Soluciones de log\u00edstica y flete | Abdul Latif Jameel\u00ae\" \/>\n<meta property=\"og:description\" content=\"Con a\u00f1os de experiencia probada en log\u00edstica en la regi\u00f3n, manejamos m\u00e1s de 700 env\u00edos de contenedores mar\u00edtimos al mes con 20.000 l\u00edneas de pedidos enviados por d\u00eda.\" \/>\n<meta property=\"og:url\" content=\"https:\/\/alj.com\/es\/transportation\/logistics\/\" \/>\n<meta property=\"og:site_name\" content=\"Abdul Latif Jameel\" \/>\n<meta property=\"article:publisher\" content=\"https:\/\/www.facebook.com\/Abdul.Latif.Jameel.Official\" \/>\n<meta property=\"article:modified_time\" content=\"2020-04-13T10:22:17+00:00\" \/>\n<meta property=\"og:image\" content=\"https:\/\/media.alj.com\/app\/uploads\/2016\/10\/alj-our-presence-in-menat-and-beyond.jpg\" \/>\n\t<meta property=\"og:image:width\" content=\"1294\" \/>\n\t<meta property=\"og:image:height\" content=\"600\" \/>\n\t<meta property=\"og:image:type\" content=\"image\/jpeg\" \/>\n<meta name=\"twitter:card\" content=\"summary_large_image\" \/>\n<script type=\"application\/ld+json\" class=\"yoast-schema-graph\">{\"@context\":\"https:\/\/schema.org\",\"@graph\":[{\"@type\":\"WebPage\",\"@id\":\"https:\/\/alj.com\/es\/transportation\/logistics\/\",\"url\":\"https:\/\/alj.com\/es\/transportation\/logistics\/\",\"name\":\"Soluciones de log\u00edstica y flete | Abdul Latif Jameel\u00ae\",\"isPartOf\":{\"@id\":\"https:\/\/alj.com\/en\/#website\"},\"datePublished\":\"2016-10-23T10:26:42+00:00\",\"dateModified\":\"2020-04-13T10:22:17+00:00\",\"description\":\"Con a\u00f1os de experiencia probada en log\u00edstica en la regi\u00f3n, manejamos m\u00e1s de 700 env\u00edos de contenedores mar\u00edtimos al mes con 20.000 l\u00edneas de pedidos enviados por d\u00eda.\",\"breadcrumb\":{\"@id\":\"https:\/\/alj.com\/es\/transportation\/logistics\/#breadcrumb\"},\"inLanguage\":\"es-ES\",\"potentialAction\":[{\"@type\":\"ReadAction\",\"target\":[\"https:\/\/alj.com\/es\/transportation\/logistics\/\"]}]},{\"@type\":\"BreadcrumbList\",\"@id\":\"https:\/\/alj.com\/es\/transportation\/logistics\/#breadcrumb\",\"itemListElement\":[{\"@type\":\"ListItem\",\"position\":1,\"name\":\"Home\",\"item\":\"https:\/\/alj.com\/es\/\"},{\"@type\":\"ListItem\",\"position\":2,\"name\":\"Transporte\",\"item\":\"https:\/\/alj.com\/es\/transportation\/\"},{\"@type\":\"ListItem\",\"position\":3,\"name\":\"Log\u00edstica\"}]},{\"@type\":\"WebSite\",\"@id\":\"https:\/\/alj.com\/en\/#website\",\"url\":\"https:\/\/alj.com\/en\/\",\"name\":\"Abdul Latif Jameel\",\"description\":\"Abdul Latif Jameel\",\"potentialAction\":[{\"@type\":\"SearchAction\",\"target\":{\"@type\":\"EntryPoint\",\"urlTemplate\":\"https:\/\/alj.com\/en\/?s={search_term_string}\"},\"query-input\":\"required name=search_term_string\"}],\"inLanguage\":\"es-ES\"}]}<\/script>\n<!-- \/ Yoast SEO plugin. -->","yoast_head_json":{"title":"Soluciones de log\u00edstica y flete | Abdul Latif Jameel\u00ae","description":"Con a\u00f1os de experiencia probada en log\u00edstica en la regi\u00f3n, manejamos m\u00e1s de 700 env\u00edos de contenedores mar\u00edtimos al mes con 20.000 l\u00edneas de pedidos enviados por d\u00eda.","robots":{"index":"index","follow":"follow","max-snippet":"max-snippet:-1","max-image-preview":"max-image-preview:large","max-video-preview":"max-video-preview:-1"},"canonical":"https:\/\/alj.com\/es\/transportation\/logistics\/","og_locale":"es_ES","og_type":"article","og_title":"Soluciones de log\u00edstica y flete | Abdul Latif Jameel\u00ae","og_description":"Con a\u00f1os de experiencia probada en log\u00edstica en la regi\u00f3n, manejamos m\u00e1s de 700 env\u00edos de contenedores mar\u00edtimos al mes con 20.000 l\u00edneas de pedidos enviados por d\u00eda.","og_url":"https:\/\/alj.com\/es\/transportation\/logistics\/","og_site_name":"Abdul Latif Jameel","article_publisher":"https:\/\/www.facebook.com\/Abdul.Latif.Jameel.Official","article_modified_time":"2020-04-13T10:22:17+00:00","og_image":[{"width":1294,"height":600,"url":"https:\/\/media.alj.com\/app\/uploads\/2016\/10\/alj-our-presence-in-menat-and-beyond.jpg","type":"image\/jpeg"}],"twitter_card":"summary_large_image","schema":{"@context":"https:\/\/schema.org","@graph":[{"@type":"WebPage","@id":"https:\/\/alj.com\/es\/transportation\/logistics\/","url":"https:\/\/alj.com\/es\/transportation\/logistics\/","name":"Soluciones de log\u00edstica y flete | Abdul Latif Jameel\u00ae","isPartOf":{"@id":"https:\/\/alj.com\/en\/#website"},"datePublished":"2016-10-23T10:26:42+00:00","dateModified":"2020-04-13T10:22:17+00:00","description":"Con a\u00f1os de experiencia probada en log\u00edstica en la regi\u00f3n, manejamos m\u00e1s de 700 env\u00edos de contenedores mar\u00edtimos al mes con 20.000 l\u00edneas de pedidos enviados por d\u00eda.","breadcrumb":{"@id":"https:\/\/alj.com\/es\/transportation\/logistics\/#breadcrumb"},"inLanguage":"es-ES","potentialAction":[{"@type":"ReadAction","target":["https:\/\/alj.com\/es\/transportation\/logistics\/"]}]},{"@type":"BreadcrumbList","@id":"https:\/\/alj.com\/es\/transportation\/logistics\/#breadcrumb","itemListElement":[{"@type":"ListItem","position":1,"name":"Home","item":"https:\/\/alj.com\/es\/"},{"@type":"ListItem","position":2,"name":"Transporte","item":"https:\/\/alj.com\/es\/transportation\/"},{"@type":"ListItem","position":3,"name":"Log\u00edstica"}]},{"@type":"WebSite","@id":"https:\/\/alj.com\/en\/#website","url":"https:\/\/alj.com\/en\/","name":"Abdul Latif Jameel","description":"Abdul Latif Jameel","potentialAction":[{"@type":"SearchAction","target":{"@type":"EntryPoint","urlTemplate":"https:\/\/alj.com\/en\/?s={search_term_string}"},"query-input":"required name=search_term_string"}],"inLanguage":"es-ES"}]}},"_links":{"self":[{"href":"https:\/\/alj.com\/es\/wp-json\/wp\/v2\/pages\/11283"}],"collection":[{"href":"https:\/\/alj.com\/es\/wp-json\/wp\/v2\/pages"}],"about":[{"href":"https:\/\/alj.com\/es\/wp-json\/wp\/v2\/types\/page"}],"author":[{"embeddable":true,"href":"https:\/\/alj.com\/es\/wp-json\/wp\/v2\/users\/14"}],"replies":[{"embeddable":true,"href":"https:\/\/alj.com\/es\/wp-json\/wp\/v2\/comments?post=11283"}],"version-history":[{"count":0,"href":"https:\/\/alj.com\/es\/wp-json\/wp\/v2\/pages\/11283\/revisions"}],"up":[{"embeddable":true,"href":"https:\/\/alj.com\/es\/wp-json\/wp\/v2\/pages\/11279"}],"wp:featuredmedia":[{"embeddable":true,"href":"https:\/\/alj.com\/es\/wp-json\/wp\/v2\/media\/4165"}],"wp:attachment":[{"href":"https:\/\/alj.com\/es\/wp-json\/wp\/v2\/media?parent=11283"}],"wp:term":[{"taxonomy":"category","embeddable":true,"href":"https:\/\/alj.com\/es\/wp-json\/wp\/v2\/categories?post=11283"}],"curies":[{"name":"wp","href":"https:\/\/api.w.org\/{rel}","templated":true}]}}