{"id":11295,"date":"2016-10-04T15:23:31","date_gmt":"2016-10-04T15:23:31","guid":{"rendered":"http:\/\/alj.corp.staging.omniaconnect.net\/es\/about\/careers\/"},"modified":"2025-06-19T12:19:16","modified_gmt":"2025-06-19T12:19:16","slug":"careers","status":"publish","type":"page","link":"https:\/\/alj.com\/es\/about\/careers\/","title":{"rendered":"Carreras"},"content":{"rendered":"<h2>\u00bfPor qu\u00e9 trabajar con nosotros?<\/h2>\n<p>Con una presencia realmente internacional y m\u00e1s de tres cuartos de siglo de \u00e9xitos comerciales a nuestras espaldas, actualmente somos, adem\u00e1s de una empresa l\u00edder en Oriente Medio, el Norte de \u00c1frica y Turqu\u00eda (la regi\u00f3n MENAT), una empresa que ofrece oportunidades muy interesantes en todo el mundo, desde Chile hasta Jap\u00f3n y desde el Reino Unido hasta Australia.<\/p>\n<p>Nuestros valores gu\u00edan la forma en la que trabajamos con nuestros socios de negocio, en nuestras comunidades y entre nosotros.<\/p>\n<p>A trav\u00e9s del respeto, la innovaci\u00f3n, un esp\u00edritu pionero y la fortaleza, nos sentimos orgullosos de haber creado una cultura donde las ideas florecen, la gente prospera y el \u00e9xito aumenta.<\/p>\n","protected":false},"excerpt":{"rendered":"<p>\u00bfPor qu\u00e9 trabajar con nosotros? Con una presencia realmente internacional y m\u00e1s de tres cuartos de siglo de \u00e9xitos comerciales a nuestras espaldas, actualmente somos, adem\u00e1s de una empresa l\u00edder en Oriente Medio, el Norte de \u00c1frica y Turqu\u00eda (la regi\u00f3n MENAT), una empresa que ofrece oportunidades muy interesantes en todo el mundo, desde Chile [&hellip;]<\/p>\n","protected":false},"author":14,"featured_media":0,"parent":11294,"menu_order":25,"comment_status":"closed","ping_status":"closed","template":"page-templates\/about-us-values-careers.php","meta":{"footnotes":""},"categories":[],"acf":[],"yoast_head":"<!-- This site is optimized with the Yoast SEO plugin v21.5 - https:\/\/yoast.com\/wordpress\/plugins\/seo\/ -->\n<title>Empleo - Trabaja con nosotros | Abdul Latif Jameel\u00ae<\/title>\n<meta name=\"description\" content=\"Abdul Latif Jameel es un empleador l\u00edder en la regi\u00f3n. Obtenga m\u00e1s informaci\u00f3n sobre c\u00f3mo trabajar con Abdul Latif Jameel a trav\u00e9s de nuestro portal dedicado al empleo.\" \/>\n<meta name=\"robots\" content=\"index, follow, max-snippet:-1, max-image-preview:large, max-video-preview:-1\" \/>\n<link rel=\"canonical\" href=\"https:\/\/alj.com\/es\/about\/careers\/\" \/>\n<meta property=\"og:locale\" content=\"es_ES\" \/>\n<meta property=\"og:type\" content=\"article\" \/>\n<meta property=\"og:title\" content=\"Empleo - Trabaja con nosotros | Abdul Latif Jameel\u00ae\" \/>\n<meta property=\"og:description\" content=\"Abdul Latif Jameel es un empleador l\u00edder en la regi\u00f3n. Obtenga m\u00e1s informaci\u00f3n sobre c\u00f3mo trabajar con Abdul Latif Jameel a trav\u00e9s de nuestro portal dedicado al empleo.\" \/>\n<meta property=\"og:url\" content=\"https:\/\/alj.com\/es\/about\/careers\/\" \/>\n<meta property=\"og:site_name\" content=\"Abdul Latif Jameel\" \/>\n<meta property=\"article:publisher\" content=\"https:\/\/www.facebook.com\/Abdul.Latif.Jameel.Official\" \/>\n<meta property=\"article:modified_time\" content=\"2025-06-19T12:19:16+00:00\" \/>\n<meta property=\"og:image\" content=\"https:\/\/media.alj.com\/app\/uploads\/2016\/10\/alj-our-presence-in-menat-and-beyond.jpg\" \/>\n\t<meta property=\"og:image:width\" content=\"1294\" \/>\n\t<meta property=\"og:image:height\" content=\"600\" \/>\n\t<meta property=\"og:image:type\" content=\"image\/jpeg\" \/>\n<meta name=\"twitter:card\" content=\"summary_large_image\" \/>\n<meta name=\"twitter:label1\" content=\"Est. reading time\" \/>\n\t<meta name=\"twitter:data1\" content=\"1 minute\" \/>\n<script type=\"application\/ld+json\" class=\"yoast-schema-graph\">{\"@context\":\"https:\/\/schema.org\",\"@graph\":[{\"@type\":\"WebPage\",\"@id\":\"https:\/\/alj.com\/es\/about\/careers\/\",\"url\":\"https:\/\/alj.com\/es\/about\/careers\/\",\"name\":\"Empleo - Trabaja con nosotros | Abdul Latif Jameel\u00ae\",\"isPartOf\":{\"@id\":\"https:\/\/alj.com\/en\/#website\"},\"datePublished\":\"2016-10-04T15:23:31+00:00\",\"dateModified\":\"2025-06-19T12:19:16+00:00\",\"description\":\"Abdul Latif Jameel es un empleador l\u00edder en la regi\u00f3n. Obtenga m\u00e1s informaci\u00f3n sobre c\u00f3mo trabajar con Abdul Latif Jameel a trav\u00e9s de nuestro portal dedicado al empleo.\",\"breadcrumb\":{\"@id\":\"https:\/\/alj.com\/es\/about\/careers\/#breadcrumb\"},\"inLanguage\":\"es-ES\",\"potentialAction\":[{\"@type\":\"ReadAction\",\"target\":[\"https:\/\/alj.com\/es\/about\/careers\/\"]}]},{\"@type\":\"BreadcrumbList\",\"@id\":\"https:\/\/alj.com\/es\/about\/careers\/#breadcrumb\",\"itemListElement\":[{\"@type\":\"ListItem\",\"position\":1,\"name\":\"Home\",\"item\":\"https:\/\/alj.com\/es\/\"},{\"@type\":\"ListItem\",\"position\":2,\"name\":\"Sobre Nosotros\",\"item\":\"https:\/\/alj.com\/es\/about\/\"},{\"@type\":\"ListItem\",\"position\":3,\"name\":\"Carreras\"}]},{\"@type\":\"WebSite\",\"@id\":\"https:\/\/alj.com\/en\/#website\",\"url\":\"https:\/\/alj.com\/en\/\",\"name\":\"Abdul Latif Jameel\",\"description\":\"Abdul Latif Jameel\",\"potentialAction\":[{\"@type\":\"SearchAction\",\"target\":{\"@type\":\"EntryPoint\",\"urlTemplate\":\"https:\/\/alj.com\/en\/?s={search_term_string}\"},\"query-input\":\"required name=search_term_string\"}],\"inLanguage\":\"es-ES\"}]}<\/script>\n<!-- \/ Yoast SEO plugin. -->","yoast_head_json":{"title":"Empleo - Trabaja con nosotros | Abdul Latif Jameel\u00ae","description":"Abdul Latif Jameel es un empleador l\u00edder en la regi\u00f3n. Obtenga m\u00e1s informaci\u00f3n sobre c\u00f3mo trabajar con Abdul Latif Jameel a trav\u00e9s de nuestro portal dedicado al empleo.","robots":{"index":"index","follow":"follow","max-snippet":"max-snippet:-1","max-image-preview":"max-image-preview:large","max-video-preview":"max-video-preview:-1"},"canonical":"https:\/\/alj.com\/es\/about\/careers\/","og_locale":"es_ES","og_type":"article","og_title":"Empleo - Trabaja con nosotros | Abdul Latif Jameel\u00ae","og_description":"Abdul Latif Jameel es un empleador l\u00edder en la regi\u00f3n. Obtenga m\u00e1s informaci\u00f3n sobre c\u00f3mo trabajar con Abdul Latif Jameel a trav\u00e9s de nuestro portal dedicado al empleo.","og_url":"https:\/\/alj.com\/es\/about\/careers\/","og_site_name":"Abdul Latif Jameel","article_publisher":"https:\/\/www.facebook.com\/Abdul.Latif.Jameel.Official","article_modified_time":"2025-06-19T12:19:16+00:00","og_image":[{"width":1294,"height":600,"url":"https:\/\/media.alj.com\/app\/uploads\/2016\/10\/alj-our-presence-in-menat-and-beyond.jpg","type":"image\/jpeg"}],"twitter_card":"summary_large_image","twitter_misc":{"Est. reading time":"1 minute"},"schema":{"@context":"https:\/\/schema.org","@graph":[{"@type":"WebPage","@id":"https:\/\/alj.com\/es\/about\/careers\/","url":"https:\/\/alj.com\/es\/about\/careers\/","name":"Empleo - Trabaja con nosotros | Abdul Latif Jameel\u00ae","isPartOf":{"@id":"https:\/\/alj.com\/en\/#website"},"datePublished":"2016-10-04T15:23:31+00:00","dateModified":"2025-06-19T12:19:16+00:00","description":"Abdul Latif Jameel es un empleador l\u00edder en la regi\u00f3n. Obtenga m\u00e1s informaci\u00f3n sobre c\u00f3mo trabajar con Abdul Latif Jameel a trav\u00e9s de nuestro portal dedicado al empleo.","breadcrumb":{"@id":"https:\/\/alj.com\/es\/about\/careers\/#breadcrumb"},"inLanguage":"es-ES","potentialAction":[{"@type":"ReadAction","target":["https:\/\/alj.com\/es\/about\/careers\/"]}]},{"@type":"BreadcrumbList","@id":"https:\/\/alj.com\/es\/about\/careers\/#breadcrumb","itemListElement":[{"@type":"ListItem","position":1,"name":"Home","item":"https:\/\/alj.com\/es\/"},{"@type":"ListItem","position":2,"name":"Sobre Nosotros","item":"https:\/\/alj.com\/es\/about\/"},{"@type":"ListItem","position":3,"name":"Carreras"}]},{"@type":"WebSite","@id":"https:\/\/alj.com\/en\/#website","url":"https:\/\/alj.com\/en\/","name":"Abdul Latif Jameel","description":"Abdul Latif Jameel","potentialAction":[{"@type":"SearchAction","target":{"@type":"EntryPoint","urlTemplate":"https:\/\/alj.com\/en\/?s={search_term_string}"},"query-input":"required name=search_term_string"}],"inLanguage":"es-ES"}]}},"_links":{"self":[{"href":"https:\/\/alj.com\/es\/wp-json\/wp\/v2\/pages\/11295"}],"collection":[{"href":"https:\/\/alj.com\/es\/wp-json\/wp\/v2\/pages"}],"about":[{"href":"https:\/\/alj.com\/es\/wp-json\/wp\/v2\/types\/page"}],"author":[{"embeddable":true,"href":"https:\/\/alj.com\/es\/wp-json\/wp\/v2\/users\/14"}],"replies":[{"embeddable":true,"href":"https:\/\/alj.com\/es\/wp-json\/wp\/v2\/comments?post=11295"}],"version-history":[{"count":1,"href":"https:\/\/alj.com\/es\/wp-json\/wp\/v2\/pages\/11295\/revisions"}],"predecessor-version":[{"id":122380,"href":"https:\/\/alj.com\/es\/wp-json\/wp\/v2\/pages\/11295\/revisions\/122380"}],"up":[{"embeddable":true,"href":"https:\/\/alj.com\/es\/wp-json\/wp\/v2\/pages\/11294"}],"wp:attachment":[{"href":"https:\/\/alj.com\/es\/wp-json\/wp\/v2\/media?parent=11295"}],"wp:term":[{"taxonomy":"category","embeddable":true,"href":"https:\/\/alj.com\/es\/wp-json\/wp\/v2\/categories?post=11295"}],"curies":[{"name":"wp","href":"https:\/\/api.w.org\/{rel}","templated":true}]}}