{"id":11298,"date":"2016-10-04T14:55:23","date_gmt":"2016-10-04T14:55:23","guid":{"rendered":"http:\/\/alj.corp.staging.omniaconnect.net\/es\/about\/story\/"},"modified":"2025-03-19T08:11:41","modified_gmt":"2025-03-19T08:11:41","slug":"story","status":"publish","type":"page","link":"https:\/\/alj.com\/es\/about\/story\/","title":{"rendered":"Nuestra Historia"},"content":{"rendered":"<h2>Un socio fuerte<\/h2>\n<div class=\"p1-style\">Abdul Latif Jameel se compone de negocios diversificados con ra\u00edces en Oriente Medio, \u00c1frica del Norte y Turqu\u00eda (regi\u00f3n MENAT). La solidez de nuestras relaciones y asociaciones a largo plazo, nos han convertido en un socio de preferencia, abriendo puertas para aquellos que quieren hacer negocios en la regi\u00f3n.<\/div>\n<p>Desde nuestros modestos comienzos hace 80 a\u00f1os como un peque\u00f1o establecimiento y despu\u00e9s como concesionario de distribuci\u00f3n Toyota en Yeda (Arabia Saud\u00ed), hemos establecido una amplia infraestructura de operaciones, construyendo la mayor red de distribuci\u00f3n de veh\u00edculos en Arabia Saud\u00ed, y acumulando en el proceso una amplia experiencia en automoci\u00f3n en la regi\u00f3n.<\/p>\n<p>Aplicando nuestra amplia experiencia en el sector de la automoci\u00f3n, hemos usado nuestros conocimientos e infraestructura de operaciones para diversificarnos en nuevos sectores que contribuyen a la \u201cinfraestructura de la vida\u201d en la regi\u00f3n MENAT.<\/p>\n","protected":false},"excerpt":{"rendered":"<p>Un socio fuerte Abdul Latif Jameel se compone de negocios diversificados con ra\u00edces en Oriente Medio, \u00c1frica del Norte y Turqu\u00eda (regi\u00f3n MENAT). La solidez de nuestras relaciones y asociaciones a largo plazo, nos han convertido en un socio de preferencia, abriendo puertas para aquellos que quieren hacer negocios en la regi\u00f3n. Desde nuestros modestos [&hellip;]<\/p>\n","protected":false},"author":14,"featured_media":0,"parent":11294,"menu_order":3,"comment_status":"closed","ping_status":"closed","template":"page-templates\/about-us-overview.php","meta":{"footnotes":""},"categories":[],"acf":[],"yoast_head":"<!-- This site is optimized with the Yoast SEO plugin v21.5 - https:\/\/yoast.com\/wordpress\/plugins\/seo\/ -->\n<title>Sobre nosotros y nuestros negocios de diversificaci\u00f3n | Abdul Latif Jameel\u00ae<\/title>\n<meta name=\"description\" content=\"Durante los \u00faltimos 70 a\u00f1os hemos establecido una amplia infraestructura de operaciones. Conozca m\u00e1s acerca de nuestra historia para convertirnos en su socio inversionista preferido.\" \/>\n<meta name=\"robots\" content=\"index, follow, max-snippet:-1, max-image-preview:large, max-video-preview:-1\" \/>\n<link rel=\"canonical\" href=\"https:\/\/alj.com\/es\/about\/story\/\" \/>\n<meta property=\"og:locale\" content=\"es_ES\" \/>\n<meta property=\"og:type\" content=\"article\" \/>\n<meta property=\"og:title\" content=\"Sobre nosotros y nuestros negocios de diversificaci\u00f3n | Abdul Latif Jameel\u00ae\" \/>\n<meta property=\"og:description\" content=\"Durante los \u00faltimos 70 a\u00f1os hemos establecido una amplia infraestructura de operaciones. Conozca m\u00e1s acerca de nuestra historia para convertirnos en su socio inversionista preferido.\" \/>\n<meta property=\"og:url\" content=\"https:\/\/alj.com\/es\/about\/story\/\" \/>\n<meta property=\"og:site_name\" content=\"Abdul Latif Jameel\" \/>\n<meta property=\"article:publisher\" content=\"https:\/\/www.facebook.com\/Abdul.Latif.Jameel.Official\" \/>\n<meta property=\"article:modified_time\" content=\"2025-03-19T08:11:41+00:00\" \/>\n<meta property=\"og:image\" content=\"https:\/\/media.alj.com\/app\/uploads\/2016\/10\/alj-our-presence-in-menat-and-beyond.jpg\" \/>\n\t<meta property=\"og:image:width\" content=\"1294\" \/>\n\t<meta property=\"og:image:height\" content=\"600\" \/>\n\t<meta property=\"og:image:type\" content=\"image\/jpeg\" \/>\n<meta name=\"twitter:card\" content=\"summary_large_image\" \/>\n<meta name=\"twitter:label1\" content=\"Est. reading time\" \/>\n\t<meta name=\"twitter:data1\" content=\"1 minute\" \/>\n<script type=\"application\/ld+json\" class=\"yoast-schema-graph\">{\"@context\":\"https:\/\/schema.org\",\"@graph\":[{\"@type\":\"WebPage\",\"@id\":\"https:\/\/alj.com\/es\/about\/story\/\",\"url\":\"https:\/\/alj.com\/es\/about\/story\/\",\"name\":\"Sobre nosotros y nuestros negocios de diversificaci\u00f3n | Abdul Latif Jameel\u00ae\",\"isPartOf\":{\"@id\":\"https:\/\/alj.com\/en\/#website\"},\"datePublished\":\"2016-10-04T14:55:23+00:00\",\"dateModified\":\"2025-03-19T08:11:41+00:00\",\"description\":\"Durante los \u00faltimos 70 a\u00f1os hemos establecido una amplia infraestructura de operaciones. Conozca m\u00e1s acerca de nuestra historia para convertirnos en su socio inversionista preferido.\",\"breadcrumb\":{\"@id\":\"https:\/\/alj.com\/es\/about\/story\/#breadcrumb\"},\"inLanguage\":\"es-ES\",\"potentialAction\":[{\"@type\":\"ReadAction\",\"target\":[\"https:\/\/alj.com\/es\/about\/story\/\"]}]},{\"@type\":\"BreadcrumbList\",\"@id\":\"https:\/\/alj.com\/es\/about\/story\/#breadcrumb\",\"itemListElement\":[{\"@type\":\"ListItem\",\"position\":1,\"name\":\"Home\",\"item\":\"https:\/\/alj.com\/es\/\"},{\"@type\":\"ListItem\",\"position\":2,\"name\":\"Sobre Nosotros\",\"item\":\"https:\/\/alj.com\/es\/about\/\"},{\"@type\":\"ListItem\",\"position\":3,\"name\":\"Nuestra Historia\"}]},{\"@type\":\"WebSite\",\"@id\":\"https:\/\/alj.com\/en\/#website\",\"url\":\"https:\/\/alj.com\/en\/\",\"name\":\"Abdul Latif Jameel\",\"description\":\"Abdul Latif Jameel\",\"potentialAction\":[{\"@type\":\"SearchAction\",\"target\":{\"@type\":\"EntryPoint\",\"urlTemplate\":\"https:\/\/alj.com\/en\/?s={search_term_string}\"},\"query-input\":\"required name=search_term_string\"}],\"inLanguage\":\"es-ES\"}]}<\/script>\n<!-- \/ Yoast SEO plugin. -->","yoast_head_json":{"title":"Sobre nosotros y nuestros negocios de diversificaci\u00f3n | Abdul Latif Jameel\u00ae","description":"Durante los \u00faltimos 70 a\u00f1os hemos establecido una amplia infraestructura de operaciones. Conozca m\u00e1s acerca de nuestra historia para convertirnos en su socio inversionista preferido.","robots":{"index":"index","follow":"follow","max-snippet":"max-snippet:-1","max-image-preview":"max-image-preview:large","max-video-preview":"max-video-preview:-1"},"canonical":"https:\/\/alj.com\/es\/about\/story\/","og_locale":"es_ES","og_type":"article","og_title":"Sobre nosotros y nuestros negocios de diversificaci\u00f3n | Abdul Latif Jameel\u00ae","og_description":"Durante los \u00faltimos 70 a\u00f1os hemos establecido una amplia infraestructura de operaciones. Conozca m\u00e1s acerca de nuestra historia para convertirnos en su socio inversionista preferido.","og_url":"https:\/\/alj.com\/es\/about\/story\/","og_site_name":"Abdul Latif Jameel","article_publisher":"https:\/\/www.facebook.com\/Abdul.Latif.Jameel.Official","article_modified_time":"2025-03-19T08:11:41+00:00","og_image":[{"width":1294,"height":600,"url":"https:\/\/media.alj.com\/app\/uploads\/2016\/10\/alj-our-presence-in-menat-and-beyond.jpg","type":"image\/jpeg"}],"twitter_card":"summary_large_image","twitter_misc":{"Est. reading time":"1 minute"},"schema":{"@context":"https:\/\/schema.org","@graph":[{"@type":"WebPage","@id":"https:\/\/alj.com\/es\/about\/story\/","url":"https:\/\/alj.com\/es\/about\/story\/","name":"Sobre nosotros y nuestros negocios de diversificaci\u00f3n | Abdul Latif Jameel\u00ae","isPartOf":{"@id":"https:\/\/alj.com\/en\/#website"},"datePublished":"2016-10-04T14:55:23+00:00","dateModified":"2025-03-19T08:11:41+00:00","description":"Durante los \u00faltimos 70 a\u00f1os hemos establecido una amplia infraestructura de operaciones. Conozca m\u00e1s acerca de nuestra historia para convertirnos en su socio inversionista preferido.","breadcrumb":{"@id":"https:\/\/alj.com\/es\/about\/story\/#breadcrumb"},"inLanguage":"es-ES","potentialAction":[{"@type":"ReadAction","target":["https:\/\/alj.com\/es\/about\/story\/"]}]},{"@type":"BreadcrumbList","@id":"https:\/\/alj.com\/es\/about\/story\/#breadcrumb","itemListElement":[{"@type":"ListItem","position":1,"name":"Home","item":"https:\/\/alj.com\/es\/"},{"@type":"ListItem","position":2,"name":"Sobre Nosotros","item":"https:\/\/alj.com\/es\/about\/"},{"@type":"ListItem","position":3,"name":"Nuestra Historia"}]},{"@type":"WebSite","@id":"https:\/\/alj.com\/en\/#website","url":"https:\/\/alj.com\/en\/","name":"Abdul Latif Jameel","description":"Abdul Latif Jameel","potentialAction":[{"@type":"SearchAction","target":{"@type":"EntryPoint","urlTemplate":"https:\/\/alj.com\/en\/?s={search_term_string}"},"query-input":"required name=search_term_string"}],"inLanguage":"es-ES"}]}},"_links":{"self":[{"href":"https:\/\/alj.com\/es\/wp-json\/wp\/v2\/pages\/11298"}],"collection":[{"href":"https:\/\/alj.com\/es\/wp-json\/wp\/v2\/pages"}],"about":[{"href":"https:\/\/alj.com\/es\/wp-json\/wp\/v2\/types\/page"}],"author":[{"embeddable":true,"href":"https:\/\/alj.com\/es\/wp-json\/wp\/v2\/users\/14"}],"replies":[{"embeddable":true,"href":"https:\/\/alj.com\/es\/wp-json\/wp\/v2\/comments?post=11298"}],"version-history":[{"count":1,"href":"https:\/\/alj.com\/es\/wp-json\/wp\/v2\/pages\/11298\/revisions"}],"predecessor-version":[{"id":120859,"href":"https:\/\/alj.com\/es\/wp-json\/wp\/v2\/pages\/11298\/revisions\/120859"}],"up":[{"embeddable":true,"href":"https:\/\/alj.com\/es\/wp-json\/wp\/v2\/pages\/11294"}],"wp:attachment":[{"href":"https:\/\/alj.com\/es\/wp-json\/wp\/v2\/media?parent=11298"}],"wp:term":[{"taxonomy":"category","embeddable":true,"href":"https:\/\/alj.com\/es\/wp-json\/wp\/v2\/categories?post=11298"}],"curies":[{"name":"wp","href":"https:\/\/api.w.org\/{rel}","templated":true}]}}