{"id":11316,"date":"2016-10-11T14:33:37","date_gmt":"2016-10-11T14:33:37","guid":{"rendered":"http:\/\/alj.corp.staging.omniaconnect.net\/es\/accessibility-policy\/"},"modified":"2022-07-04T07:23:12","modified_gmt":"2022-07-04T07:23:12","slug":"accessibility-policy","status":"publish","type":"page","link":"https:\/\/alj.com\/es\/accessibility-policy\/","title":{"rendered":"Pol\u00edtica de Accesibilidad"},"content":{"rendered":"<p>Esta Pol\u00edtica de Accesibilidad expone informaci\u00f3n que detalla la disponibilidad del sitio web Abdul Latif Jameel en el dominio &lt;alj.com&gt; (el \u201c<strong>Sitio web ALJ<\/strong>\u201d) a usuarios con distintas necesidades. Esta Pol\u00edtica de Accesibilidad cubre los objetivos y estrategias respecto a la accesibilidad, las funciones esenciales que un usuario del sitio web ALJ deber\u00eda poder realizar y qu\u00e9 acciones est\u00e1 llevando a cabo Abdul Latif Jameel para mejorar la accesibilidad del sitio web ALJ.<\/p>\n<h2>Introducci\u00f3n<\/h2>\n<p>Abdul Latif Jameel Group reconoce que muchas formas de discapacidad distintas afectan al acceso al sitio web de ALJ. Se ha adoptado un enfoque proactivo para mejorar el sitio web de ALJ y los servicios que se ofrecen a trav\u00e9s de tal sitio web.<\/p>\n<p>Abdul Latif Jameel tiene como objetivo que el sitio web de ALJ satisfaga las necesidades de los usuarios con discapacidad y ofrezca servicios e informaci\u00f3n accesible. Abdul Latif Jameel realiza esfuerzos para avanzar en el cumplimiento de las Pautas de accesibilidad de contenidos web <a href=\"http:\/\/www.w3.org\/TR\/WAI-WEBCONTENT\/\">(Web Content Accessibility Guidelines)\u00a0 1.0 del\u00a0Est\u00e1ndar . <\/a> World Wide Web Consortium (WC3). \u00a0Abdul Latif Jameel busca proporcionar una buena experiencia para los usuarios del sitio web de ALJ con necesidades especiales.<\/p>\n<h2>Usar el sitio web de ALJ<\/h2>\n<p>El sitio web de ALJ ha sido desarrollado con todos los t\u00edtulos, v\u00ednculos y otros textos de contenido totalmente compatibles con html 5. Esto permite que el texto sea legible por todos los lectores de texto y las fuentes ajustables a los navegadores compatibles con html 5. El sitio web de ALJ responde a los cambios de factor de forma y tama\u00f1o de la fuente asumiendo un uso razonable.<\/p>\n<p>El sitio web de ALJ incluye lo siguiente:<\/p>\n<ul>\n<li>un mapa del sitio.<\/li>\n<li>datos de contacto de Abdul Latif Jameel.<\/li>\n<li>datos de contacto para dar opini\u00f3n sobre la mejora de accesibilidad del sitio web de ALJ.<\/li>\n<\/ul>\n<h2>Implicaci\u00f3n de clientes<\/h2>\n<p>Abdul Latif Jameel agradece la opini\u00f3n que los usuarios con necesidades especiales tienen del sitio web de ALJ Abdul Latif Jameel buscar\u00e1 en el futuro involucrar, de la manera que sea adecuada, a estos usuarios en el desarrollo y pruebas de nuevos servicios y contenido.<\/p>\n<h2>Soluciones alternativas<\/h2>\n<p>Abdul Latif Jameel may be able to offer an alternative format or solution to accessibility problems encountered by users of the ALJ Website Please contact Abdul Latif Jameel using the contact details as set out below.<\/p>\n<h2>Cumplimiento de est\u00e1ndares.<\/h2>\n<p>Abdul Latif Jameel aspira a ser compatible con las Pautas de accesibilidad de contenidos web (Web Content Accessibility Guidelines) 1.0 de Worldwide Web Consortiums (W3C), nivel AA, y garantizar que se mantienen estos est\u00e1ndares una vez se han alcanzado. Este est\u00e1ndar de accesibilidad se ha alcanzado garantizando que el contenido del sitio web de ALJ se presenta de forma clara y est\u00e1 escrito de una manera que Abdul Latif Jameel considera f\u00e1cil de entender y seguir.<\/p>\n<h2>Contacto<\/h2>\n<p>Si tiene alguna pregunta o quiere dar su opini\u00f3n sobre la accesibilidad al sitio web de ALJ o si tiene alguna dificultad al usar el sitio web de ALJ, p\u00f3ngase en contacto con Abdul Latif Jameel a trav\u00e9s de <a href=\"mailto:info@alj.ae\">info@alj.ae<\/a>, facilitando los detalles de su consulta.\u00a0<\/p>\n<p>Fecha de la pol\u00edtica: 24 de febrero de 2015<\/p>\n","protected":false},"excerpt":{"rendered":"<p>Esta Pol\u00edtica de Accesibilidad expone informaci\u00f3n que detalla la disponibilidad del sitio web Abdul Latif Jameel en el dominio &lt;alj.com&gt; (el \u201cSitio web ALJ\u201d) a usuarios con distintas necesidades. Esta Pol\u00edtica de Accesibilidad cubre los objetivos y estrategias respecto a la accesibilidad, las funciones esenciales que un usuario del sitio web ALJ deber\u00eda poder realizar [&hellip;]<\/p>\n","protected":false},"author":14,"featured_media":0,"parent":0,"menu_order":59,"comment_status":"closed","ping_status":"closed","template":"page-templates\/static_page.php","meta":{"footnotes":""},"categories":[],"acf":[],"yoast_head":"<!-- This site is optimized with the Yoast SEO plugin v21.5 - https:\/\/yoast.com\/wordpress\/plugins\/seo\/ -->\n<title>Pol\u00edtica de accesibilidad | Abdul Latif Jameel\u00ae<\/title>\n<meta name=\"description\" content=\"Por favor, lea esta Pol\u00edtica de accesibilidad que detalla el enfoque de Abdul Latif Jameel sobre la accesibilidad, y c\u00f3mo estamos trabajando para mejorar la experiencia del usuario.\" \/>\n<meta name=\"robots\" content=\"index, follow, max-snippet:-1, max-image-preview:large, max-video-preview:-1\" \/>\n<link rel=\"canonical\" href=\"https:\/\/alj.com\/es\/accessibility-policy\/\" \/>\n<meta property=\"og:locale\" content=\"es_ES\" \/>\n<meta property=\"og:type\" content=\"article\" \/>\n<meta property=\"og:title\" content=\"Pol\u00edtica de accesibilidad | Abdul Latif Jameel\u00ae\" \/>\n<meta property=\"og:description\" content=\"Por favor, lea esta Pol\u00edtica de accesibilidad que detalla el enfoque de Abdul Latif Jameel sobre la accesibilidad, y c\u00f3mo estamos trabajando para mejorar la experiencia del usuario.\" \/>\n<meta property=\"og:url\" content=\"https:\/\/alj.com\/es\/accessibility-policy\/\" \/>\n<meta property=\"og:site_name\" content=\"Abdul Latif Jameel\" \/>\n<meta property=\"article:publisher\" content=\"https:\/\/www.facebook.com\/Abdul.Latif.Jameel.Official\" \/>\n<meta property=\"article:modified_time\" content=\"2022-07-04T07:23:12+00:00\" \/>\n<meta property=\"og:image\" content=\"https:\/\/media.alj.com\/app\/uploads\/2016\/10\/alj-our-presence-in-menat-and-beyond.jpg\" \/>\n\t<meta property=\"og:image:width\" content=\"1294\" \/>\n\t<meta property=\"og:image:height\" content=\"600\" \/>\n\t<meta property=\"og:image:type\" content=\"image\/jpeg\" \/>\n<meta name=\"twitter:card\" content=\"summary_large_image\" \/>\n<meta name=\"twitter:label1\" content=\"Est. reading time\" \/>\n\t<meta name=\"twitter:data1\" content=\"3 minutes\" \/>\n<script type=\"application\/ld+json\" class=\"yoast-schema-graph\">{\"@context\":\"https:\/\/schema.org\",\"@graph\":[{\"@type\":\"WebPage\",\"@id\":\"https:\/\/alj.com\/es\/accessibility-policy\/\",\"url\":\"https:\/\/alj.com\/es\/accessibility-policy\/\",\"name\":\"Pol\u00edtica de accesibilidad | Abdul Latif Jameel\u00ae\",\"isPartOf\":{\"@id\":\"https:\/\/alj.com\/en\/#website\"},\"datePublished\":\"2016-10-11T14:33:37+00:00\",\"dateModified\":\"2022-07-04T07:23:12+00:00\",\"description\":\"Por favor, lea esta Pol\u00edtica de accesibilidad que detalla el enfoque de Abdul Latif Jameel sobre la accesibilidad, y c\u00f3mo estamos trabajando para mejorar la experiencia del usuario.\",\"breadcrumb\":{\"@id\":\"https:\/\/alj.com\/es\/accessibility-policy\/#breadcrumb\"},\"inLanguage\":\"es-ES\",\"potentialAction\":[{\"@type\":\"ReadAction\",\"target\":[\"https:\/\/alj.com\/es\/accessibility-policy\/\"]}]},{\"@type\":\"BreadcrumbList\",\"@id\":\"https:\/\/alj.com\/es\/accessibility-policy\/#breadcrumb\",\"itemListElement\":[{\"@type\":\"ListItem\",\"position\":1,\"name\":\"Home\",\"item\":\"https:\/\/alj.com\/es\/\"},{\"@type\":\"ListItem\",\"position\":2,\"name\":\"Pol\u00edtica de Accesibilidad\"}]},{\"@type\":\"WebSite\",\"@id\":\"https:\/\/alj.com\/en\/#website\",\"url\":\"https:\/\/alj.com\/en\/\",\"name\":\"Abdul Latif Jameel\",\"description\":\"Abdul Latif Jameel\",\"potentialAction\":[{\"@type\":\"SearchAction\",\"target\":{\"@type\":\"EntryPoint\",\"urlTemplate\":\"https:\/\/alj.com\/en\/?s={search_term_string}\"},\"query-input\":\"required name=search_term_string\"}],\"inLanguage\":\"es-ES\"}]}<\/script>\n<!-- \/ Yoast SEO plugin. -->","yoast_head_json":{"title":"Pol\u00edtica de accesibilidad | Abdul Latif Jameel\u00ae","description":"Por favor, lea esta Pol\u00edtica de accesibilidad que detalla el enfoque de Abdul Latif Jameel sobre la accesibilidad, y c\u00f3mo estamos trabajando para mejorar la experiencia del usuario.","robots":{"index":"index","follow":"follow","max-snippet":"max-snippet:-1","max-image-preview":"max-image-preview:large","max-video-preview":"max-video-preview:-1"},"canonical":"https:\/\/alj.com\/es\/accessibility-policy\/","og_locale":"es_ES","og_type":"article","og_title":"Pol\u00edtica de accesibilidad | Abdul Latif Jameel\u00ae","og_description":"Por favor, lea esta Pol\u00edtica de accesibilidad que detalla el enfoque de Abdul Latif Jameel sobre la accesibilidad, y c\u00f3mo estamos trabajando para mejorar la experiencia del usuario.","og_url":"https:\/\/alj.com\/es\/accessibility-policy\/","og_site_name":"Abdul Latif Jameel","article_publisher":"https:\/\/www.facebook.com\/Abdul.Latif.Jameel.Official","article_modified_time":"2022-07-04T07:23:12+00:00","og_image":[{"width":1294,"height":600,"url":"https:\/\/media.alj.com\/app\/uploads\/2016\/10\/alj-our-presence-in-menat-and-beyond.jpg","type":"image\/jpeg"}],"twitter_card":"summary_large_image","twitter_misc":{"Est. reading time":"3 minutes"},"schema":{"@context":"https:\/\/schema.org","@graph":[{"@type":"WebPage","@id":"https:\/\/alj.com\/es\/accessibility-policy\/","url":"https:\/\/alj.com\/es\/accessibility-policy\/","name":"Pol\u00edtica de accesibilidad | Abdul Latif Jameel\u00ae","isPartOf":{"@id":"https:\/\/alj.com\/en\/#website"},"datePublished":"2016-10-11T14:33:37+00:00","dateModified":"2022-07-04T07:23:12+00:00","description":"Por favor, lea esta Pol\u00edtica de accesibilidad que detalla el enfoque de Abdul Latif Jameel sobre la accesibilidad, y c\u00f3mo estamos trabajando para mejorar la experiencia del usuario.","breadcrumb":{"@id":"https:\/\/alj.com\/es\/accessibility-policy\/#breadcrumb"},"inLanguage":"es-ES","potentialAction":[{"@type":"ReadAction","target":["https:\/\/alj.com\/es\/accessibility-policy\/"]}]},{"@type":"BreadcrumbList","@id":"https:\/\/alj.com\/es\/accessibility-policy\/#breadcrumb","itemListElement":[{"@type":"ListItem","position":1,"name":"Home","item":"https:\/\/alj.com\/es\/"},{"@type":"ListItem","position":2,"name":"Pol\u00edtica de Accesibilidad"}]},{"@type":"WebSite","@id":"https:\/\/alj.com\/en\/#website","url":"https:\/\/alj.com\/en\/","name":"Abdul Latif Jameel","description":"Abdul Latif Jameel","potentialAction":[{"@type":"SearchAction","target":{"@type":"EntryPoint","urlTemplate":"https:\/\/alj.com\/en\/?s={search_term_string}"},"query-input":"required name=search_term_string"}],"inLanguage":"es-ES"}]}},"_links":{"self":[{"href":"https:\/\/alj.com\/es\/wp-json\/wp\/v2\/pages\/11316"}],"collection":[{"href":"https:\/\/alj.com\/es\/wp-json\/wp\/v2\/pages"}],"about":[{"href":"https:\/\/alj.com\/es\/wp-json\/wp\/v2\/types\/page"}],"author":[{"embeddable":true,"href":"https:\/\/alj.com\/es\/wp-json\/wp\/v2\/users\/14"}],"replies":[{"embeddable":true,"href":"https:\/\/alj.com\/es\/wp-json\/wp\/v2\/comments?post=11316"}],"version-history":[{"count":0,"href":"https:\/\/alj.com\/es\/wp-json\/wp\/v2\/pages\/11316\/revisions"}],"wp:attachment":[{"href":"https:\/\/alj.com\/es\/wp-json\/wp\/v2\/media?parent=11316"}],"wp:term":[{"taxonomy":"category","embeddable":true,"href":"https:\/\/alj.com\/es\/wp-json\/wp\/v2\/categories?post=11316"}],"curies":[{"name":"wp","href":"https:\/\/api.w.org\/{rel}","templated":true}]}}