{"id":11324,"date":"2016-10-05T12:17:15","date_gmt":"2016-10-05T12:17:15","guid":{"rendered":"http:\/\/alj.corp.staging.omniaconnect.net\/es\/energy-and-environmental-services\/energy-overview\/"},"modified":"2025-04-08T08:54:52","modified_gmt":"2025-04-08T08:54:52","slug":"energy-overview","status":"publish","type":"page","link":"https:\/\/alj.com\/es\/energy-and-environmental-services\/energy-overview\/","title":{"rendered":"Descripci\u00f3n General"},"content":{"rendered":"<h2>Construyendo un futuro sostenible<\/h2>\n<div class=\"p1-style\">Con una previsi\u00f3n de crecimiento anual de la demanda el\u00e9ctrica en la regi\u00f3n MENAT de un 4 % hasta 2027, el desarrollo de fuentes de energ\u00eda renovables adicionales es un imperativo social y estrat\u00e9gico.<\/div>\n<p>M\u00e1s de la mitad de la poblaci\u00f3n de la regi\u00f3n vive bajo condiciones de escasez de agua, donde la demanda supera a la oferta. Producir suficiente agua para abastecer a la creciente poblaci\u00f3n de Oriente Medio supone realizar grandes inversiones en infraestructuras e instalaciones de producci\u00f3n de agua, as\u00ed como tambi\u00e9n en la energ\u00eda que estos procesos exigen.<\/p>\n<p>Los objetivos de energ\u00eda renovables establecidos por los pa\u00edses del Consejo de Cooperaci\u00f3n del Golfo (CCG) y la regi\u00f3n MENAT, junto con la creciente demanda de agua, est\u00e1n ofreciendo grandes oportunidades en el campo de la producci\u00f3n y conservaci\u00f3n de la energ\u00eda, as\u00ed como en el desarrollo de infraestructuras de agua.<\/p>\n","protected":false},"excerpt":{"rendered":"<p>Construyendo un futuro sostenible Con una previsi\u00f3n de crecimiento anual de la demanda el\u00e9ctrica en la regi\u00f3n MENAT de un 4 % hasta 2027, el desarrollo de fuentes de energ\u00eda renovables adicionales es un imperativo social y estrat\u00e9gico. M\u00e1s de la mitad de la poblaci\u00f3n de la regi\u00f3n vive bajo condiciones de escasez de agua, [&hellip;]<\/p>\n","protected":false},"author":14,"featured_media":0,"parent":11323,"menu_order":0,"comment_status":"closed","ping_status":"closed","template":"page-templates\/business-overview.php","meta":{"footnotes":""},"categories":[],"acf":[],"yoast_head":"<!-- This site is optimized with the Yoast SEO plugin v21.5 - https:\/\/yoast.com\/wordpress\/plugins\/seo\/ -->\n<title>Energ\u00eda y servicios ambientales | Abdul Latif Jameel\u00ae<\/title>\n<meta name=\"description\" content=\"Como uno de los l\u00edderes mundiales en energ\u00eda solar fotovoltaica, Abdul Latif Jameel\u00ae est\u00e1 bien posicionado para satisfacer las necesidades de energ\u00eda renovable y para llevar energ\u00eda sostenible a la regi\u00f3n.\" \/>\n<meta name=\"robots\" content=\"index, follow, max-snippet:-1, max-image-preview:large, max-video-preview:-1\" \/>\n<link rel=\"canonical\" href=\"https:\/\/alj.com\/es\/energy-and-environmental-services\/energy-overview\/\" \/>\n<meta property=\"og:locale\" content=\"es_ES\" \/>\n<meta property=\"og:type\" content=\"article\" \/>\n<meta property=\"og:title\" content=\"Energ\u00eda y servicios ambientales | Abdul Latif Jameel\u00ae\" \/>\n<meta property=\"og:description\" content=\"Como uno de los l\u00edderes mundiales en energ\u00eda solar fotovoltaica, Abdul Latif Jameel\u00ae est\u00e1 bien posicionado para satisfacer las necesidades de energ\u00eda renovable y para llevar energ\u00eda sostenible a la regi\u00f3n.\" \/>\n<meta property=\"og:url\" content=\"https:\/\/alj.com\/es\/energy-and-environmental-services\/energy-overview\/\" \/>\n<meta property=\"og:site_name\" content=\"Abdul Latif Jameel\" \/>\n<meta property=\"article:publisher\" content=\"https:\/\/www.facebook.com\/Abdul.Latif.Jameel.Official\" \/>\n<meta property=\"article:modified_time\" content=\"2025-04-08T08:54:52+00:00\" \/>\n<meta property=\"og:image\" content=\"https:\/\/media.alj.com\/app\/uploads\/2016\/10\/alj-our-presence-in-menat-and-beyond.jpg\" \/>\n\t<meta property=\"og:image:width\" content=\"1294\" \/>\n\t<meta property=\"og:image:height\" content=\"600\" \/>\n\t<meta property=\"og:image:type\" content=\"image\/jpeg\" \/>\n<meta name=\"twitter:card\" content=\"summary_large_image\" \/>\n<meta name=\"twitter:label1\" content=\"Est. reading time\" \/>\n\t<meta name=\"twitter:data1\" content=\"1 minute\" \/>\n<script type=\"application\/ld+json\" class=\"yoast-schema-graph\">{\"@context\":\"https:\/\/schema.org\",\"@graph\":[{\"@type\":\"WebPage\",\"@id\":\"https:\/\/alj.com\/es\/energy-and-environmental-services\/energy-overview\/\",\"url\":\"https:\/\/alj.com\/es\/energy-and-environmental-services\/energy-overview\/\",\"name\":\"Energ\u00eda y servicios ambientales | Abdul Latif Jameel\u00ae\",\"isPartOf\":{\"@id\":\"https:\/\/alj.com\/en\/#website\"},\"datePublished\":\"2016-10-05T12:17:15+00:00\",\"dateModified\":\"2025-04-08T08:54:52+00:00\",\"description\":\"Como uno de los l\u00edderes mundiales en energ\u00eda solar fotovoltaica, Abdul Latif Jameel\u00ae est\u00e1 bien posicionado para satisfacer las necesidades de energ\u00eda renovable y para llevar energ\u00eda sostenible a la regi\u00f3n.\",\"breadcrumb\":{\"@id\":\"https:\/\/alj.com\/es\/energy-and-environmental-services\/energy-overview\/#breadcrumb\"},\"inLanguage\":\"es-ES\",\"potentialAction\":[{\"@type\":\"ReadAction\",\"target\":[\"https:\/\/alj.com\/es\/energy-and-environmental-services\/energy-overview\/\"]}]},{\"@type\":\"BreadcrumbList\",\"@id\":\"https:\/\/alj.com\/es\/energy-and-environmental-services\/energy-overview\/#breadcrumb\",\"itemListElement\":[{\"@type\":\"ListItem\",\"position\":1,\"name\":\"Home\",\"item\":\"https:\/\/alj.com\/es\/\"},{\"@type\":\"ListItem\",\"position\":2,\"name\":\"Energ\u00eda y Servicios Medioambientales\",\"item\":\"https:\/\/alj.com\/es\/energy-and-environmental-services\/\"},{\"@type\":\"ListItem\",\"position\":3,\"name\":\"Descripci\u00f3n General\"}]},{\"@type\":\"WebSite\",\"@id\":\"https:\/\/alj.com\/en\/#website\",\"url\":\"https:\/\/alj.com\/en\/\",\"name\":\"Abdul Latif Jameel\",\"description\":\"Abdul Latif Jameel\",\"potentialAction\":[{\"@type\":\"SearchAction\",\"target\":{\"@type\":\"EntryPoint\",\"urlTemplate\":\"https:\/\/alj.com\/en\/?s={search_term_string}\"},\"query-input\":\"required name=search_term_string\"}],\"inLanguage\":\"es-ES\"}]}<\/script>\n<!-- \/ Yoast SEO plugin. -->","yoast_head_json":{"title":"Energ\u00eda y servicios ambientales | Abdul Latif Jameel\u00ae","description":"Como uno de los l\u00edderes mundiales en energ\u00eda solar fotovoltaica, Abdul Latif Jameel\u00ae est\u00e1 bien posicionado para satisfacer las necesidades de energ\u00eda renovable y para llevar energ\u00eda sostenible a la regi\u00f3n.","robots":{"index":"index","follow":"follow","max-snippet":"max-snippet:-1","max-image-preview":"max-image-preview:large","max-video-preview":"max-video-preview:-1"},"canonical":"https:\/\/alj.com\/es\/energy-and-environmental-services\/energy-overview\/","og_locale":"es_ES","og_type":"article","og_title":"Energ\u00eda y servicios ambientales | Abdul Latif Jameel\u00ae","og_description":"Como uno de los l\u00edderes mundiales en energ\u00eda solar fotovoltaica, Abdul Latif Jameel\u00ae est\u00e1 bien posicionado para satisfacer las necesidades de energ\u00eda renovable y para llevar energ\u00eda sostenible a la regi\u00f3n.","og_url":"https:\/\/alj.com\/es\/energy-and-environmental-services\/energy-overview\/","og_site_name":"Abdul Latif Jameel","article_publisher":"https:\/\/www.facebook.com\/Abdul.Latif.Jameel.Official","article_modified_time":"2025-04-08T08:54:52+00:00","og_image":[{"width":1294,"height":600,"url":"https:\/\/media.alj.com\/app\/uploads\/2016\/10\/alj-our-presence-in-menat-and-beyond.jpg","type":"image\/jpeg"}],"twitter_card":"summary_large_image","twitter_misc":{"Est. reading time":"1 minute"},"schema":{"@context":"https:\/\/schema.org","@graph":[{"@type":"WebPage","@id":"https:\/\/alj.com\/es\/energy-and-environmental-services\/energy-overview\/","url":"https:\/\/alj.com\/es\/energy-and-environmental-services\/energy-overview\/","name":"Energ\u00eda y servicios ambientales | Abdul Latif Jameel\u00ae","isPartOf":{"@id":"https:\/\/alj.com\/en\/#website"},"datePublished":"2016-10-05T12:17:15+00:00","dateModified":"2025-04-08T08:54:52+00:00","description":"Como uno de los l\u00edderes mundiales en energ\u00eda solar fotovoltaica, Abdul Latif Jameel\u00ae est\u00e1 bien posicionado para satisfacer las necesidades de energ\u00eda renovable y para llevar energ\u00eda sostenible a la regi\u00f3n.","breadcrumb":{"@id":"https:\/\/alj.com\/es\/energy-and-environmental-services\/energy-overview\/#breadcrumb"},"inLanguage":"es-ES","potentialAction":[{"@type":"ReadAction","target":["https:\/\/alj.com\/es\/energy-and-environmental-services\/energy-overview\/"]}]},{"@type":"BreadcrumbList","@id":"https:\/\/alj.com\/es\/energy-and-environmental-services\/energy-overview\/#breadcrumb","itemListElement":[{"@type":"ListItem","position":1,"name":"Home","item":"https:\/\/alj.com\/es\/"},{"@type":"ListItem","position":2,"name":"Energ\u00eda y Servicios Medioambientales","item":"https:\/\/alj.com\/es\/energy-and-environmental-services\/"},{"@type":"ListItem","position":3,"name":"Descripci\u00f3n General"}]},{"@type":"WebSite","@id":"https:\/\/alj.com\/en\/#website","url":"https:\/\/alj.com\/en\/","name":"Abdul Latif Jameel","description":"Abdul Latif Jameel","potentialAction":[{"@type":"SearchAction","target":{"@type":"EntryPoint","urlTemplate":"https:\/\/alj.com\/en\/?s={search_term_string}"},"query-input":"required name=search_term_string"}],"inLanguage":"es-ES"}]}},"_links":{"self":[{"href":"https:\/\/alj.com\/es\/wp-json\/wp\/v2\/pages\/11324"}],"collection":[{"href":"https:\/\/alj.com\/es\/wp-json\/wp\/v2\/pages"}],"about":[{"href":"https:\/\/alj.com\/es\/wp-json\/wp\/v2\/types\/page"}],"author":[{"embeddable":true,"href":"https:\/\/alj.com\/es\/wp-json\/wp\/v2\/users\/14"}],"replies":[{"embeddable":true,"href":"https:\/\/alj.com\/es\/wp-json\/wp\/v2\/comments?post=11324"}],"version-history":[{"count":1,"href":"https:\/\/alj.com\/es\/wp-json\/wp\/v2\/pages\/11324\/revisions"}],"predecessor-version":[{"id":121334,"href":"https:\/\/alj.com\/es\/wp-json\/wp\/v2\/pages\/11324\/revisions\/121334"}],"up":[{"embeddable":true,"href":"https:\/\/alj.com\/es\/wp-json\/wp\/v2\/pages\/11323"}],"wp:attachment":[{"href":"https:\/\/alj.com\/es\/wp-json\/wp\/v2\/media?parent=11324"}],"wp:term":[{"taxonomy":"category","embeddable":true,"href":"https:\/\/alj.com\/es\/wp-json\/wp\/v2\/categories?post=11324"}],"curies":[{"name":"wp","href":"https:\/\/api.w.org\/{rel}","templated":true}]}}