{"id":11325,"date":"2016-10-05T12:17:56","date_gmt":"2016-10-05T12:17:56","guid":{"rendered":"http:\/\/alj.corp.staging.omniaconnect.net\/es\/energy-and-environmental-services\/solar-power-solutions\/"},"modified":"2021-03-11T10:13:07","modified_gmt":"2021-03-11T10:13:07","slug":"solar-power-solutions","status":"publish","type":"page","link":"https:\/\/alj.com\/es\/energy-and-environmental-services\/solar-power-solutions\/","title":{"rendered":"Soluciones de Energ\u00eda Solar"},"content":{"rendered":"<h2>Viendo la luz<\/h2>\n<div class=\"p1-style\">En 90 minutos llega a la tierra suficiente luz solar como para cubrir todas las necesidades de energ\u00eda del planeta durante un a\u00f1o. Aunque la energ\u00eda solar es abundante, todav\u00eda representa una peque\u00f1a fracci\u00f3n de la actual combinaci\u00f3n energ\u00e9tica del mundo, de acuerdo con AIE.<\/div>\n<p>Esto est\u00e1 cambiando r\u00e1pidamente. Empezando por la acci\u00f3n global por mejorar el suministro y acceso a la energ\u00eda, gobiernos y empresas en todo el mundo est\u00e1n invirtiendo en la generaci\u00f3n de energ\u00eda solar a una escala sin precedentes.<\/p>\n","protected":false},"excerpt":{"rendered":"<p>Viendo la luz En 90 minutos llega a la tierra suficiente luz solar como para cubrir todas las necesidades de energ\u00eda del planeta durante un a\u00f1o. Aunque la energ\u00eda solar es abundante, todav\u00eda representa una peque\u00f1a fracci\u00f3n de la actual combinaci\u00f3n energ\u00e9tica del mundo, de acuerdo con AIE. Esto est\u00e1 cambiando r\u00e1pidamente. Empezando por la [&hellip;]<\/p>\n","protected":false},"author":14,"featured_media":4179,"parent":11323,"menu_order":17,"comment_status":"closed","ping_status":"closed","template":"page-templates\/business-inner.php","meta":{"footnotes":""},"categories":[],"acf":[],"yoast_head":"<!-- This site is optimized with the Yoast SEO plugin v21.5 - https:\/\/yoast.com\/wordpress\/plugins\/seo\/ -->\n<title>Soluciones de energ\u00eda solar | Abdul Latif Jameel\u00ae<\/title>\n<meta name=\"description\" content=\"Impulsados por acciones para mejorar el suministro y el acceso a la energ\u00eda a escala mundial, somos uno de los mayores promotores fotovoltaicos del mundo.\" \/>\n<meta name=\"robots\" content=\"index, follow, max-snippet:-1, max-image-preview:large, max-video-preview:-1\" \/>\n<link rel=\"canonical\" href=\"https:\/\/alj.com\/es\/energy-and-environmental-services\/solar-power-solutions\/\" \/>\n<meta property=\"og:locale\" content=\"es_ES\" \/>\n<meta property=\"og:type\" content=\"article\" \/>\n<meta property=\"og:title\" content=\"Soluciones de energ\u00eda solar | Abdul Latif Jameel\u00ae\" \/>\n<meta property=\"og:description\" content=\"Impulsados por acciones para mejorar el suministro y el acceso a la energ\u00eda a escala mundial, somos uno de los mayores promotores fotovoltaicos del mundo.\" \/>\n<meta property=\"og:url\" content=\"https:\/\/alj.com\/es\/energy-and-environmental-services\/solar-power-solutions\/\" \/>\n<meta property=\"og:site_name\" content=\"Abdul Latif Jameel\" \/>\n<meta property=\"article:publisher\" content=\"https:\/\/www.facebook.com\/Abdul.Latif.Jameel.Official\" \/>\n<meta property=\"article:modified_time\" content=\"2021-03-11T10:13:07+00:00\" \/>\n<meta property=\"og:image\" content=\"https:\/\/media.alj.com\/app\/uploads\/2016\/10\/alj-our-presence-in-menat-and-beyond.jpg\" \/>\n\t<meta property=\"og:image:width\" content=\"1294\" \/>\n\t<meta property=\"og:image:height\" content=\"600\" \/>\n\t<meta property=\"og:image:type\" content=\"image\/jpeg\" \/>\n<meta name=\"twitter:card\" content=\"summary_large_image\" \/>\n<script type=\"application\/ld+json\" class=\"yoast-schema-graph\">{\"@context\":\"https:\/\/schema.org\",\"@graph\":[{\"@type\":\"WebPage\",\"@id\":\"https:\/\/alj.com\/es\/energy-and-environmental-services\/solar-power-solutions\/\",\"url\":\"https:\/\/alj.com\/es\/energy-and-environmental-services\/solar-power-solutions\/\",\"name\":\"Soluciones de energ\u00eda solar | Abdul Latif Jameel\u00ae\",\"isPartOf\":{\"@id\":\"https:\/\/alj.com\/en\/#website\"},\"datePublished\":\"2016-10-05T12:17:56+00:00\",\"dateModified\":\"2021-03-11T10:13:07+00:00\",\"description\":\"Impulsados por acciones para mejorar el suministro y el acceso a la energ\u00eda a escala mundial, somos uno de los mayores promotores fotovoltaicos del mundo.\",\"breadcrumb\":{\"@id\":\"https:\/\/alj.com\/es\/energy-and-environmental-services\/solar-power-solutions\/#breadcrumb\"},\"inLanguage\":\"es-ES\",\"potentialAction\":[{\"@type\":\"ReadAction\",\"target\":[\"https:\/\/alj.com\/es\/energy-and-environmental-services\/solar-power-solutions\/\"]}]},{\"@type\":\"BreadcrumbList\",\"@id\":\"https:\/\/alj.com\/es\/energy-and-environmental-services\/solar-power-solutions\/#breadcrumb\",\"itemListElement\":[{\"@type\":\"ListItem\",\"position\":1,\"name\":\"Home\",\"item\":\"https:\/\/alj.com\/es\/\"},{\"@type\":\"ListItem\",\"position\":2,\"name\":\"Energ\u00eda y Servicios Medioambientales\",\"item\":\"https:\/\/alj.com\/es\/energy-and-environmental-services\/\"},{\"@type\":\"ListItem\",\"position\":3,\"name\":\"Soluciones de Energ\u00eda Solar\"}]},{\"@type\":\"WebSite\",\"@id\":\"https:\/\/alj.com\/en\/#website\",\"url\":\"https:\/\/alj.com\/en\/\",\"name\":\"Abdul Latif Jameel\",\"description\":\"Abdul Latif Jameel\",\"potentialAction\":[{\"@type\":\"SearchAction\",\"target\":{\"@type\":\"EntryPoint\",\"urlTemplate\":\"https:\/\/alj.com\/en\/?s={search_term_string}\"},\"query-input\":\"required name=search_term_string\"}],\"inLanguage\":\"es-ES\"}]}<\/script>\n<!-- \/ Yoast SEO plugin. -->","yoast_head_json":{"title":"Soluciones de energ\u00eda solar | Abdul Latif Jameel\u00ae","description":"Impulsados por acciones para mejorar el suministro y el acceso a la energ\u00eda a escala mundial, somos uno de los mayores promotores fotovoltaicos del mundo.","robots":{"index":"index","follow":"follow","max-snippet":"max-snippet:-1","max-image-preview":"max-image-preview:large","max-video-preview":"max-video-preview:-1"},"canonical":"https:\/\/alj.com\/es\/energy-and-environmental-services\/solar-power-solutions\/","og_locale":"es_ES","og_type":"article","og_title":"Soluciones de energ\u00eda solar | Abdul Latif Jameel\u00ae","og_description":"Impulsados por acciones para mejorar el suministro y el acceso a la energ\u00eda a escala mundial, somos uno de los mayores promotores fotovoltaicos del mundo.","og_url":"https:\/\/alj.com\/es\/energy-and-environmental-services\/solar-power-solutions\/","og_site_name":"Abdul Latif Jameel","article_publisher":"https:\/\/www.facebook.com\/Abdul.Latif.Jameel.Official","article_modified_time":"2021-03-11T10:13:07+00:00","og_image":[{"width":1294,"height":600,"url":"https:\/\/media.alj.com\/app\/uploads\/2016\/10\/alj-our-presence-in-menat-and-beyond.jpg","type":"image\/jpeg"}],"twitter_card":"summary_large_image","schema":{"@context":"https:\/\/schema.org","@graph":[{"@type":"WebPage","@id":"https:\/\/alj.com\/es\/energy-and-environmental-services\/solar-power-solutions\/","url":"https:\/\/alj.com\/es\/energy-and-environmental-services\/solar-power-solutions\/","name":"Soluciones de energ\u00eda solar | Abdul Latif Jameel\u00ae","isPartOf":{"@id":"https:\/\/alj.com\/en\/#website"},"datePublished":"2016-10-05T12:17:56+00:00","dateModified":"2021-03-11T10:13:07+00:00","description":"Impulsados por acciones para mejorar el suministro y el acceso a la energ\u00eda a escala mundial, somos uno de los mayores promotores fotovoltaicos del mundo.","breadcrumb":{"@id":"https:\/\/alj.com\/es\/energy-and-environmental-services\/solar-power-solutions\/#breadcrumb"},"inLanguage":"es-ES","potentialAction":[{"@type":"ReadAction","target":["https:\/\/alj.com\/es\/energy-and-environmental-services\/solar-power-solutions\/"]}]},{"@type":"BreadcrumbList","@id":"https:\/\/alj.com\/es\/energy-and-environmental-services\/solar-power-solutions\/#breadcrumb","itemListElement":[{"@type":"ListItem","position":1,"name":"Home","item":"https:\/\/alj.com\/es\/"},{"@type":"ListItem","position":2,"name":"Energ\u00eda y Servicios Medioambientales","item":"https:\/\/alj.com\/es\/energy-and-environmental-services\/"},{"@type":"ListItem","position":3,"name":"Soluciones de Energ\u00eda Solar"}]},{"@type":"WebSite","@id":"https:\/\/alj.com\/en\/#website","url":"https:\/\/alj.com\/en\/","name":"Abdul Latif Jameel","description":"Abdul Latif Jameel","potentialAction":[{"@type":"SearchAction","target":{"@type":"EntryPoint","urlTemplate":"https:\/\/alj.com\/en\/?s={search_term_string}"},"query-input":"required name=search_term_string"}],"inLanguage":"es-ES"}]}},"_links":{"self":[{"href":"https:\/\/alj.com\/es\/wp-json\/wp\/v2\/pages\/11325"}],"collection":[{"href":"https:\/\/alj.com\/es\/wp-json\/wp\/v2\/pages"}],"about":[{"href":"https:\/\/alj.com\/es\/wp-json\/wp\/v2\/types\/page"}],"author":[{"embeddable":true,"href":"https:\/\/alj.com\/es\/wp-json\/wp\/v2\/users\/14"}],"replies":[{"embeddable":true,"href":"https:\/\/alj.com\/es\/wp-json\/wp\/v2\/comments?post=11325"}],"version-history":[{"count":0,"href":"https:\/\/alj.com\/es\/wp-json\/wp\/v2\/pages\/11325\/revisions"}],"up":[{"embeddable":true,"href":"https:\/\/alj.com\/es\/wp-json\/wp\/v2\/pages\/11323"}],"wp:featuredmedia":[{"embeddable":true,"href":"https:\/\/alj.com\/es\/wp-json\/wp\/v2\/media\/4179"}],"wp:attachment":[{"href":"https:\/\/alj.com\/es\/wp-json\/wp\/v2\/media?parent=11325"}],"wp:term":[{"taxonomy":"category","embeddable":true,"href":"https:\/\/alj.com\/es\/wp-json\/wp\/v2\/categories?post=11325"}],"curies":[{"name":"wp","href":"https:\/\/api.w.org\/{rel}","templated":true}]}}