{"id":11326,"date":"2016-10-05T12:18:12","date_gmt":"2016-10-05T12:18:12","guid":{"rendered":"http:\/\/alj.corp.staging.omniaconnect.net\/es\/energy-and-environmental-services\/wind-power-solutions\/"},"modified":"2019-07-18T09:09:00","modified_gmt":"2019-07-18T09:09:00","slug":"wind-power-solutions","status":"publish","type":"page","link":"https:\/\/alj.com\/es\/energy-and-environmental-services\/wind-power-solutions\/","title":{"rendered":"Soluciones de Energ\u00eda E\u00f3lica"},"content":{"rendered":"<h2>Aprovechando los vientos de cambio<\/h2>\n<div class=\"p1-style\">La instalaci\u00f3n de parques e\u00f3licos en el mundo aument\u00f3 un 17\u00a0% en 2015, hasta alcanzar m\u00e1s de 63\u00a0MW, con un total acumulado de 432\u00a0MW durante los \u00faltimos 15 a\u00f1os, seg\u00fan el Consejo Mundial de la Energ\u00eda E\u00f3lica (GWEC por sus siglas en ingl\u00e9s).<\/div>\n<p>2015 fue un a\u00f1o de crecimiento significativo para mercados de energ\u00eda e\u00f3lica m\u00e1s grandes del mundo en la actualidad (China, Estados Unidos, Alemania, India y Brasil). Sin embargo, seg\u00fan previsiones de expertos, hay potencial significativo en otras regiones, como Oriente Medio, \u00c1frica, Asia y Am\u00e9rica Latina, que se espera que lideren el mercado en la pr\u00f3xima d\u00e9cada.<\/p>\n","protected":false},"excerpt":{"rendered":"<p>Aprovechando los vientos de cambio La instalaci\u00f3n de parques e\u00f3licos en el mundo aument\u00f3 un 17\u00a0% en 2015, hasta alcanzar m\u00e1s de 63\u00a0MW, con un total acumulado de 432\u00a0MW durante los \u00faltimos 15 a\u00f1os, seg\u00fan el Consejo Mundial de la Energ\u00eda E\u00f3lica (GWEC por sus siglas en ingl\u00e9s). 2015 fue un a\u00f1o de crecimiento significativo [&hellip;]<\/p>\n","protected":false},"author":14,"featured_media":4405,"parent":11323,"menu_order":19,"comment_status":"closed","ping_status":"closed","template":"page-templates\/business-inner.php","meta":{"footnotes":""},"categories":[],"acf":[],"yoast_head":"<!-- This site is optimized with the Yoast SEO plugin v21.5 - https:\/\/yoast.com\/wordpress\/plugins\/seo\/ -->\n<title>Soluciones de energ\u00eda e\u00f3lica | Abdul Latif Jameel\u00ae<\/title>\n<meta name=\"description\" content=\"En una progresi\u00f3n natural de nuestra probada experiencia en el sector de la energ\u00eda limpia, nos estamos diversificando hacia la energ\u00eda e\u00f3lica en Arabia Saud\u00ed.\" \/>\n<meta name=\"robots\" content=\"index, follow, max-snippet:-1, max-image-preview:large, max-video-preview:-1\" \/>\n<link rel=\"canonical\" href=\"https:\/\/alj.com\/es\/energy-and-environmental-services\/wind-power-solutions\/\" \/>\n<meta property=\"og:locale\" content=\"es_ES\" \/>\n<meta property=\"og:type\" content=\"article\" \/>\n<meta property=\"og:title\" content=\"Soluciones de energ\u00eda e\u00f3lica | Abdul Latif Jameel\u00ae\" \/>\n<meta property=\"og:description\" content=\"En una progresi\u00f3n natural de nuestra probada experiencia en el sector de la energ\u00eda limpia, nos estamos diversificando hacia la energ\u00eda e\u00f3lica en Arabia Saud\u00ed.\" \/>\n<meta property=\"og:url\" content=\"https:\/\/alj.com\/es\/energy-and-environmental-services\/wind-power-solutions\/\" \/>\n<meta property=\"og:site_name\" content=\"Abdul Latif Jameel\" \/>\n<meta property=\"article:publisher\" content=\"https:\/\/www.facebook.com\/Abdul.Latif.Jameel.Official\" \/>\n<meta property=\"article:modified_time\" content=\"2019-07-18T09:09:00+00:00\" \/>\n<meta property=\"og:image\" content=\"https:\/\/media.alj.com\/app\/uploads\/2016\/10\/alj-our-presence-in-menat-and-beyond.jpg\" \/>\n\t<meta property=\"og:image:width\" content=\"1294\" \/>\n\t<meta property=\"og:image:height\" content=\"600\" \/>\n\t<meta property=\"og:image:type\" content=\"image\/jpeg\" \/>\n<meta name=\"twitter:card\" content=\"summary_large_image\" \/>\n<meta name=\"twitter:label1\" content=\"Est. reading time\" \/>\n\t<meta name=\"twitter:data1\" content=\"1 minute\" \/>\n<script type=\"application\/ld+json\" class=\"yoast-schema-graph\">{\"@context\":\"https:\/\/schema.org\",\"@graph\":[{\"@type\":\"WebPage\",\"@id\":\"https:\/\/alj.com\/es\/energy-and-environmental-services\/wind-power-solutions\/\",\"url\":\"https:\/\/alj.com\/es\/energy-and-environmental-services\/wind-power-solutions\/\",\"name\":\"Soluciones de energ\u00eda e\u00f3lica | Abdul Latif Jameel\u00ae\",\"isPartOf\":{\"@id\":\"https:\/\/alj.com\/en\/#website\"},\"datePublished\":\"2016-10-05T12:18:12+00:00\",\"dateModified\":\"2019-07-18T09:09:00+00:00\",\"description\":\"En una progresi\u00f3n natural de nuestra probada experiencia en el sector de la energ\u00eda limpia, nos estamos diversificando hacia la energ\u00eda e\u00f3lica en Arabia Saud\u00ed.\",\"breadcrumb\":{\"@id\":\"https:\/\/alj.com\/es\/energy-and-environmental-services\/wind-power-solutions\/#breadcrumb\"},\"inLanguage\":\"es-ES\",\"potentialAction\":[{\"@type\":\"ReadAction\",\"target\":[\"https:\/\/alj.com\/es\/energy-and-environmental-services\/wind-power-solutions\/\"]}]},{\"@type\":\"BreadcrumbList\",\"@id\":\"https:\/\/alj.com\/es\/energy-and-environmental-services\/wind-power-solutions\/#breadcrumb\",\"itemListElement\":[{\"@type\":\"ListItem\",\"position\":1,\"name\":\"Home\",\"item\":\"https:\/\/alj.com\/es\/\"},{\"@type\":\"ListItem\",\"position\":2,\"name\":\"Energ\u00eda y Servicios Medioambientales\",\"item\":\"https:\/\/alj.com\/es\/energy-and-environmental-services\/\"},{\"@type\":\"ListItem\",\"position\":3,\"name\":\"Soluciones de Energ\u00eda E\u00f3lica\"}]},{\"@type\":\"WebSite\",\"@id\":\"https:\/\/alj.com\/en\/#website\",\"url\":\"https:\/\/alj.com\/en\/\",\"name\":\"Abdul Latif Jameel\",\"description\":\"Abdul Latif Jameel\",\"potentialAction\":[{\"@type\":\"SearchAction\",\"target\":{\"@type\":\"EntryPoint\",\"urlTemplate\":\"https:\/\/alj.com\/en\/?s={search_term_string}\"},\"query-input\":\"required name=search_term_string\"}],\"inLanguage\":\"es-ES\"}]}<\/script>\n<!-- \/ Yoast SEO plugin. -->","yoast_head_json":{"title":"Soluciones de energ\u00eda e\u00f3lica | Abdul Latif Jameel\u00ae","description":"En una progresi\u00f3n natural de nuestra probada experiencia en el sector de la energ\u00eda limpia, nos estamos diversificando hacia la energ\u00eda e\u00f3lica en Arabia Saud\u00ed.","robots":{"index":"index","follow":"follow","max-snippet":"max-snippet:-1","max-image-preview":"max-image-preview:large","max-video-preview":"max-video-preview:-1"},"canonical":"https:\/\/alj.com\/es\/energy-and-environmental-services\/wind-power-solutions\/","og_locale":"es_ES","og_type":"article","og_title":"Soluciones de energ\u00eda e\u00f3lica | Abdul Latif Jameel\u00ae","og_description":"En una progresi\u00f3n natural de nuestra probada experiencia en el sector de la energ\u00eda limpia, nos estamos diversificando hacia la energ\u00eda e\u00f3lica en Arabia Saud\u00ed.","og_url":"https:\/\/alj.com\/es\/energy-and-environmental-services\/wind-power-solutions\/","og_site_name":"Abdul Latif Jameel","article_publisher":"https:\/\/www.facebook.com\/Abdul.Latif.Jameel.Official","article_modified_time":"2019-07-18T09:09:00+00:00","og_image":[{"width":1294,"height":600,"url":"https:\/\/media.alj.com\/app\/uploads\/2016\/10\/alj-our-presence-in-menat-and-beyond.jpg","type":"image\/jpeg"}],"twitter_card":"summary_large_image","twitter_misc":{"Est. reading time":"1 minute"},"schema":{"@context":"https:\/\/schema.org","@graph":[{"@type":"WebPage","@id":"https:\/\/alj.com\/es\/energy-and-environmental-services\/wind-power-solutions\/","url":"https:\/\/alj.com\/es\/energy-and-environmental-services\/wind-power-solutions\/","name":"Soluciones de energ\u00eda e\u00f3lica | Abdul Latif Jameel\u00ae","isPartOf":{"@id":"https:\/\/alj.com\/en\/#website"},"datePublished":"2016-10-05T12:18:12+00:00","dateModified":"2019-07-18T09:09:00+00:00","description":"En una progresi\u00f3n natural de nuestra probada experiencia en el sector de la energ\u00eda limpia, nos estamos diversificando hacia la energ\u00eda e\u00f3lica en Arabia Saud\u00ed.","breadcrumb":{"@id":"https:\/\/alj.com\/es\/energy-and-environmental-services\/wind-power-solutions\/#breadcrumb"},"inLanguage":"es-ES","potentialAction":[{"@type":"ReadAction","target":["https:\/\/alj.com\/es\/energy-and-environmental-services\/wind-power-solutions\/"]}]},{"@type":"BreadcrumbList","@id":"https:\/\/alj.com\/es\/energy-and-environmental-services\/wind-power-solutions\/#breadcrumb","itemListElement":[{"@type":"ListItem","position":1,"name":"Home","item":"https:\/\/alj.com\/es\/"},{"@type":"ListItem","position":2,"name":"Energ\u00eda y Servicios Medioambientales","item":"https:\/\/alj.com\/es\/energy-and-environmental-services\/"},{"@type":"ListItem","position":3,"name":"Soluciones de Energ\u00eda E\u00f3lica"}]},{"@type":"WebSite","@id":"https:\/\/alj.com\/en\/#website","url":"https:\/\/alj.com\/en\/","name":"Abdul Latif Jameel","description":"Abdul Latif Jameel","potentialAction":[{"@type":"SearchAction","target":{"@type":"EntryPoint","urlTemplate":"https:\/\/alj.com\/en\/?s={search_term_string}"},"query-input":"required name=search_term_string"}],"inLanguage":"es-ES"}]}},"_links":{"self":[{"href":"https:\/\/alj.com\/es\/wp-json\/wp\/v2\/pages\/11326"}],"collection":[{"href":"https:\/\/alj.com\/es\/wp-json\/wp\/v2\/pages"}],"about":[{"href":"https:\/\/alj.com\/es\/wp-json\/wp\/v2\/types\/page"}],"author":[{"embeddable":true,"href":"https:\/\/alj.com\/es\/wp-json\/wp\/v2\/users\/14"}],"replies":[{"embeddable":true,"href":"https:\/\/alj.com\/es\/wp-json\/wp\/v2\/comments?post=11326"}],"version-history":[{"count":0,"href":"https:\/\/alj.com\/es\/wp-json\/wp\/v2\/pages\/11326\/revisions"}],"up":[{"embeddable":true,"href":"https:\/\/alj.com\/es\/wp-json\/wp\/v2\/pages\/11323"}],"wp:featuredmedia":[{"embeddable":true,"href":"https:\/\/alj.com\/es\/wp-json\/wp\/v2\/media\/4405"}],"wp:attachment":[{"href":"https:\/\/alj.com\/es\/wp-json\/wp\/v2\/media?parent=11326"}],"wp:term":[{"taxonomy":"category","embeddable":true,"href":"https:\/\/alj.com\/es\/wp-json\/wp\/v2\/categories?post=11326"}],"curies":[{"name":"wp","href":"https:\/\/api.w.org\/{rel}","templated":true}]}}