{"id":11327,"date":"2016-10-05T12:18:28","date_gmt":"2016-10-05T12:18:28","guid":{"rendered":"http:\/\/alj.corp.staging.omniaconnect.net\/es\/energy-and-environmental-services\/water-environmental-solutions\/"},"modified":"2019-07-18T08:55:27","modified_gmt":"2019-07-18T08:55:27","slug":"water-environmental-solutions","status":"publish","type":"page","link":"https:\/\/alj.com\/es\/energy-and-environmental-services\/water-environmental-solutions\/","title":{"rendered":"Agua y Soluciones Medioambientales"},"content":{"rendered":"<h2>Garantizando agua limpia para todos<\/h2>\n<div class=\"p1-style\">Seg\u00fan Naciones Unidas, el consumo h\u00eddrico ha crecido a un ritmo de m\u00e1s del doble que el aumento de la poblaci\u00f3n en el \u00faltimo siglo.<\/div>\n<p>Las previsiones apuntan que, para mediados del siglo XXI, la poblaci\u00f3n mundial crecer\u00e1 en m\u00e1s de 2000 millones (Departamento de Asuntos Econ\u00f3micos y Sociales de la ONU). Este crecimiento significa que garantizar agua potable es uno de los problemas m\u00e1s acuciantes a nivel mundial y esto es especialmente importante en Oriente Medio, donde la producci\u00f3n de agua requiere un elevado consumo energ\u00e9tico para cubrir la creciente demanda.<\/p>\n","protected":false},"excerpt":{"rendered":"<p>Garantizando agua limpia para todos Seg\u00fan Naciones Unidas, el consumo h\u00eddrico ha crecido a un ritmo de m\u00e1s del doble que el aumento de la poblaci\u00f3n en el \u00faltimo siglo. Las previsiones apuntan que, para mediados del siglo XXI, la poblaci\u00f3n mundial crecer\u00e1 en m\u00e1s de 2000 millones (Departamento de Asuntos Econ\u00f3micos y Sociales de [&hellip;]<\/p>\n","protected":false},"author":14,"featured_media":4146,"parent":11323,"menu_order":20,"comment_status":"closed","ping_status":"closed","template":"page-templates\/business-inner.php","meta":{"footnotes":""},"categories":[],"acf":[],"yoast_head":"<!-- This site is optimized with the Yoast SEO plugin v21.5 - https:\/\/yoast.com\/wordpress\/plugins\/seo\/ -->\n<title>Agua y soluciones ambientales | Abdul Latif Jameel\u00ae<\/title>\n<meta name=\"description\" content=\"Estamos abordando el programa sostenible de iniciativas de desalinizaci\u00f3n, agua y tratamiento de aguas residuales para satisfacer las necesidades de la poblaci\u00f3n de la regi\u00f3n y del mundo.\" \/>\n<meta name=\"robots\" content=\"index, follow, max-snippet:-1, max-image-preview:large, max-video-preview:-1\" \/>\n<link rel=\"canonical\" href=\"https:\/\/alj.com\/es\/energy-and-environmental-services\/water-environmental-solutions\/\" \/>\n<meta property=\"og:locale\" content=\"es_ES\" \/>\n<meta property=\"og:type\" content=\"article\" \/>\n<meta property=\"og:title\" content=\"Agua y soluciones ambientales | Abdul Latif Jameel\u00ae\" \/>\n<meta property=\"og:description\" content=\"Estamos abordando el programa sostenible de iniciativas de desalinizaci\u00f3n, agua y tratamiento de aguas residuales para satisfacer las necesidades de la poblaci\u00f3n de la regi\u00f3n y del mundo.\" \/>\n<meta property=\"og:url\" content=\"https:\/\/alj.com\/es\/energy-and-environmental-services\/water-environmental-solutions\/\" \/>\n<meta property=\"og:site_name\" content=\"Abdul Latif Jameel\" \/>\n<meta property=\"article:publisher\" content=\"https:\/\/www.facebook.com\/Abdul.Latif.Jameel.Official\" \/>\n<meta property=\"article:modified_time\" content=\"2019-07-18T08:55:27+00:00\" \/>\n<meta property=\"og:image\" content=\"https:\/\/media.alj.com\/app\/uploads\/2016\/10\/alj-our-presence-in-menat-and-beyond.jpg\" \/>\n\t<meta property=\"og:image:width\" content=\"1294\" \/>\n\t<meta property=\"og:image:height\" content=\"600\" \/>\n\t<meta property=\"og:image:type\" content=\"image\/jpeg\" \/>\n<meta name=\"twitter:card\" content=\"summary_large_image\" \/>\n<meta name=\"twitter:label1\" content=\"Est. reading time\" \/>\n\t<meta name=\"twitter:data1\" content=\"1 minute\" \/>\n<script type=\"application\/ld+json\" class=\"yoast-schema-graph\">{\"@context\":\"https:\/\/schema.org\",\"@graph\":[{\"@type\":\"WebPage\",\"@id\":\"https:\/\/alj.com\/es\/energy-and-environmental-services\/water-environmental-solutions\/\",\"url\":\"https:\/\/alj.com\/es\/energy-and-environmental-services\/water-environmental-solutions\/\",\"name\":\"Agua y soluciones ambientales | Abdul Latif Jameel\u00ae\",\"isPartOf\":{\"@id\":\"https:\/\/alj.com\/en\/#website\"},\"datePublished\":\"2016-10-05T12:18:28+00:00\",\"dateModified\":\"2019-07-18T08:55:27+00:00\",\"description\":\"Estamos abordando el programa sostenible de iniciativas de desalinizaci\u00f3n, agua y tratamiento de aguas residuales para satisfacer las necesidades de la poblaci\u00f3n de la regi\u00f3n y del mundo.\",\"breadcrumb\":{\"@id\":\"https:\/\/alj.com\/es\/energy-and-environmental-services\/water-environmental-solutions\/#breadcrumb\"},\"inLanguage\":\"es-ES\",\"potentialAction\":[{\"@type\":\"ReadAction\",\"target\":[\"https:\/\/alj.com\/es\/energy-and-environmental-services\/water-environmental-solutions\/\"]}]},{\"@type\":\"BreadcrumbList\",\"@id\":\"https:\/\/alj.com\/es\/energy-and-environmental-services\/water-environmental-solutions\/#breadcrumb\",\"itemListElement\":[{\"@type\":\"ListItem\",\"position\":1,\"name\":\"Home\",\"item\":\"https:\/\/alj.com\/es\/\"},{\"@type\":\"ListItem\",\"position\":2,\"name\":\"Energ\u00eda y Servicios Medioambientales\",\"item\":\"https:\/\/alj.com\/es\/energy-and-environmental-services\/\"},{\"@type\":\"ListItem\",\"position\":3,\"name\":\"Agua y Soluciones Medioambientales\"}]},{\"@type\":\"WebSite\",\"@id\":\"https:\/\/alj.com\/en\/#website\",\"url\":\"https:\/\/alj.com\/en\/\",\"name\":\"Abdul Latif Jameel\",\"description\":\"Abdul Latif Jameel\",\"potentialAction\":[{\"@type\":\"SearchAction\",\"target\":{\"@type\":\"EntryPoint\",\"urlTemplate\":\"https:\/\/alj.com\/en\/?s={search_term_string}\"},\"query-input\":\"required name=search_term_string\"}],\"inLanguage\":\"es-ES\"}]}<\/script>\n<!-- \/ Yoast SEO plugin. -->","yoast_head_json":{"title":"Agua y soluciones ambientales | Abdul Latif Jameel\u00ae","description":"Estamos abordando el programa sostenible de iniciativas de desalinizaci\u00f3n, agua y tratamiento de aguas residuales para satisfacer las necesidades de la poblaci\u00f3n de la regi\u00f3n y del mundo.","robots":{"index":"index","follow":"follow","max-snippet":"max-snippet:-1","max-image-preview":"max-image-preview:large","max-video-preview":"max-video-preview:-1"},"canonical":"https:\/\/alj.com\/es\/energy-and-environmental-services\/water-environmental-solutions\/","og_locale":"es_ES","og_type":"article","og_title":"Agua y soluciones ambientales | Abdul Latif Jameel\u00ae","og_description":"Estamos abordando el programa sostenible de iniciativas de desalinizaci\u00f3n, agua y tratamiento de aguas residuales para satisfacer las necesidades de la poblaci\u00f3n de la regi\u00f3n y del mundo.","og_url":"https:\/\/alj.com\/es\/energy-and-environmental-services\/water-environmental-solutions\/","og_site_name":"Abdul Latif Jameel","article_publisher":"https:\/\/www.facebook.com\/Abdul.Latif.Jameel.Official","article_modified_time":"2019-07-18T08:55:27+00:00","og_image":[{"width":1294,"height":600,"url":"https:\/\/media.alj.com\/app\/uploads\/2016\/10\/alj-our-presence-in-menat-and-beyond.jpg","type":"image\/jpeg"}],"twitter_card":"summary_large_image","twitter_misc":{"Est. reading time":"1 minute"},"schema":{"@context":"https:\/\/schema.org","@graph":[{"@type":"WebPage","@id":"https:\/\/alj.com\/es\/energy-and-environmental-services\/water-environmental-solutions\/","url":"https:\/\/alj.com\/es\/energy-and-environmental-services\/water-environmental-solutions\/","name":"Agua y soluciones ambientales | Abdul Latif Jameel\u00ae","isPartOf":{"@id":"https:\/\/alj.com\/en\/#website"},"datePublished":"2016-10-05T12:18:28+00:00","dateModified":"2019-07-18T08:55:27+00:00","description":"Estamos abordando el programa sostenible de iniciativas de desalinizaci\u00f3n, agua y tratamiento de aguas residuales para satisfacer las necesidades de la poblaci\u00f3n de la regi\u00f3n y del mundo.","breadcrumb":{"@id":"https:\/\/alj.com\/es\/energy-and-environmental-services\/water-environmental-solutions\/#breadcrumb"},"inLanguage":"es-ES","potentialAction":[{"@type":"ReadAction","target":["https:\/\/alj.com\/es\/energy-and-environmental-services\/water-environmental-solutions\/"]}]},{"@type":"BreadcrumbList","@id":"https:\/\/alj.com\/es\/energy-and-environmental-services\/water-environmental-solutions\/#breadcrumb","itemListElement":[{"@type":"ListItem","position":1,"name":"Home","item":"https:\/\/alj.com\/es\/"},{"@type":"ListItem","position":2,"name":"Energ\u00eda y Servicios Medioambientales","item":"https:\/\/alj.com\/es\/energy-and-environmental-services\/"},{"@type":"ListItem","position":3,"name":"Agua y Soluciones Medioambientales"}]},{"@type":"WebSite","@id":"https:\/\/alj.com\/en\/#website","url":"https:\/\/alj.com\/en\/","name":"Abdul Latif Jameel","description":"Abdul Latif Jameel","potentialAction":[{"@type":"SearchAction","target":{"@type":"EntryPoint","urlTemplate":"https:\/\/alj.com\/en\/?s={search_term_string}"},"query-input":"required name=search_term_string"}],"inLanguage":"es-ES"}]}},"_links":{"self":[{"href":"https:\/\/alj.com\/es\/wp-json\/wp\/v2\/pages\/11327"}],"collection":[{"href":"https:\/\/alj.com\/es\/wp-json\/wp\/v2\/pages"}],"about":[{"href":"https:\/\/alj.com\/es\/wp-json\/wp\/v2\/types\/page"}],"author":[{"embeddable":true,"href":"https:\/\/alj.com\/es\/wp-json\/wp\/v2\/users\/14"}],"replies":[{"embeddable":true,"href":"https:\/\/alj.com\/es\/wp-json\/wp\/v2\/comments?post=11327"}],"version-history":[{"count":0,"href":"https:\/\/alj.com\/es\/wp-json\/wp\/v2\/pages\/11327\/revisions"}],"up":[{"embeddable":true,"href":"https:\/\/alj.com\/es\/wp-json\/wp\/v2\/pages\/11323"}],"wp:featuredmedia":[{"embeddable":true,"href":"https:\/\/alj.com\/es\/wp-json\/wp\/v2\/media\/4146"}],"wp:attachment":[{"href":"https:\/\/alj.com\/es\/wp-json\/wp\/v2\/media?parent=11327"}],"wp:term":[{"taxonomy":"category","embeddable":true,"href":"https:\/\/alj.com\/es\/wp-json\/wp\/v2\/categories?post=11327"}],"curies":[{"name":"wp","href":"https:\/\/api.w.org\/{rel}","templated":true}]}}