{"id":11328,"date":"2016-10-05T12:19:05","date_gmt":"2016-10-05T12:19:05","guid":{"rendered":"http:\/\/alj.corp.staging.omniaconnect.net\/es\/consumer-products\/"},"modified":"2019-07-18T08:41:12","modified_gmt":"2019-07-18T08:41:12","slug":"consumer-products","status":"publish","type":"page","link":"https:\/\/alj.com\/es\/consumer-products\/","title":{"rendered":"Productos de Consumo"},"content":{"rendered":"<h2>Ponemos marcas de primera talla al alcance de los hogares<\/h2>\n<div class=\"p1-style\">La regi\u00f3n MENAT est\u00e1 demostrando ser uno de los principales centros de consumo del mundo.<\/div>\n<p>Esto est\u00e1 creando una demanda cada vez mayor de una amplia gama de productos de consumo, entre ellos electrodom\u00e9sticos y electr\u00f3nica para una poblaci\u00f3n joven, conectada y aficionada a la tecnolog\u00eda.<\/p>\n","protected":false},"excerpt":{"rendered":"<p>Ponemos marcas de primera talla al alcance de los hogares La regi\u00f3n MENAT est\u00e1 demostrando ser uno de los principales centros de consumo del mundo. Esto est\u00e1 creando una demanda cada vez mayor de una amplia gama de productos de consumo, entre ellos electrodom\u00e9sticos y electr\u00f3nica para una poblaci\u00f3n joven, conectada y aficionada a la [&hellip;]<\/p>\n","protected":false},"author":14,"featured_media":24189,"parent":0,"menu_order":19,"comment_status":"closed","ping_status":"closed","template":"page-templates\/businesses-one-page.php","meta":{"footnotes":""},"categories":[25],"acf":[],"yoast_head":"<!-- This site is optimized with the Yoast SEO plugin v21.5 - https:\/\/yoast.com\/wordpress\/plugins\/seo\/ -->\n<title>Productos de consumo y electr\u00f3nica | Abdul Latif Jameel\u00ae<\/title>\n<meta name=\"description\" content=\"Somos los principales distribuidores de productos de consumo de Arabia Saud\u00ed, inclu\u00edmos productos de electr\u00f3nica de consumo y productos de aire acondicionado de marcas internacionales.\" \/>\n<meta name=\"robots\" content=\"index, follow, max-snippet:-1, max-image-preview:large, max-video-preview:-1\" \/>\n<link rel=\"canonical\" href=\"https:\/\/alj.com\/es\/consumer-products\/\" \/>\n<meta property=\"og:locale\" content=\"es_ES\" \/>\n<meta property=\"og:type\" content=\"article\" \/>\n<meta property=\"og:title\" content=\"Productos de consumo y electr\u00f3nica | Abdul Latif Jameel\u00ae\" \/>\n<meta property=\"og:description\" content=\"Somos los principales distribuidores de productos de consumo de Arabia Saud\u00ed, inclu\u00edmos productos de electr\u00f3nica de consumo y productos de aire acondicionado de marcas internacionales.\" \/>\n<meta property=\"og:url\" content=\"https:\/\/alj.com\/es\/consumer-products\/\" \/>\n<meta property=\"og:site_name\" content=\"Abdul Latif Jameel\" \/>\n<meta property=\"article:publisher\" content=\"https:\/\/www.facebook.com\/Abdul.Latif.Jameel.Official\" \/>\n<meta property=\"article:modified_time\" content=\"2019-07-18T08:41:12+00:00\" \/>\n<meta property=\"og:image\" content=\"https:\/\/media.alj.com\/app\/uploads\/2016\/10\/alj-our-presence-in-menat-and-beyond.jpg\" \/>\n\t<meta property=\"og:image:width\" content=\"1294\" \/>\n\t<meta property=\"og:image:height\" content=\"600\" \/>\n\t<meta property=\"og:image:type\" content=\"image\/jpeg\" \/>\n<meta name=\"twitter:card\" content=\"summary_large_image\" \/>\n<script type=\"application\/ld+json\" class=\"yoast-schema-graph\">{\"@context\":\"https:\/\/schema.org\",\"@graph\":[{\"@type\":\"WebPage\",\"@id\":\"https:\/\/alj.com\/es\/consumer-products\/\",\"url\":\"https:\/\/alj.com\/es\/consumer-products\/\",\"name\":\"Productos de consumo y electr\u00f3nica | Abdul Latif Jameel\u00ae\",\"isPartOf\":{\"@id\":\"https:\/\/alj.com\/en\/#website\"},\"datePublished\":\"2016-10-05T12:19:05+00:00\",\"dateModified\":\"2019-07-18T08:41:12+00:00\",\"description\":\"Somos los principales distribuidores de productos de consumo de Arabia Saud\u00ed, inclu\u00edmos productos de electr\u00f3nica de consumo y productos de aire acondicionado de marcas internacionales.\",\"breadcrumb\":{\"@id\":\"https:\/\/alj.com\/es\/consumer-products\/#breadcrumb\"},\"inLanguage\":\"es-ES\",\"potentialAction\":[{\"@type\":\"ReadAction\",\"target\":[\"https:\/\/alj.com\/es\/consumer-products\/\"]}]},{\"@type\":\"BreadcrumbList\",\"@id\":\"https:\/\/alj.com\/es\/consumer-products\/#breadcrumb\",\"itemListElement\":[{\"@type\":\"ListItem\",\"position\":1,\"name\":\"Home\",\"item\":\"https:\/\/alj.com\/es\/\"},{\"@type\":\"ListItem\",\"position\":2,\"name\":\"Productos de Consumo\"}]},{\"@type\":\"WebSite\",\"@id\":\"https:\/\/alj.com\/en\/#website\",\"url\":\"https:\/\/alj.com\/en\/\",\"name\":\"Abdul Latif Jameel\",\"description\":\"Abdul Latif Jameel\",\"potentialAction\":[{\"@type\":\"SearchAction\",\"target\":{\"@type\":\"EntryPoint\",\"urlTemplate\":\"https:\/\/alj.com\/en\/?s={search_term_string}\"},\"query-input\":\"required name=search_term_string\"}],\"inLanguage\":\"es-ES\"}]}<\/script>\n<!-- \/ Yoast SEO plugin. -->","yoast_head_json":{"title":"Productos de consumo y electr\u00f3nica | Abdul Latif Jameel\u00ae","description":"Somos los principales distribuidores de productos de consumo de Arabia Saud\u00ed, inclu\u00edmos productos de electr\u00f3nica de consumo y productos de aire acondicionado de marcas internacionales.","robots":{"index":"index","follow":"follow","max-snippet":"max-snippet:-1","max-image-preview":"max-image-preview:large","max-video-preview":"max-video-preview:-1"},"canonical":"https:\/\/alj.com\/es\/consumer-products\/","og_locale":"es_ES","og_type":"article","og_title":"Productos de consumo y electr\u00f3nica | Abdul Latif Jameel\u00ae","og_description":"Somos los principales distribuidores de productos de consumo de Arabia Saud\u00ed, inclu\u00edmos productos de electr\u00f3nica de consumo y productos de aire acondicionado de marcas internacionales.","og_url":"https:\/\/alj.com\/es\/consumer-products\/","og_site_name":"Abdul Latif Jameel","article_publisher":"https:\/\/www.facebook.com\/Abdul.Latif.Jameel.Official","article_modified_time":"2019-07-18T08:41:12+00:00","og_image":[{"width":1294,"height":600,"url":"https:\/\/media.alj.com\/app\/uploads\/2016\/10\/alj-our-presence-in-menat-and-beyond.jpg","type":"image\/jpeg"}],"twitter_card":"summary_large_image","schema":{"@context":"https:\/\/schema.org","@graph":[{"@type":"WebPage","@id":"https:\/\/alj.com\/es\/consumer-products\/","url":"https:\/\/alj.com\/es\/consumer-products\/","name":"Productos de consumo y electr\u00f3nica | Abdul Latif Jameel\u00ae","isPartOf":{"@id":"https:\/\/alj.com\/en\/#website"},"datePublished":"2016-10-05T12:19:05+00:00","dateModified":"2019-07-18T08:41:12+00:00","description":"Somos los principales distribuidores de productos de consumo de Arabia Saud\u00ed, inclu\u00edmos productos de electr\u00f3nica de consumo y productos de aire acondicionado de marcas internacionales.","breadcrumb":{"@id":"https:\/\/alj.com\/es\/consumer-products\/#breadcrumb"},"inLanguage":"es-ES","potentialAction":[{"@type":"ReadAction","target":["https:\/\/alj.com\/es\/consumer-products\/"]}]},{"@type":"BreadcrumbList","@id":"https:\/\/alj.com\/es\/consumer-products\/#breadcrumb","itemListElement":[{"@type":"ListItem","position":1,"name":"Home","item":"https:\/\/alj.com\/es\/"},{"@type":"ListItem","position":2,"name":"Productos de Consumo"}]},{"@type":"WebSite","@id":"https:\/\/alj.com\/en\/#website","url":"https:\/\/alj.com\/en\/","name":"Abdul Latif Jameel","description":"Abdul Latif Jameel","potentialAction":[{"@type":"SearchAction","target":{"@type":"EntryPoint","urlTemplate":"https:\/\/alj.com\/en\/?s={search_term_string}"},"query-input":"required name=search_term_string"}],"inLanguage":"es-ES"}]}},"_links":{"self":[{"href":"https:\/\/alj.com\/es\/wp-json\/wp\/v2\/pages\/11328"}],"collection":[{"href":"https:\/\/alj.com\/es\/wp-json\/wp\/v2\/pages"}],"about":[{"href":"https:\/\/alj.com\/es\/wp-json\/wp\/v2\/types\/page"}],"author":[{"embeddable":true,"href":"https:\/\/alj.com\/es\/wp-json\/wp\/v2\/users\/14"}],"replies":[{"embeddable":true,"href":"https:\/\/alj.com\/es\/wp-json\/wp\/v2\/comments?post=11328"}],"version-history":[{"count":0,"href":"https:\/\/alj.com\/es\/wp-json\/wp\/v2\/pages\/11328\/revisions"}],"wp:featuredmedia":[{"embeddable":true,"href":"https:\/\/alj.com\/es\/wp-json\/wp\/v2\/media\/24189"}],"wp:attachment":[{"href":"https:\/\/alj.com\/es\/wp-json\/wp\/v2\/media?parent=11328"}],"wp:term":[{"taxonomy":"category","embeddable":true,"href":"https:\/\/alj.com\/es\/wp-json\/wp\/v2\/categories?post=11328"}],"curies":[{"name":"wp","href":"https:\/\/api.w.org\/{rel}","templated":true}]}}