{"id":11329,"date":"2016-10-05T12:19:33","date_gmt":"2016-10-05T12:19:33","guid":{"rendered":"http:\/\/alj.corp.staging.omniaconnect.net\/es\/advertising-media\/"},"modified":"2019-07-18T08:30:22","modified_gmt":"2019-07-18T08:30:22","slug":"advertising-media","status":"publish","type":"page","link":"https:\/\/alj.com\/es\/advertising-media\/","title":{"rendered":"Publicidad y Medios"},"content":{"rendered":"<h2>Comunic\u00e1ndonos con los clientes y la sociedad<\/h2>\n<div class=\"p1-style\">Hoy en d\u00eda, los consumidores de la regi\u00f3n MENAT son parte de la tendencia mundial, hacia compradores m\u00e1s sofisticados.<\/div>\n<p>Entendemos la interacci\u00f3n entre la publicidad tradicional y los medios digitales, los canales de comunicaci\u00f3n y los dispositivos. Por ello, ofrecemos ideas estrat\u00e9gicas e innovadoras para la vida diaria de nuestros clientes, basadas en una visi\u00f3n regional y en la investigaci\u00f3n.<\/p>\n","protected":false},"excerpt":{"rendered":"<p>Comunic\u00e1ndonos con los clientes y la sociedad Hoy en d\u00eda, los consumidores de la regi\u00f3n MENAT son parte de la tendencia mundial, hacia compradores m\u00e1s sofisticados. Entendemos la interacci\u00f3n entre la publicidad tradicional y los medios digitales, los canales de comunicaci\u00f3n y los dispositivos. Por ello, ofrecemos ideas estrat\u00e9gicas e innovadoras para la vida diaria [&hellip;]<\/p>\n","protected":false},"author":14,"featured_media":95577,"parent":0,"menu_order":20,"comment_status":"closed","ping_status":"closed","template":"page-templates\/businesses-one-page.php","meta":{"footnotes":""},"categories":[25],"acf":[],"yoast_head":"<!-- This site is optimized with the Yoast SEO plugin v21.5 - https:\/\/yoast.com\/wordpress\/plugins\/seo\/ -->\n<title>Publicidad y medios | Abdul Latif Jameel\u00ae<\/title>\n<meta name=\"description\" content=\"A trav\u00e9s de nuestro negocio integral de publicidad y medios de comunicaci\u00f3n, ofrecemos soluciones a medida para nuestros clientes de marcas globales.\" \/>\n<meta name=\"robots\" content=\"index, follow, max-snippet:-1, max-image-preview:large, max-video-preview:-1\" \/>\n<link rel=\"canonical\" href=\"https:\/\/alj.com\/es\/advertising-media\/\" \/>\n<meta property=\"og:locale\" content=\"es_ES\" \/>\n<meta property=\"og:type\" content=\"article\" \/>\n<meta property=\"og:title\" content=\"Publicidad y medios | Abdul Latif Jameel\u00ae\" \/>\n<meta property=\"og:description\" content=\"A trav\u00e9s de nuestro negocio integral de publicidad y medios de comunicaci\u00f3n, ofrecemos soluciones a medida para nuestros clientes de marcas globales.\" \/>\n<meta property=\"og:url\" content=\"https:\/\/alj.com\/es\/advertising-media\/\" \/>\n<meta property=\"og:site_name\" content=\"Abdul Latif Jameel\" \/>\n<meta property=\"article:publisher\" content=\"https:\/\/www.facebook.com\/Abdul.Latif.Jameel.Official\" \/>\n<meta property=\"article:modified_time\" content=\"2019-07-18T08:30:22+00:00\" \/>\n<meta property=\"og:image\" content=\"https:\/\/media.alj.com\/app\/uploads\/2016\/10\/alj-our-presence-in-menat-and-beyond.jpg\" \/>\n\t<meta property=\"og:image:width\" content=\"1294\" \/>\n\t<meta property=\"og:image:height\" content=\"600\" \/>\n\t<meta property=\"og:image:type\" content=\"image\/jpeg\" \/>\n<meta name=\"twitter:card\" content=\"summary_large_image\" \/>\n<script type=\"application\/ld+json\" class=\"yoast-schema-graph\">{\"@context\":\"https:\/\/schema.org\",\"@graph\":[{\"@type\":\"WebPage\",\"@id\":\"https:\/\/alj.com\/es\/advertising-media\/\",\"url\":\"https:\/\/alj.com\/es\/advertising-media\/\",\"name\":\"Publicidad y medios | Abdul Latif Jameel\u00ae\",\"isPartOf\":{\"@id\":\"https:\/\/alj.com\/en\/#website\"},\"datePublished\":\"2016-10-05T12:19:33+00:00\",\"dateModified\":\"2019-07-18T08:30:22+00:00\",\"description\":\"A trav\u00e9s de nuestro negocio integral de publicidad y medios de comunicaci\u00f3n, ofrecemos soluciones a medida para nuestros clientes de marcas globales.\",\"breadcrumb\":{\"@id\":\"https:\/\/alj.com\/es\/advertising-media\/#breadcrumb\"},\"inLanguage\":\"es-ES\",\"potentialAction\":[{\"@type\":\"ReadAction\",\"target\":[\"https:\/\/alj.com\/es\/advertising-media\/\"]}]},{\"@type\":\"BreadcrumbList\",\"@id\":\"https:\/\/alj.com\/es\/advertising-media\/#breadcrumb\",\"itemListElement\":[{\"@type\":\"ListItem\",\"position\":1,\"name\":\"Home\",\"item\":\"https:\/\/alj.com\/es\/\"},{\"@type\":\"ListItem\",\"position\":2,\"name\":\"Publicidad y Medios\"}]},{\"@type\":\"WebSite\",\"@id\":\"https:\/\/alj.com\/en\/#website\",\"url\":\"https:\/\/alj.com\/en\/\",\"name\":\"Abdul Latif Jameel\",\"description\":\"Abdul Latif Jameel\",\"potentialAction\":[{\"@type\":\"SearchAction\",\"target\":{\"@type\":\"EntryPoint\",\"urlTemplate\":\"https:\/\/alj.com\/en\/?s={search_term_string}\"},\"query-input\":\"required name=search_term_string\"}],\"inLanguage\":\"es-ES\"}]}<\/script>\n<!-- \/ Yoast SEO plugin. -->","yoast_head_json":{"title":"Publicidad y medios | Abdul Latif Jameel\u00ae","description":"A trav\u00e9s de nuestro negocio integral de publicidad y medios de comunicaci\u00f3n, ofrecemos soluciones a medida para nuestros clientes de marcas globales.","robots":{"index":"index","follow":"follow","max-snippet":"max-snippet:-1","max-image-preview":"max-image-preview:large","max-video-preview":"max-video-preview:-1"},"canonical":"https:\/\/alj.com\/es\/advertising-media\/","og_locale":"es_ES","og_type":"article","og_title":"Publicidad y medios | Abdul Latif Jameel\u00ae","og_description":"A trav\u00e9s de nuestro negocio integral de publicidad y medios de comunicaci\u00f3n, ofrecemos soluciones a medida para nuestros clientes de marcas globales.","og_url":"https:\/\/alj.com\/es\/advertising-media\/","og_site_name":"Abdul Latif Jameel","article_publisher":"https:\/\/www.facebook.com\/Abdul.Latif.Jameel.Official","article_modified_time":"2019-07-18T08:30:22+00:00","og_image":[{"width":1294,"height":600,"url":"https:\/\/media.alj.com\/app\/uploads\/2016\/10\/alj-our-presence-in-menat-and-beyond.jpg","type":"image\/jpeg"}],"twitter_card":"summary_large_image","schema":{"@context":"https:\/\/schema.org","@graph":[{"@type":"WebPage","@id":"https:\/\/alj.com\/es\/advertising-media\/","url":"https:\/\/alj.com\/es\/advertising-media\/","name":"Publicidad y medios | Abdul Latif Jameel\u00ae","isPartOf":{"@id":"https:\/\/alj.com\/en\/#website"},"datePublished":"2016-10-05T12:19:33+00:00","dateModified":"2019-07-18T08:30:22+00:00","description":"A trav\u00e9s de nuestro negocio integral de publicidad y medios de comunicaci\u00f3n, ofrecemos soluciones a medida para nuestros clientes de marcas globales.","breadcrumb":{"@id":"https:\/\/alj.com\/es\/advertising-media\/#breadcrumb"},"inLanguage":"es-ES","potentialAction":[{"@type":"ReadAction","target":["https:\/\/alj.com\/es\/advertising-media\/"]}]},{"@type":"BreadcrumbList","@id":"https:\/\/alj.com\/es\/advertising-media\/#breadcrumb","itemListElement":[{"@type":"ListItem","position":1,"name":"Home","item":"https:\/\/alj.com\/es\/"},{"@type":"ListItem","position":2,"name":"Publicidad y Medios"}]},{"@type":"WebSite","@id":"https:\/\/alj.com\/en\/#website","url":"https:\/\/alj.com\/en\/","name":"Abdul Latif Jameel","description":"Abdul Latif Jameel","potentialAction":[{"@type":"SearchAction","target":{"@type":"EntryPoint","urlTemplate":"https:\/\/alj.com\/en\/?s={search_term_string}"},"query-input":"required name=search_term_string"}],"inLanguage":"es-ES"}]}},"_links":{"self":[{"href":"https:\/\/alj.com\/es\/wp-json\/wp\/v2\/pages\/11329"}],"collection":[{"href":"https:\/\/alj.com\/es\/wp-json\/wp\/v2\/pages"}],"about":[{"href":"https:\/\/alj.com\/es\/wp-json\/wp\/v2\/types\/page"}],"author":[{"embeddable":true,"href":"https:\/\/alj.com\/es\/wp-json\/wp\/v2\/users\/14"}],"replies":[{"embeddable":true,"href":"https:\/\/alj.com\/es\/wp-json\/wp\/v2\/comments?post=11329"}],"version-history":[{"count":0,"href":"https:\/\/alj.com\/es\/wp-json\/wp\/v2\/pages\/11329\/revisions"}],"wp:featuredmedia":[{"embeddable":true,"href":"https:\/\/alj.com\/es\/wp-json\/wp\/v2\/media\/95577"}],"wp:attachment":[{"href":"https:\/\/alj.com\/es\/wp-json\/wp\/v2\/media?parent=11329"}],"wp:term":[{"taxonomy":"category","embeddable":true,"href":"https:\/\/alj.com\/es\/wp-json\/wp\/v2\/categories?post=11329"}],"curies":[{"name":"wp","href":"https:\/\/api.w.org\/{rel}","templated":true}]}}