{"id":11331,"date":"2016-10-11T14:35:13","date_gmt":"2016-10-11T14:35:13","guid":{"rendered":"http:\/\/alj.corp.staging.omniaconnect.net\/es\/contact\/"},"modified":"2020-04-15T12:56:15","modified_gmt":"2020-04-15T12:56:15","slug":"contact","status":"publish","type":"page","link":"https:\/\/alj.com\/es\/contact\/","title":{"rendered":"Contacto"},"content":{"rendered":"<h5>Si desea obtener m\u00e1s informaci\u00f3n acerca de Abdul Latif Jameel y las oportunidades en la regi\u00f3n MENAT, complete el siguiente formulario.<\/h5>\n<p>Para consultas de prensa, visite nuestra secci\u00f3n <a href=\"\/?page_id=1792\">Noticias y medios<\/a> de comunicaci\u00f3n.<\/p>\n<p>&nbsp;<\/p>\n","protected":false},"excerpt":{"rendered":"<p>Si desea obtener m\u00e1s informaci\u00f3n acerca de Abdul Latif Jameel y las oportunidades en la regi\u00f3n MENAT, complete el siguiente formulario. Para consultas de prensa, visite nuestra secci\u00f3n Noticias y medios de comunicaci\u00f3n. &nbsp;<\/p>\n","protected":false},"author":14,"featured_media":0,"parent":0,"menu_order":70,"comment_status":"closed","ping_status":"closed","template":"page-templates\/contact_us.php","meta":{"footnotes":""},"categories":[],"acf":[],"yoast_head":"<!-- This site is optimized with the Yoast SEO plugin v21.5 - https:\/\/yoast.com\/wordpress\/plugins\/seo\/ -->\n<title>Contacto | Abdul Latif Jameel\u00ae<\/title>\n<meta name=\"description\" content=\"Para saber m\u00e1s sobre las oportunidades de inversi\u00f3n en la regi\u00f3n MENAT, o sobre la asociaci\u00f3n con Abdul Latif Jameel, por favor complete el siguiente formulario de contacto.\" \/>\n<meta name=\"robots\" content=\"index, follow, max-snippet:-1, max-image-preview:large, max-video-preview:-1\" \/>\n<link rel=\"canonical\" href=\"https:\/\/alj.com\/es\/contact\/\" \/>\n<meta property=\"og:locale\" content=\"es_ES\" \/>\n<meta property=\"og:type\" content=\"article\" \/>\n<meta property=\"og:title\" content=\"Contacto | Abdul Latif Jameel\u00ae\" \/>\n<meta property=\"og:description\" content=\"Para saber m\u00e1s sobre las oportunidades de inversi\u00f3n en la regi\u00f3n MENAT, o sobre la asociaci\u00f3n con Abdul Latif Jameel, por favor complete el siguiente formulario de contacto.\" \/>\n<meta property=\"og:url\" content=\"https:\/\/alj.com\/es\/contact\/\" \/>\n<meta property=\"og:site_name\" content=\"Abdul Latif Jameel\" \/>\n<meta property=\"article:publisher\" content=\"https:\/\/www.facebook.com\/Abdul.Latif.Jameel.Official\" \/>\n<meta property=\"article:modified_time\" content=\"2020-04-15T12:56:15+00:00\" \/>\n<meta property=\"og:image\" content=\"https:\/\/media.alj.com\/app\/uploads\/2016\/10\/alj-our-presence-in-menat-and-beyond.jpg\" \/>\n\t<meta property=\"og:image:width\" content=\"1294\" \/>\n\t<meta property=\"og:image:height\" content=\"600\" \/>\n\t<meta property=\"og:image:type\" content=\"image\/jpeg\" \/>\n<meta name=\"twitter:card\" content=\"summary_large_image\" \/>\n<script type=\"application\/ld+json\" class=\"yoast-schema-graph\">{\"@context\":\"https:\/\/schema.org\",\"@graph\":[{\"@type\":\"WebPage\",\"@id\":\"https:\/\/alj.com\/es\/contact\/\",\"url\":\"https:\/\/alj.com\/es\/contact\/\",\"name\":\"Contacto | Abdul Latif Jameel\u00ae\",\"isPartOf\":{\"@id\":\"https:\/\/alj.com\/en\/#website\"},\"datePublished\":\"2016-10-11T14:35:13+00:00\",\"dateModified\":\"2020-04-15T12:56:15+00:00\",\"description\":\"Para saber m\u00e1s sobre las oportunidades de inversi\u00f3n en la regi\u00f3n MENAT, o sobre la asociaci\u00f3n con Abdul Latif Jameel, por favor complete el siguiente formulario de contacto.\",\"breadcrumb\":{\"@id\":\"https:\/\/alj.com\/es\/contact\/#breadcrumb\"},\"inLanguage\":\"es-ES\",\"potentialAction\":[{\"@type\":\"ReadAction\",\"target\":[\"https:\/\/alj.com\/es\/contact\/\"]}]},{\"@type\":\"BreadcrumbList\",\"@id\":\"https:\/\/alj.com\/es\/contact\/#breadcrumb\",\"itemListElement\":[{\"@type\":\"ListItem\",\"position\":1,\"name\":\"Home\",\"item\":\"https:\/\/alj.com\/es\/\"},{\"@type\":\"ListItem\",\"position\":2,\"name\":\"Contacto\"}]},{\"@type\":\"WebSite\",\"@id\":\"https:\/\/alj.com\/en\/#website\",\"url\":\"https:\/\/alj.com\/en\/\",\"name\":\"Abdul Latif Jameel\",\"description\":\"Abdul Latif Jameel\",\"potentialAction\":[{\"@type\":\"SearchAction\",\"target\":{\"@type\":\"EntryPoint\",\"urlTemplate\":\"https:\/\/alj.com\/en\/?s={search_term_string}\"},\"query-input\":\"required name=search_term_string\"}],\"inLanguage\":\"es-ES\"}]}<\/script>\n<!-- \/ Yoast SEO plugin. -->","yoast_head_json":{"title":"Contacto | Abdul Latif Jameel\u00ae","description":"Para saber m\u00e1s sobre las oportunidades de inversi\u00f3n en la regi\u00f3n MENAT, o sobre la asociaci\u00f3n con Abdul Latif Jameel, por favor complete el siguiente formulario de contacto.","robots":{"index":"index","follow":"follow","max-snippet":"max-snippet:-1","max-image-preview":"max-image-preview:large","max-video-preview":"max-video-preview:-1"},"canonical":"https:\/\/alj.com\/es\/contact\/","og_locale":"es_ES","og_type":"article","og_title":"Contacto | Abdul Latif Jameel\u00ae","og_description":"Para saber m\u00e1s sobre las oportunidades de inversi\u00f3n en la regi\u00f3n MENAT, o sobre la asociaci\u00f3n con Abdul Latif Jameel, por favor complete el siguiente formulario de contacto.","og_url":"https:\/\/alj.com\/es\/contact\/","og_site_name":"Abdul Latif Jameel","article_publisher":"https:\/\/www.facebook.com\/Abdul.Latif.Jameel.Official","article_modified_time":"2020-04-15T12:56:15+00:00","og_image":[{"width":1294,"height":600,"url":"https:\/\/media.alj.com\/app\/uploads\/2016\/10\/alj-our-presence-in-menat-and-beyond.jpg","type":"image\/jpeg"}],"twitter_card":"summary_large_image","schema":{"@context":"https:\/\/schema.org","@graph":[{"@type":"WebPage","@id":"https:\/\/alj.com\/es\/contact\/","url":"https:\/\/alj.com\/es\/contact\/","name":"Contacto | Abdul Latif Jameel\u00ae","isPartOf":{"@id":"https:\/\/alj.com\/en\/#website"},"datePublished":"2016-10-11T14:35:13+00:00","dateModified":"2020-04-15T12:56:15+00:00","description":"Para saber m\u00e1s sobre las oportunidades de inversi\u00f3n en la regi\u00f3n MENAT, o sobre la asociaci\u00f3n con Abdul Latif Jameel, por favor complete el siguiente formulario de contacto.","breadcrumb":{"@id":"https:\/\/alj.com\/es\/contact\/#breadcrumb"},"inLanguage":"es-ES","potentialAction":[{"@type":"ReadAction","target":["https:\/\/alj.com\/es\/contact\/"]}]},{"@type":"BreadcrumbList","@id":"https:\/\/alj.com\/es\/contact\/#breadcrumb","itemListElement":[{"@type":"ListItem","position":1,"name":"Home","item":"https:\/\/alj.com\/es\/"},{"@type":"ListItem","position":2,"name":"Contacto"}]},{"@type":"WebSite","@id":"https:\/\/alj.com\/en\/#website","url":"https:\/\/alj.com\/en\/","name":"Abdul Latif Jameel","description":"Abdul Latif Jameel","potentialAction":[{"@type":"SearchAction","target":{"@type":"EntryPoint","urlTemplate":"https:\/\/alj.com\/en\/?s={search_term_string}"},"query-input":"required name=search_term_string"}],"inLanguage":"es-ES"}]}},"_links":{"self":[{"href":"https:\/\/alj.com\/es\/wp-json\/wp\/v2\/pages\/11331"}],"collection":[{"href":"https:\/\/alj.com\/es\/wp-json\/wp\/v2\/pages"}],"about":[{"href":"https:\/\/alj.com\/es\/wp-json\/wp\/v2\/types\/page"}],"author":[{"embeddable":true,"href":"https:\/\/alj.com\/es\/wp-json\/wp\/v2\/users\/14"}],"replies":[{"embeddable":true,"href":"https:\/\/alj.com\/es\/wp-json\/wp\/v2\/comments?post=11331"}],"version-history":[{"count":0,"href":"https:\/\/alj.com\/es\/wp-json\/wp\/v2\/pages\/11331\/revisions"}],"wp:attachment":[{"href":"https:\/\/alj.com\/es\/wp-json\/wp\/v2\/media?parent=11331"}],"wp:term":[{"taxonomy":"category","embeddable":true,"href":"https:\/\/alj.com\/es\/wp-json\/wp\/v2\/categories?post=11331"}],"curies":[{"name":"wp","href":"https:\/\/api.w.org\/{rel}","templated":true}]}}