{"id":11332,"date":"2016-10-11T14:34:17","date_gmt":"2016-10-11T14:34:17","guid":{"rendered":"http:\/\/alj.corp.staging.omniaconnect.net\/es\/cookie-policy\/"},"modified":"2020-04-15T12:38:56","modified_gmt":"2020-04-15T12:38:56","slug":"cookie-policy","status":"publish","type":"page","link":"https:\/\/alj.com\/es\/cookie-policy\/","title":{"rendered":"Pol\u00edtica de Cookies"},"content":{"rendered":"<p>Esta Pol\u00edtica de Uso de Cookies presenta informaci\u00f3n sobre el uso de cookies que realiza el sitio de Abdul Latif Jameel en el dominio &lt;alj.com&gt; (el \u201c<strong>Sitio web de ALJ<\/strong>\u201d).<\/p>\n<h2>Qu\u00e9 es una cookie?<\/h2>\n<p>Una cookie es un peque\u00f1o archivo de texto y n\u00fameros que se sit\u00faa y se almacena en su navegador o en el disco duro de su ordenador de los sitios que usted visite, si acepta. Las cookies contienen informaci\u00f3n que se transfiere al disco duro de su ordenador. Las cookies no se utilizan para identificarle personalmente.<\/p>\n<p>El sitio web de ALJ utiliza cookies para distinguirle de otros usuarios del sitio web de ALJ. La informaci\u00f3n recopilada por las cookies incluye informaci\u00f3n general sobre los ajustes de su ordenador, su conexi\u00f3n a Internet como por ejemplo su sistema operativo y plataforma, direcci\u00f3n IP, los patrones de su navegador y tiempos de navegaci\u00f3n en el sitio web de ALJ y su localizaci\u00f3n. Esto ayuda a que el sitio web de ALJ funcione de una manera m\u00e1s eficaz, proporcion\u00e1ndole una buena experiencia cuando navega por el sitio web de ALJ (como recordando los ajustes) y permitiendo una mejora del sitio web de ALJ.<\/p>\n<h2>Consentimiento del uso de cookies<\/h2>\n<p>Al hacer clic en el bot\u00f3n \u201cAcepto\u201d en la ventana emergente la primera vez que usa el sitio web de ALJ, acepta el uso de cookies en el sitio web de ALJ.<\/p>\n<h2>Qu\u00e9 tipo de cookies est\u00e1 usando?<\/h2>\n<p>El sitio web de ALJ utiliza las siguientes cookies:<\/p>\n<ul>\n<li><strong>Cookies estrictamente necesarias.<\/strong>\u00a0Estas cookies son necesarias para operar el sitio web de ALJ.<\/li>\n<li><strong>Cookies anal\u00edticas\/de mantenimiento. <\/strong>Estas cookies permiten el reconocimiento y cuentan el n\u00famero de visitantes en el sitio web de ALJ y ve c\u00f3mo los visitantes se mueven por el sitio web de ALJ. Ayuda a mejorar la manera de funcionar de ALJ, por ejemplo, garantizando que los usuarios encuentren aquello que buscan de manera f\u00e1cil.<\/li>\n<li><strong>Cookies funcionales.<\/strong> Estas cookies reconocen cuando usted vuelve al sitio web de ALJ. Permite personalizar el contenido para usted y recordar sus preferencias (por ejemplo, su elecci\u00f3n de idioma o regi\u00f3n).<\/li>\n<\/ul>\n<p>Puede encontrar m\u00e1s informaci\u00f3n sobre el uso de las cookies individuales en el sitio web de ALJ y los fines para los que se usan en la tabla a continuaci\u00f3n:<\/p>\n<table style=\"height: 669px;\" width=\"809\">\n<tbody>\n<tr style=\"height: 24px;\">\n<th style=\"height: 24px; width: 109.317px;\"><span style=\"color: #333333;\">Cookie<\/span><\/th>\n<th style=\"height: 24px; width: 76.3833px;\"><span style=\"color: #333333;\">Nombre<\/span><\/th>\n<th style=\"height: 24px; width: 338.567px;\">Fin<\/th>\n<th style=\"height: 24px; width: 256.733px;\">M\u00e1s informaci\u00f3n<\/th>\n<\/tr>\n<tr style=\"height: 72px;\">\n<td style=\"height: 72px; width: 109.317px;\"><span style=\"color: #333333;\">Estrictamente necesaria<\/span><\/td>\n<td style=\"height: 72px; width: 76.3833px;\"><span style=\"color: #333333;\">\u00a0<\/span><\/td>\n<td style=\"height: 72px; width: 338.567px;\"><span style=\"color: #333333;\">Guarda un mensaje para hacer saber a Abdul Latif Jameel que ha visto el mensaje sobre el uso de las cookies en el sitio web de ALJ.<\/span><\/td>\n<td style=\"height: 72px; width: 256.733px;\"><span style=\"color: #333333;\">\u00a0Expira en 1 mes.<\/span><\/td>\n<\/tr>\n<tr style=\"height: 120px;\">\n<td style=\"height: 120px; width: 109.317px;\">Anal\u00edticas<\/td>\n<td style=\"height: 120px; width: 76.3833px;\">Google Analytics<\/td>\n<td style=\"height: 120px; width: 338.567px;\">Ayuda a analizar c\u00f3mo los usuarios llegan al sitio web de ALJ y lo usan. Esta cookie permite una estimaci\u00f3n del tama\u00f1o de la audiencia y el patr\u00f3n de uso y proporciona informaci\u00f3n para permitir la optimizaci\u00f3n de los motores de b\u00fasqueda.<\/td>\n<td style=\"height: 120px; width: 256.733px;\">Para m\u00e1s informaci\u00f3n, consulte <a href=\"https:\/\/support.google.com\/analytics\/answer\/6004245\" target=\"_blank\" rel=\"noopener noreferrer\">https:\/\/support.google.com\/analytics\/answer\/6004245.\u00a0<\/a><br \/>\nEsta cookie caducar\u00e1 tras 365 d\u00edas.<\/td>\n<\/tr>\n<tr style=\"height: 120px;\">\n<td style=\"height: 120px; width: 109.317px;\">Funcional<\/td>\n<td style=\"height: 120px; width: 76.3833px;\">Dossier de prensa<\/td>\n<td style=\"height: 120px; width: 338.567px;\">Almacenamiento de los datos de sesi\u00f3n para permitir la funcionalidad de descarga.<\/td>\n<td style=\"height: 120px; width: 256.733px;\">No se almacena ninguna informaci\u00f3n personal con esta cookie.<br \/>\nEsta cookie expira al final de la sesi\u00f3n de su navegador.<\/td>\n<\/tr>\n<tr style=\"height: 120px;\">\n<td style=\"height: 120px; width: 109.317px;\">Funcional<\/td>\n<td style=\"height: 120px; width: 76.3833px;\">WPML<\/td>\n<td style=\"height: 120px; width: 338.567px;\">Almacena las preferencias de idioma del sitio web.<\/td>\n<td style=\"height: 120px; width: 256.733px;\">No se almacena ninguna informaci\u00f3n personal con esta cookie.<br \/>\nEsta cookie caduca despu\u00e9s de una semana.<\/td>\n<\/tr>\n<tr style=\"height: 120px;\">\n<td style=\"height: 120px; width: 109.317px;\">Funcional<\/td>\n<td style=\"height: 120px; width: 76.3833px;\">Pol\u00edtica de cookies<\/td>\n<td style=\"height: 120px; width: 338.567px;\">Almacena si el usuario ha aceptado la pol\u00edtica de cookies.<\/td>\n<td style=\"height: 120px; width: 256.733px;\">No se almacena ninguna informaci\u00f3n personal con esta cookie.<br \/>\nEsta cookie caduca dentro de 365 d\u00edas.<\/td>\n<\/tr>\n<\/tbody>\n<\/table>\n<h2>Puedo no permitir las cookies<\/h2>\n<p>Al acceder al sitio web de ALJ.com se guardar\u00e1n cookies no permanentes en su ordenador para mejorar la experiencia al usar el sitio. Si no desea tener dichas cookies no permanentes en su ordenador, no debe aceptar cuando vea el cartel de cookies en la p\u00e1gina principal.<\/p>\n<h2>C\u00f3mo puedo cambiar mis ajustes de cookies?<\/h2>\n<p>La mayor\u00eda de navegadores permiten algo de control de la mayor\u00eda de cookies a trav\u00e9s de los ajustes del navegador. Si cambia de opini\u00f3n sobre el permitir el uso de cookies en su ordenador, puede bloquear las cookies activando la configuraci\u00f3n en su navegador que le permite rechazar la configuraci\u00f3n de todas o de algunas cookies. Si los ajustes de su navegador bloquean todas las cookies (incluidas las cookies esenciales) tal vez no pueda acceder y\/o usar todas o algunas partes del sitio web de ALJ.<\/p>\n<p>Para evitar ser rastreado por Google Analytics, consulte <a href=\"http:\/\/tools.google.com\/dlpage\/gaoptout\">http:\/\/tools.google.com\/dlpage\/gaoptout<\/a>.<\/p>\n<h2>M\u00e1s informaci\u00f3n sobre cookies<\/h2>\n<p>Para saber m\u00e1s sobre cookies como, por ejemplo, ver qu\u00e9 cookies se han configurado o c\u00f3mo gestionarlas y eliminarlas, consulte <a href=\"http:\/\/www.aboutcookies.org\" target=\"_blank\" rel=\"noopener noreferrer\">www.aboutcookies.org<\/a> o <a href=\"http:\/\/www.allaboutcookies.org\" target=\"_blank\" rel=\"noopener noreferrer\">www.allaboutcookies.org.<\/a><\/p>\n<p>Fecha de la pol\u00edtica: 24 de febrero de 2015<\/p>\n","protected":false},"excerpt":{"rendered":"<p>Esta Pol\u00edtica de Uso de Cookies presenta informaci\u00f3n sobre el uso de cookies que realiza el sitio de Abdul Latif Jameel en el dominio &lt;alj.com&gt; (el \u201cSitio web de ALJ\u201d). Qu\u00e9 es una cookie? Una cookie es un peque\u00f1o archivo de texto y n\u00fameros que se sit\u00faa y se almacena en su navegador o en [&hellip;]<\/p>\n","protected":false},"author":14,"featured_media":0,"parent":0,"menu_order":72,"comment_status":"closed","ping_status":"closed","template":"page-templates\/static_page.php","meta":{"footnotes":""},"categories":[],"acf":[],"yoast_head":"<!-- This site is optimized with the Yoast SEO plugin v21.5 - https:\/\/yoast.com\/wordpress\/plugins\/seo\/ -->\n<title>Pol\u00edtica sobre Cookies | Abdul Latif Jameel\u00ae<\/title>\n<meta name=\"description\" content=\"Por favor, lea esta Pol\u00edtica de Cookies que proporciona informaci\u00f3n sobre el uso de cookies en este sitio web.\" \/>\n<meta name=\"robots\" content=\"index, follow, max-snippet:-1, max-image-preview:large, max-video-preview:-1\" \/>\n<link rel=\"canonical\" href=\"https:\/\/alj.com\/es\/cookie-policy\/\" \/>\n<meta property=\"og:locale\" content=\"es_ES\" \/>\n<meta property=\"og:type\" content=\"article\" \/>\n<meta property=\"og:title\" content=\"Pol\u00edtica sobre Cookies | Abdul Latif Jameel\u00ae\" \/>\n<meta property=\"og:description\" content=\"Por favor, lea esta Pol\u00edtica de Cookies que proporciona informaci\u00f3n sobre el uso de cookies en este sitio web.\" \/>\n<meta property=\"og:url\" content=\"https:\/\/alj.com\/es\/cookie-policy\/\" \/>\n<meta property=\"og:site_name\" content=\"Abdul Latif Jameel\" \/>\n<meta property=\"article:publisher\" content=\"https:\/\/www.facebook.com\/Abdul.Latif.Jameel.Official\" \/>\n<meta property=\"article:modified_time\" content=\"2020-04-15T12:38:56+00:00\" \/>\n<meta property=\"og:image\" content=\"https:\/\/media.alj.com\/app\/uploads\/2016\/10\/alj-our-presence-in-menat-and-beyond.jpg\" \/>\n\t<meta property=\"og:image:width\" content=\"1294\" \/>\n\t<meta property=\"og:image:height\" content=\"600\" \/>\n\t<meta property=\"og:image:type\" content=\"image\/jpeg\" \/>\n<meta name=\"twitter:card\" content=\"summary_large_image\" \/>\n<meta name=\"twitter:label1\" content=\"Est. reading time\" \/>\n\t<meta name=\"twitter:data1\" content=\"4 minutes\" \/>\n<script type=\"application\/ld+json\" class=\"yoast-schema-graph\">{\"@context\":\"https:\/\/schema.org\",\"@graph\":[{\"@type\":\"WebPage\",\"@id\":\"https:\/\/alj.com\/es\/cookie-policy\/\",\"url\":\"https:\/\/alj.com\/es\/cookie-policy\/\",\"name\":\"Pol\u00edtica sobre Cookies | Abdul Latif Jameel\u00ae\",\"isPartOf\":{\"@id\":\"https:\/\/alj.com\/en\/#website\"},\"datePublished\":\"2016-10-11T14:34:17+00:00\",\"dateModified\":\"2020-04-15T12:38:56+00:00\",\"description\":\"Por favor, lea esta Pol\u00edtica de Cookies que proporciona informaci\u00f3n sobre el uso de cookies en este sitio web.\",\"breadcrumb\":{\"@id\":\"https:\/\/alj.com\/es\/cookie-policy\/#breadcrumb\"},\"inLanguage\":\"es-ES\",\"potentialAction\":[{\"@type\":\"ReadAction\",\"target\":[\"https:\/\/alj.com\/es\/cookie-policy\/\"]}]},{\"@type\":\"BreadcrumbList\",\"@id\":\"https:\/\/alj.com\/es\/cookie-policy\/#breadcrumb\",\"itemListElement\":[{\"@type\":\"ListItem\",\"position\":1,\"name\":\"Home\",\"item\":\"https:\/\/alj.com\/es\/\"},{\"@type\":\"ListItem\",\"position\":2,\"name\":\"Pol\u00edtica de Cookies\"}]},{\"@type\":\"WebSite\",\"@id\":\"https:\/\/alj.com\/en\/#website\",\"url\":\"https:\/\/alj.com\/en\/\",\"name\":\"Abdul Latif Jameel\",\"description\":\"Abdul Latif Jameel\",\"potentialAction\":[{\"@type\":\"SearchAction\",\"target\":{\"@type\":\"EntryPoint\",\"urlTemplate\":\"https:\/\/alj.com\/en\/?s={search_term_string}\"},\"query-input\":\"required name=search_term_string\"}],\"inLanguage\":\"es-ES\"}]}<\/script>\n<!-- \/ Yoast SEO plugin. -->","yoast_head_json":{"title":"Pol\u00edtica sobre Cookies | Abdul Latif Jameel\u00ae","description":"Por favor, lea esta Pol\u00edtica de Cookies que proporciona informaci\u00f3n sobre el uso de cookies en este sitio web.","robots":{"index":"index","follow":"follow","max-snippet":"max-snippet:-1","max-image-preview":"max-image-preview:large","max-video-preview":"max-video-preview:-1"},"canonical":"https:\/\/alj.com\/es\/cookie-policy\/","og_locale":"es_ES","og_type":"article","og_title":"Pol\u00edtica sobre Cookies | Abdul Latif Jameel\u00ae","og_description":"Por favor, lea esta Pol\u00edtica de Cookies que proporciona informaci\u00f3n sobre el uso de cookies en este sitio web.","og_url":"https:\/\/alj.com\/es\/cookie-policy\/","og_site_name":"Abdul Latif Jameel","article_publisher":"https:\/\/www.facebook.com\/Abdul.Latif.Jameel.Official","article_modified_time":"2020-04-15T12:38:56+00:00","og_image":[{"width":1294,"height":600,"url":"https:\/\/media.alj.com\/app\/uploads\/2016\/10\/alj-our-presence-in-menat-and-beyond.jpg","type":"image\/jpeg"}],"twitter_card":"summary_large_image","twitter_misc":{"Est. reading time":"4 minutes"},"schema":{"@context":"https:\/\/schema.org","@graph":[{"@type":"WebPage","@id":"https:\/\/alj.com\/es\/cookie-policy\/","url":"https:\/\/alj.com\/es\/cookie-policy\/","name":"Pol\u00edtica sobre Cookies | Abdul Latif Jameel\u00ae","isPartOf":{"@id":"https:\/\/alj.com\/en\/#website"},"datePublished":"2016-10-11T14:34:17+00:00","dateModified":"2020-04-15T12:38:56+00:00","description":"Por favor, lea esta Pol\u00edtica de Cookies que proporciona informaci\u00f3n sobre el uso de cookies en este sitio web.","breadcrumb":{"@id":"https:\/\/alj.com\/es\/cookie-policy\/#breadcrumb"},"inLanguage":"es-ES","potentialAction":[{"@type":"ReadAction","target":["https:\/\/alj.com\/es\/cookie-policy\/"]}]},{"@type":"BreadcrumbList","@id":"https:\/\/alj.com\/es\/cookie-policy\/#breadcrumb","itemListElement":[{"@type":"ListItem","position":1,"name":"Home","item":"https:\/\/alj.com\/es\/"},{"@type":"ListItem","position":2,"name":"Pol\u00edtica de Cookies"}]},{"@type":"WebSite","@id":"https:\/\/alj.com\/en\/#website","url":"https:\/\/alj.com\/en\/","name":"Abdul Latif Jameel","description":"Abdul Latif Jameel","potentialAction":[{"@type":"SearchAction","target":{"@type":"EntryPoint","urlTemplate":"https:\/\/alj.com\/en\/?s={search_term_string}"},"query-input":"required name=search_term_string"}],"inLanguage":"es-ES"}]}},"_links":{"self":[{"href":"https:\/\/alj.com\/es\/wp-json\/wp\/v2\/pages\/11332"}],"collection":[{"href":"https:\/\/alj.com\/es\/wp-json\/wp\/v2\/pages"}],"about":[{"href":"https:\/\/alj.com\/es\/wp-json\/wp\/v2\/types\/page"}],"author":[{"embeddable":true,"href":"https:\/\/alj.com\/es\/wp-json\/wp\/v2\/users\/14"}],"replies":[{"embeddable":true,"href":"https:\/\/alj.com\/es\/wp-json\/wp\/v2\/comments?post=11332"}],"version-history":[{"count":0,"href":"https:\/\/alj.com\/es\/wp-json\/wp\/v2\/pages\/11332\/revisions"}],"wp:attachment":[{"href":"https:\/\/alj.com\/es\/wp-json\/wp\/v2\/media?parent=11332"}],"wp:term":[{"taxonomy":"category","embeddable":true,"href":"https:\/\/alj.com\/es\/wp-json\/wp\/v2\/categories?post=11332"}],"curies":[{"name":"wp","href":"https:\/\/api.w.org\/{rel}","templated":true}]}}