{"id":11333,"date":"2016-10-11T14:32:24","date_gmt":"2016-10-11T14:32:24","guid":{"rendered":"http:\/\/alj.corp.staging.omniaconnect.net\/es\/copyright-notice-and-disclaimer\/"},"modified":"2024-08-19T14:38:32","modified_gmt":"2024-08-19T14:38:32","slug":"copyright-notice-and-disclaimer","status":"publish","type":"page","link":"https:\/\/alj.com\/es\/copyright-notice-and-disclaimer\/","title":{"rendered":"Copyright y aviso legal"},"content":{"rendered":"<p>\u00a9 Abdul Latif Jameel. Quedan reservados todos los derechos de propiedad intelectual y dem\u00e1s derechos de propiedad.<\/p>\n<p>El nombre de Abdul Latif Jameel, as\u00ed como su logotipo y gr\u00e1fico pentagonal, son marcas comerciales o marcas registradas de Abdul Latif Jameel IPR Company Limited.<\/p>\n<p>El t\u00e9rmino \u201cAbdul Latif Jameel\u201d hace referencia, de manera general, a varias entidades jur\u00eddicas distintas, independientes y aut\u00f3nomas. Abdul Latif Jameel no es, en s\u00ed misma, una entidad corporativa, asociaci\u00f3n o conglomerado dirigido por una empresa matriz, sino que se refiere sencillamente a un entramado de entidades jur\u00eddicas distintas y completamente independientes que, en conjunto, se engloban bajo la marca \u201cAbdul Latif Jameel\u201d. Abdul Latif Jameel no es un \u201cgrupo corporativo\u201d, tal y como se define en el art\u00edculo 1161(5) de la Ley de sociedades del Reino Unido de 2006, ni un \u201cconglomerado\u201d seg\u00fan se define en el art\u00edculo 7 de la Ley Clayton de EE. UU. de 1964.<\/p>\n<p><strong>Declaraciones prospectivas:<\/strong><\/p>\n<p>Este sitio web puede contener declaraciones prospectivas. Las declaraciones prospectivas son declaraciones sobre asuntos distintos de hechos hist\u00f3ricos, como resultados futuros, eventos, actividades, desarrollos o circunstancias, o las creencias, planes o expectativas de las entidades de Abdul Latif Jameel o sus respectivas gestiones.<\/p>\n<p>Las declaraciones prospectivas a menudo pueden identificarse mediante el uso de palabras como \u201cesperar\u201d, \u201cproyecto\u201d, \u201canticipar\u201d, \u201cplanificar\u201d, \u201ccalcular\u201d, \u201ccreer\u201d, \u201cpredecir\u201d, \u201ctener la intenci\u00f3n\u201d, \u201cpotencial\u201d, \u201cposible\u201d, \u201cprobable\u201d, \u201cprevisiones\u201d, \u201cdirecci\u00f3n\u201d, \u201cperspectiva\u201d, \u201cobjetivo\u201d, \u201cmeta\u201d, \u201cpuede\u201d, \u201cvoluntad\u201d, \u201cdeber\u00eda\u201d o \u201cpodr\u00eda\u201d u otros t\u00e9rminos o frases similares. Sin embargo, la ausencia de dichas palabras no significa que una declaraci\u00f3n concreta no sea prospectiva.<\/p>\n<p>Las declaraciones prospectivas se basan en expectativas y suposiciones en el momento de dichas declaraciones y est\u00e1n sujetas a numerosos riesgos e incertidumbres, muchas de las cuales est\u00e1n fuera del control de las entidades de Abdul Latif Jameel. Si alguna de esas expectativas o suposiciones resultara incorrecta, o si se materializaran esos riesgos o incertidumbres, los resultados, eventos, actividades, desarrollos o circunstancias futuros reales podr\u00edan diferir considerablemente de los expresados o impl\u00edcitos en las declaraciones prospectivas. Adem\u00e1s, cualquier declaraci\u00f3n prospectiva habla \u00fanicamente en la fecha en la que se realiza, y Abdul Latif Jameel no asume, y por el presente, renuncia, cualquier obligaci\u00f3n de corregir o actualizar cualquier declaraci\u00f3n prospectiva, ya sea como resultado de nueva informaci\u00f3n, eventos futuros o de cualquier otra forma.<\/p>\n<p>Todas las declaraciones prospectivas realizadas por Abdul Latif Jameel, o por cualquier persona en nombre de esta, ya sea por escrito, electr\u00f3nica o verbalmente, est\u00e1n condicionadas en su totalidad a las declaraciones de advertencia anteriores.<\/p>\n<p><strong>Ni oferta ni solicitud:<\/strong><\/p>\n<p>Este sitio web y cualquier otra comunicaci\u00f3n no son una declaraci\u00f3n ni solicitud de poder, consentimiento o autorizaci\u00f3n con respecto a cualquier valor o con respecto a la transacci\u00f3n potencial y no constituir\u00e1n una oferta para vender ni la solicitud de una oferta para comprar cualquier valor, ni habr\u00e1 ninguna venta de valores en ninguna jurisdicci\u00f3n en la que dicha oferta, solicitud o venta sea ilegal antes del registro o calificaci\u00f3n seg\u00fan las leyes de valores de dicha jurisdicci\u00f3n. No se realizar\u00e1 ninguna oferta de valores excepto por medio de un prospecto que cumpla con los requisitos de la Secci\u00f3n 10 de la Ley de Valores, o una exenci\u00f3n de los mismos.<\/p>\n","protected":false},"excerpt":{"rendered":"<p>\u00a9 Abdul Latif Jameel. Quedan reservados todos los derechos de propiedad intelectual y dem\u00e1s derechos de propiedad. El nombre de Abdul Latif Jameel, as\u00ed como su logotipo y gr\u00e1fico pentagonal, son marcas comerciales o marcas registradas de Abdul Latif Jameel IPR Company Limited. El t\u00e9rmino \u201cAbdul Latif Jameel\u201d hace referencia, de manera general, a varias [&hellip;]<\/p>\n","protected":false},"author":14,"featured_media":0,"parent":0,"menu_order":74,"comment_status":"closed","ping_status":"closed","template":"page-templates\/static_page.php","meta":{"footnotes":""},"categories":[],"acf":[],"yoast_head":"<!-- This site is optimized with the Yoast SEO plugin v21.5 - https:\/\/yoast.com\/wordpress\/plugins\/seo\/ -->\n<title>Aviso de derechos de autor y exenci\u00f3n de responsabilidad | Abdul Latif Jameel\u00ae<\/title>\n<meta name=\"description\" content=\"Todos los derechos en el sitio web del ALJ est\u00e1n totalmente reservados. El permiso para usar este sitio est\u00e1 estrictamente sujeto a los T\u00e9rminos de Uso. Haga clic para saber m\u00e1s.\" \/>\n<meta name=\"robots\" content=\"index, follow, max-snippet:-1, max-image-preview:large, max-video-preview:-1\" \/>\n<link rel=\"canonical\" href=\"https:\/\/alj.com\/es\/copyright-notice-and-disclaimer\/\" \/>\n<meta property=\"og:locale\" content=\"es_ES\" \/>\n<meta property=\"og:type\" content=\"article\" \/>\n<meta property=\"og:title\" content=\"Aviso de derechos de autor y exenci\u00f3n de responsabilidad | Abdul Latif Jameel\u00ae\" \/>\n<meta property=\"og:description\" content=\"Todos los derechos en el sitio web del ALJ est\u00e1n totalmente reservados. El permiso para usar este sitio est\u00e1 estrictamente sujeto a los T\u00e9rminos de Uso. Haga clic para saber m\u00e1s.\" \/>\n<meta property=\"og:url\" content=\"https:\/\/alj.com\/es\/copyright-notice-and-disclaimer\/\" \/>\n<meta property=\"og:site_name\" content=\"Abdul Latif Jameel\" \/>\n<meta property=\"article:publisher\" content=\"https:\/\/www.facebook.com\/Abdul.Latif.Jameel.Official\" \/>\n<meta property=\"article:modified_time\" content=\"2024-08-19T14:38:32+00:00\" \/>\n<meta property=\"og:image\" content=\"https:\/\/media.alj.com\/app\/uploads\/2016\/10\/alj-our-presence-in-menat-and-beyond.jpg\" \/>\n\t<meta property=\"og:image:width\" content=\"1294\" \/>\n\t<meta property=\"og:image:height\" content=\"600\" \/>\n\t<meta property=\"og:image:type\" content=\"image\/jpeg\" \/>\n<meta name=\"twitter:card\" content=\"summary_large_image\" \/>\n<meta name=\"twitter:label1\" content=\"Est. reading time\" \/>\n\t<meta name=\"twitter:data1\" content=\"3 minutes\" \/>\n<script type=\"application\/ld+json\" class=\"yoast-schema-graph\">{\"@context\":\"https:\/\/schema.org\",\"@graph\":[{\"@type\":\"WebPage\",\"@id\":\"https:\/\/alj.com\/es\/copyright-notice-and-disclaimer\/\",\"url\":\"https:\/\/alj.com\/es\/copyright-notice-and-disclaimer\/\",\"name\":\"Aviso de derechos de autor y exenci\u00f3n de responsabilidad | Abdul Latif Jameel\u00ae\",\"isPartOf\":{\"@id\":\"https:\/\/alj.com\/en\/#website\"},\"datePublished\":\"2016-10-11T14:32:24+00:00\",\"dateModified\":\"2024-08-19T14:38:32+00:00\",\"description\":\"Todos los derechos en el sitio web del ALJ est\u00e1n totalmente reservados. El permiso para usar este sitio est\u00e1 estrictamente sujeto a los T\u00e9rminos de Uso. Haga clic para saber m\u00e1s.\",\"breadcrumb\":{\"@id\":\"https:\/\/alj.com\/es\/copyright-notice-and-disclaimer\/#breadcrumb\"},\"inLanguage\":\"es-ES\",\"potentialAction\":[{\"@type\":\"ReadAction\",\"target\":[\"https:\/\/alj.com\/es\/copyright-notice-and-disclaimer\/\"]}]},{\"@type\":\"BreadcrumbList\",\"@id\":\"https:\/\/alj.com\/es\/copyright-notice-and-disclaimer\/#breadcrumb\",\"itemListElement\":[{\"@type\":\"ListItem\",\"position\":1,\"name\":\"Home\",\"item\":\"https:\/\/alj.com\/es\/\"},{\"@type\":\"ListItem\",\"position\":2,\"name\":\"Copyright y aviso legal\"}]},{\"@type\":\"WebSite\",\"@id\":\"https:\/\/alj.com\/en\/#website\",\"url\":\"https:\/\/alj.com\/en\/\",\"name\":\"Abdul Latif Jameel\",\"description\":\"Abdul Latif Jameel\",\"potentialAction\":[{\"@type\":\"SearchAction\",\"target\":{\"@type\":\"EntryPoint\",\"urlTemplate\":\"https:\/\/alj.com\/en\/?s={search_term_string}\"},\"query-input\":\"required name=search_term_string\"}],\"inLanguage\":\"es-ES\"}]}<\/script>\n<!-- \/ Yoast SEO plugin. -->","yoast_head_json":{"title":"Aviso de derechos de autor y exenci\u00f3n de responsabilidad | Abdul Latif Jameel\u00ae","description":"Todos los derechos en el sitio web del ALJ est\u00e1n totalmente reservados. El permiso para usar este sitio est\u00e1 estrictamente sujeto a los T\u00e9rminos de Uso. Haga clic para saber m\u00e1s.","robots":{"index":"index","follow":"follow","max-snippet":"max-snippet:-1","max-image-preview":"max-image-preview:large","max-video-preview":"max-video-preview:-1"},"canonical":"https:\/\/alj.com\/es\/copyright-notice-and-disclaimer\/","og_locale":"es_ES","og_type":"article","og_title":"Aviso de derechos de autor y exenci\u00f3n de responsabilidad | Abdul Latif Jameel\u00ae","og_description":"Todos los derechos en el sitio web del ALJ est\u00e1n totalmente reservados. El permiso para usar este sitio est\u00e1 estrictamente sujeto a los T\u00e9rminos de Uso. Haga clic para saber m\u00e1s.","og_url":"https:\/\/alj.com\/es\/copyright-notice-and-disclaimer\/","og_site_name":"Abdul Latif Jameel","article_publisher":"https:\/\/www.facebook.com\/Abdul.Latif.Jameel.Official","article_modified_time":"2024-08-19T14:38:32+00:00","og_image":[{"width":1294,"height":600,"url":"https:\/\/media.alj.com\/app\/uploads\/2016\/10\/alj-our-presence-in-menat-and-beyond.jpg","type":"image\/jpeg"}],"twitter_card":"summary_large_image","twitter_misc":{"Est. reading time":"3 minutes"},"schema":{"@context":"https:\/\/schema.org","@graph":[{"@type":"WebPage","@id":"https:\/\/alj.com\/es\/copyright-notice-and-disclaimer\/","url":"https:\/\/alj.com\/es\/copyright-notice-and-disclaimer\/","name":"Aviso de derechos de autor y exenci\u00f3n de responsabilidad | Abdul Latif Jameel\u00ae","isPartOf":{"@id":"https:\/\/alj.com\/en\/#website"},"datePublished":"2016-10-11T14:32:24+00:00","dateModified":"2024-08-19T14:38:32+00:00","description":"Todos los derechos en el sitio web del ALJ est\u00e1n totalmente reservados. El permiso para usar este sitio est\u00e1 estrictamente sujeto a los T\u00e9rminos de Uso. Haga clic para saber m\u00e1s.","breadcrumb":{"@id":"https:\/\/alj.com\/es\/copyright-notice-and-disclaimer\/#breadcrumb"},"inLanguage":"es-ES","potentialAction":[{"@type":"ReadAction","target":["https:\/\/alj.com\/es\/copyright-notice-and-disclaimer\/"]}]},{"@type":"BreadcrumbList","@id":"https:\/\/alj.com\/es\/copyright-notice-and-disclaimer\/#breadcrumb","itemListElement":[{"@type":"ListItem","position":1,"name":"Home","item":"https:\/\/alj.com\/es\/"},{"@type":"ListItem","position":2,"name":"Copyright y aviso legal"}]},{"@type":"WebSite","@id":"https:\/\/alj.com\/en\/#website","url":"https:\/\/alj.com\/en\/","name":"Abdul Latif Jameel","description":"Abdul Latif Jameel","potentialAction":[{"@type":"SearchAction","target":{"@type":"EntryPoint","urlTemplate":"https:\/\/alj.com\/en\/?s={search_term_string}"},"query-input":"required name=search_term_string"}],"inLanguage":"es-ES"}]}},"_links":{"self":[{"href":"https:\/\/alj.com\/es\/wp-json\/wp\/v2\/pages\/11333"}],"collection":[{"href":"https:\/\/alj.com\/es\/wp-json\/wp\/v2\/pages"}],"about":[{"href":"https:\/\/alj.com\/es\/wp-json\/wp\/v2\/types\/page"}],"author":[{"embeddable":true,"href":"https:\/\/alj.com\/es\/wp-json\/wp\/v2\/users\/14"}],"replies":[{"embeddable":true,"href":"https:\/\/alj.com\/es\/wp-json\/wp\/v2\/comments?post=11333"}],"version-history":[{"count":0,"href":"https:\/\/alj.com\/es\/wp-json\/wp\/v2\/pages\/11333\/revisions"}],"wp:attachment":[{"href":"https:\/\/alj.com\/es\/wp-json\/wp\/v2\/media?parent=11333"}],"wp:term":[{"taxonomy":"category","embeddable":true,"href":"https:\/\/alj.com\/es\/wp-json\/wp\/v2\/categories?post=11333"}],"curies":[{"name":"wp","href":"https:\/\/api.w.org\/{rel}","templated":true}]}}