{"id":12923,"date":"2017-06-15T13:45:28","date_gmt":"2017-06-15T13:45:28","guid":{"rendered":"http:\/\/alj.corp.staging.omniaconnect.net\/es\/media-center\/perspectives\/"},"modified":"2021-12-06T08:25:36","modified_gmt":"2021-12-06T08:25:36","slug":"perspectives","status":"publish","type":"page","link":"https:\/\/alj.com\/es\/media-center\/perspectives\/","title":{"rendered":"Perspectivas"},"content":{"rendered":"<h4>La serie <em>Perspectivas<\/em> de Abdul Latif Jameel proporciona conocimientos \u00fanicos e interesantes sobre los desaf\u00edos y oportunidades que se observan en sectores comerciales de desarrollo esenciales por toda la regi\u00f3n en r\u00e1pido desarrollo de Oriente Medio, \u00c1frica septentrional, Turqu\u00eda y otras regiones.<\/h4>\n","protected":false},"excerpt":{"rendered":"<p>La serie Perspectivas de Abdul Latif Jameel proporciona conocimientos \u00fanicos e interesantes sobre los desaf\u00edos y oportunidades que se observan en sectores comerciales de desarrollo esenciales por toda la regi\u00f3n en r\u00e1pido desarrollo de Oriente Medio, \u00c1frica septentrional, Turqu\u00eda y otras regiones.<\/p>\n","protected":false},"author":14,"featured_media":12140,"parent":12869,"menu_order":15,"comment_status":"closed","ping_status":"closed","template":"page-templates\/perspective.php","meta":{"footnotes":""},"categories":[],"acf":[],"yoast_head":"<!-- This site is optimized with the Yoast SEO plugin v21.5 - https:\/\/yoast.com\/wordpress\/plugins\/seo\/ -->\n<title>Thought Leadership Series - Perspectivas | Abdul Latif Jameel\u00ae<\/title>\n<meta name=\"description\" content=\"La serie &#039;Perspectivas&#039; de Abdul Latif Jameel proporciona una visi\u00f3n \u00fanica y atractiva de los retos y oportunidades dentro de nuestros negocios.\" \/>\n<meta name=\"robots\" content=\"index, follow, max-snippet:-1, max-image-preview:large, max-video-preview:-1\" \/>\n<link rel=\"canonical\" href=\"https:\/\/alj.com\/es\/media-center\/perspectives\/\" \/>\n<meta property=\"og:locale\" content=\"es_ES\" \/>\n<meta property=\"og:type\" content=\"article\" \/>\n<meta property=\"og:title\" content=\"Thought Leadership Series - Perspectivas | Abdul Latif Jameel\u00ae\" \/>\n<meta property=\"og:description\" content=\"La serie &#039;Perspectivas&#039; de Abdul Latif Jameel proporciona una visi\u00f3n \u00fanica y atractiva de los retos y oportunidades dentro de nuestros negocios.\" \/>\n<meta property=\"og:url\" content=\"https:\/\/alj.com\/es\/media-center\/perspectives\/\" \/>\n<meta property=\"og:site_name\" content=\"Abdul Latif Jameel\" \/>\n<meta property=\"article:publisher\" content=\"https:\/\/www.facebook.com\/Abdul.Latif.Jameel.Official\" \/>\n<meta property=\"article:modified_time\" content=\"2021-12-06T08:25:36+00:00\" \/>\n<meta property=\"og:image\" content=\"https:\/\/media.alj.com\/app\/uploads\/2017\/06\/alj-perspectives-msl1.jpg\" \/>\n\t<meta property=\"og:image:width\" content=\"1294\" \/>\n\t<meta property=\"og:image:height\" content=\"600\" \/>\n\t<meta property=\"og:image:type\" content=\"image\/jpeg\" \/>\n<meta name=\"twitter:card\" content=\"summary_large_image\" \/>\n<script type=\"application\/ld+json\" class=\"yoast-schema-graph\">{\"@context\":\"https:\/\/schema.org\",\"@graph\":[{\"@type\":\"WebPage\",\"@id\":\"https:\/\/alj.com\/es\/media-center\/perspectives\/\",\"url\":\"https:\/\/alj.com\/es\/media-center\/perspectives\/\",\"name\":\"Thought Leadership Series - Perspectivas | Abdul Latif Jameel\u00ae\",\"isPartOf\":{\"@id\":\"https:\/\/alj.com\/en\/#website\"},\"datePublished\":\"2017-06-15T13:45:28+00:00\",\"dateModified\":\"2021-12-06T08:25:36+00:00\",\"description\":\"La serie 'Perspectivas' de Abdul Latif Jameel proporciona una visi\u00f3n \u00fanica y atractiva de los retos y oportunidades dentro de nuestros negocios.\",\"breadcrumb\":{\"@id\":\"https:\/\/alj.com\/es\/media-center\/perspectives\/#breadcrumb\"},\"inLanguage\":\"es-ES\",\"potentialAction\":[{\"@type\":\"ReadAction\",\"target\":[\"https:\/\/alj.com\/es\/media-center\/perspectives\/\"]}]},{\"@type\":\"BreadcrumbList\",\"@id\":\"https:\/\/alj.com\/es\/media-center\/perspectives\/#breadcrumb\",\"itemListElement\":[{\"@type\":\"ListItem\",\"position\":1,\"name\":\"Home\",\"item\":\"https:\/\/alj.com\/es\/\"},{\"@type\":\"ListItem\",\"position\":2,\"name\":\"Media Center\",\"item\":\"https:\/\/alj.com\/es\/media-center\/\"},{\"@type\":\"ListItem\",\"position\":3,\"name\":\"Perspectivas\"}]},{\"@type\":\"WebSite\",\"@id\":\"https:\/\/alj.com\/en\/#website\",\"url\":\"https:\/\/alj.com\/en\/\",\"name\":\"Abdul Latif Jameel\",\"description\":\"Abdul Latif Jameel\",\"potentialAction\":[{\"@type\":\"SearchAction\",\"target\":{\"@type\":\"EntryPoint\",\"urlTemplate\":\"https:\/\/alj.com\/en\/?s={search_term_string}\"},\"query-input\":\"required name=search_term_string\"}],\"inLanguage\":\"es-ES\"}]}<\/script>\n<!-- \/ Yoast SEO plugin. -->","yoast_head_json":{"title":"Thought Leadership Series - Perspectivas | Abdul Latif Jameel\u00ae","description":"La serie 'Perspectivas' de Abdul Latif Jameel proporciona una visi\u00f3n \u00fanica y atractiva de los retos y oportunidades dentro de nuestros negocios.","robots":{"index":"index","follow":"follow","max-snippet":"max-snippet:-1","max-image-preview":"max-image-preview:large","max-video-preview":"max-video-preview:-1"},"canonical":"https:\/\/alj.com\/es\/media-center\/perspectives\/","og_locale":"es_ES","og_type":"article","og_title":"Thought Leadership Series - Perspectivas | Abdul Latif Jameel\u00ae","og_description":"La serie 'Perspectivas' de Abdul Latif Jameel proporciona una visi\u00f3n \u00fanica y atractiva de los retos y oportunidades dentro de nuestros negocios.","og_url":"https:\/\/alj.com\/es\/media-center\/perspectives\/","og_site_name":"Abdul Latif Jameel","article_publisher":"https:\/\/www.facebook.com\/Abdul.Latif.Jameel.Official","article_modified_time":"2021-12-06T08:25:36+00:00","og_image":[{"width":1294,"height":600,"url":"https:\/\/media.alj.com\/app\/uploads\/2017\/06\/alj-perspectives-msl1.jpg","type":"image\/jpeg"}],"twitter_card":"summary_large_image","schema":{"@context":"https:\/\/schema.org","@graph":[{"@type":"WebPage","@id":"https:\/\/alj.com\/es\/media-center\/perspectives\/","url":"https:\/\/alj.com\/es\/media-center\/perspectives\/","name":"Thought Leadership Series - Perspectivas | Abdul Latif Jameel\u00ae","isPartOf":{"@id":"https:\/\/alj.com\/en\/#website"},"datePublished":"2017-06-15T13:45:28+00:00","dateModified":"2021-12-06T08:25:36+00:00","description":"La serie 'Perspectivas' de Abdul Latif Jameel proporciona una visi\u00f3n \u00fanica y atractiva de los retos y oportunidades dentro de nuestros negocios.","breadcrumb":{"@id":"https:\/\/alj.com\/es\/media-center\/perspectives\/#breadcrumb"},"inLanguage":"es-ES","potentialAction":[{"@type":"ReadAction","target":["https:\/\/alj.com\/es\/media-center\/perspectives\/"]}]},{"@type":"BreadcrumbList","@id":"https:\/\/alj.com\/es\/media-center\/perspectives\/#breadcrumb","itemListElement":[{"@type":"ListItem","position":1,"name":"Home","item":"https:\/\/alj.com\/es\/"},{"@type":"ListItem","position":2,"name":"Media Center","item":"https:\/\/alj.com\/es\/media-center\/"},{"@type":"ListItem","position":3,"name":"Perspectivas"}]},{"@type":"WebSite","@id":"https:\/\/alj.com\/en\/#website","url":"https:\/\/alj.com\/en\/","name":"Abdul Latif Jameel","description":"Abdul Latif Jameel","potentialAction":[{"@type":"SearchAction","target":{"@type":"EntryPoint","urlTemplate":"https:\/\/alj.com\/en\/?s={search_term_string}"},"query-input":"required name=search_term_string"}],"inLanguage":"es-ES"}]}},"_links":{"self":[{"href":"https:\/\/alj.com\/es\/wp-json\/wp\/v2\/pages\/12923"}],"collection":[{"href":"https:\/\/alj.com\/es\/wp-json\/wp\/v2\/pages"}],"about":[{"href":"https:\/\/alj.com\/es\/wp-json\/wp\/v2\/types\/page"}],"author":[{"embeddable":true,"href":"https:\/\/alj.com\/es\/wp-json\/wp\/v2\/users\/14"}],"replies":[{"embeddable":true,"href":"https:\/\/alj.com\/es\/wp-json\/wp\/v2\/comments?post=12923"}],"version-history":[{"count":0,"href":"https:\/\/alj.com\/es\/wp-json\/wp\/v2\/pages\/12923\/revisions"}],"up":[{"embeddable":true,"href":"https:\/\/alj.com\/es\/wp-json\/wp\/v2\/pages\/12869"}],"wp:featuredmedia":[{"embeddable":true,"href":"https:\/\/alj.com\/es\/wp-json\/wp\/v2\/media\/12140"}],"wp:attachment":[{"href":"https:\/\/alj.com\/es\/wp-json\/wp\/v2\/media?parent=12923"}],"wp:term":[{"taxonomy":"category","embeddable":true,"href":"https:\/\/alj.com\/es\/wp-json\/wp\/v2\/categories?post=12923"}],"curies":[{"name":"wp","href":"https:\/\/api.w.org\/{rel}","templated":true}]}}