{"id":12936,"date":"2017-07-17T09:18:54","date_gmt":"2017-07-17T09:18:54","guid":{"rendered":"http:\/\/alj.corp.staging.omniaconnect.net\/es\/people\/our-people\/"},"modified":"2026-02-11T08:24:15","modified_gmt":"2026-02-11T08:24:15","slug":"our-people","status":"publish","type":"page","link":"https:\/\/alj.com\/es\/about\/our-people\/","title":{"rendered":"Nuestro personal"},"content":{"rendered":"<h2>Nuestro liderazgo<\/h2>\n<h4>Nuestro personal es nuestro principal punto fuerte.<\/h4>\n<p>Con el mismo esp\u00edritu pionero y la atenta dedicaci\u00f3n al crecimiento de nuestros negocios, practicados por nuestro fundador, el liderazgo de hoy contin\u00faa descubriendo nuevos potenciales y agregando valor; invirtiendo en la infraestructura de la vida para desarrollar las econom\u00edas de nuestra regi\u00f3n y mejorar la vida de sus habitantes.<\/p>\n<p>Nuestro personal ha convertido los negocios internacionales y diversificados de Abdul Latif Jameel en el respetado socio de inversi\u00f3n y referencia para la innovaci\u00f3n y el desarrollo que es hoy.<\/p>\n","protected":false},"excerpt":{"rendered":"<p>Nuestro liderazgo Nuestro personal es nuestro principal punto fuerte. Con el mismo esp\u00edritu pionero y la atenta dedicaci\u00f3n al crecimiento de nuestros negocios, practicados por nuestro fundador, el liderazgo de hoy contin\u00faa descubriendo nuevos potenciales y agregando valor; invirtiendo en la infraestructura de la vida para desarrollar las econom\u00edas de nuestra regi\u00f3n y mejorar la [&hellip;]<\/p>\n","protected":false},"author":14,"featured_media":0,"parent":11294,"menu_order":21,"comment_status":"closed","ping_status":"closed","template":"page-templates\/our-people.php","meta":{"footnotes":""},"categories":[],"acf":[],"yoast_head":"<!-- This site is optimized with the Yoast SEO plugin v21.5 - https:\/\/yoast.com\/wordpress\/plugins\/seo\/ -->\n<title>Conozca a nuestra gente y a nuestros l\u00edderes | Abdul Latif Jameel\u00ae<\/title>\n<meta name=\"description\" content=\"Conozca a los l\u00edderes que est\u00e1n dirigiendo y convirtiendo los negocios internacionales diversificados de Abdul Latif Jameel en el respetado socio inversionista de confianza.\" \/>\n<meta name=\"robots\" content=\"index, follow, max-snippet:-1, max-image-preview:large, max-video-preview:-1\" \/>\n<link rel=\"canonical\" href=\"https:\/\/alj.com\/es\/about\/our-people\/\" \/>\n<meta property=\"og:locale\" content=\"es_ES\" \/>\n<meta property=\"og:type\" content=\"article\" \/>\n<meta property=\"og:title\" content=\"Conozca a nuestra gente y a nuestros l\u00edderes | Abdul Latif Jameel\u00ae\" \/>\n<meta property=\"og:description\" content=\"Conozca a los l\u00edderes que est\u00e1n dirigiendo y convirtiendo los negocios internacionales diversificados de Abdul Latif Jameel en el respetado socio inversionista de confianza.\" \/>\n<meta property=\"og:url\" content=\"https:\/\/alj.com\/es\/about\/our-people\/\" \/>\n<meta property=\"og:site_name\" content=\"Abdul Latif Jameel\" \/>\n<meta property=\"article:publisher\" content=\"https:\/\/www.facebook.com\/Abdul.Latif.Jameel.Official\" \/>\n<meta property=\"article:modified_time\" content=\"2026-02-11T08:24:15+00:00\" \/>\n<meta property=\"og:image\" content=\"https:\/\/media.alj.com\/app\/uploads\/2016\/10\/alj-our-presence-in-menat-and-beyond.jpg\" \/>\n\t<meta property=\"og:image:width\" content=\"1294\" \/>\n\t<meta property=\"og:image:height\" content=\"600\" \/>\n\t<meta property=\"og:image:type\" content=\"image\/jpeg\" \/>\n<meta name=\"twitter:card\" content=\"summary_large_image\" \/>\n<script type=\"application\/ld+json\" class=\"yoast-schema-graph\">{\"@context\":\"https:\/\/schema.org\",\"@graph\":[{\"@type\":\"WebPage\",\"@id\":\"https:\/\/alj.com\/es\/about\/our-people\/\",\"url\":\"https:\/\/alj.com\/es\/about\/our-people\/\",\"name\":\"Conozca a nuestra gente y a nuestros l\u00edderes | Abdul Latif Jameel\u00ae\",\"isPartOf\":{\"@id\":\"https:\/\/alj.com\/en\/#website\"},\"datePublished\":\"2017-07-17T09:18:54+00:00\",\"dateModified\":\"2026-02-11T08:24:15+00:00\",\"description\":\"Conozca a los l\u00edderes que est\u00e1n dirigiendo y convirtiendo los negocios internacionales diversificados de Abdul Latif Jameel en el respetado socio inversionista de confianza.\",\"breadcrumb\":{\"@id\":\"https:\/\/alj.com\/es\/about\/our-people\/#breadcrumb\"},\"inLanguage\":\"es-ES\",\"potentialAction\":[{\"@type\":\"ReadAction\",\"target\":[\"https:\/\/alj.com\/es\/about\/our-people\/\"]}]},{\"@type\":\"BreadcrumbList\",\"@id\":\"https:\/\/alj.com\/es\/about\/our-people\/#breadcrumb\",\"itemListElement\":[{\"@type\":\"ListItem\",\"position\":1,\"name\":\"Home\",\"item\":\"https:\/\/alj.com\/es\/\"},{\"@type\":\"ListItem\",\"position\":2,\"name\":\"Sobre Nosotros\",\"item\":\"https:\/\/alj.com\/es\/about\/\"},{\"@type\":\"ListItem\",\"position\":3,\"name\":\"Nuestro personal\"}]},{\"@type\":\"WebSite\",\"@id\":\"https:\/\/alj.com\/en\/#website\",\"url\":\"https:\/\/alj.com\/en\/\",\"name\":\"Abdul Latif Jameel\",\"description\":\"Abdul Latif Jameel\",\"potentialAction\":[{\"@type\":\"SearchAction\",\"target\":{\"@type\":\"EntryPoint\",\"urlTemplate\":\"https:\/\/alj.com\/en\/?s={search_term_string}\"},\"query-input\":\"required name=search_term_string\"}],\"inLanguage\":\"es-ES\"}]}<\/script>\n<!-- \/ Yoast SEO plugin. -->","yoast_head_json":{"title":"Conozca a nuestra gente y a nuestros l\u00edderes | Abdul Latif Jameel\u00ae","description":"Conozca a los l\u00edderes que est\u00e1n dirigiendo y convirtiendo los negocios internacionales diversificados de Abdul Latif Jameel en el respetado socio inversionista de confianza.","robots":{"index":"index","follow":"follow","max-snippet":"max-snippet:-1","max-image-preview":"max-image-preview:large","max-video-preview":"max-video-preview:-1"},"canonical":"https:\/\/alj.com\/es\/about\/our-people\/","og_locale":"es_ES","og_type":"article","og_title":"Conozca a nuestra gente y a nuestros l\u00edderes | Abdul Latif Jameel\u00ae","og_description":"Conozca a los l\u00edderes que est\u00e1n dirigiendo y convirtiendo los negocios internacionales diversificados de Abdul Latif Jameel en el respetado socio inversionista de confianza.","og_url":"https:\/\/alj.com\/es\/about\/our-people\/","og_site_name":"Abdul Latif Jameel","article_publisher":"https:\/\/www.facebook.com\/Abdul.Latif.Jameel.Official","article_modified_time":"2026-02-11T08:24:15+00:00","og_image":[{"width":1294,"height":600,"url":"https:\/\/media.alj.com\/app\/uploads\/2016\/10\/alj-our-presence-in-menat-and-beyond.jpg","type":"image\/jpeg"}],"twitter_card":"summary_large_image","schema":{"@context":"https:\/\/schema.org","@graph":[{"@type":"WebPage","@id":"https:\/\/alj.com\/es\/about\/our-people\/","url":"https:\/\/alj.com\/es\/about\/our-people\/","name":"Conozca a nuestra gente y a nuestros l\u00edderes | Abdul Latif Jameel\u00ae","isPartOf":{"@id":"https:\/\/alj.com\/en\/#website"},"datePublished":"2017-07-17T09:18:54+00:00","dateModified":"2026-02-11T08:24:15+00:00","description":"Conozca a los l\u00edderes que est\u00e1n dirigiendo y convirtiendo los negocios internacionales diversificados de Abdul Latif Jameel en el respetado socio inversionista de confianza.","breadcrumb":{"@id":"https:\/\/alj.com\/es\/about\/our-people\/#breadcrumb"},"inLanguage":"es-ES","potentialAction":[{"@type":"ReadAction","target":["https:\/\/alj.com\/es\/about\/our-people\/"]}]},{"@type":"BreadcrumbList","@id":"https:\/\/alj.com\/es\/about\/our-people\/#breadcrumb","itemListElement":[{"@type":"ListItem","position":1,"name":"Home","item":"https:\/\/alj.com\/es\/"},{"@type":"ListItem","position":2,"name":"Sobre Nosotros","item":"https:\/\/alj.com\/es\/about\/"},{"@type":"ListItem","position":3,"name":"Nuestro personal"}]},{"@type":"WebSite","@id":"https:\/\/alj.com\/en\/#website","url":"https:\/\/alj.com\/en\/","name":"Abdul Latif Jameel","description":"Abdul Latif Jameel","potentialAction":[{"@type":"SearchAction","target":{"@type":"EntryPoint","urlTemplate":"https:\/\/alj.com\/en\/?s={search_term_string}"},"query-input":"required name=search_term_string"}],"inLanguage":"es-ES"}]}},"_links":{"self":[{"href":"https:\/\/alj.com\/es\/wp-json\/wp\/v2\/pages\/12936"}],"collection":[{"href":"https:\/\/alj.com\/es\/wp-json\/wp\/v2\/pages"}],"about":[{"href":"https:\/\/alj.com\/es\/wp-json\/wp\/v2\/types\/page"}],"author":[{"embeddable":true,"href":"https:\/\/alj.com\/es\/wp-json\/wp\/v2\/users\/14"}],"replies":[{"embeddable":true,"href":"https:\/\/alj.com\/es\/wp-json\/wp\/v2\/comments?post=12936"}],"version-history":[{"count":3,"href":"https:\/\/alj.com\/es\/wp-json\/wp\/v2\/pages\/12936\/revisions"}],"predecessor-version":[{"id":125828,"href":"https:\/\/alj.com\/es\/wp-json\/wp\/v2\/pages\/12936\/revisions\/125828"}],"up":[{"embeddable":true,"href":"https:\/\/alj.com\/es\/wp-json\/wp\/v2\/pages\/11294"}],"wp:attachment":[{"href":"https:\/\/alj.com\/es\/wp-json\/wp\/v2\/media?parent=12936"}],"wp:term":[{"taxonomy":"category","embeddable":true,"href":"https:\/\/alj.com\/es\/wp-json\/wp\/v2\/categories?post=12936"}],"curies":[{"name":"wp","href":"https:\/\/api.w.org\/{rel}","templated":true}]}}