{"id":54844,"date":"2019-12-08T11:22:34","date_gmt":"2019-12-08T11:22:34","guid":{"rendered":"https:\/\/www.alj.com\/?page_id=54844"},"modified":"2021-04-13T10:57:56","modified_gmt":"2021-04-13T10:57:56","slug":"spotlight-by-fady-jameel","status":"publish","type":"page","link":"https:\/\/alj.com\/es\/media-center\/spotlight-by-fady-jameel\/","title":{"rendered":"Spotlight por Fady Jameel"},"content":{"rendered":"<h4>En nuestra nueva serie de l\u00edderes de pensamiento, \u201cSpotlight\u201d, <a href=\"https:\/\/alj.com\/es\/our-people\/fady-jameel\/\">Fady Jameel<\/a>, vicepresidente y presidente adjunto de Abdul Latif Jameel, analiza en profundidad algunos de los temas m\u00e1s acauciantes del planeta.<\/h4>\n<p>En estos art\u00edculos Fady reflexiona sobre los desaf\u00edos a los que nos enfrentamos y examina las pol\u00edticas, tecnolog\u00edas y enfoques que se est\u00e1n utilizando.\u00a0 Tambi\u00e9n hablar\u00e1 con las personas involucradas en la toma de decisions y que marcan la diferencia -tanto desde dentro de <a href=\"https:\/\/www.alj.com\/en\/\">Abdul Latif Jameel<\/a>, <a href=\"https:\/\/communityjameel.org\/\">Community Jameel<\/a> como desde la industria, la ciencia y el mundo acad\u00e9mico-.<\/p>\n","protected":false},"excerpt":{"rendered":"<p>En nuestra nueva serie de l\u00edderes de pensamiento, \u201cSpotlight\u201d, Fady Jameel, vicepresidente y presidente adjunto de Abdul Latif Jameel, analiza en profundidad algunos de los temas m\u00e1s acauciantes del planeta. En estos art\u00edculos Fady reflexiona sobre los desaf\u00edos a los que nos enfrentamos y examina las pol\u00edticas, tecnolog\u00edas y enfoques que se est\u00e1n utilizando.\u00a0 Tambi\u00e9n [&hellip;]<\/p>\n","protected":false},"author":14,"featured_media":54820,"parent":12869,"menu_order":16,"comment_status":"closed","ping_status":"closed","template":"page-templates\/spotlight-by-fj.php","meta":{"footnotes":""},"categories":[],"acf":[],"yoast_head":"<!-- This site is optimized with the Yoast SEO plugin v21.5 - https:\/\/yoast.com\/wordpress\/plugins\/seo\/ -->\n<title>Art\u00edculos de Fady Jameel - Abordando temas globales | Abdul Latif Jameel\u00ae<\/title>\n<meta name=\"description\" content=\"En nuestra nueva serie de l\u00edderes de pensamiento, &#039;Spotlight&#039;, Fady Jameel considera los desaf\u00edos que enfrentamos y examina las pol\u00edticas, tecnolog\u00edas y enfoques que se est\u00e1n utilizando.\" \/>\n<meta name=\"robots\" content=\"index, follow, max-snippet:-1, max-image-preview:large, max-video-preview:-1\" \/>\n<link rel=\"canonical\" href=\"https:\/\/alj.com\/es\/media-center\/spotlight-by-fady-jameel\/\" \/>\n<meta property=\"og:locale\" content=\"es_ES\" \/>\n<meta property=\"og:type\" content=\"article\" \/>\n<meta property=\"og:title\" content=\"Art\u00edculos de Fady Jameel - Abordando temas globales | Abdul Latif Jameel\u00ae\" \/>\n<meta property=\"og:description\" content=\"En nuestra nueva serie de l\u00edderes de pensamiento, &#039;Spotlight&#039;, Fady Jameel considera los desaf\u00edos que enfrentamos y examina las pol\u00edticas, tecnolog\u00edas y enfoques que se est\u00e1n utilizando.\" \/>\n<meta property=\"og:url\" content=\"https:\/\/alj.com\/es\/media-center\/spotlight-by-fady-jameel\/\" \/>\n<meta property=\"og:site_name\" content=\"Abdul Latif Jameel\" \/>\n<meta property=\"article:publisher\" content=\"https:\/\/www.facebook.com\/Abdul.Latif.Jameel.Official\" \/>\n<meta property=\"article:modified_time\" content=\"2021-04-13T10:57:56+00:00\" \/>\n<meta property=\"og:image\" content=\"https:\/\/media.alj.com\/app\/uploads\/2019\/12\/spotlights.jpg\" \/>\n\t<meta property=\"og:image:width\" content=\"730\" \/>\n\t<meta property=\"og:image:height\" content=\"396\" \/>\n\t<meta property=\"og:image:type\" content=\"image\/jpeg\" \/>\n<meta name=\"twitter:card\" content=\"summary_large_image\" \/>\n<script type=\"application\/ld+json\" class=\"yoast-schema-graph\">{\"@context\":\"https:\/\/schema.org\",\"@graph\":[{\"@type\":\"WebPage\",\"@id\":\"https:\/\/alj.com\/es\/media-center\/spotlight-by-fady-jameel\/\",\"url\":\"https:\/\/alj.com\/es\/media-center\/spotlight-by-fady-jameel\/\",\"name\":\"Art\u00edculos de Fady Jameel - Abordando temas globales | Abdul Latif Jameel\u00ae\",\"isPartOf\":{\"@id\":\"https:\/\/alj.com\/en\/#website\"},\"datePublished\":\"2019-12-08T11:22:34+00:00\",\"dateModified\":\"2021-04-13T10:57:56+00:00\",\"description\":\"En nuestra nueva serie de l\u00edderes de pensamiento, 'Spotlight', Fady Jameel considera los desaf\u00edos que enfrentamos y examina las pol\u00edticas, tecnolog\u00edas y enfoques que se est\u00e1n utilizando.\",\"breadcrumb\":{\"@id\":\"https:\/\/alj.com\/es\/media-center\/spotlight-by-fady-jameel\/#breadcrumb\"},\"inLanguage\":\"es-ES\",\"potentialAction\":[{\"@type\":\"ReadAction\",\"target\":[\"https:\/\/alj.com\/es\/media-center\/spotlight-by-fady-jameel\/\"]}]},{\"@type\":\"BreadcrumbList\",\"@id\":\"https:\/\/alj.com\/es\/media-center\/spotlight-by-fady-jameel\/#breadcrumb\",\"itemListElement\":[{\"@type\":\"ListItem\",\"position\":1,\"name\":\"Home\",\"item\":\"https:\/\/alj.com\/es\/\"},{\"@type\":\"ListItem\",\"position\":2,\"name\":\"Media Center\",\"item\":\"https:\/\/alj.com\/es\/media-center\/\"},{\"@type\":\"ListItem\",\"position\":3,\"name\":\"Spotlight por Fady Jameel\"}]},{\"@type\":\"WebSite\",\"@id\":\"https:\/\/alj.com\/en\/#website\",\"url\":\"https:\/\/alj.com\/en\/\",\"name\":\"Abdul Latif Jameel\",\"description\":\"Abdul Latif Jameel\",\"potentialAction\":[{\"@type\":\"SearchAction\",\"target\":{\"@type\":\"EntryPoint\",\"urlTemplate\":\"https:\/\/alj.com\/en\/?s={search_term_string}\"},\"query-input\":\"required name=search_term_string\"}],\"inLanguage\":\"es-ES\"}]}<\/script>\n<!-- \/ Yoast SEO plugin. -->","yoast_head_json":{"title":"Art\u00edculos de Fady Jameel - Abordando temas globales | Abdul Latif Jameel\u00ae","description":"En nuestra nueva serie de l\u00edderes de pensamiento, 'Spotlight', Fady Jameel considera los desaf\u00edos que enfrentamos y examina las pol\u00edticas, tecnolog\u00edas y enfoques que se est\u00e1n utilizando.","robots":{"index":"index","follow":"follow","max-snippet":"max-snippet:-1","max-image-preview":"max-image-preview:large","max-video-preview":"max-video-preview:-1"},"canonical":"https:\/\/alj.com\/es\/media-center\/spotlight-by-fady-jameel\/","og_locale":"es_ES","og_type":"article","og_title":"Art\u00edculos de Fady Jameel - Abordando temas globales | Abdul Latif Jameel\u00ae","og_description":"En nuestra nueva serie de l\u00edderes de pensamiento, 'Spotlight', Fady Jameel considera los desaf\u00edos que enfrentamos y examina las pol\u00edticas, tecnolog\u00edas y enfoques que se est\u00e1n utilizando.","og_url":"https:\/\/alj.com\/es\/media-center\/spotlight-by-fady-jameel\/","og_site_name":"Abdul Latif Jameel","article_publisher":"https:\/\/www.facebook.com\/Abdul.Latif.Jameel.Official","article_modified_time":"2021-04-13T10:57:56+00:00","og_image":[{"width":730,"height":396,"url":"https:\/\/media.alj.com\/app\/uploads\/2019\/12\/spotlights.jpg","type":"image\/jpeg"}],"twitter_card":"summary_large_image","schema":{"@context":"https:\/\/schema.org","@graph":[{"@type":"WebPage","@id":"https:\/\/alj.com\/es\/media-center\/spotlight-by-fady-jameel\/","url":"https:\/\/alj.com\/es\/media-center\/spotlight-by-fady-jameel\/","name":"Art\u00edculos de Fady Jameel - Abordando temas globales | Abdul Latif Jameel\u00ae","isPartOf":{"@id":"https:\/\/alj.com\/en\/#website"},"datePublished":"2019-12-08T11:22:34+00:00","dateModified":"2021-04-13T10:57:56+00:00","description":"En nuestra nueva serie de l\u00edderes de pensamiento, 'Spotlight', Fady Jameel considera los desaf\u00edos que enfrentamos y examina las pol\u00edticas, tecnolog\u00edas y enfoques que se est\u00e1n utilizando.","breadcrumb":{"@id":"https:\/\/alj.com\/es\/media-center\/spotlight-by-fady-jameel\/#breadcrumb"},"inLanguage":"es-ES","potentialAction":[{"@type":"ReadAction","target":["https:\/\/alj.com\/es\/media-center\/spotlight-by-fady-jameel\/"]}]},{"@type":"BreadcrumbList","@id":"https:\/\/alj.com\/es\/media-center\/spotlight-by-fady-jameel\/#breadcrumb","itemListElement":[{"@type":"ListItem","position":1,"name":"Home","item":"https:\/\/alj.com\/es\/"},{"@type":"ListItem","position":2,"name":"Media Center","item":"https:\/\/alj.com\/es\/media-center\/"},{"@type":"ListItem","position":3,"name":"Spotlight por Fady Jameel"}]},{"@type":"WebSite","@id":"https:\/\/alj.com\/en\/#website","url":"https:\/\/alj.com\/en\/","name":"Abdul Latif Jameel","description":"Abdul Latif Jameel","potentialAction":[{"@type":"SearchAction","target":{"@type":"EntryPoint","urlTemplate":"https:\/\/alj.com\/en\/?s={search_term_string}"},"query-input":"required name=search_term_string"}],"inLanguage":"es-ES"}]}},"_links":{"self":[{"href":"https:\/\/alj.com\/es\/wp-json\/wp\/v2\/pages\/54844"}],"collection":[{"href":"https:\/\/alj.com\/es\/wp-json\/wp\/v2\/pages"}],"about":[{"href":"https:\/\/alj.com\/es\/wp-json\/wp\/v2\/types\/page"}],"author":[{"embeddable":true,"href":"https:\/\/alj.com\/es\/wp-json\/wp\/v2\/users\/14"}],"replies":[{"embeddable":true,"href":"https:\/\/alj.com\/es\/wp-json\/wp\/v2\/comments?post=54844"}],"version-history":[{"count":0,"href":"https:\/\/alj.com\/es\/wp-json\/wp\/v2\/pages\/54844\/revisions"}],"up":[{"embeddable":true,"href":"https:\/\/alj.com\/es\/wp-json\/wp\/v2\/pages\/12869"}],"wp:featuredmedia":[{"embeddable":true,"href":"https:\/\/alj.com\/es\/wp-json\/wp\/v2\/media\/54820"}],"wp:attachment":[{"href":"https:\/\/alj.com\/es\/wp-json\/wp\/v2\/media?parent=54844"}],"wp:term":[{"taxonomy":"category","embeddable":true,"href":"https:\/\/alj.com\/es\/wp-json\/wp\/v2\/categories?post=54844"}],"curies":[{"name":"wp","href":"https:\/\/api.w.org\/{rel}","templated":true}]}}