{"id":12897,"date":"2017-06-12T13:55:42","date_gmt":"2017-06-12T13:55:42","guid":{"rendered":"http:\/\/alj.corp.staging.omniaconnect.net\/fr\/media-center\/press-packs\/"},"modified":"2019-12-08T11:43:21","modified_gmt":"2019-12-08T11:43:21","slug":"press-packs","status":"publish","type":"page","link":"https:\/\/alj.com\/fr\/media-center\/press-packs\/","title":{"rendered":"Dossiers de Presse"},"content":{"rendered":"<h4>L\u2019ensemble des dossiers de presse officiels d\u2019Abdul Latif Jameel pour les \u00e9v\u00e9nements corporatifs sont disponibles pour consultation, recherche et t\u00e9l\u00e9chargement ici.<\/h4>\n","protected":false},"excerpt":{"rendered":"<p>L\u2019ensemble des dossiers de presse officiels d\u2019Abdul Latif Jameel pour les \u00e9v\u00e9nements corporatifs sont disponibles pour consultation, recherche et t\u00e9l\u00e9chargement ici.<\/p>\n","protected":false},"author":14,"featured_media":3147,"parent":12867,"menu_order":19,"comment_status":"closed","ping_status":"closed","template":"page-templates\/press-pack.php","meta":{"footnotes":""},"categories":[],"acf":[],"yoast_head":"<!-- This site is optimized with the Yoast SEO plugin v21.5 - https:\/\/yoast.com\/wordpress\/plugins\/seo\/ -->\n<title>Dossiers de presse pour \u00e9v\u00e9nements corporatifs | Abdul Latif Jameel\u00ae<\/title>\n<meta name=\"description\" content=\"Le kit dossier de presse d&#039;Abdul Latif Jameel Company est con\u00e7u pour aider les journalistes \u00e0 faire des recherches sur notre soci\u00e9t\u00e9 pour obtenir des informations g\u00e9n\u00e9rales ou des articles d\u00e9taill\u00e9s.\" \/>\n<meta name=\"robots\" content=\"index, follow, max-snippet:-1, max-image-preview:large, max-video-preview:-1\" \/>\n<link rel=\"canonical\" href=\"https:\/\/alj.com\/fr\/media-center\/press-packs\/\" \/>\n<meta property=\"og:locale\" content=\"fr_FR\" \/>\n<meta property=\"og:type\" content=\"article\" \/>\n<meta property=\"og:title\" content=\"Dossiers de presse pour \u00e9v\u00e9nements corporatifs | Abdul Latif Jameel\u00ae\" \/>\n<meta property=\"og:description\" content=\"Le kit dossier de presse d&#039;Abdul Latif Jameel Company est con\u00e7u pour aider les journalistes \u00e0 faire des recherches sur notre soci\u00e9t\u00e9 pour obtenir des informations g\u00e9n\u00e9rales ou des articles d\u00e9taill\u00e9s.\" \/>\n<meta property=\"og:url\" content=\"https:\/\/alj.com\/fr\/media-center\/press-packs\/\" \/>\n<meta property=\"og:site_name\" content=\"Abdul Latif Jameel\" \/>\n<meta property=\"article:publisher\" content=\"https:\/\/www.facebook.com\/Abdul.Latif.Jameel.Official\" \/>\n<meta property=\"article:modified_time\" content=\"2019-12-08T11:43:21+00:00\" \/>\n<meta property=\"og:image\" content=\"https:\/\/media.alj.com\/app\/uploads\/2016\/10\/Terms_Slider.jpg\" \/>\n\t<meta property=\"og:image:width\" content=\"1297\" \/>\n\t<meta property=\"og:image:height\" content=\"621\" \/>\n\t<meta property=\"og:image:type\" content=\"image\/jpeg\" \/>\n<meta name=\"twitter:card\" content=\"summary_large_image\" \/>\n<script type=\"application\/ld+json\" class=\"yoast-schema-graph\">{\"@context\":\"https:\/\/schema.org\",\"@graph\":[{\"@type\":\"WebPage\",\"@id\":\"https:\/\/alj.com\/fr\/media-center\/press-packs\/\",\"url\":\"https:\/\/alj.com\/fr\/media-center\/press-packs\/\",\"name\":\"Dossiers de presse pour \u00e9v\u00e9nements corporatifs | Abdul Latif Jameel\u00ae\",\"isPartOf\":{\"@id\":\"https:\/\/alj.com\/en\/#website\"},\"datePublished\":\"2017-06-12T13:55:42+00:00\",\"dateModified\":\"2019-12-08T11:43:21+00:00\",\"description\":\"Le kit dossier de presse d'Abdul Latif Jameel Company est con\u00e7u pour aider les journalistes \u00e0 faire des recherches sur notre soci\u00e9t\u00e9 pour obtenir des informations g\u00e9n\u00e9rales ou des articles d\u00e9taill\u00e9s.\",\"breadcrumb\":{\"@id\":\"https:\/\/alj.com\/fr\/media-center\/press-packs\/#breadcrumb\"},\"inLanguage\":\"fr-FR\",\"potentialAction\":[{\"@type\":\"ReadAction\",\"target\":[\"https:\/\/alj.com\/fr\/media-center\/press-packs\/\"]}]},{\"@type\":\"BreadcrumbList\",\"@id\":\"https:\/\/alj.com\/fr\/media-center\/press-packs\/#breadcrumb\",\"itemListElement\":[{\"@type\":\"ListItem\",\"position\":1,\"name\":\"Home\",\"item\":\"https:\/\/alj.com\/fr\/\"},{\"@type\":\"ListItem\",\"position\":2,\"name\":\"Media Center\",\"item\":\"https:\/\/alj.com\/fr\/media-center\/\"},{\"@type\":\"ListItem\",\"position\":3,\"name\":\"Dossiers de Presse\"}]},{\"@type\":\"WebSite\",\"@id\":\"https:\/\/alj.com\/en\/#website\",\"url\":\"https:\/\/alj.com\/en\/\",\"name\":\"Abdul Latif Jameel\",\"description\":\"Abdul Latif Jameel\",\"potentialAction\":[{\"@type\":\"SearchAction\",\"target\":{\"@type\":\"EntryPoint\",\"urlTemplate\":\"https:\/\/alj.com\/en\/?s={search_term_string}\"},\"query-input\":\"required name=search_term_string\"}],\"inLanguage\":\"fr-FR\"}]}<\/script>\n<!-- \/ Yoast SEO plugin. -->","yoast_head_json":{"title":"Dossiers de presse pour \u00e9v\u00e9nements corporatifs | Abdul Latif Jameel\u00ae","description":"Le kit dossier de presse d'Abdul Latif Jameel Company est con\u00e7u pour aider les journalistes \u00e0 faire des recherches sur notre soci\u00e9t\u00e9 pour obtenir des informations g\u00e9n\u00e9rales ou des articles d\u00e9taill\u00e9s.","robots":{"index":"index","follow":"follow","max-snippet":"max-snippet:-1","max-image-preview":"max-image-preview:large","max-video-preview":"max-video-preview:-1"},"canonical":"https:\/\/alj.com\/fr\/media-center\/press-packs\/","og_locale":"fr_FR","og_type":"article","og_title":"Dossiers de presse pour \u00e9v\u00e9nements corporatifs | Abdul Latif Jameel\u00ae","og_description":"Le kit dossier de presse d'Abdul Latif Jameel Company est con\u00e7u pour aider les journalistes \u00e0 faire des recherches sur notre soci\u00e9t\u00e9 pour obtenir des informations g\u00e9n\u00e9rales ou des articles d\u00e9taill\u00e9s.","og_url":"https:\/\/alj.com\/fr\/media-center\/press-packs\/","og_site_name":"Abdul Latif Jameel","article_publisher":"https:\/\/www.facebook.com\/Abdul.Latif.Jameel.Official","article_modified_time":"2019-12-08T11:43:21+00:00","og_image":[{"width":1297,"height":621,"url":"https:\/\/media.alj.com\/app\/uploads\/2016\/10\/Terms_Slider.jpg","type":"image\/jpeg"}],"twitter_card":"summary_large_image","schema":{"@context":"https:\/\/schema.org","@graph":[{"@type":"WebPage","@id":"https:\/\/alj.com\/fr\/media-center\/press-packs\/","url":"https:\/\/alj.com\/fr\/media-center\/press-packs\/","name":"Dossiers de presse pour \u00e9v\u00e9nements corporatifs | Abdul Latif Jameel\u00ae","isPartOf":{"@id":"https:\/\/alj.com\/en\/#website"},"datePublished":"2017-06-12T13:55:42+00:00","dateModified":"2019-12-08T11:43:21+00:00","description":"Le kit dossier de presse d'Abdul Latif Jameel Company est con\u00e7u pour aider les journalistes \u00e0 faire des recherches sur notre soci\u00e9t\u00e9 pour obtenir des informations g\u00e9n\u00e9rales ou des articles d\u00e9taill\u00e9s.","breadcrumb":{"@id":"https:\/\/alj.com\/fr\/media-center\/press-packs\/#breadcrumb"},"inLanguage":"fr-FR","potentialAction":[{"@type":"ReadAction","target":["https:\/\/alj.com\/fr\/media-center\/press-packs\/"]}]},{"@type":"BreadcrumbList","@id":"https:\/\/alj.com\/fr\/media-center\/press-packs\/#breadcrumb","itemListElement":[{"@type":"ListItem","position":1,"name":"Home","item":"https:\/\/alj.com\/fr\/"},{"@type":"ListItem","position":2,"name":"Media Center","item":"https:\/\/alj.com\/fr\/media-center\/"},{"@type":"ListItem","position":3,"name":"Dossiers de Presse"}]},{"@type":"WebSite","@id":"https:\/\/alj.com\/en\/#website","url":"https:\/\/alj.com\/en\/","name":"Abdul Latif Jameel","description":"Abdul Latif Jameel","potentialAction":[{"@type":"SearchAction","target":{"@type":"EntryPoint","urlTemplate":"https:\/\/alj.com\/en\/?s={search_term_string}"},"query-input":"required name=search_term_string"}],"inLanguage":"fr-FR"}]}},"_links":{"self":[{"href":"https:\/\/alj.com\/fr\/wp-json\/wp\/v2\/pages\/12897"}],"collection":[{"href":"https:\/\/alj.com\/fr\/wp-json\/wp\/v2\/pages"}],"about":[{"href":"https:\/\/alj.com\/fr\/wp-json\/wp\/v2\/types\/page"}],"author":[{"embeddable":true,"href":"https:\/\/alj.com\/fr\/wp-json\/wp\/v2\/users\/14"}],"replies":[{"embeddable":true,"href":"https:\/\/alj.com\/fr\/wp-json\/wp\/v2\/comments?post=12897"}],"version-history":[{"count":0,"href":"https:\/\/alj.com\/fr\/wp-json\/wp\/v2\/pages\/12897\/revisions"}],"up":[{"embeddable":true,"href":"https:\/\/alj.com\/fr\/wp-json\/wp\/v2\/pages\/12867"}],"wp:featuredmedia":[{"embeddable":true,"href":"https:\/\/alj.com\/fr\/wp-json\/wp\/v2\/media\/3147"}],"wp:attachment":[{"href":"https:\/\/alj.com\/fr\/wp-json\/wp\/v2\/media?parent=12897"}],"wp:term":[{"taxonomy":"category","embeddable":true,"href":"https:\/\/alj.com\/fr\/wp-json\/wp\/v2\/categories?post=12897"}],"curies":[{"name":"wp","href":"https:\/\/api.w.org\/{rel}","templated":true}]}}