{"id":12903,"date":"2017-06-15T13:29:10","date_gmt":"2017-06-15T13:29:10","guid":{"rendered":"http:\/\/alj.corp.staging.omniaconnect.net\/fr\/media-center\/in-the-news\/"},"modified":"2020-10-14T06:44:15","modified_gmt":"2020-10-14T06:44:15","slug":"in-the-news","status":"publish","type":"page","link":"https:\/\/alj.com\/fr\/media-center\/in-the-news\/","title":{"rendered":"Actualit\u00e9s"},"content":{"rendered":"<h4>Une s\u00e9lection d\u2019articles des nouvelles et m\u00e9dias du monde entier est publi\u00e9e ici.<\/h4>\n","protected":false},"excerpt":{"rendered":"<p>Une s\u00e9lection d\u2019articles des nouvelles et m\u00e9dias du monde entier est publi\u00e9e ici.<\/p>\n","protected":false},"author":14,"featured_media":12127,"parent":12867,"menu_order":18,"comment_status":"closed","ping_status":"closed","template":"page-templates\/in-the-news.php","meta":{"footnotes":""},"categories":[],"acf":[],"yoast_head":"<!-- This site is optimized with the Yoast SEO plugin v21.5 - https:\/\/yoast.com\/wordpress\/plugins\/seo\/ -->\n<title>Informations et articles de presse internationaux | Abdul Latif Jameel\u00ae<\/title>\n<meta name=\"description\" content=\"Trouvez ici une s\u00e9lection d&#039;articles et de m\u00e9dias \u00e0 propos d&#039;Abdul Latif Jameel \u00e0 travers le monde.\" \/>\n<meta name=\"robots\" content=\"index, follow, max-snippet:-1, max-image-preview:large, max-video-preview:-1\" \/>\n<link rel=\"canonical\" href=\"https:\/\/alj.com\/fr\/media-center\/in-the-news\/\" \/>\n<meta property=\"og:locale\" content=\"fr_FR\" \/>\n<meta property=\"og:type\" content=\"article\" \/>\n<meta property=\"og:title\" content=\"Informations et articles de presse internationaux | Abdul Latif Jameel\u00ae\" \/>\n<meta property=\"og:description\" content=\"Trouvez ici une s\u00e9lection d&#039;articles et de m\u00e9dias \u00e0 propos d&#039;Abdul Latif Jameel \u00e0 travers le monde.\" \/>\n<meta property=\"og:url\" content=\"https:\/\/alj.com\/fr\/media-center\/in-the-news\/\" \/>\n<meta property=\"og:site_name\" content=\"Abdul Latif Jameel\" \/>\n<meta property=\"article:publisher\" content=\"https:\/\/www.facebook.com\/Abdul.Latif.Jameel.Official\" \/>\n<meta property=\"article:modified_time\" content=\"2020-10-14T06:44:15+00:00\" \/>\n<meta property=\"og:image\" content=\"https:\/\/media.alj.com\/app\/uploads\/2017\/06\/alj-in-the-news-msl1.jpg\" \/>\n\t<meta property=\"og:image:width\" content=\"1294\" \/>\n\t<meta property=\"og:image:height\" content=\"600\" \/>\n\t<meta property=\"og:image:type\" content=\"image\/jpeg\" \/>\n<meta name=\"twitter:card\" content=\"summary_large_image\" \/>\n<script type=\"application\/ld+json\" class=\"yoast-schema-graph\">{\"@context\":\"https:\/\/schema.org\",\"@graph\":[{\"@type\":\"WebPage\",\"@id\":\"https:\/\/alj.com\/fr\/media-center\/in-the-news\/\",\"url\":\"https:\/\/alj.com\/fr\/media-center\/in-the-news\/\",\"name\":\"Informations et articles de presse internationaux | Abdul Latif Jameel\u00ae\",\"isPartOf\":{\"@id\":\"https:\/\/alj.com\/en\/#website\"},\"datePublished\":\"2017-06-15T13:29:10+00:00\",\"dateModified\":\"2020-10-14T06:44:15+00:00\",\"description\":\"Trouvez ici une s\u00e9lection d'articles et de m\u00e9dias \u00e0 propos d'Abdul Latif Jameel \u00e0 travers le monde.\",\"breadcrumb\":{\"@id\":\"https:\/\/alj.com\/fr\/media-center\/in-the-news\/#breadcrumb\"},\"inLanguage\":\"fr-FR\",\"potentialAction\":[{\"@type\":\"ReadAction\",\"target\":[\"https:\/\/alj.com\/fr\/media-center\/in-the-news\/\"]}]},{\"@type\":\"BreadcrumbList\",\"@id\":\"https:\/\/alj.com\/fr\/media-center\/in-the-news\/#breadcrumb\",\"itemListElement\":[{\"@type\":\"ListItem\",\"position\":1,\"name\":\"Home\",\"item\":\"https:\/\/alj.com\/fr\/\"},{\"@type\":\"ListItem\",\"position\":2,\"name\":\"Media Center\",\"item\":\"https:\/\/alj.com\/fr\/media-center\/\"},{\"@type\":\"ListItem\",\"position\":3,\"name\":\"Actualit\u00e9s\"}]},{\"@type\":\"WebSite\",\"@id\":\"https:\/\/alj.com\/en\/#website\",\"url\":\"https:\/\/alj.com\/en\/\",\"name\":\"Abdul Latif Jameel\",\"description\":\"Abdul Latif Jameel\",\"potentialAction\":[{\"@type\":\"SearchAction\",\"target\":{\"@type\":\"EntryPoint\",\"urlTemplate\":\"https:\/\/alj.com\/en\/?s={search_term_string}\"},\"query-input\":\"required name=search_term_string\"}],\"inLanguage\":\"fr-FR\"}]}<\/script>\n<!-- \/ Yoast SEO plugin. -->","yoast_head_json":{"title":"Informations et articles de presse internationaux | Abdul Latif Jameel\u00ae","description":"Trouvez ici une s\u00e9lection d'articles et de m\u00e9dias \u00e0 propos d'Abdul Latif Jameel \u00e0 travers le monde.","robots":{"index":"index","follow":"follow","max-snippet":"max-snippet:-1","max-image-preview":"max-image-preview:large","max-video-preview":"max-video-preview:-1"},"canonical":"https:\/\/alj.com\/fr\/media-center\/in-the-news\/","og_locale":"fr_FR","og_type":"article","og_title":"Informations et articles de presse internationaux | Abdul Latif Jameel\u00ae","og_description":"Trouvez ici une s\u00e9lection d'articles et de m\u00e9dias \u00e0 propos d'Abdul Latif Jameel \u00e0 travers le monde.","og_url":"https:\/\/alj.com\/fr\/media-center\/in-the-news\/","og_site_name":"Abdul Latif Jameel","article_publisher":"https:\/\/www.facebook.com\/Abdul.Latif.Jameel.Official","article_modified_time":"2020-10-14T06:44:15+00:00","og_image":[{"width":1294,"height":600,"url":"https:\/\/media.alj.com\/app\/uploads\/2017\/06\/alj-in-the-news-msl1.jpg","type":"image\/jpeg"}],"twitter_card":"summary_large_image","schema":{"@context":"https:\/\/schema.org","@graph":[{"@type":"WebPage","@id":"https:\/\/alj.com\/fr\/media-center\/in-the-news\/","url":"https:\/\/alj.com\/fr\/media-center\/in-the-news\/","name":"Informations et articles de presse internationaux | Abdul Latif Jameel\u00ae","isPartOf":{"@id":"https:\/\/alj.com\/en\/#website"},"datePublished":"2017-06-15T13:29:10+00:00","dateModified":"2020-10-14T06:44:15+00:00","description":"Trouvez ici une s\u00e9lection d'articles et de m\u00e9dias \u00e0 propos d'Abdul Latif Jameel \u00e0 travers le monde.","breadcrumb":{"@id":"https:\/\/alj.com\/fr\/media-center\/in-the-news\/#breadcrumb"},"inLanguage":"fr-FR","potentialAction":[{"@type":"ReadAction","target":["https:\/\/alj.com\/fr\/media-center\/in-the-news\/"]}]},{"@type":"BreadcrumbList","@id":"https:\/\/alj.com\/fr\/media-center\/in-the-news\/#breadcrumb","itemListElement":[{"@type":"ListItem","position":1,"name":"Home","item":"https:\/\/alj.com\/fr\/"},{"@type":"ListItem","position":2,"name":"Media Center","item":"https:\/\/alj.com\/fr\/media-center\/"},{"@type":"ListItem","position":3,"name":"Actualit\u00e9s"}]},{"@type":"WebSite","@id":"https:\/\/alj.com\/en\/#website","url":"https:\/\/alj.com\/en\/","name":"Abdul Latif Jameel","description":"Abdul Latif Jameel","potentialAction":[{"@type":"SearchAction","target":{"@type":"EntryPoint","urlTemplate":"https:\/\/alj.com\/en\/?s={search_term_string}"},"query-input":"required name=search_term_string"}],"inLanguage":"fr-FR"}]}},"_links":{"self":[{"href":"https:\/\/alj.com\/fr\/wp-json\/wp\/v2\/pages\/12903"}],"collection":[{"href":"https:\/\/alj.com\/fr\/wp-json\/wp\/v2\/pages"}],"about":[{"href":"https:\/\/alj.com\/fr\/wp-json\/wp\/v2\/types\/page"}],"author":[{"embeddable":true,"href":"https:\/\/alj.com\/fr\/wp-json\/wp\/v2\/users\/14"}],"replies":[{"embeddable":true,"href":"https:\/\/alj.com\/fr\/wp-json\/wp\/v2\/comments?post=12903"}],"version-history":[{"count":0,"href":"https:\/\/alj.com\/fr\/wp-json\/wp\/v2\/pages\/12903\/revisions"}],"up":[{"embeddable":true,"href":"https:\/\/alj.com\/fr\/wp-json\/wp\/v2\/pages\/12867"}],"wp:featuredmedia":[{"embeddable":true,"href":"https:\/\/alj.com\/fr\/wp-json\/wp\/v2\/media\/12127"}],"wp:attachment":[{"href":"https:\/\/alj.com\/fr\/wp-json\/wp\/v2\/media?parent=12903"}],"wp:term":[{"taxonomy":"category","embeddable":true,"href":"https:\/\/alj.com\/fr\/wp-json\/wp\/v2\/categories?post=12903"}],"curies":[{"name":"wp","href":"https:\/\/api.w.org\/{rel}","templated":true}]}}