{"id":12921,"date":"2017-06-15T13:45:28","date_gmt":"2017-06-15T13:45:28","guid":{"rendered":"http:\/\/alj.corp.staging.omniaconnect.net\/fr\/media-center\/perspectives\/"},"modified":"2021-12-06T08:24:11","modified_gmt":"2021-12-06T08:24:11","slug":"perspectives","status":"publish","type":"page","link":"https:\/\/alj.com\/fr\/media-center\/perspectives\/","title":{"rendered":"Perspectives"},"content":{"rendered":"<h4>La s\u00e9rie <em>Perspectives<\/em> d\u2019Abdul Latif Jameel offre un \u00e9clairage unique et engageant des d\u00e9fis et opportunit\u00e9s rencontr\u00e9s au sein des secteurs \u00e9conomiques d\u00e9veloppementaux cl\u00e9s de la r\u00e9gion en \u00e9volution rapide du Moyen-Orient, Afrique du Nord et Turquie, et bien au-del\u00e0.<\/h4>\n","protected":false},"excerpt":{"rendered":"<p>La s\u00e9rie Perspectives d\u2019Abdul Latif Jameel offre un \u00e9clairage unique et engageant des d\u00e9fis et opportunit\u00e9s rencontr\u00e9s au sein des secteurs \u00e9conomiques d\u00e9veloppementaux cl\u00e9s de la r\u00e9gion en \u00e9volution rapide du Moyen-Orient, Afrique du Nord et Turquie, et bien au-del\u00e0.<\/p>\n","protected":false},"author":14,"featured_media":12140,"parent":12867,"menu_order":15,"comment_status":"closed","ping_status":"closed","template":"page-templates\/perspective.php","meta":{"footnotes":""},"categories":[],"acf":[],"yoast_head":"<!-- This site is optimized with the Yoast SEO plugin v21.5 - https:\/\/yoast.com\/wordpress\/plugins\/seo\/ -->\n<title>S\u00e9rie de directions \u00e9clair\u00e9es - Perspectives | Abdul Latif Jameel\u00ae<\/title>\n<meta name=\"description\" content=\"La s\u00e9rie &quot;Perspectives&quot; de Abdul Latif Jameel intitul\u00e9e &quot;Le leadership \u00e9clair\u00e9&quot; fournit un aper\u00e7u unique et engageant des d\u00e9fis et opportunit\u00e9s de nos entreprises.\" \/>\n<meta name=\"robots\" content=\"index, follow, max-snippet:-1, max-image-preview:large, max-video-preview:-1\" \/>\n<link rel=\"canonical\" href=\"https:\/\/alj.com\/fr\/media-center\/perspectives\/\" \/>\n<meta property=\"og:locale\" content=\"fr_FR\" \/>\n<meta property=\"og:type\" content=\"article\" \/>\n<meta property=\"og:title\" content=\"S\u00e9rie de directions \u00e9clair\u00e9es - Perspectives | Abdul Latif Jameel\u00ae\" \/>\n<meta property=\"og:description\" content=\"La s\u00e9rie &quot;Perspectives&quot; de Abdul Latif Jameel intitul\u00e9e &quot;Le leadership \u00e9clair\u00e9&quot; fournit un aper\u00e7u unique et engageant des d\u00e9fis et opportunit\u00e9s de nos entreprises.\" \/>\n<meta property=\"og:url\" content=\"https:\/\/alj.com\/fr\/media-center\/perspectives\/\" \/>\n<meta property=\"og:site_name\" content=\"Abdul Latif Jameel\" \/>\n<meta property=\"article:publisher\" content=\"https:\/\/www.facebook.com\/Abdul.Latif.Jameel.Official\" \/>\n<meta property=\"article:modified_time\" content=\"2021-12-06T08:24:11+00:00\" \/>\n<meta property=\"og:image\" content=\"https:\/\/media.alj.com\/app\/uploads\/2017\/06\/alj-perspectives-msl1.jpg\" \/>\n\t<meta property=\"og:image:width\" content=\"1294\" \/>\n\t<meta property=\"og:image:height\" content=\"600\" \/>\n\t<meta property=\"og:image:type\" content=\"image\/jpeg\" \/>\n<meta name=\"twitter:card\" content=\"summary_large_image\" \/>\n<script type=\"application\/ld+json\" class=\"yoast-schema-graph\">{\"@context\":\"https:\/\/schema.org\",\"@graph\":[{\"@type\":\"WebPage\",\"@id\":\"https:\/\/alj.com\/fr\/media-center\/perspectives\/\",\"url\":\"https:\/\/alj.com\/fr\/media-center\/perspectives\/\",\"name\":\"S\u00e9rie de directions \u00e9clair\u00e9es - Perspectives | Abdul Latif Jameel\u00ae\",\"isPartOf\":{\"@id\":\"https:\/\/alj.com\/en\/#website\"},\"datePublished\":\"2017-06-15T13:45:28+00:00\",\"dateModified\":\"2021-12-06T08:24:11+00:00\",\"description\":\"La s\u00e9rie \\\"Perspectives\\\" de Abdul Latif Jameel intitul\u00e9e \\\"Le leadership \u00e9clair\u00e9\\\" fournit un aper\u00e7u unique et engageant des d\u00e9fis et opportunit\u00e9s de nos entreprises.\",\"breadcrumb\":{\"@id\":\"https:\/\/alj.com\/fr\/media-center\/perspectives\/#breadcrumb\"},\"inLanguage\":\"fr-FR\",\"potentialAction\":[{\"@type\":\"ReadAction\",\"target\":[\"https:\/\/alj.com\/fr\/media-center\/perspectives\/\"]}]},{\"@type\":\"BreadcrumbList\",\"@id\":\"https:\/\/alj.com\/fr\/media-center\/perspectives\/#breadcrumb\",\"itemListElement\":[{\"@type\":\"ListItem\",\"position\":1,\"name\":\"Home\",\"item\":\"https:\/\/alj.com\/fr\/\"},{\"@type\":\"ListItem\",\"position\":2,\"name\":\"Media Center\",\"item\":\"https:\/\/alj.com\/fr\/media-center\/\"},{\"@type\":\"ListItem\",\"position\":3,\"name\":\"Perspectives\"}]},{\"@type\":\"WebSite\",\"@id\":\"https:\/\/alj.com\/en\/#website\",\"url\":\"https:\/\/alj.com\/en\/\",\"name\":\"Abdul Latif Jameel\",\"description\":\"Abdul Latif Jameel\",\"potentialAction\":[{\"@type\":\"SearchAction\",\"target\":{\"@type\":\"EntryPoint\",\"urlTemplate\":\"https:\/\/alj.com\/en\/?s={search_term_string}\"},\"query-input\":\"required name=search_term_string\"}],\"inLanguage\":\"fr-FR\"}]}<\/script>\n<!-- \/ Yoast SEO plugin. -->","yoast_head_json":{"title":"S\u00e9rie de directions \u00e9clair\u00e9es - Perspectives | Abdul Latif Jameel\u00ae","description":"La s\u00e9rie \"Perspectives\" de Abdul Latif Jameel intitul\u00e9e \"Le leadership \u00e9clair\u00e9\" fournit un aper\u00e7u unique et engageant des d\u00e9fis et opportunit\u00e9s de nos entreprises.","robots":{"index":"index","follow":"follow","max-snippet":"max-snippet:-1","max-image-preview":"max-image-preview:large","max-video-preview":"max-video-preview:-1"},"canonical":"https:\/\/alj.com\/fr\/media-center\/perspectives\/","og_locale":"fr_FR","og_type":"article","og_title":"S\u00e9rie de directions \u00e9clair\u00e9es - Perspectives | Abdul Latif Jameel\u00ae","og_description":"La s\u00e9rie \"Perspectives\" de Abdul Latif Jameel intitul\u00e9e \"Le leadership \u00e9clair\u00e9\" fournit un aper\u00e7u unique et engageant des d\u00e9fis et opportunit\u00e9s de nos entreprises.","og_url":"https:\/\/alj.com\/fr\/media-center\/perspectives\/","og_site_name":"Abdul Latif Jameel","article_publisher":"https:\/\/www.facebook.com\/Abdul.Latif.Jameel.Official","article_modified_time":"2021-12-06T08:24:11+00:00","og_image":[{"width":1294,"height":600,"url":"https:\/\/media.alj.com\/app\/uploads\/2017\/06\/alj-perspectives-msl1.jpg","type":"image\/jpeg"}],"twitter_card":"summary_large_image","schema":{"@context":"https:\/\/schema.org","@graph":[{"@type":"WebPage","@id":"https:\/\/alj.com\/fr\/media-center\/perspectives\/","url":"https:\/\/alj.com\/fr\/media-center\/perspectives\/","name":"S\u00e9rie de directions \u00e9clair\u00e9es - Perspectives | Abdul Latif Jameel\u00ae","isPartOf":{"@id":"https:\/\/alj.com\/en\/#website"},"datePublished":"2017-06-15T13:45:28+00:00","dateModified":"2021-12-06T08:24:11+00:00","description":"La s\u00e9rie \"Perspectives\" de Abdul Latif Jameel intitul\u00e9e \"Le leadership \u00e9clair\u00e9\" fournit un aper\u00e7u unique et engageant des d\u00e9fis et opportunit\u00e9s de nos entreprises.","breadcrumb":{"@id":"https:\/\/alj.com\/fr\/media-center\/perspectives\/#breadcrumb"},"inLanguage":"fr-FR","potentialAction":[{"@type":"ReadAction","target":["https:\/\/alj.com\/fr\/media-center\/perspectives\/"]}]},{"@type":"BreadcrumbList","@id":"https:\/\/alj.com\/fr\/media-center\/perspectives\/#breadcrumb","itemListElement":[{"@type":"ListItem","position":1,"name":"Home","item":"https:\/\/alj.com\/fr\/"},{"@type":"ListItem","position":2,"name":"Media Center","item":"https:\/\/alj.com\/fr\/media-center\/"},{"@type":"ListItem","position":3,"name":"Perspectives"}]},{"@type":"WebSite","@id":"https:\/\/alj.com\/en\/#website","url":"https:\/\/alj.com\/en\/","name":"Abdul Latif Jameel","description":"Abdul Latif Jameel","potentialAction":[{"@type":"SearchAction","target":{"@type":"EntryPoint","urlTemplate":"https:\/\/alj.com\/en\/?s={search_term_string}"},"query-input":"required name=search_term_string"}],"inLanguage":"fr-FR"}]}},"_links":{"self":[{"href":"https:\/\/alj.com\/fr\/wp-json\/wp\/v2\/pages\/12921"}],"collection":[{"href":"https:\/\/alj.com\/fr\/wp-json\/wp\/v2\/pages"}],"about":[{"href":"https:\/\/alj.com\/fr\/wp-json\/wp\/v2\/types\/page"}],"author":[{"embeddable":true,"href":"https:\/\/alj.com\/fr\/wp-json\/wp\/v2\/users\/14"}],"replies":[{"embeddable":true,"href":"https:\/\/alj.com\/fr\/wp-json\/wp\/v2\/comments?post=12921"}],"version-history":[{"count":0,"href":"https:\/\/alj.com\/fr\/wp-json\/wp\/v2\/pages\/12921\/revisions"}],"up":[{"embeddable":true,"href":"https:\/\/alj.com\/fr\/wp-json\/wp\/v2\/pages\/12867"}],"wp:featuredmedia":[{"embeddable":true,"href":"https:\/\/alj.com\/fr\/wp-json\/wp\/v2\/media\/12140"}],"wp:attachment":[{"href":"https:\/\/alj.com\/fr\/wp-json\/wp\/v2\/media?parent=12921"}],"wp:term":[{"taxonomy":"category","embeddable":true,"href":"https:\/\/alj.com\/fr\/wp-json\/wp\/v2\/categories?post=12921"}],"curies":[{"name":"wp","href":"https:\/\/api.w.org\/{rel}","templated":true}]}}