{"id":12934,"date":"2017-07-17T09:18:54","date_gmt":"2017-07-17T09:18:54","guid":{"rendered":"http:\/\/alj.corp.staging.omniaconnect.net\/fr\/people\/our-people\/"},"modified":"2026-02-11T08:23:13","modified_gmt":"2026-02-11T08:23:13","slug":"our-people","status":"publish","type":"page","link":"https:\/\/alj.com\/fr\/about\/our-people\/","title":{"rendered":"Notre \u00e9quipe"},"content":{"rendered":"<h2>Nos dirigeants<\/h2>\n<h4>Notre \u00e9quipe est notre plus grande force.<\/h4>\n<p>En poursuivant le m\u00eame esprit pionnier et le m\u00eame d\u00e9vouement avis\u00e9 pour la croissance de nos entreprises que notre fondateur, les dirigeants actuels continuent de d\u00e9couvrir de nouveaux potentiels et d\u2019ajouter de la valeur en investissant dans les infrastructures du quotidien pour d\u00e9velopper les \u00e9conomies de notre r\u00e9gion et am\u00e9liorer la vie de ses habitants.<\/p>\n<p>Notre \u00e9quipe a fait des activit\u00e9s internationales diversifi\u00e9es d\u2019Abdul Latif Jameel un partenaire d\u2019investissement de confiance respect\u00e9 et le mod\u00e8le d\u2019innovation et de d\u00e9veloppement qu\u2019il est aujourd\u2019hui.<\/p>\n","protected":false},"excerpt":{"rendered":"<p>Nos dirigeants Notre \u00e9quipe est notre plus grande force. En poursuivant le m\u00eame esprit pionnier et le m\u00eame d\u00e9vouement avis\u00e9 pour la croissance de nos entreprises que notre fondateur, les dirigeants actuels continuent de d\u00e9couvrir de nouveaux potentiels et d\u2019ajouter de la valeur en investissant dans les infrastructures du quotidien pour d\u00e9velopper les \u00e9conomies de [&hellip;]<\/p>\n","protected":false},"author":14,"featured_media":0,"parent":2451,"menu_order":21,"comment_status":"closed","ping_status":"closed","template":"page-templates\/our-people.php","meta":{"footnotes":""},"categories":[],"acf":[],"yoast_head":"<!-- This site is optimized with the Yoast SEO plugin v21.5 - https:\/\/yoast.com\/wordpress\/plugins\/seo\/ -->\n<title>Rencontrez nos \u00e9quipes et dirigeants | Abdul Latif Jameel\u00ae<\/title>\n<meta name=\"description\" content=\"Rencontrez les dirigeants qui g\u00e8rent et d\u00e9veloppent les diverses activit\u00e9s internationales d&#039;Abdul Latif Jameel, partenaire respect\u00e9 d&#039;investissement de confiance.\" \/>\n<meta name=\"robots\" content=\"index, follow, max-snippet:-1, max-image-preview:large, max-video-preview:-1\" \/>\n<link rel=\"canonical\" href=\"https:\/\/alj.com\/fr\/about\/our-people\/\" \/>\n<meta property=\"og:locale\" content=\"fr_FR\" \/>\n<meta property=\"og:type\" content=\"article\" \/>\n<meta property=\"og:title\" content=\"Rencontrez nos \u00e9quipes et dirigeants | Abdul Latif Jameel\u00ae\" \/>\n<meta property=\"og:description\" content=\"Rencontrez les dirigeants qui g\u00e8rent et d\u00e9veloppent les diverses activit\u00e9s internationales d&#039;Abdul Latif Jameel, partenaire respect\u00e9 d&#039;investissement de confiance.\" \/>\n<meta property=\"og:url\" content=\"https:\/\/alj.com\/fr\/about\/our-people\/\" \/>\n<meta property=\"og:site_name\" content=\"Abdul Latif Jameel\" \/>\n<meta property=\"article:publisher\" content=\"https:\/\/www.facebook.com\/Abdul.Latif.Jameel.Official\" \/>\n<meta property=\"article:modified_time\" content=\"2026-02-11T08:23:13+00:00\" \/>\n<meta property=\"og:image\" content=\"https:\/\/media.alj.com\/app\/uploads\/2016\/10\/alj-our-presence-in-menat-and-beyond.jpg\" \/>\n\t<meta property=\"og:image:width\" content=\"1294\" \/>\n\t<meta property=\"og:image:height\" content=\"600\" \/>\n\t<meta property=\"og:image:type\" content=\"image\/jpeg\" \/>\n<meta name=\"twitter:card\" content=\"summary_large_image\" \/>\n<meta name=\"twitter:label1\" content=\"Est. reading time\" \/>\n\t<meta name=\"twitter:data1\" content=\"1 minute\" \/>\n<script type=\"application\/ld+json\" class=\"yoast-schema-graph\">{\"@context\":\"https:\/\/schema.org\",\"@graph\":[{\"@type\":\"WebPage\",\"@id\":\"https:\/\/alj.com\/fr\/about\/our-people\/\",\"url\":\"https:\/\/alj.com\/fr\/about\/our-people\/\",\"name\":\"Rencontrez nos \u00e9quipes et dirigeants | Abdul Latif Jameel\u00ae\",\"isPartOf\":{\"@id\":\"https:\/\/alj.com\/en\/#website\"},\"datePublished\":\"2017-07-17T09:18:54+00:00\",\"dateModified\":\"2026-02-11T08:23:13+00:00\",\"description\":\"Rencontrez les dirigeants qui g\u00e8rent et d\u00e9veloppent les diverses activit\u00e9s internationales d'Abdul Latif Jameel, partenaire respect\u00e9 d'investissement de confiance.\",\"breadcrumb\":{\"@id\":\"https:\/\/alj.com\/fr\/about\/our-people\/#breadcrumb\"},\"inLanguage\":\"fr-FR\",\"potentialAction\":[{\"@type\":\"ReadAction\",\"target\":[\"https:\/\/alj.com\/fr\/about\/our-people\/\"]}]},{\"@type\":\"BreadcrumbList\",\"@id\":\"https:\/\/alj.com\/fr\/about\/our-people\/#breadcrumb\",\"itemListElement\":[{\"@type\":\"ListItem\",\"position\":1,\"name\":\"Home\",\"item\":\"https:\/\/alj.com\/fr\/\"},{\"@type\":\"ListItem\",\"position\":2,\"name\":\"\u00c0 Propos de Nous\",\"item\":\"https:\/\/alj.com\/fr\/about\/\"},{\"@type\":\"ListItem\",\"position\":3,\"name\":\"Notre \u00e9quipe\"}]},{\"@type\":\"WebSite\",\"@id\":\"https:\/\/alj.com\/en\/#website\",\"url\":\"https:\/\/alj.com\/en\/\",\"name\":\"Abdul Latif Jameel\",\"description\":\"Abdul Latif Jameel\",\"potentialAction\":[{\"@type\":\"SearchAction\",\"target\":{\"@type\":\"EntryPoint\",\"urlTemplate\":\"https:\/\/alj.com\/en\/?s={search_term_string}\"},\"query-input\":\"required name=search_term_string\"}],\"inLanguage\":\"fr-FR\"}]}<\/script>\n<!-- \/ Yoast SEO plugin. -->","yoast_head_json":{"title":"Rencontrez nos \u00e9quipes et dirigeants | Abdul Latif Jameel\u00ae","description":"Rencontrez les dirigeants qui g\u00e8rent et d\u00e9veloppent les diverses activit\u00e9s internationales d'Abdul Latif Jameel, partenaire respect\u00e9 d'investissement de confiance.","robots":{"index":"index","follow":"follow","max-snippet":"max-snippet:-1","max-image-preview":"max-image-preview:large","max-video-preview":"max-video-preview:-1"},"canonical":"https:\/\/alj.com\/fr\/about\/our-people\/","og_locale":"fr_FR","og_type":"article","og_title":"Rencontrez nos \u00e9quipes et dirigeants | Abdul Latif Jameel\u00ae","og_description":"Rencontrez les dirigeants qui g\u00e8rent et d\u00e9veloppent les diverses activit\u00e9s internationales d'Abdul Latif Jameel, partenaire respect\u00e9 d'investissement de confiance.","og_url":"https:\/\/alj.com\/fr\/about\/our-people\/","og_site_name":"Abdul Latif Jameel","article_publisher":"https:\/\/www.facebook.com\/Abdul.Latif.Jameel.Official","article_modified_time":"2026-02-11T08:23:13+00:00","og_image":[{"width":1294,"height":600,"url":"https:\/\/media.alj.com\/app\/uploads\/2016\/10\/alj-our-presence-in-menat-and-beyond.jpg","type":"image\/jpeg"}],"twitter_card":"summary_large_image","twitter_misc":{"Est. reading time":"1 minute"},"schema":{"@context":"https:\/\/schema.org","@graph":[{"@type":"WebPage","@id":"https:\/\/alj.com\/fr\/about\/our-people\/","url":"https:\/\/alj.com\/fr\/about\/our-people\/","name":"Rencontrez nos \u00e9quipes et dirigeants | Abdul Latif Jameel\u00ae","isPartOf":{"@id":"https:\/\/alj.com\/en\/#website"},"datePublished":"2017-07-17T09:18:54+00:00","dateModified":"2026-02-11T08:23:13+00:00","description":"Rencontrez les dirigeants qui g\u00e8rent et d\u00e9veloppent les diverses activit\u00e9s internationales d'Abdul Latif Jameel, partenaire respect\u00e9 d'investissement de confiance.","breadcrumb":{"@id":"https:\/\/alj.com\/fr\/about\/our-people\/#breadcrumb"},"inLanguage":"fr-FR","potentialAction":[{"@type":"ReadAction","target":["https:\/\/alj.com\/fr\/about\/our-people\/"]}]},{"@type":"BreadcrumbList","@id":"https:\/\/alj.com\/fr\/about\/our-people\/#breadcrumb","itemListElement":[{"@type":"ListItem","position":1,"name":"Home","item":"https:\/\/alj.com\/fr\/"},{"@type":"ListItem","position":2,"name":"\u00c0 Propos de Nous","item":"https:\/\/alj.com\/fr\/about\/"},{"@type":"ListItem","position":3,"name":"Notre \u00e9quipe"}]},{"@type":"WebSite","@id":"https:\/\/alj.com\/en\/#website","url":"https:\/\/alj.com\/en\/","name":"Abdul Latif Jameel","description":"Abdul Latif Jameel","potentialAction":[{"@type":"SearchAction","target":{"@type":"EntryPoint","urlTemplate":"https:\/\/alj.com\/en\/?s={search_term_string}"},"query-input":"required name=search_term_string"}],"inLanguage":"fr-FR"}]}},"_links":{"self":[{"href":"https:\/\/alj.com\/fr\/wp-json\/wp\/v2\/pages\/12934"}],"collection":[{"href":"https:\/\/alj.com\/fr\/wp-json\/wp\/v2\/pages"}],"about":[{"href":"https:\/\/alj.com\/fr\/wp-json\/wp\/v2\/types\/page"}],"author":[{"embeddable":true,"href":"https:\/\/alj.com\/fr\/wp-json\/wp\/v2\/users\/14"}],"replies":[{"embeddable":true,"href":"https:\/\/alj.com\/fr\/wp-json\/wp\/v2\/comments?post=12934"}],"version-history":[{"count":4,"href":"https:\/\/alj.com\/fr\/wp-json\/wp\/v2\/pages\/12934\/revisions"}],"predecessor-version":[{"id":125827,"href":"https:\/\/alj.com\/fr\/wp-json\/wp\/v2\/pages\/12934\/revisions\/125827"}],"up":[{"embeddable":true,"href":"https:\/\/alj.com\/fr\/wp-json\/wp\/v2\/pages\/2451"}],"wp:attachment":[{"href":"https:\/\/alj.com\/fr\/wp-json\/wp\/v2\/media?parent=12934"}],"wp:term":[{"taxonomy":"category","embeddable":true,"href":"https:\/\/alj.com\/fr\/wp-json\/wp\/v2\/categories?post=12934"}],"curies":[{"name":"wp","href":"https:\/\/api.w.org\/{rel}","templated":true}]}}