{"id":18060,"date":"2018-11-27T07:35:33","date_gmt":"2018-11-27T07:35:33","guid":{"rendered":"https:\/\/www.alj.com\/fr\/investments\/partners-in-prosperity\/"},"modified":"2023-10-13T07:52:38","modified_gmt":"2023-10-13T07:52:38","slug":"partners-in-prosperity","status":"publish","type":"page","link":"https:\/\/alj.com\/fr\/investments\/partners-in-prosperity\/","title":{"rendered":"Partenaires en prosp\u00e9rit\u00e9"},"content":{"rendered":"<h2>Investir dans le futur<\/h2>\n<h4><span style=\"font-size: 20px;\">De nos centres de d\u00e9veloppement des affaires internationales \u00e0 Istanbul, Tokyo, Riyad, Jeddah et Duba\u00ef, la branche d\u2019investissement d\u2019Abdul Latif Jameel s\u2019efforce continuellement de d\u00e9couvrir de nouveaux potentiels et d\u2019ouvrir de nouvelles portes pour encourager des possibilit\u00e9s de d\u00e9veloppement pr\u00e9sentes et futures.<\/span><\/h4>\n<p>Nous recherchons des opportunit\u00e9s d&#8217;investissement, des partenariats et des alliances o\u00f9 nous sommes convaincus de pouvoir ajouter de la valeur, permettant ainsi \u00e0 nos partenaires et aux nouveaux march\u00e9s de prosp\u00e9rer mutuellement &#8211; quelques-unes de ces affiliations sont pr\u00e9sent\u00e9es ici.<\/p>\n","protected":false},"excerpt":{"rendered":"<p>Investir dans le futur De nos centres de d\u00e9veloppement des affaires internationales \u00e0 Istanbul, Tokyo, Riyad, Jeddah et Duba\u00ef, la branche d\u2019investissement d\u2019Abdul Latif Jameel s\u2019efforce continuellement de d\u00e9couvrir de nouveaux potentiels et d\u2019ouvrir de nouvelles portes pour encourager des possibilit\u00e9s de d\u00e9veloppement pr\u00e9sentes et futures. Nous recherchons des opportunit\u00e9s d&#8217;investissement, des partenariats et des [&hellip;]<\/p>\n","protected":false},"author":14,"featured_media":65902,"parent":9036,"menu_order":21,"comment_status":"closed","ping_status":"closed","template":"page-templates\/investment-overview.php","meta":{"footnotes":""},"categories":[],"acf":[],"yoast_head":"<!-- This site is optimized with the Yoast SEO plugin v21.5 - https:\/\/yoast.com\/wordpress\/plugins\/seo\/ -->\n<title>Opportunit\u00e9s d&#039;investissement et partenariats | Abdul Latif Jameel\u00ae<\/title>\n<meta name=\"description\" content=\"La branche d\u2019investissement d\u2019Abdul Latif Jameel s\u2019efforce continuellement de d\u00e9couvrir de nouveaux potentiels et d\u2019ouvrir de nouvelles portes aux entreprises des r\u00e9gions du Moyen-Orient, de l&#039;Afrique du Nord, de la Turquie et m\u00eame au-del\u00e0.\" \/>\n<meta name=\"robots\" content=\"index, follow, max-snippet:-1, max-image-preview:large, max-video-preview:-1\" \/>\n<link rel=\"canonical\" href=\"https:\/\/alj.com\/fr\/investments\/partners-in-prosperity\/\" \/>\n<meta property=\"og:locale\" content=\"fr_FR\" \/>\n<meta property=\"og:type\" content=\"article\" \/>\n<meta property=\"og:title\" content=\"Opportunit\u00e9s d&#039;investissement et partenariats | Abdul Latif Jameel\u00ae\" \/>\n<meta property=\"og:description\" content=\"La branche d\u2019investissement d\u2019Abdul Latif Jameel s\u2019efforce continuellement de d\u00e9couvrir de nouveaux potentiels et d\u2019ouvrir de nouvelles portes aux entreprises des r\u00e9gions du Moyen-Orient, de l&#039;Afrique du Nord, de la Turquie et m\u00eame au-del\u00e0.\" \/>\n<meta property=\"og:url\" content=\"https:\/\/alj.com\/fr\/investments\/partners-in-prosperity\/\" \/>\n<meta property=\"og:site_name\" content=\"Abdul Latif Jameel\" \/>\n<meta property=\"article:publisher\" content=\"https:\/\/www.facebook.com\/Abdul.Latif.Jameel.Official\" \/>\n<meta property=\"article:modified_time\" content=\"2023-10-13T07:52:38+00:00\" \/>\n<meta property=\"og:image\" content=\"https:\/\/media.alj.com\/app\/uploads\/2020\/07\/2012-International-Operations-HQ-relocates-from-Beruit-to-Dubai-UAE-1.jpg\" \/>\n\t<meta property=\"og:image:width\" content=\"2040\" \/>\n\t<meta property=\"og:image:height\" content=\"1357\" \/>\n\t<meta property=\"og:image:type\" content=\"image\/jpeg\" \/>\n<meta name=\"twitter:card\" content=\"summary_large_image\" \/>\n<script type=\"application\/ld+json\" class=\"yoast-schema-graph\">{\"@context\":\"https:\/\/schema.org\",\"@graph\":[{\"@type\":\"WebPage\",\"@id\":\"https:\/\/alj.com\/fr\/investments\/partners-in-prosperity\/\",\"url\":\"https:\/\/alj.com\/fr\/investments\/partners-in-prosperity\/\",\"name\":\"Opportunit\u00e9s d'investissement et partenariats | Abdul Latif Jameel\u00ae\",\"isPartOf\":{\"@id\":\"https:\/\/alj.com\/en\/#website\"},\"datePublished\":\"2018-11-27T07:35:33+00:00\",\"dateModified\":\"2023-10-13T07:52:38+00:00\",\"description\":\"La branche d\u2019investissement d\u2019Abdul Latif Jameel s\u2019efforce continuellement de d\u00e9couvrir de nouveaux potentiels et d\u2019ouvrir de nouvelles portes aux entreprises des r\u00e9gions du Moyen-Orient, de l'Afrique du Nord, de la Turquie et m\u00eame au-del\u00e0.\",\"breadcrumb\":{\"@id\":\"https:\/\/alj.com\/fr\/investments\/partners-in-prosperity\/#breadcrumb\"},\"inLanguage\":\"fr-FR\",\"potentialAction\":[{\"@type\":\"ReadAction\",\"target\":[\"https:\/\/alj.com\/fr\/investments\/partners-in-prosperity\/\"]}]},{\"@type\":\"BreadcrumbList\",\"@id\":\"https:\/\/alj.com\/fr\/investments\/partners-in-prosperity\/#breadcrumb\",\"itemListElement\":[{\"@type\":\"ListItem\",\"position\":1,\"name\":\"Home\",\"item\":\"https:\/\/alj.com\/fr\/\"},{\"@type\":\"ListItem\",\"position\":2,\"name\":\"Investissements\",\"item\":\"https:\/\/alj.com\/fr\/investments\/\"},{\"@type\":\"ListItem\",\"position\":3,\"name\":\"Partenaires en prosp\u00e9rit\u00e9\"}]},{\"@type\":\"WebSite\",\"@id\":\"https:\/\/alj.com\/en\/#website\",\"url\":\"https:\/\/alj.com\/en\/\",\"name\":\"Abdul Latif Jameel\",\"description\":\"Abdul Latif Jameel\",\"potentialAction\":[{\"@type\":\"SearchAction\",\"target\":{\"@type\":\"EntryPoint\",\"urlTemplate\":\"https:\/\/alj.com\/en\/?s={search_term_string}\"},\"query-input\":\"required name=search_term_string\"}],\"inLanguage\":\"fr-FR\"}]}<\/script>\n<!-- \/ Yoast SEO plugin. -->","yoast_head_json":{"title":"Opportunit\u00e9s d'investissement et partenariats | Abdul Latif Jameel\u00ae","description":"La branche d\u2019investissement d\u2019Abdul Latif Jameel s\u2019efforce continuellement de d\u00e9couvrir de nouveaux potentiels et d\u2019ouvrir de nouvelles portes aux entreprises des r\u00e9gions du Moyen-Orient, de l'Afrique du Nord, de la Turquie et m\u00eame au-del\u00e0.","robots":{"index":"index","follow":"follow","max-snippet":"max-snippet:-1","max-image-preview":"max-image-preview:large","max-video-preview":"max-video-preview:-1"},"canonical":"https:\/\/alj.com\/fr\/investments\/partners-in-prosperity\/","og_locale":"fr_FR","og_type":"article","og_title":"Opportunit\u00e9s d'investissement et partenariats | Abdul Latif Jameel\u00ae","og_description":"La branche d\u2019investissement d\u2019Abdul Latif Jameel s\u2019efforce continuellement de d\u00e9couvrir de nouveaux potentiels et d\u2019ouvrir de nouvelles portes aux entreprises des r\u00e9gions du Moyen-Orient, de l'Afrique du Nord, de la Turquie et m\u00eame au-del\u00e0.","og_url":"https:\/\/alj.com\/fr\/investments\/partners-in-prosperity\/","og_site_name":"Abdul Latif Jameel","article_publisher":"https:\/\/www.facebook.com\/Abdul.Latif.Jameel.Official","article_modified_time":"2023-10-13T07:52:38+00:00","og_image":[{"width":2040,"height":1357,"url":"https:\/\/media.alj.com\/app\/uploads\/2020\/07\/2012-International-Operations-HQ-relocates-from-Beruit-to-Dubai-UAE-1.jpg","type":"image\/jpeg"}],"twitter_card":"summary_large_image","schema":{"@context":"https:\/\/schema.org","@graph":[{"@type":"WebPage","@id":"https:\/\/alj.com\/fr\/investments\/partners-in-prosperity\/","url":"https:\/\/alj.com\/fr\/investments\/partners-in-prosperity\/","name":"Opportunit\u00e9s d'investissement et partenariats | Abdul Latif Jameel\u00ae","isPartOf":{"@id":"https:\/\/alj.com\/en\/#website"},"datePublished":"2018-11-27T07:35:33+00:00","dateModified":"2023-10-13T07:52:38+00:00","description":"La branche d\u2019investissement d\u2019Abdul Latif Jameel s\u2019efforce continuellement de d\u00e9couvrir de nouveaux potentiels et d\u2019ouvrir de nouvelles portes aux entreprises des r\u00e9gions du Moyen-Orient, de l'Afrique du Nord, de la Turquie et m\u00eame au-del\u00e0.","breadcrumb":{"@id":"https:\/\/alj.com\/fr\/investments\/partners-in-prosperity\/#breadcrumb"},"inLanguage":"fr-FR","potentialAction":[{"@type":"ReadAction","target":["https:\/\/alj.com\/fr\/investments\/partners-in-prosperity\/"]}]},{"@type":"BreadcrumbList","@id":"https:\/\/alj.com\/fr\/investments\/partners-in-prosperity\/#breadcrumb","itemListElement":[{"@type":"ListItem","position":1,"name":"Home","item":"https:\/\/alj.com\/fr\/"},{"@type":"ListItem","position":2,"name":"Investissements","item":"https:\/\/alj.com\/fr\/investments\/"},{"@type":"ListItem","position":3,"name":"Partenaires en prosp\u00e9rit\u00e9"}]},{"@type":"WebSite","@id":"https:\/\/alj.com\/en\/#website","url":"https:\/\/alj.com\/en\/","name":"Abdul Latif Jameel","description":"Abdul Latif Jameel","potentialAction":[{"@type":"SearchAction","target":{"@type":"EntryPoint","urlTemplate":"https:\/\/alj.com\/en\/?s={search_term_string}"},"query-input":"required name=search_term_string"}],"inLanguage":"fr-FR"}]}},"_links":{"self":[{"href":"https:\/\/alj.com\/fr\/wp-json\/wp\/v2\/pages\/18060"}],"collection":[{"href":"https:\/\/alj.com\/fr\/wp-json\/wp\/v2\/pages"}],"about":[{"href":"https:\/\/alj.com\/fr\/wp-json\/wp\/v2\/types\/page"}],"author":[{"embeddable":true,"href":"https:\/\/alj.com\/fr\/wp-json\/wp\/v2\/users\/14"}],"replies":[{"embeddable":true,"href":"https:\/\/alj.com\/fr\/wp-json\/wp\/v2\/comments?post=18060"}],"version-history":[{"count":0,"href":"https:\/\/alj.com\/fr\/wp-json\/wp\/v2\/pages\/18060\/revisions"}],"up":[{"embeddable":true,"href":"https:\/\/alj.com\/fr\/wp-json\/wp\/v2\/pages\/9036"}],"wp:featuredmedia":[{"embeddable":true,"href":"https:\/\/alj.com\/fr\/wp-json\/wp\/v2\/media\/65902"}],"wp:attachment":[{"href":"https:\/\/alj.com\/fr\/wp-json\/wp\/v2\/media?parent=18060"}],"wp:term":[{"taxonomy":"category","embeddable":true,"href":"https:\/\/alj.com\/fr\/wp-json\/wp\/v2\/categories?post=18060"}],"curies":[{"name":"wp","href":"https:\/\/api.w.org\/{rel}","templated":true}]}}