{"id":2220,"date":"2016-12-26T09:43:33","date_gmt":"2016-12-26T09:43:33","guid":{"rendered":"http:\/\/alj.corp.staging.omniaconnect.net\/fr\/?page_id=2220"},"modified":"2020-04-13T10:16:33","modified_gmt":"2020-04-13T10:16:33","slug":"logistics","status":"publish","type":"page","link":"https:\/\/alj.com\/fr\/transportation\/logistics\/","title":{"rendered":"Logistique"},"content":{"rendered":"<h2>Investir dans la connectivit\u00e9 internationale<\/h2>\n<div class=\"p1-style\">Les march\u00e9s \u00e9mergents comprennent tous l\u2019importance du d\u00e9veloppement de leurs infrastructures et de la logistique, qui sont deux conditions essentielles \u00e0 une croissance \u00e9conomique soutenue et \u00e0 la concurrence.<\/div>\n<p>L&#8217;industrie saoudienne du fret et de la logistique est une industrie importante et dynamique, fortement soutenue par des investissements publics dans les infrastructures ferroviaires, maritimes, routi\u00e8res, logistiques et a\u00e9roportuaires. Le march\u00e9 du fret et de la logistique dans le pays est estim\u00e9 \u00e0 22,95 milliards USD et devrait cro\u00eetre \u00e0 un TCAC de 7,35% entre 2020 et 2025.<\/p>\n","protected":false},"excerpt":{"rendered":"<p>Investir dans la connectivit\u00e9 internationale Les march\u00e9s \u00e9mergents comprennent tous l\u2019importance du d\u00e9veloppement de leurs infrastructures et de la logistique, qui sont deux conditions essentielles \u00e0 une croissance \u00e9conomique soutenue et \u00e0 la concurrence. L&#8217;industrie saoudienne du fret et de la logistique est une industrie importante et dynamique, fortement soutenue par des investissements publics dans [&hellip;]<\/p>\n","protected":false},"author":14,"featured_media":9508,"parent":2212,"menu_order":20,"comment_status":"closed","ping_status":"closed","template":"page-templates\/business-inner.php","meta":{"footnotes":""},"categories":[],"acf":[],"yoast_head":"<!-- This site is optimized with the Yoast SEO plugin v21.5 - https:\/\/yoast.com\/wordpress\/plugins\/seo\/ -->\n<title>Solutions de logistique et de fret | Abdul Latif Jameel\u00ae<\/title>\n<meta name=\"description\" content=\"Ayant des ann\u00e9es d&#039;exp\u00e9rience en logistique dans la r\u00e9gion, nous traitons plus de 700 exp\u00e9ditions de conteneurs maritimes par mois avec 20 000 lignes de commande exp\u00e9di\u00e9es quotidiennement.\" \/>\n<meta name=\"robots\" content=\"index, follow, max-snippet:-1, max-image-preview:large, max-video-preview:-1\" \/>\n<link rel=\"canonical\" href=\"https:\/\/alj.com\/fr\/transportation\/logistics\/\" \/>\n<meta property=\"og:locale\" content=\"fr_FR\" \/>\n<meta property=\"og:type\" content=\"article\" \/>\n<meta property=\"og:title\" content=\"Solutions de logistique et de fret | Abdul Latif Jameel\u00ae\" \/>\n<meta property=\"og:description\" content=\"Ayant des ann\u00e9es d&#039;exp\u00e9rience en logistique dans la r\u00e9gion, nous traitons plus de 700 exp\u00e9ditions de conteneurs maritimes par mois avec 20 000 lignes de commande exp\u00e9di\u00e9es quotidiennement.\" \/>\n<meta property=\"og:url\" content=\"https:\/\/alj.com\/fr\/transportation\/logistics\/\" \/>\n<meta property=\"og:site_name\" content=\"Abdul Latif Jameel\" \/>\n<meta property=\"article:publisher\" content=\"https:\/\/www.facebook.com\/Abdul.Latif.Jameel.Official\" \/>\n<meta property=\"article:modified_time\" content=\"2020-04-13T10:16:33+00:00\" \/>\n<meta property=\"og:image\" content=\"https:\/\/media.alj.com\/app\/uploads\/2016\/10\/alj-our-presence-in-menat-and-beyond.jpg\" \/>\n\t<meta property=\"og:image:width\" content=\"1294\" \/>\n\t<meta property=\"og:image:height\" content=\"600\" \/>\n\t<meta property=\"og:image:type\" content=\"image\/jpeg\" \/>\n<meta name=\"twitter:card\" content=\"summary_large_image\" \/>\n<script type=\"application\/ld+json\" class=\"yoast-schema-graph\">{\"@context\":\"https:\/\/schema.org\",\"@graph\":[{\"@type\":\"WebPage\",\"@id\":\"https:\/\/alj.com\/fr\/transportation\/logistics\/\",\"url\":\"https:\/\/alj.com\/fr\/transportation\/logistics\/\",\"name\":\"Solutions de logistique et de fret | Abdul Latif Jameel\u00ae\",\"isPartOf\":{\"@id\":\"https:\/\/alj.com\/en\/#website\"},\"datePublished\":\"2016-12-26T09:43:33+00:00\",\"dateModified\":\"2020-04-13T10:16:33+00:00\",\"description\":\"Ayant des ann\u00e9es d'exp\u00e9rience en logistique dans la r\u00e9gion, nous traitons plus de 700 exp\u00e9ditions de conteneurs maritimes par mois avec 20 000 lignes de commande exp\u00e9di\u00e9es quotidiennement.\",\"breadcrumb\":{\"@id\":\"https:\/\/alj.com\/fr\/transportation\/logistics\/#breadcrumb\"},\"inLanguage\":\"fr-FR\",\"potentialAction\":[{\"@type\":\"ReadAction\",\"target\":[\"https:\/\/alj.com\/fr\/transportation\/logistics\/\"]}]},{\"@type\":\"BreadcrumbList\",\"@id\":\"https:\/\/alj.com\/fr\/transportation\/logistics\/#breadcrumb\",\"itemListElement\":[{\"@type\":\"ListItem\",\"position\":1,\"name\":\"Home\",\"item\":\"https:\/\/alj.com\/fr\/\"},{\"@type\":\"ListItem\",\"position\":2,\"name\":\"Transports\",\"item\":\"https:\/\/alj.com\/fr\/transportation\/\"},{\"@type\":\"ListItem\",\"position\":3,\"name\":\"Logistique\"}]},{\"@type\":\"WebSite\",\"@id\":\"https:\/\/alj.com\/en\/#website\",\"url\":\"https:\/\/alj.com\/en\/\",\"name\":\"Abdul Latif Jameel\",\"description\":\"Abdul Latif Jameel\",\"potentialAction\":[{\"@type\":\"SearchAction\",\"target\":{\"@type\":\"EntryPoint\",\"urlTemplate\":\"https:\/\/alj.com\/en\/?s={search_term_string}\"},\"query-input\":\"required name=search_term_string\"}],\"inLanguage\":\"fr-FR\"}]}<\/script>\n<!-- \/ Yoast SEO plugin. -->","yoast_head_json":{"title":"Solutions de logistique et de fret | Abdul Latif Jameel\u00ae","description":"Ayant des ann\u00e9es d'exp\u00e9rience en logistique dans la r\u00e9gion, nous traitons plus de 700 exp\u00e9ditions de conteneurs maritimes par mois avec 20 000 lignes de commande exp\u00e9di\u00e9es quotidiennement.","robots":{"index":"index","follow":"follow","max-snippet":"max-snippet:-1","max-image-preview":"max-image-preview:large","max-video-preview":"max-video-preview:-1"},"canonical":"https:\/\/alj.com\/fr\/transportation\/logistics\/","og_locale":"fr_FR","og_type":"article","og_title":"Solutions de logistique et de fret | Abdul Latif Jameel\u00ae","og_description":"Ayant des ann\u00e9es d'exp\u00e9rience en logistique dans la r\u00e9gion, nous traitons plus de 700 exp\u00e9ditions de conteneurs maritimes par mois avec 20 000 lignes de commande exp\u00e9di\u00e9es quotidiennement.","og_url":"https:\/\/alj.com\/fr\/transportation\/logistics\/","og_site_name":"Abdul Latif Jameel","article_publisher":"https:\/\/www.facebook.com\/Abdul.Latif.Jameel.Official","article_modified_time":"2020-04-13T10:16:33+00:00","og_image":[{"width":1294,"height":600,"url":"https:\/\/media.alj.com\/app\/uploads\/2016\/10\/alj-our-presence-in-menat-and-beyond.jpg","type":"image\/jpeg"}],"twitter_card":"summary_large_image","schema":{"@context":"https:\/\/schema.org","@graph":[{"@type":"WebPage","@id":"https:\/\/alj.com\/fr\/transportation\/logistics\/","url":"https:\/\/alj.com\/fr\/transportation\/logistics\/","name":"Solutions de logistique et de fret | Abdul Latif Jameel\u00ae","isPartOf":{"@id":"https:\/\/alj.com\/en\/#website"},"datePublished":"2016-12-26T09:43:33+00:00","dateModified":"2020-04-13T10:16:33+00:00","description":"Ayant des ann\u00e9es d'exp\u00e9rience en logistique dans la r\u00e9gion, nous traitons plus de 700 exp\u00e9ditions de conteneurs maritimes par mois avec 20 000 lignes de commande exp\u00e9di\u00e9es quotidiennement.","breadcrumb":{"@id":"https:\/\/alj.com\/fr\/transportation\/logistics\/#breadcrumb"},"inLanguage":"fr-FR","potentialAction":[{"@type":"ReadAction","target":["https:\/\/alj.com\/fr\/transportation\/logistics\/"]}]},{"@type":"BreadcrumbList","@id":"https:\/\/alj.com\/fr\/transportation\/logistics\/#breadcrumb","itemListElement":[{"@type":"ListItem","position":1,"name":"Home","item":"https:\/\/alj.com\/fr\/"},{"@type":"ListItem","position":2,"name":"Transports","item":"https:\/\/alj.com\/fr\/transportation\/"},{"@type":"ListItem","position":3,"name":"Logistique"}]},{"@type":"WebSite","@id":"https:\/\/alj.com\/en\/#website","url":"https:\/\/alj.com\/en\/","name":"Abdul Latif Jameel","description":"Abdul Latif Jameel","potentialAction":[{"@type":"SearchAction","target":{"@type":"EntryPoint","urlTemplate":"https:\/\/alj.com\/en\/?s={search_term_string}"},"query-input":"required name=search_term_string"}],"inLanguage":"fr-FR"}]}},"_links":{"self":[{"href":"https:\/\/alj.com\/fr\/wp-json\/wp\/v2\/pages\/2220"}],"collection":[{"href":"https:\/\/alj.com\/fr\/wp-json\/wp\/v2\/pages"}],"about":[{"href":"https:\/\/alj.com\/fr\/wp-json\/wp\/v2\/types\/page"}],"author":[{"embeddable":true,"href":"https:\/\/alj.com\/fr\/wp-json\/wp\/v2\/users\/14"}],"replies":[{"embeddable":true,"href":"https:\/\/alj.com\/fr\/wp-json\/wp\/v2\/comments?post=2220"}],"version-history":[{"count":0,"href":"https:\/\/alj.com\/fr\/wp-json\/wp\/v2\/pages\/2220\/revisions"}],"up":[{"embeddable":true,"href":"https:\/\/alj.com\/fr\/wp-json\/wp\/v2\/pages\/2212"}],"wp:featuredmedia":[{"embeddable":true,"href":"https:\/\/alj.com\/fr\/wp-json\/wp\/v2\/media\/9508"}],"wp:attachment":[{"href":"https:\/\/alj.com\/fr\/wp-json\/wp\/v2\/media?parent=2220"}],"wp:term":[{"taxonomy":"category","embeddable":true,"href":"https:\/\/alj.com\/fr\/wp-json\/wp\/v2\/categories?post=2220"}],"curies":[{"name":"wp","href":"https:\/\/api.w.org\/{rel}","templated":true}]}}