{"id":2223,"date":"2016-12-26T09:56:39","date_gmt":"2016-12-26T09:56:39","guid":{"rendered":"http:\/\/alj.corp.staging.omniaconnect.net\/fr\/?page_id=2223"},"modified":"2025-04-30T11:48:01","modified_gmt":"2025-04-30T11:48:01","slug":"commercial-vehicles-equipment","status":"publish","type":"page","link":"https:\/\/alj.com\/fr\/transportation\/commercial-vehicles-equipment\/","title":{"rendered":"\u00c9quipement de V\u00e9hicules Commerciaux"},"content":{"rendered":"<h2>Solutions sur mesure pour les entreprises<\/h2>\n<div class=\"p1-style\">Nous faisons b\u00e9n\u00e9ficier notre activit\u00e9 de distribution de v\u00e9hicules commerciaux et d\u2019\u00e9quipements de l\u2019exp\u00e9rience accumul\u00e9e pendant des d\u00e9cennies en mati\u00e8re de distribution automobile.<\/div>\n<p>Nous nous employons \u00e0 fournir \u00e0 nos clients les meilleures solutions en fonction de leurs besoins, qu\u2019il s\u2019agisse de la qualit\u00e9 des produits que nous fournissons, des options de financement ou de l\u2019efficacit\u00e9 de notre service apr\u00e8s-vente, permettant ainsi d\u2019ouvrir des portes et d\u2019acc\u00e9l\u00e9rer le d\u00e9veloppement en Arabie Saoudite et dans la r\u00e9gion Moyen-Orient Afrique du Nord et Turquie.<\/p>\n<p>Nous repr\u00e9sentons maintenant des marques de niveau mondial telles que les camions Hino, Toyota Industrial Equipment et la gestion des mat\u00e9riaux Raymond, les solutions d\u2019exploitation mini\u00e8re et de construction Komatsu, Manitou, et une gamme de solutions \u00e9nerg\u00e9tiques pour servir le secteur en pleine croissance de la construction.<\/p>\n","protected":false},"excerpt":{"rendered":"<p>Solutions sur mesure pour les entreprises Nous faisons b\u00e9n\u00e9ficier notre activit\u00e9 de distribution de v\u00e9hicules commerciaux et d\u2019\u00e9quipements de l\u2019exp\u00e9rience accumul\u00e9e pendant des d\u00e9cennies en mati\u00e8re de distribution automobile. Nous nous employons \u00e0 fournir \u00e0 nos clients les meilleures solutions en fonction de leurs besoins, qu\u2019il s\u2019agisse de la qualit\u00e9 des produits que nous fournissons, [&hellip;]<\/p>\n","protected":false},"author":14,"featured_media":4186,"parent":2212,"menu_order":19,"comment_status":"closed","ping_status":"closed","template":"page-templates\/business-inner.php","meta":{"footnotes":""},"categories":[],"acf":[],"yoast_head":"<!-- This site is optimized with the Yoast SEO plugin v21.5 - https:\/\/yoast.com\/wordpress\/plugins\/seo\/ -->\n<title>Manutention, \u00e9quipement lourd et machinerie | Abdul Latif Jameel\u00ae<\/title>\n<meta name=\"description\" content=\"Pour fournir des solutions sur mesure \u00e0 nos clients, nous nous appliquons notre excellence dans la distribution automobile des v\u00e9hicules utilitaires et dans l&#039;\u00e9quipement de construction.\" \/>\n<meta name=\"robots\" content=\"index, follow, max-snippet:-1, max-image-preview:large, max-video-preview:-1\" \/>\n<link rel=\"canonical\" href=\"https:\/\/alj.com\/fr\/transportation\/commercial-vehicles-equipment\/\" \/>\n<meta property=\"og:locale\" content=\"fr_FR\" \/>\n<meta property=\"og:type\" content=\"article\" \/>\n<meta property=\"og:title\" content=\"Manutention, \u00e9quipement lourd et machinerie | Abdul Latif Jameel\u00ae\" \/>\n<meta property=\"og:description\" content=\"Pour fournir des solutions sur mesure \u00e0 nos clients, nous nous appliquons notre excellence dans la distribution automobile des v\u00e9hicules utilitaires et dans l&#039;\u00e9quipement de construction.\" \/>\n<meta property=\"og:url\" content=\"https:\/\/alj.com\/fr\/transportation\/commercial-vehicles-equipment\/\" \/>\n<meta property=\"og:site_name\" content=\"Abdul Latif Jameel\" \/>\n<meta property=\"article:publisher\" content=\"https:\/\/www.facebook.com\/Abdul.Latif.Jameel.Official\" \/>\n<meta property=\"article:modified_time\" content=\"2025-04-30T11:48:01+00:00\" \/>\n<meta property=\"og:image\" content=\"https:\/\/media.alj.com\/app\/uploads\/2016\/10\/alj-our-presence-in-menat-and-beyond.jpg\" \/>\n\t<meta property=\"og:image:width\" content=\"1294\" \/>\n\t<meta property=\"og:image:height\" content=\"600\" \/>\n\t<meta property=\"og:image:type\" content=\"image\/jpeg\" \/>\n<meta name=\"twitter:card\" content=\"summary_large_image\" \/>\n<meta name=\"twitter:label1\" content=\"Est. reading time\" \/>\n\t<meta name=\"twitter:data1\" content=\"1 minute\" \/>\n<script type=\"application\/ld+json\" class=\"yoast-schema-graph\">{\"@context\":\"https:\/\/schema.org\",\"@graph\":[{\"@type\":\"WebPage\",\"@id\":\"https:\/\/alj.com\/fr\/transportation\/commercial-vehicles-equipment\/\",\"url\":\"https:\/\/alj.com\/fr\/transportation\/commercial-vehicles-equipment\/\",\"name\":\"Manutention, \u00e9quipement lourd et machinerie | Abdul Latif Jameel\u00ae\",\"isPartOf\":{\"@id\":\"https:\/\/alj.com\/en\/#website\"},\"datePublished\":\"2016-12-26T09:56:39+00:00\",\"dateModified\":\"2025-04-30T11:48:01+00:00\",\"description\":\"Pour fournir des solutions sur mesure \u00e0 nos clients, nous nous appliquons notre excellence dans la distribution automobile des v\u00e9hicules utilitaires et dans l'\u00e9quipement de construction.\",\"breadcrumb\":{\"@id\":\"https:\/\/alj.com\/fr\/transportation\/commercial-vehicles-equipment\/#breadcrumb\"},\"inLanguage\":\"fr-FR\",\"potentialAction\":[{\"@type\":\"ReadAction\",\"target\":[\"https:\/\/alj.com\/fr\/transportation\/commercial-vehicles-equipment\/\"]}]},{\"@type\":\"BreadcrumbList\",\"@id\":\"https:\/\/alj.com\/fr\/transportation\/commercial-vehicles-equipment\/#breadcrumb\",\"itemListElement\":[{\"@type\":\"ListItem\",\"position\":1,\"name\":\"Home\",\"item\":\"https:\/\/alj.com\/fr\/\"},{\"@type\":\"ListItem\",\"position\":2,\"name\":\"Transports\",\"item\":\"https:\/\/alj.com\/fr\/transportation\/\"},{\"@type\":\"ListItem\",\"position\":3,\"name\":\"\u00c9quipement de V\u00e9hicules Commerciaux\"}]},{\"@type\":\"WebSite\",\"@id\":\"https:\/\/alj.com\/en\/#website\",\"url\":\"https:\/\/alj.com\/en\/\",\"name\":\"Abdul Latif Jameel\",\"description\":\"Abdul Latif Jameel\",\"potentialAction\":[{\"@type\":\"SearchAction\",\"target\":{\"@type\":\"EntryPoint\",\"urlTemplate\":\"https:\/\/alj.com\/en\/?s={search_term_string}\"},\"query-input\":\"required name=search_term_string\"}],\"inLanguage\":\"fr-FR\"}]}<\/script>\n<!-- \/ Yoast SEO plugin. -->","yoast_head_json":{"title":"Manutention, \u00e9quipement lourd et machinerie | Abdul Latif Jameel\u00ae","description":"Pour fournir des solutions sur mesure \u00e0 nos clients, nous nous appliquons notre excellence dans la distribution automobile des v\u00e9hicules utilitaires et dans l'\u00e9quipement de construction.","robots":{"index":"index","follow":"follow","max-snippet":"max-snippet:-1","max-image-preview":"max-image-preview:large","max-video-preview":"max-video-preview:-1"},"canonical":"https:\/\/alj.com\/fr\/transportation\/commercial-vehicles-equipment\/","og_locale":"fr_FR","og_type":"article","og_title":"Manutention, \u00e9quipement lourd et machinerie | Abdul Latif Jameel\u00ae","og_description":"Pour fournir des solutions sur mesure \u00e0 nos clients, nous nous appliquons notre excellence dans la distribution automobile des v\u00e9hicules utilitaires et dans l'\u00e9quipement de construction.","og_url":"https:\/\/alj.com\/fr\/transportation\/commercial-vehicles-equipment\/","og_site_name":"Abdul Latif Jameel","article_publisher":"https:\/\/www.facebook.com\/Abdul.Latif.Jameel.Official","article_modified_time":"2025-04-30T11:48:01+00:00","og_image":[{"width":1294,"height":600,"url":"https:\/\/media.alj.com\/app\/uploads\/2016\/10\/alj-our-presence-in-menat-and-beyond.jpg","type":"image\/jpeg"}],"twitter_card":"summary_large_image","twitter_misc":{"Est. reading time":"1 minute"},"schema":{"@context":"https:\/\/schema.org","@graph":[{"@type":"WebPage","@id":"https:\/\/alj.com\/fr\/transportation\/commercial-vehicles-equipment\/","url":"https:\/\/alj.com\/fr\/transportation\/commercial-vehicles-equipment\/","name":"Manutention, \u00e9quipement lourd et machinerie | Abdul Latif Jameel\u00ae","isPartOf":{"@id":"https:\/\/alj.com\/en\/#website"},"datePublished":"2016-12-26T09:56:39+00:00","dateModified":"2025-04-30T11:48:01+00:00","description":"Pour fournir des solutions sur mesure \u00e0 nos clients, nous nous appliquons notre excellence dans la distribution automobile des v\u00e9hicules utilitaires et dans l'\u00e9quipement de construction.","breadcrumb":{"@id":"https:\/\/alj.com\/fr\/transportation\/commercial-vehicles-equipment\/#breadcrumb"},"inLanguage":"fr-FR","potentialAction":[{"@type":"ReadAction","target":["https:\/\/alj.com\/fr\/transportation\/commercial-vehicles-equipment\/"]}]},{"@type":"BreadcrumbList","@id":"https:\/\/alj.com\/fr\/transportation\/commercial-vehicles-equipment\/#breadcrumb","itemListElement":[{"@type":"ListItem","position":1,"name":"Home","item":"https:\/\/alj.com\/fr\/"},{"@type":"ListItem","position":2,"name":"Transports","item":"https:\/\/alj.com\/fr\/transportation\/"},{"@type":"ListItem","position":3,"name":"\u00c9quipement de V\u00e9hicules Commerciaux"}]},{"@type":"WebSite","@id":"https:\/\/alj.com\/en\/#website","url":"https:\/\/alj.com\/en\/","name":"Abdul Latif Jameel","description":"Abdul Latif Jameel","potentialAction":[{"@type":"SearchAction","target":{"@type":"EntryPoint","urlTemplate":"https:\/\/alj.com\/en\/?s={search_term_string}"},"query-input":"required name=search_term_string"}],"inLanguage":"fr-FR"}]}},"_links":{"self":[{"href":"https:\/\/alj.com\/fr\/wp-json\/wp\/v2\/pages\/2223"}],"collection":[{"href":"https:\/\/alj.com\/fr\/wp-json\/wp\/v2\/pages"}],"about":[{"href":"https:\/\/alj.com\/fr\/wp-json\/wp\/v2\/types\/page"}],"author":[{"embeddable":true,"href":"https:\/\/alj.com\/fr\/wp-json\/wp\/v2\/users\/14"}],"replies":[{"embeddable":true,"href":"https:\/\/alj.com\/fr\/wp-json\/wp\/v2\/comments?post=2223"}],"version-history":[{"count":1,"href":"https:\/\/alj.com\/fr\/wp-json\/wp\/v2\/pages\/2223\/revisions"}],"predecessor-version":[{"id":121597,"href":"https:\/\/alj.com\/fr\/wp-json\/wp\/v2\/pages\/2223\/revisions\/121597"}],"up":[{"embeddable":true,"href":"https:\/\/alj.com\/fr\/wp-json\/wp\/v2\/pages\/2212"}],"wp:featuredmedia":[{"embeddable":true,"href":"https:\/\/alj.com\/fr\/wp-json\/wp\/v2\/media\/4186"}],"wp:attachment":[{"href":"https:\/\/alj.com\/fr\/wp-json\/wp\/v2\/media?parent=2223"}],"wp:term":[{"taxonomy":"category","embeddable":true,"href":"https:\/\/alj.com\/fr\/wp-json\/wp\/v2\/categories?post=2223"}],"curies":[{"name":"wp","href":"https:\/\/api.w.org\/{rel}","templated":true}]}}