{"id":2249,"date":"2016-12-26T11:01:18","date_gmt":"2016-12-26T11:01:18","guid":{"rendered":"http:\/\/alj.corp.staging.omniaconnect.net\/fr\/?page_id=2249"},"modified":"2018-09-23T14:51:48","modified_gmt":"2018-09-23T14:51:48","slug":"media-resources","status":"publish","type":"page","link":"https:\/\/alj.com\/fr\/news-media\/media-resources\/","title":{"rendered":"Ressources M\u00e9dias"},"content":{"rendered":"","protected":false},"excerpt":{"rendered":"","protected":false},"author":14,"featured_media":0,"parent":2241,"menu_order":0,"comment_status":"closed","ping_status":"closed","template":"page-templates\/media-listing.php","meta":{"footnotes":""},"categories":[],"acf":[],"yoast_head":"<!-- This site is optimized with the Yoast SEO plugin v21.5 - https:\/\/yoast.com\/wordpress\/plugins\/seo\/ -->\n<title>Otoshops - Nouvelle Marque de Voitures d&#039;Occasion en Turquie | Abdul Latif Jameel\u00ae<\/title>\n<meta name=\"description\" content=\"Explorez nos ressources m\u00e9dia, avec nos communiqu\u00e9s et articles de presse, nos galeries photos d&#039;\u00e9v\u00e9nements et nos ressources multim\u00e9dias.\" \/>\n<meta name=\"robots\" content=\"index, follow, max-snippet:-1, max-image-preview:large, max-video-preview:-1\" \/>\n<link rel=\"canonical\" href=\"https:\/\/alj.com\/fr\/news-media\/media-resources\/\" \/>\n<meta property=\"og:locale\" content=\"fr_FR\" \/>\n<meta property=\"og:type\" content=\"article\" \/>\n<meta property=\"og:title\" content=\"Otoshops - Nouvelle Marque de Voitures d&#039;Occasion en Turquie | Abdul Latif Jameel\u00ae\" \/>\n<meta property=\"og:description\" content=\"Explorez nos ressources m\u00e9dia, avec nos communiqu\u00e9s et articles de presse, nos galeries photos d&#039;\u00e9v\u00e9nements et nos ressources multim\u00e9dias.\" \/>\n<meta property=\"og:url\" content=\"https:\/\/alj.com\/fr\/news-media\/media-resources\/\" \/>\n<meta property=\"og:site_name\" content=\"Abdul Latif Jameel\" \/>\n<meta property=\"article:publisher\" content=\"https:\/\/www.facebook.com\/Abdul.Latif.Jameel.Official\" \/>\n<meta property=\"article:modified_time\" content=\"2018-09-23T14:51:48+00:00\" \/>\n<meta property=\"og:image\" content=\"https:\/\/media.alj.com\/app\/uploads\/2016\/10\/alj-our-presence-in-menat-and-beyond.jpg\" \/>\n\t<meta property=\"og:image:width\" content=\"1294\" \/>\n\t<meta property=\"og:image:height\" content=\"600\" \/>\n\t<meta property=\"og:image:type\" content=\"image\/jpeg\" \/>\n<meta name=\"twitter:card\" content=\"summary_large_image\" \/>\n<script type=\"application\/ld+json\" class=\"yoast-schema-graph\">{\"@context\":\"https:\/\/schema.org\",\"@graph\":[{\"@type\":\"WebPage\",\"@id\":\"https:\/\/alj.com\/fr\/news-media\/media-resources\/\",\"url\":\"https:\/\/alj.com\/fr\/news-media\/media-resources\/\",\"name\":\"Otoshops - Nouvelle Marque de Voitures d'Occasion en Turquie | Abdul Latif Jameel\u00ae\",\"isPartOf\":{\"@id\":\"https:\/\/alj.com\/en\/#website\"},\"datePublished\":\"2016-12-26T11:01:18+00:00\",\"dateModified\":\"2018-09-23T14:51:48+00:00\",\"description\":\"Explorez nos ressources m\u00e9dia, avec nos communiqu\u00e9s et articles de presse, nos galeries photos d'\u00e9v\u00e9nements et nos ressources multim\u00e9dias.\",\"breadcrumb\":{\"@id\":\"https:\/\/alj.com\/fr\/news-media\/media-resources\/#breadcrumb\"},\"inLanguage\":\"fr-FR\",\"potentialAction\":[{\"@type\":\"ReadAction\",\"target\":[\"https:\/\/alj.com\/fr\/news-media\/media-resources\/\"]}]},{\"@type\":\"BreadcrumbList\",\"@id\":\"https:\/\/alj.com\/fr\/news-media\/media-resources\/#breadcrumb\",\"itemListElement\":[{\"@type\":\"ListItem\",\"position\":1,\"name\":\"Home\",\"item\":\"https:\/\/alj.com\/fr\/\"},{\"@type\":\"ListItem\",\"position\":2,\"name\":\"Espace Presse\",\"item\":\"https:\/\/alj.com\/fr\/news-media\/\"},{\"@type\":\"ListItem\",\"position\":3,\"name\":\"Ressources M\u00e9dias\"}]},{\"@type\":\"WebSite\",\"@id\":\"https:\/\/alj.com\/en\/#website\",\"url\":\"https:\/\/alj.com\/en\/\",\"name\":\"Abdul Latif Jameel\",\"description\":\"Abdul Latif Jameel\",\"potentialAction\":[{\"@type\":\"SearchAction\",\"target\":{\"@type\":\"EntryPoint\",\"urlTemplate\":\"https:\/\/alj.com\/en\/?s={search_term_string}\"},\"query-input\":\"required name=search_term_string\"}],\"inLanguage\":\"fr-FR\"}]}<\/script>\n<!-- \/ Yoast SEO plugin. -->","yoast_head_json":{"title":"Otoshops - Nouvelle Marque de Voitures d'Occasion en Turquie | Abdul Latif Jameel\u00ae","description":"Explorez nos ressources m\u00e9dia, avec nos communiqu\u00e9s et articles de presse, nos galeries photos d'\u00e9v\u00e9nements et nos ressources multim\u00e9dias.","robots":{"index":"index","follow":"follow","max-snippet":"max-snippet:-1","max-image-preview":"max-image-preview:large","max-video-preview":"max-video-preview:-1"},"canonical":"https:\/\/alj.com\/fr\/news-media\/media-resources\/","og_locale":"fr_FR","og_type":"article","og_title":"Otoshops - Nouvelle Marque de Voitures d'Occasion en Turquie | Abdul Latif Jameel\u00ae","og_description":"Explorez nos ressources m\u00e9dia, avec nos communiqu\u00e9s et articles de presse, nos galeries photos d'\u00e9v\u00e9nements et nos ressources multim\u00e9dias.","og_url":"https:\/\/alj.com\/fr\/news-media\/media-resources\/","og_site_name":"Abdul Latif Jameel","article_publisher":"https:\/\/www.facebook.com\/Abdul.Latif.Jameel.Official","article_modified_time":"2018-09-23T14:51:48+00:00","og_image":[{"width":1294,"height":600,"url":"https:\/\/media.alj.com\/app\/uploads\/2016\/10\/alj-our-presence-in-menat-and-beyond.jpg","type":"image\/jpeg"}],"twitter_card":"summary_large_image","schema":{"@context":"https:\/\/schema.org","@graph":[{"@type":"WebPage","@id":"https:\/\/alj.com\/fr\/news-media\/media-resources\/","url":"https:\/\/alj.com\/fr\/news-media\/media-resources\/","name":"Otoshops - Nouvelle Marque de Voitures d'Occasion en Turquie | Abdul Latif Jameel\u00ae","isPartOf":{"@id":"https:\/\/alj.com\/en\/#website"},"datePublished":"2016-12-26T11:01:18+00:00","dateModified":"2018-09-23T14:51:48+00:00","description":"Explorez nos ressources m\u00e9dia, avec nos communiqu\u00e9s et articles de presse, nos galeries photos d'\u00e9v\u00e9nements et nos ressources multim\u00e9dias.","breadcrumb":{"@id":"https:\/\/alj.com\/fr\/news-media\/media-resources\/#breadcrumb"},"inLanguage":"fr-FR","potentialAction":[{"@type":"ReadAction","target":["https:\/\/alj.com\/fr\/news-media\/media-resources\/"]}]},{"@type":"BreadcrumbList","@id":"https:\/\/alj.com\/fr\/news-media\/media-resources\/#breadcrumb","itemListElement":[{"@type":"ListItem","position":1,"name":"Home","item":"https:\/\/alj.com\/fr\/"},{"@type":"ListItem","position":2,"name":"Espace Presse","item":"https:\/\/alj.com\/fr\/news-media\/"},{"@type":"ListItem","position":3,"name":"Ressources M\u00e9dias"}]},{"@type":"WebSite","@id":"https:\/\/alj.com\/en\/#website","url":"https:\/\/alj.com\/en\/","name":"Abdul Latif Jameel","description":"Abdul Latif Jameel","potentialAction":[{"@type":"SearchAction","target":{"@type":"EntryPoint","urlTemplate":"https:\/\/alj.com\/en\/?s={search_term_string}"},"query-input":"required name=search_term_string"}],"inLanguage":"fr-FR"}]}},"_links":{"self":[{"href":"https:\/\/alj.com\/fr\/wp-json\/wp\/v2\/pages\/2249"}],"collection":[{"href":"https:\/\/alj.com\/fr\/wp-json\/wp\/v2\/pages"}],"about":[{"href":"https:\/\/alj.com\/fr\/wp-json\/wp\/v2\/types\/page"}],"author":[{"embeddable":true,"href":"https:\/\/alj.com\/fr\/wp-json\/wp\/v2\/users\/14"}],"replies":[{"embeddable":true,"href":"https:\/\/alj.com\/fr\/wp-json\/wp\/v2\/comments?post=2249"}],"version-history":[{"count":0,"href":"https:\/\/alj.com\/fr\/wp-json\/wp\/v2\/pages\/2249\/revisions"}],"up":[{"embeddable":true,"href":"https:\/\/alj.com\/fr\/wp-json\/wp\/v2\/pages\/2241"}],"wp:attachment":[{"href":"https:\/\/alj.com\/fr\/wp-json\/wp\/v2\/media?parent=2249"}],"wp:term":[{"taxonomy":"category","embeddable":true,"href":"https:\/\/alj.com\/fr\/wp-json\/wp\/v2\/categories?post=2249"}],"curies":[{"name":"wp","href":"https:\/\/api.w.org\/{rel}","templated":true}]}}