{"id":2606,"date":"2016-10-05T12:29:11","date_gmt":"2016-10-05T12:29:11","guid":{"rendered":"http:\/\/alj.corp.staging.omniaconnect.net\/fr\/?page_id=2606"},"modified":"2020-09-22T11:32:26","modified_gmt":"2020-09-22T11:32:26","slug":"engineering-manufacturing","status":"publish","type":"page","link":"https:\/\/alj.com\/fr\/engineering-manufacturing\/","title":{"rendered":"Ing\u00e9nierie et Production Industrielle"},"content":{"rendered":"<h2>Appliquer une expertise \u00e0 travers les capacit\u00e9s de production mondiales<\/h2>\n<div class=\"p1-style\">Nous sommes impliqu\u00e9s dans la fabrication, l\u2019assemblage et la distribution de pi\u00e8ces automobiles, d\u2019accessoires et de pi\u00e8ces d\u00e9tach\u00e9es.<\/div>\n<p>Par le biais d\u2019investissements directs ou de partenariats, nous nous tournons \u00e9galement vers diverses opportunit\u00e9s d\u2019ing\u00e9nierie et de production industrielle dans le domaine de l\u2019automobile dans tous les secteurs dans lesquels nous sommes pr\u00e9sents.<\/p>\n","protected":false},"excerpt":{"rendered":"<p>Appliquer une expertise \u00e0 travers les capacit\u00e9s de production mondiales Nous sommes impliqu\u00e9s dans la fabrication, l\u2019assemblage et la distribution de pi\u00e8ces automobiles, d\u2019accessoires et de pi\u00e8ces d\u00e9tach\u00e9es. Par le biais d\u2019investissements directs ou de partenariats, nous nous tournons \u00e9galement vers diverses opportunit\u00e9s d\u2019ing\u00e9nierie et de production industrielle dans le domaine de l\u2019automobile dans tous [&hellip;]<\/p>\n","protected":false},"author":14,"featured_media":24205,"parent":0,"menu_order":15,"comment_status":"closed","ping_status":"closed","template":"page-templates\/businesses-one-page.php","meta":{"footnotes":""},"categories":[24],"acf":[],"yoast_head":"<!-- This site is optimized with the Yoast SEO plugin v21.5 - https:\/\/yoast.com\/wordpress\/plugins\/seo\/ -->\n<title>Ing\u00e9nierie et fabrication | Abdul Latif Jameel\u00ae<\/title>\n<meta name=\"description\" content=\"Nous sommes un important fabricant et fournisseur de composants, d&#039;accessoires et de pi\u00e8ces de rechange automobiles, r\u00e9pondant \u00e0 une vari\u00e9t\u00e9 de besoins apr\u00e8s-vente.\" \/>\n<meta name=\"robots\" content=\"index, follow, max-snippet:-1, max-image-preview:large, max-video-preview:-1\" \/>\n<link rel=\"canonical\" href=\"https:\/\/alj.com\/fr\/engineering-manufacturing\/\" \/>\n<meta property=\"og:locale\" content=\"fr_FR\" \/>\n<meta property=\"og:type\" content=\"article\" \/>\n<meta property=\"og:title\" content=\"Ing\u00e9nierie et fabrication | Abdul Latif Jameel\u00ae\" \/>\n<meta property=\"og:description\" content=\"Nous sommes un important fabricant et fournisseur de composants, d&#039;accessoires et de pi\u00e8ces de rechange automobiles, r\u00e9pondant \u00e0 une vari\u00e9t\u00e9 de besoins apr\u00e8s-vente.\" \/>\n<meta property=\"og:url\" content=\"https:\/\/alj.com\/fr\/engineering-manufacturing\/\" \/>\n<meta property=\"og:site_name\" content=\"Abdul Latif Jameel\" \/>\n<meta property=\"article:publisher\" content=\"https:\/\/www.facebook.com\/Abdul.Latif.Jameel.Official\" \/>\n<meta property=\"article:modified_time\" content=\"2020-09-22T11:32:26+00:00\" \/>\n<meta property=\"og:image\" content=\"https:\/\/media.alj.com\/app\/uploads\/2016\/10\/alj-our-presence-in-menat-and-beyond.jpg\" \/>\n\t<meta property=\"og:image:width\" content=\"1294\" \/>\n\t<meta property=\"og:image:height\" content=\"600\" \/>\n\t<meta property=\"og:image:type\" content=\"image\/jpeg\" \/>\n<meta name=\"twitter:card\" content=\"summary_large_image\" \/>\n<script type=\"application\/ld+json\" class=\"yoast-schema-graph\">{\"@context\":\"https:\/\/schema.org\",\"@graph\":[{\"@type\":\"WebPage\",\"@id\":\"https:\/\/alj.com\/fr\/engineering-manufacturing\/\",\"url\":\"https:\/\/alj.com\/fr\/engineering-manufacturing\/\",\"name\":\"Ing\u00e9nierie et fabrication | Abdul Latif Jameel\u00ae\",\"isPartOf\":{\"@id\":\"https:\/\/alj.com\/en\/#website\"},\"datePublished\":\"2016-10-05T12:29:11+00:00\",\"dateModified\":\"2020-09-22T11:32:26+00:00\",\"description\":\"Nous sommes un important fabricant et fournisseur de composants, d'accessoires et de pi\u00e8ces de rechange automobiles, r\u00e9pondant \u00e0 une vari\u00e9t\u00e9 de besoins apr\u00e8s-vente.\",\"breadcrumb\":{\"@id\":\"https:\/\/alj.com\/fr\/engineering-manufacturing\/#breadcrumb\"},\"inLanguage\":\"fr-FR\",\"potentialAction\":[{\"@type\":\"ReadAction\",\"target\":[\"https:\/\/alj.com\/fr\/engineering-manufacturing\/\"]}]},{\"@type\":\"BreadcrumbList\",\"@id\":\"https:\/\/alj.com\/fr\/engineering-manufacturing\/#breadcrumb\",\"itemListElement\":[{\"@type\":\"ListItem\",\"position\":1,\"name\":\"Home\",\"item\":\"https:\/\/alj.com\/fr\/\"},{\"@type\":\"ListItem\",\"position\":2,\"name\":\"Ing\u00e9nierie et Production Industrielle\"}]},{\"@type\":\"WebSite\",\"@id\":\"https:\/\/alj.com\/en\/#website\",\"url\":\"https:\/\/alj.com\/en\/\",\"name\":\"Abdul Latif Jameel\",\"description\":\"Abdul Latif Jameel\",\"potentialAction\":[{\"@type\":\"SearchAction\",\"target\":{\"@type\":\"EntryPoint\",\"urlTemplate\":\"https:\/\/alj.com\/en\/?s={search_term_string}\"},\"query-input\":\"required name=search_term_string\"}],\"inLanguage\":\"fr-FR\"}]}<\/script>\n<!-- \/ Yoast SEO plugin. -->","yoast_head_json":{"title":"Ing\u00e9nierie et fabrication | Abdul Latif Jameel\u00ae","description":"Nous sommes un important fabricant et fournisseur de composants, d'accessoires et de pi\u00e8ces de rechange automobiles, r\u00e9pondant \u00e0 une vari\u00e9t\u00e9 de besoins apr\u00e8s-vente.","robots":{"index":"index","follow":"follow","max-snippet":"max-snippet:-1","max-image-preview":"max-image-preview:large","max-video-preview":"max-video-preview:-1"},"canonical":"https:\/\/alj.com\/fr\/engineering-manufacturing\/","og_locale":"fr_FR","og_type":"article","og_title":"Ing\u00e9nierie et fabrication | Abdul Latif Jameel\u00ae","og_description":"Nous sommes un important fabricant et fournisseur de composants, d'accessoires et de pi\u00e8ces de rechange automobiles, r\u00e9pondant \u00e0 une vari\u00e9t\u00e9 de besoins apr\u00e8s-vente.","og_url":"https:\/\/alj.com\/fr\/engineering-manufacturing\/","og_site_name":"Abdul Latif Jameel","article_publisher":"https:\/\/www.facebook.com\/Abdul.Latif.Jameel.Official","article_modified_time":"2020-09-22T11:32:26+00:00","og_image":[{"width":1294,"height":600,"url":"https:\/\/media.alj.com\/app\/uploads\/2016\/10\/alj-our-presence-in-menat-and-beyond.jpg","type":"image\/jpeg"}],"twitter_card":"summary_large_image","schema":{"@context":"https:\/\/schema.org","@graph":[{"@type":"WebPage","@id":"https:\/\/alj.com\/fr\/engineering-manufacturing\/","url":"https:\/\/alj.com\/fr\/engineering-manufacturing\/","name":"Ing\u00e9nierie et fabrication | Abdul Latif Jameel\u00ae","isPartOf":{"@id":"https:\/\/alj.com\/en\/#website"},"datePublished":"2016-10-05T12:29:11+00:00","dateModified":"2020-09-22T11:32:26+00:00","description":"Nous sommes un important fabricant et fournisseur de composants, d'accessoires et de pi\u00e8ces de rechange automobiles, r\u00e9pondant \u00e0 une vari\u00e9t\u00e9 de besoins apr\u00e8s-vente.","breadcrumb":{"@id":"https:\/\/alj.com\/fr\/engineering-manufacturing\/#breadcrumb"},"inLanguage":"fr-FR","potentialAction":[{"@type":"ReadAction","target":["https:\/\/alj.com\/fr\/engineering-manufacturing\/"]}]},{"@type":"BreadcrumbList","@id":"https:\/\/alj.com\/fr\/engineering-manufacturing\/#breadcrumb","itemListElement":[{"@type":"ListItem","position":1,"name":"Home","item":"https:\/\/alj.com\/fr\/"},{"@type":"ListItem","position":2,"name":"Ing\u00e9nierie et Production Industrielle"}]},{"@type":"WebSite","@id":"https:\/\/alj.com\/en\/#website","url":"https:\/\/alj.com\/en\/","name":"Abdul Latif Jameel","description":"Abdul Latif Jameel","potentialAction":[{"@type":"SearchAction","target":{"@type":"EntryPoint","urlTemplate":"https:\/\/alj.com\/en\/?s={search_term_string}"},"query-input":"required name=search_term_string"}],"inLanguage":"fr-FR"}]}},"_links":{"self":[{"href":"https:\/\/alj.com\/fr\/wp-json\/wp\/v2\/pages\/2606"}],"collection":[{"href":"https:\/\/alj.com\/fr\/wp-json\/wp\/v2\/pages"}],"about":[{"href":"https:\/\/alj.com\/fr\/wp-json\/wp\/v2\/types\/page"}],"author":[{"embeddable":true,"href":"https:\/\/alj.com\/fr\/wp-json\/wp\/v2\/users\/14"}],"replies":[{"embeddable":true,"href":"https:\/\/alj.com\/fr\/wp-json\/wp\/v2\/comments?post=2606"}],"version-history":[{"count":0,"href":"https:\/\/alj.com\/fr\/wp-json\/wp\/v2\/pages\/2606\/revisions"}],"wp:featuredmedia":[{"embeddable":true,"href":"https:\/\/alj.com\/fr\/wp-json\/wp\/v2\/media\/24205"}],"wp:attachment":[{"href":"https:\/\/alj.com\/fr\/wp-json\/wp\/v2\/media?parent=2606"}],"wp:term":[{"taxonomy":"category","embeddable":true,"href":"https:\/\/alj.com\/fr\/wp-json\/wp\/v2\/categories?post=2606"}],"curies":[{"name":"wp","href":"https:\/\/api.w.org\/{rel}","templated":true}]}}