{"id":54838,"date":"2019-12-08T11:17:45","date_gmt":"2019-12-08T11:17:45","guid":{"rendered":"https:\/\/www.alj.com\/?page_id=54838"},"modified":"2021-04-13T10:57:35","modified_gmt":"2021-04-13T10:57:35","slug":"spotlight-by-fady-jameel","status":"publish","type":"page","link":"https:\/\/alj.com\/fr\/media-center\/spotlight-by-fady-jameel\/","title":{"rendered":"\u201cSpotlight\u201d de Fady Jameel"},"content":{"rendered":"<h4>Avec sa nouvelle s\u00e9rie \u201cSpotlight\u201d <a href=\"https:\/\/alj.com\/fr\/our-people\/fady-jameel\/\">Fady Jameel<\/a>, d\u00e9put\u00e9 pr\u00e9sident et vice-pr\u00e9sident d\u2019Abdul Latif Jameel, aborde en d\u00e9tail certain probl\u00e8mes les plus urgents de notre monde.<\/h4>\n<p>Il s&#8217;entretiendra \u00e9galement avec des personnes charg\u00e9es de trouver des solutions pour faire une diff\u00e9rence, tant au sein <a href=\"https:\/\/www.alj.com\/en\/\">d&#8217;Abdul Latif Jameel<\/a>, <a href=\"https:\/\/communityjameel.org\/\">Community Jameel<\/a>, que dans les domaines de l&#8217;industrie, des sciences et du monde universitaire.<\/p>\n","protected":false},"excerpt":{"rendered":"<p>Avec sa nouvelle s\u00e9rie \u201cSpotlight\u201d Fady Jameel, d\u00e9put\u00e9 pr\u00e9sident et vice-pr\u00e9sident d\u2019Abdul Latif Jameel, aborde en d\u00e9tail certain probl\u00e8mes les plus urgents de notre monde. Il s&#8217;entretiendra \u00e9galement avec des personnes charg\u00e9es de trouver des solutions pour faire une diff\u00e9rence, tant au sein d&#8217;Abdul Latif Jameel, Community Jameel, que dans les domaines de l&#8217;industrie, des [&hellip;]<\/p>\n","protected":false},"author":14,"featured_media":54818,"parent":12867,"menu_order":16,"comment_status":"closed","ping_status":"closed","template":"page-templates\/spotlight-by-fj.php","meta":{"footnotes":""},"categories":[],"acf":[],"yoast_head":"<!-- This site is optimized with the Yoast SEO plugin v21.5 - https:\/\/yoast.com\/wordpress\/plugins\/seo\/ -->\n<title>Les articles de Fady Jameel - R\u00e9pondre aux probl\u00e8mes mondiaux | Abdul Latif Jameel\u00ae<\/title>\n<meta name=\"description\" content=\"Dans notre nouvelle s\u00e9rie sur les leaders d&#039;opinion, &quot;Spotlight&quot;, Fady Jameel se penche sur les d\u00e9fis auxquels nous sommes confront\u00e9s et examine les politiques, les technologies et les approches utilis\u00e9es.\" \/>\n<meta name=\"robots\" content=\"index, follow, max-snippet:-1, max-image-preview:large, max-video-preview:-1\" \/>\n<link rel=\"canonical\" href=\"https:\/\/alj.com\/fr\/media-center\/spotlight-by-fady-jameel\/\" \/>\n<meta property=\"og:locale\" content=\"fr_FR\" \/>\n<meta property=\"og:type\" content=\"article\" \/>\n<meta property=\"og:title\" content=\"Les articles de Fady Jameel - R\u00e9pondre aux probl\u00e8mes mondiaux | Abdul Latif Jameel\u00ae\" \/>\n<meta property=\"og:description\" content=\"Dans notre nouvelle s\u00e9rie sur les leaders d&#039;opinion, &quot;Spotlight&quot;, Fady Jameel se penche sur les d\u00e9fis auxquels nous sommes confront\u00e9s et examine les politiques, les technologies et les approches utilis\u00e9es.\" \/>\n<meta property=\"og:url\" content=\"https:\/\/alj.com\/fr\/media-center\/spotlight-by-fady-jameel\/\" \/>\n<meta property=\"og:site_name\" content=\"Abdul Latif Jameel\" \/>\n<meta property=\"article:publisher\" content=\"https:\/\/www.facebook.com\/Abdul.Latif.Jameel.Official\" \/>\n<meta property=\"article:modified_time\" content=\"2021-04-13T10:57:35+00:00\" \/>\n<meta property=\"og:image\" content=\"https:\/\/media.alj.com\/app\/uploads\/2019\/12\/spotlights.jpg\" \/>\n\t<meta property=\"og:image:width\" content=\"730\" \/>\n\t<meta property=\"og:image:height\" content=\"396\" \/>\n\t<meta property=\"og:image:type\" content=\"image\/jpeg\" \/>\n<meta name=\"twitter:card\" content=\"summary_large_image\" \/>\n<script type=\"application\/ld+json\" class=\"yoast-schema-graph\">{\"@context\":\"https:\/\/schema.org\",\"@graph\":[{\"@type\":\"WebPage\",\"@id\":\"https:\/\/alj.com\/fr\/media-center\/spotlight-by-fady-jameel\/\",\"url\":\"https:\/\/alj.com\/fr\/media-center\/spotlight-by-fady-jameel\/\",\"name\":\"Les articles de Fady Jameel - R\u00e9pondre aux probl\u00e8mes mondiaux | Abdul Latif Jameel\u00ae\",\"isPartOf\":{\"@id\":\"https:\/\/alj.com\/en\/#website\"},\"datePublished\":\"2019-12-08T11:17:45+00:00\",\"dateModified\":\"2021-04-13T10:57:35+00:00\",\"description\":\"Dans notre nouvelle s\u00e9rie sur les leaders d'opinion, \\\"Spotlight\\\", Fady Jameel se penche sur les d\u00e9fis auxquels nous sommes confront\u00e9s et examine les politiques, les technologies et les approches utilis\u00e9es.\",\"breadcrumb\":{\"@id\":\"https:\/\/alj.com\/fr\/media-center\/spotlight-by-fady-jameel\/#breadcrumb\"},\"inLanguage\":\"fr-FR\",\"potentialAction\":[{\"@type\":\"ReadAction\",\"target\":[\"https:\/\/alj.com\/fr\/media-center\/spotlight-by-fady-jameel\/\"]}]},{\"@type\":\"BreadcrumbList\",\"@id\":\"https:\/\/alj.com\/fr\/media-center\/spotlight-by-fady-jameel\/#breadcrumb\",\"itemListElement\":[{\"@type\":\"ListItem\",\"position\":1,\"name\":\"Home\",\"item\":\"https:\/\/alj.com\/fr\/\"},{\"@type\":\"ListItem\",\"position\":2,\"name\":\"Media Center\",\"item\":\"https:\/\/alj.com\/fr\/media-center\/\"},{\"@type\":\"ListItem\",\"position\":3,\"name\":\"\u201cSpotlight\u201d de Fady Jameel\"}]},{\"@type\":\"WebSite\",\"@id\":\"https:\/\/alj.com\/en\/#website\",\"url\":\"https:\/\/alj.com\/en\/\",\"name\":\"Abdul Latif Jameel\",\"description\":\"Abdul Latif Jameel\",\"potentialAction\":[{\"@type\":\"SearchAction\",\"target\":{\"@type\":\"EntryPoint\",\"urlTemplate\":\"https:\/\/alj.com\/en\/?s={search_term_string}\"},\"query-input\":\"required name=search_term_string\"}],\"inLanguage\":\"fr-FR\"}]}<\/script>\n<!-- \/ Yoast SEO plugin. -->","yoast_head_json":{"title":"Les articles de Fady Jameel - R\u00e9pondre aux probl\u00e8mes mondiaux | Abdul Latif Jameel\u00ae","description":"Dans notre nouvelle s\u00e9rie sur les leaders d'opinion, \"Spotlight\", Fady Jameel se penche sur les d\u00e9fis auxquels nous sommes confront\u00e9s et examine les politiques, les technologies et les approches utilis\u00e9es.","robots":{"index":"index","follow":"follow","max-snippet":"max-snippet:-1","max-image-preview":"max-image-preview:large","max-video-preview":"max-video-preview:-1"},"canonical":"https:\/\/alj.com\/fr\/media-center\/spotlight-by-fady-jameel\/","og_locale":"fr_FR","og_type":"article","og_title":"Les articles de Fady Jameel - R\u00e9pondre aux probl\u00e8mes mondiaux | Abdul Latif Jameel\u00ae","og_description":"Dans notre nouvelle s\u00e9rie sur les leaders d'opinion, \"Spotlight\", Fady Jameel se penche sur les d\u00e9fis auxquels nous sommes confront\u00e9s et examine les politiques, les technologies et les approches utilis\u00e9es.","og_url":"https:\/\/alj.com\/fr\/media-center\/spotlight-by-fady-jameel\/","og_site_name":"Abdul Latif Jameel","article_publisher":"https:\/\/www.facebook.com\/Abdul.Latif.Jameel.Official","article_modified_time":"2021-04-13T10:57:35+00:00","og_image":[{"width":730,"height":396,"url":"https:\/\/media.alj.com\/app\/uploads\/2019\/12\/spotlights.jpg","type":"image\/jpeg"}],"twitter_card":"summary_large_image","schema":{"@context":"https:\/\/schema.org","@graph":[{"@type":"WebPage","@id":"https:\/\/alj.com\/fr\/media-center\/spotlight-by-fady-jameel\/","url":"https:\/\/alj.com\/fr\/media-center\/spotlight-by-fady-jameel\/","name":"Les articles de Fady Jameel - R\u00e9pondre aux probl\u00e8mes mondiaux | Abdul Latif Jameel\u00ae","isPartOf":{"@id":"https:\/\/alj.com\/en\/#website"},"datePublished":"2019-12-08T11:17:45+00:00","dateModified":"2021-04-13T10:57:35+00:00","description":"Dans notre nouvelle s\u00e9rie sur les leaders d'opinion, \"Spotlight\", Fady Jameel se penche sur les d\u00e9fis auxquels nous sommes confront\u00e9s et examine les politiques, les technologies et les approches utilis\u00e9es.","breadcrumb":{"@id":"https:\/\/alj.com\/fr\/media-center\/spotlight-by-fady-jameel\/#breadcrumb"},"inLanguage":"fr-FR","potentialAction":[{"@type":"ReadAction","target":["https:\/\/alj.com\/fr\/media-center\/spotlight-by-fady-jameel\/"]}]},{"@type":"BreadcrumbList","@id":"https:\/\/alj.com\/fr\/media-center\/spotlight-by-fady-jameel\/#breadcrumb","itemListElement":[{"@type":"ListItem","position":1,"name":"Home","item":"https:\/\/alj.com\/fr\/"},{"@type":"ListItem","position":2,"name":"Media Center","item":"https:\/\/alj.com\/fr\/media-center\/"},{"@type":"ListItem","position":3,"name":"\u201cSpotlight\u201d de Fady Jameel"}]},{"@type":"WebSite","@id":"https:\/\/alj.com\/en\/#website","url":"https:\/\/alj.com\/en\/","name":"Abdul Latif Jameel","description":"Abdul Latif Jameel","potentialAction":[{"@type":"SearchAction","target":{"@type":"EntryPoint","urlTemplate":"https:\/\/alj.com\/en\/?s={search_term_string}"},"query-input":"required name=search_term_string"}],"inLanguage":"fr-FR"}]}},"_links":{"self":[{"href":"https:\/\/alj.com\/fr\/wp-json\/wp\/v2\/pages\/54838"}],"collection":[{"href":"https:\/\/alj.com\/fr\/wp-json\/wp\/v2\/pages"}],"about":[{"href":"https:\/\/alj.com\/fr\/wp-json\/wp\/v2\/types\/page"}],"author":[{"embeddable":true,"href":"https:\/\/alj.com\/fr\/wp-json\/wp\/v2\/users\/14"}],"replies":[{"embeddable":true,"href":"https:\/\/alj.com\/fr\/wp-json\/wp\/v2\/comments?post=54838"}],"version-history":[{"count":0,"href":"https:\/\/alj.com\/fr\/wp-json\/wp\/v2\/pages\/54838\/revisions"}],"up":[{"embeddable":true,"href":"https:\/\/alj.com\/fr\/wp-json\/wp\/v2\/pages\/12867"}],"wp:featuredmedia":[{"embeddable":true,"href":"https:\/\/alj.com\/fr\/wp-json\/wp\/v2\/media\/54818"}],"wp:attachment":[{"href":"https:\/\/alj.com\/fr\/wp-json\/wp\/v2\/media?parent=54838"}],"wp:term":[{"taxonomy":"category","embeddable":true,"href":"https:\/\/alj.com\/fr\/wp-json\/wp\/v2\/categories?post=54838"}],"curies":[{"name":"wp","href":"https:\/\/api.w.org\/{rel}","templated":true}]}}