{"id":77288,"date":"2016-10-05T12:25:32","date_gmt":"2016-10-05T12:25:32","guid":{"rendered":"https:\/\/www.alj.com\/health-overview\/"},"modified":"2023-08-07T08:40:18","modified_gmt":"2023-08-07T08:40:18","slug":"health-overview","status":"publish","type":"page","link":"https:\/\/alj.com\/fr\/health-overview\/","title":{"rendered":"Sant\u00e9"},"content":{"rendered":"<h2>Acc\u00e9l\u00e9rer l\u2019acc\u00e8s aux soins m\u00e9dicaux modernes<\/h2>\n<h4>Relever les d\u00e9fis de sant\u00e9 les plus urgents auxquels notre plan\u00e8te est confront\u00e9e est l\u2019une de nos plus grandes priorit\u00e9s.<\/h4>\n<p>Nous nous appuyons sur un h\u00e9ritage philanthropique de longue date qui consiste \u00e0 exploiter la puissance des technologies pour transformer les soins de sant\u00e9 pour tous. Et aujourd\u2019hui, nous continuons d\u2019\u00e9largir cet engagement pour am\u00e9liorer la sant\u00e9 et le bien-\u00eatre des personnes vuln\u00e9rables dans le monde.<\/p>\n<p>En cr\u00e9ant <a href=\"https:\/\/aljhealth.com\/\">Abdul Latif Jameel Health<\/a>, nous nous concentrons sur l\u2019acc\u00e9l\u00e9ration de l\u2019acc\u00e8s aux soins m\u00e9dicaux modernes tout en r\u00e9pondant aux besoins m\u00e9dicaux non satisfaits dans les march\u00e9s en d\u00e9veloppement du monde entier.<\/p>\n","protected":false},"excerpt":{"rendered":"<p>Acc\u00e9l\u00e9rer l\u2019acc\u00e8s aux soins m\u00e9dicaux modernes Relever les d\u00e9fis de sant\u00e9 les plus urgents auxquels notre plan\u00e8te est confront\u00e9e est l\u2019une de nos plus grandes priorit\u00e9s. Nous nous appuyons sur un h\u00e9ritage philanthropique de longue date qui consiste \u00e0 exploiter la puissance des technologies pour transformer les soins de sant\u00e9 pour tous. Et aujourd\u2019hui, nous [&hellip;]<\/p>\n","protected":false},"author":14,"featured_media":27698,"parent":0,"menu_order":0,"comment_status":"closed","ping_status":"closed","template":"page-templates\/businesses-one-page.php","meta":{"footnotes":""},"categories":[24],"acf":[],"yoast_head":"<!-- This site is optimized with the Yoast SEO plugin v21.5 - https:\/\/yoast.com\/wordpress\/plugins\/seo\/ -->\n<title>Acc\u00e9l\u00e9rer l&#039;acc\u00e8s aux soins m\u00e9dicaux modernes | Abdul Latif Jameel\u00ae<\/title>\n<meta name=\"description\" content=\"La Communaut\u00e9 Jameel s&#039;efforce d&#039;am\u00e9liorer le bien-\u00eatre des personnes vuln\u00e9rables \u00e0 travers le monde en exploitant les technologies modernes pour transformer les soins de sant\u00e9.\" \/>\n<meta name=\"robots\" content=\"index, follow, max-snippet:-1, max-image-preview:large, max-video-preview:-1\" \/>\n<link rel=\"canonical\" href=\"https:\/\/alj.com\/fr\/health-overview\/\" \/>\n<meta property=\"og:locale\" content=\"fr_FR\" \/>\n<meta property=\"og:type\" content=\"article\" \/>\n<meta property=\"og:title\" content=\"Acc\u00e9l\u00e9rer l&#039;acc\u00e8s aux soins m\u00e9dicaux modernes | Abdul Latif Jameel\u00ae\" \/>\n<meta property=\"og:description\" content=\"La Communaut\u00e9 Jameel s&#039;efforce d&#039;am\u00e9liorer le bien-\u00eatre des personnes vuln\u00e9rables \u00e0 travers le monde en exploitant les technologies modernes pour transformer les soins de sant\u00e9.\" \/>\n<meta property=\"og:url\" content=\"https:\/\/alj.com\/fr\/health-overview\/\" \/>\n<meta property=\"og:site_name\" content=\"Abdul Latif Jameel\" \/>\n<meta property=\"article:publisher\" content=\"https:\/\/www.facebook.com\/Abdul.Latif.Jameel.Official\" \/>\n<meta property=\"article:modified_time\" content=\"2023-08-07T08:40:18+00:00\" \/>\n<meta property=\"og:image\" content=\"https:\/\/media.alj.com\/app\/uploads\/2016\/10\/alj-our-presence-in-menat-and-beyond.jpg\" \/>\n\t<meta property=\"og:image:width\" content=\"1294\" \/>\n\t<meta property=\"og:image:height\" content=\"600\" \/>\n\t<meta property=\"og:image:type\" content=\"image\/jpeg\" \/>\n<meta name=\"twitter:card\" content=\"summary_large_image\" \/>\n<meta name=\"twitter:label1\" content=\"Est. reading time\" \/>\n\t<meta name=\"twitter:data1\" content=\"1 minute\" \/>\n<script type=\"application\/ld+json\" class=\"yoast-schema-graph\">{\"@context\":\"https:\/\/schema.org\",\"@graph\":[{\"@type\":\"WebPage\",\"@id\":\"https:\/\/alj.com\/fr\/health-overview\/\",\"url\":\"https:\/\/alj.com\/fr\/health-overview\/\",\"name\":\"Acc\u00e9l\u00e9rer l'acc\u00e8s aux soins m\u00e9dicaux modernes | Abdul Latif Jameel\u00ae\",\"isPartOf\":{\"@id\":\"https:\/\/alj.com\/en\/#website\"},\"datePublished\":\"2016-10-05T12:25:32+00:00\",\"dateModified\":\"2023-08-07T08:40:18+00:00\",\"description\":\"La Communaut\u00e9 Jameel s'efforce d'am\u00e9liorer le bien-\u00eatre des personnes vuln\u00e9rables \u00e0 travers le monde en exploitant les technologies modernes pour transformer les soins de sant\u00e9.\",\"breadcrumb\":{\"@id\":\"https:\/\/alj.com\/fr\/health-overview\/#breadcrumb\"},\"inLanguage\":\"fr-FR\",\"potentialAction\":[{\"@type\":\"ReadAction\",\"target\":[\"https:\/\/alj.com\/fr\/health-overview\/\"]}]},{\"@type\":\"BreadcrumbList\",\"@id\":\"https:\/\/alj.com\/fr\/health-overview\/#breadcrumb\",\"itemListElement\":[{\"@type\":\"ListItem\",\"position\":1,\"name\":\"Home\",\"item\":\"https:\/\/alj.com\/fr\/\"},{\"@type\":\"ListItem\",\"position\":2,\"name\":\"Sant\u00e9\"}]},{\"@type\":\"WebSite\",\"@id\":\"https:\/\/alj.com\/en\/#website\",\"url\":\"https:\/\/alj.com\/en\/\",\"name\":\"Abdul Latif Jameel\",\"description\":\"Abdul Latif Jameel\",\"potentialAction\":[{\"@type\":\"SearchAction\",\"target\":{\"@type\":\"EntryPoint\",\"urlTemplate\":\"https:\/\/alj.com\/en\/?s={search_term_string}\"},\"query-input\":\"required name=search_term_string\"}],\"inLanguage\":\"fr-FR\"}]}<\/script>\n<!-- \/ Yoast SEO plugin. -->","yoast_head_json":{"title":"Acc\u00e9l\u00e9rer l'acc\u00e8s aux soins m\u00e9dicaux modernes | Abdul Latif Jameel\u00ae","description":"La Communaut\u00e9 Jameel s'efforce d'am\u00e9liorer le bien-\u00eatre des personnes vuln\u00e9rables \u00e0 travers le monde en exploitant les technologies modernes pour transformer les soins de sant\u00e9.","robots":{"index":"index","follow":"follow","max-snippet":"max-snippet:-1","max-image-preview":"max-image-preview:large","max-video-preview":"max-video-preview:-1"},"canonical":"https:\/\/alj.com\/fr\/health-overview\/","og_locale":"fr_FR","og_type":"article","og_title":"Acc\u00e9l\u00e9rer l'acc\u00e8s aux soins m\u00e9dicaux modernes | Abdul Latif Jameel\u00ae","og_description":"La Communaut\u00e9 Jameel s'efforce d'am\u00e9liorer le bien-\u00eatre des personnes vuln\u00e9rables \u00e0 travers le monde en exploitant les technologies modernes pour transformer les soins de sant\u00e9.","og_url":"https:\/\/alj.com\/fr\/health-overview\/","og_site_name":"Abdul Latif Jameel","article_publisher":"https:\/\/www.facebook.com\/Abdul.Latif.Jameel.Official","article_modified_time":"2023-08-07T08:40:18+00:00","og_image":[{"width":1294,"height":600,"url":"https:\/\/media.alj.com\/app\/uploads\/2016\/10\/alj-our-presence-in-menat-and-beyond.jpg","type":"image\/jpeg"}],"twitter_card":"summary_large_image","twitter_misc":{"Est. reading time":"1 minute"},"schema":{"@context":"https:\/\/schema.org","@graph":[{"@type":"WebPage","@id":"https:\/\/alj.com\/fr\/health-overview\/","url":"https:\/\/alj.com\/fr\/health-overview\/","name":"Acc\u00e9l\u00e9rer l'acc\u00e8s aux soins m\u00e9dicaux modernes | Abdul Latif Jameel\u00ae","isPartOf":{"@id":"https:\/\/alj.com\/en\/#website"},"datePublished":"2016-10-05T12:25:32+00:00","dateModified":"2023-08-07T08:40:18+00:00","description":"La Communaut\u00e9 Jameel s'efforce d'am\u00e9liorer le bien-\u00eatre des personnes vuln\u00e9rables \u00e0 travers le monde en exploitant les technologies modernes pour transformer les soins de sant\u00e9.","breadcrumb":{"@id":"https:\/\/alj.com\/fr\/health-overview\/#breadcrumb"},"inLanguage":"fr-FR","potentialAction":[{"@type":"ReadAction","target":["https:\/\/alj.com\/fr\/health-overview\/"]}]},{"@type":"BreadcrumbList","@id":"https:\/\/alj.com\/fr\/health-overview\/#breadcrumb","itemListElement":[{"@type":"ListItem","position":1,"name":"Home","item":"https:\/\/alj.com\/fr\/"},{"@type":"ListItem","position":2,"name":"Sant\u00e9"}]},{"@type":"WebSite","@id":"https:\/\/alj.com\/en\/#website","url":"https:\/\/alj.com\/en\/","name":"Abdul Latif Jameel","description":"Abdul Latif Jameel","potentialAction":[{"@type":"SearchAction","target":{"@type":"EntryPoint","urlTemplate":"https:\/\/alj.com\/en\/?s={search_term_string}"},"query-input":"required name=search_term_string"}],"inLanguage":"fr-FR"}]}},"_links":{"self":[{"href":"https:\/\/alj.com\/fr\/wp-json\/wp\/v2\/pages\/77288"}],"collection":[{"href":"https:\/\/alj.com\/fr\/wp-json\/wp\/v2\/pages"}],"about":[{"href":"https:\/\/alj.com\/fr\/wp-json\/wp\/v2\/types\/page"}],"author":[{"embeddable":true,"href":"https:\/\/alj.com\/fr\/wp-json\/wp\/v2\/users\/14"}],"replies":[{"embeddable":true,"href":"https:\/\/alj.com\/fr\/wp-json\/wp\/v2\/comments?post=77288"}],"version-history":[{"count":0,"href":"https:\/\/alj.com\/fr\/wp-json\/wp\/v2\/pages\/77288\/revisions"}],"wp:featuredmedia":[{"embeddable":true,"href":"https:\/\/alj.com\/fr\/wp-json\/wp\/v2\/media\/27698"}],"wp:attachment":[{"href":"https:\/\/alj.com\/fr\/wp-json\/wp\/v2\/media?parent=77288"}],"wp:term":[{"taxonomy":"category","embeddable":true,"href":"https:\/\/alj.com\/fr\/wp-json\/wp\/v2\/categories?post=77288"}],"curies":[{"name":"wp","href":"https:\/\/api.w.org\/{rel}","templated":true}]}}