{"id":8579,"date":"2016-10-04T15:23:31","date_gmt":"2016-10-04T15:23:31","guid":{"rendered":"http:\/\/alj.corp.staging.omniaconnect.net\/fr\/propos-de-nous\/careers\/"},"modified":"2025-06-19T12:12:13","modified_gmt":"2025-06-19T12:12:13","slug":"careers","status":"publish","type":"page","link":"https:\/\/alj.com\/fr\/about\/careers\/","title":{"rendered":"Carri\u00e8res"},"content":{"rendered":"<h2>Pourquoi collaborer avec nous\u00a0?<\/h2>\n<p>Avec une empreinte v\u00e9ritablement internationale et trois quarts de si\u00e8cle de succ\u00e8s commercial derri\u00e8re nous, nous sommes aujourd\u2019hui un employeur de premier plan dans la r\u00e9gion Moyen-Orient, Afrique du Nord et Turquie, mais nous offrons \u00e9galement des opportunit\u00e9s passionnantes dans le monde entier, du Chili au Japon, en passant par le Royaume-Uni et l\u2019Australie.<\/p>\n<p>Nos valeurs guident notre fa\u00e7on de travailler avec nos partenaires d\u2019affaires, au sein des communaut\u00e9s o\u00f9 nous op\u00e9rons et en collaboration mutuelle avec celles-ci.<\/p>\n<p>En nous appuyant sur les valeurs de respect, d\u2019innovation, d\u2019esprit pionnier et d\u2019autonomie, nous avons cr\u00e9\u00e9 une culture propice \u00e0 l\u2019\u00e9panouissement des id\u00e9es et des personnes, et o\u00f9 les succ\u00e8s sont au rendez-vous.<\/p>\n","protected":false},"excerpt":{"rendered":"<p>Pourquoi collaborer avec nous\u00a0? Avec une empreinte v\u00e9ritablement internationale et trois quarts de si\u00e8cle de succ\u00e8s commercial derri\u00e8re nous, nous sommes aujourd\u2019hui un employeur de premier plan dans la r\u00e9gion Moyen-Orient, Afrique du Nord et Turquie, mais nous offrons \u00e9galement des opportunit\u00e9s passionnantes dans le monde entier, du Chili au Japon, en passant par le [&hellip;]<\/p>\n","protected":false},"author":14,"featured_media":0,"parent":2451,"menu_order":25,"comment_status":"closed","ping_status":"closed","template":"page-templates\/about-us-values-careers.php","meta":{"footnotes":""},"categories":[],"acf":[],"yoast_head":"<!-- This site is optimized with the Yoast SEO plugin v21.5 - https:\/\/yoast.com\/wordpress\/plugins\/seo\/ -->\n<title>Carri\u00e8res - Travaillez Avec Nous | Abdul Latif Jameel\u00ae<\/title>\n<meta name=\"description\" content=\"Abdul Latif Jameel est un employeur de premier plan dans la r\u00e9gion. Apprenez-en plus sur le travail avec Abdul Latif Jameel gr\u00e2ce \u00e0 notre portail de carri\u00e8res d\u00e9di\u00e9.\" \/>\n<meta name=\"robots\" content=\"index, follow, max-snippet:-1, max-image-preview:large, max-video-preview:-1\" \/>\n<link rel=\"canonical\" href=\"https:\/\/alj.com\/fr\/about\/careers\/\" \/>\n<meta property=\"og:locale\" content=\"fr_FR\" \/>\n<meta property=\"og:type\" content=\"article\" \/>\n<meta property=\"og:title\" content=\"Carri\u00e8res - Travaillez Avec Nous | Abdul Latif Jameel\u00ae\" \/>\n<meta property=\"og:description\" content=\"Abdul Latif Jameel est un employeur de premier plan dans la r\u00e9gion. Apprenez-en plus sur le travail avec Abdul Latif Jameel gr\u00e2ce \u00e0 notre portail de carri\u00e8res d\u00e9di\u00e9.\" \/>\n<meta property=\"og:url\" content=\"https:\/\/alj.com\/fr\/about\/careers\/\" \/>\n<meta property=\"og:site_name\" content=\"Abdul Latif Jameel\" \/>\n<meta property=\"article:publisher\" content=\"https:\/\/www.facebook.com\/Abdul.Latif.Jameel.Official\" \/>\n<meta property=\"article:modified_time\" content=\"2025-06-19T12:12:13+00:00\" \/>\n<meta property=\"og:image\" content=\"https:\/\/media.alj.com\/app\/uploads\/2016\/10\/alj-our-presence-in-menat-and-beyond.jpg\" \/>\n\t<meta property=\"og:image:width\" content=\"1294\" \/>\n\t<meta property=\"og:image:height\" content=\"600\" \/>\n\t<meta property=\"og:image:type\" content=\"image\/jpeg\" \/>\n<meta name=\"twitter:card\" content=\"summary_large_image\" \/>\n<meta name=\"twitter:label1\" content=\"Est. reading time\" \/>\n\t<meta name=\"twitter:data1\" content=\"1 minute\" \/>\n<script type=\"application\/ld+json\" class=\"yoast-schema-graph\">{\"@context\":\"https:\/\/schema.org\",\"@graph\":[{\"@type\":\"WebPage\",\"@id\":\"https:\/\/alj.com\/fr\/about\/careers\/\",\"url\":\"https:\/\/alj.com\/fr\/about\/careers\/\",\"name\":\"Carri\u00e8res - Travaillez Avec Nous | Abdul Latif Jameel\u00ae\",\"isPartOf\":{\"@id\":\"https:\/\/alj.com\/en\/#website\"},\"datePublished\":\"2016-10-04T15:23:31+00:00\",\"dateModified\":\"2025-06-19T12:12:13+00:00\",\"description\":\"Abdul Latif Jameel est un employeur de premier plan dans la r\u00e9gion. Apprenez-en plus sur le travail avec Abdul Latif Jameel gr\u00e2ce \u00e0 notre portail de carri\u00e8res d\u00e9di\u00e9.\",\"breadcrumb\":{\"@id\":\"https:\/\/alj.com\/fr\/about\/careers\/#breadcrumb\"},\"inLanguage\":\"fr-FR\",\"potentialAction\":[{\"@type\":\"ReadAction\",\"target\":[\"https:\/\/alj.com\/fr\/about\/careers\/\"]}]},{\"@type\":\"BreadcrumbList\",\"@id\":\"https:\/\/alj.com\/fr\/about\/careers\/#breadcrumb\",\"itemListElement\":[{\"@type\":\"ListItem\",\"position\":1,\"name\":\"Home\",\"item\":\"https:\/\/alj.com\/fr\/\"},{\"@type\":\"ListItem\",\"position\":2,\"name\":\"\u00c0 Propos de Nous\",\"item\":\"https:\/\/alj.com\/fr\/about\/\"},{\"@type\":\"ListItem\",\"position\":3,\"name\":\"Carri\u00e8res\"}]},{\"@type\":\"WebSite\",\"@id\":\"https:\/\/alj.com\/en\/#website\",\"url\":\"https:\/\/alj.com\/en\/\",\"name\":\"Abdul Latif Jameel\",\"description\":\"Abdul Latif Jameel\",\"potentialAction\":[{\"@type\":\"SearchAction\",\"target\":{\"@type\":\"EntryPoint\",\"urlTemplate\":\"https:\/\/alj.com\/en\/?s={search_term_string}\"},\"query-input\":\"required name=search_term_string\"}],\"inLanguage\":\"fr-FR\"}]}<\/script>\n<!-- \/ Yoast SEO plugin. -->","yoast_head_json":{"title":"Carri\u00e8res - Travaillez Avec Nous | Abdul Latif Jameel\u00ae","description":"Abdul Latif Jameel est un employeur de premier plan dans la r\u00e9gion. Apprenez-en plus sur le travail avec Abdul Latif Jameel gr\u00e2ce \u00e0 notre portail de carri\u00e8res d\u00e9di\u00e9.","robots":{"index":"index","follow":"follow","max-snippet":"max-snippet:-1","max-image-preview":"max-image-preview:large","max-video-preview":"max-video-preview:-1"},"canonical":"https:\/\/alj.com\/fr\/about\/careers\/","og_locale":"fr_FR","og_type":"article","og_title":"Carri\u00e8res - Travaillez Avec Nous | Abdul Latif Jameel\u00ae","og_description":"Abdul Latif Jameel est un employeur de premier plan dans la r\u00e9gion. Apprenez-en plus sur le travail avec Abdul Latif Jameel gr\u00e2ce \u00e0 notre portail de carri\u00e8res d\u00e9di\u00e9.","og_url":"https:\/\/alj.com\/fr\/about\/careers\/","og_site_name":"Abdul Latif Jameel","article_publisher":"https:\/\/www.facebook.com\/Abdul.Latif.Jameel.Official","article_modified_time":"2025-06-19T12:12:13+00:00","og_image":[{"width":1294,"height":600,"url":"https:\/\/media.alj.com\/app\/uploads\/2016\/10\/alj-our-presence-in-menat-and-beyond.jpg","type":"image\/jpeg"}],"twitter_card":"summary_large_image","twitter_misc":{"Est. reading time":"1 minute"},"schema":{"@context":"https:\/\/schema.org","@graph":[{"@type":"WebPage","@id":"https:\/\/alj.com\/fr\/about\/careers\/","url":"https:\/\/alj.com\/fr\/about\/careers\/","name":"Carri\u00e8res - Travaillez Avec Nous | Abdul Latif Jameel\u00ae","isPartOf":{"@id":"https:\/\/alj.com\/en\/#website"},"datePublished":"2016-10-04T15:23:31+00:00","dateModified":"2025-06-19T12:12:13+00:00","description":"Abdul Latif Jameel est un employeur de premier plan dans la r\u00e9gion. Apprenez-en plus sur le travail avec Abdul Latif Jameel gr\u00e2ce \u00e0 notre portail de carri\u00e8res d\u00e9di\u00e9.","breadcrumb":{"@id":"https:\/\/alj.com\/fr\/about\/careers\/#breadcrumb"},"inLanguage":"fr-FR","potentialAction":[{"@type":"ReadAction","target":["https:\/\/alj.com\/fr\/about\/careers\/"]}]},{"@type":"BreadcrumbList","@id":"https:\/\/alj.com\/fr\/about\/careers\/#breadcrumb","itemListElement":[{"@type":"ListItem","position":1,"name":"Home","item":"https:\/\/alj.com\/fr\/"},{"@type":"ListItem","position":2,"name":"\u00c0 Propos de Nous","item":"https:\/\/alj.com\/fr\/about\/"},{"@type":"ListItem","position":3,"name":"Carri\u00e8res"}]},{"@type":"WebSite","@id":"https:\/\/alj.com\/en\/#website","url":"https:\/\/alj.com\/en\/","name":"Abdul Latif Jameel","description":"Abdul Latif Jameel","potentialAction":[{"@type":"SearchAction","target":{"@type":"EntryPoint","urlTemplate":"https:\/\/alj.com\/en\/?s={search_term_string}"},"query-input":"required name=search_term_string"}],"inLanguage":"fr-FR"}]}},"_links":{"self":[{"href":"https:\/\/alj.com\/fr\/wp-json\/wp\/v2\/pages\/8579"}],"collection":[{"href":"https:\/\/alj.com\/fr\/wp-json\/wp\/v2\/pages"}],"about":[{"href":"https:\/\/alj.com\/fr\/wp-json\/wp\/v2\/types\/page"}],"author":[{"embeddable":true,"href":"https:\/\/alj.com\/fr\/wp-json\/wp\/v2\/users\/14"}],"replies":[{"embeddable":true,"href":"https:\/\/alj.com\/fr\/wp-json\/wp\/v2\/comments?post=8579"}],"version-history":[{"count":2,"href":"https:\/\/alj.com\/fr\/wp-json\/wp\/v2\/pages\/8579\/revisions"}],"predecessor-version":[{"id":122378,"href":"https:\/\/alj.com\/fr\/wp-json\/wp\/v2\/pages\/8579\/revisions\/122378"}],"up":[{"embeddable":true,"href":"https:\/\/alj.com\/fr\/wp-json\/wp\/v2\/pages\/2451"}],"wp:attachment":[{"href":"https:\/\/alj.com\/fr\/wp-json\/wp\/v2\/media?parent=8579"}],"wp:term":[{"taxonomy":"category","embeddable":true,"href":"https:\/\/alj.com\/fr\/wp-json\/wp\/v2\/categories?post=8579"}],"curies":[{"name":"wp","href":"https:\/\/api.w.org\/{rel}","templated":true}]}}