{"id":8580,"date":"2016-10-04T15:21:41","date_gmt":"2016-10-04T15:21:41","guid":{"rendered":"http:\/\/alj.corp.staging.omniaconnect.net\/fr\/propos-de-nous\/values\/"},"modified":"2019-12-30T10:12:25","modified_gmt":"2019-12-30T10:12:25","slug":"values","status":"publish","type":"page","link":"https:\/\/alj.com\/fr\/about\/values\/","title":{"rendered":"Nos Valeurs"},"content":{"rendered":"<h2>Montrer la voie<\/h2>\n<div class=\"p1-style\">Nous investissons depuis le c\u0153ur de l\u2019Arabie dans toute la r\u00e9gion prometteuse du Moyen-Orient, de l\u2019Afrique du Nord et de la Turquie (MENAT) et au-del\u00e0. Depuis plusieurs d\u00e9cennies, nous ouvrons de nouvelles perspectives \u00e0 la r\u00e9gion et nous en ouvrons d\u00e9sormais encore plus, dans davantage de pays, sur un \u00e9ventail plus large de produits et dans de nouveaux secteurs d\u2019activit\u00e9.<\/div>\n<p>Nous aidons les entreprises ambitieuses \u00e0 aller plus loin, en leur permettant de p\u00e9n\u00e9trer de nouveaux march\u00e9s, d\u2019atteindre de nouveaux consommateurs et de saisir de nouvelles opportunit\u00e9s. Nous aidons \u00e9galement ceux qui aspirent \u00e0 mieux, ceux qui recherchent \u00e0 am\u00e9liorer leurs ressources, leur qualit\u00e9 de vie et leurs perspectives.<\/p>\n<p>Nous nous employons sans rel\u00e2che \u00e0 d\u00e9nicher de nouveaux potentiels, et nous ne perdons jamais de vue la raison pour laquelle c\u2019est important. Nous restons attach\u00e9s au d\u00e9veloppement r\u00e9gional et attentifs aux besoins de nos concitoyens.<\/p>\n<p>Tout au long de notre \u00e9volution, nos valeurs fondamentales n\u2019ont pas chang\u00e9. Elles soulignent notre identit\u00e9 en tant qu\u2019entreprise et nous guident dans nos actions:<\/p>\n","protected":false},"excerpt":{"rendered":"<p>Montrer la voie Nous investissons depuis le c\u0153ur de l\u2019Arabie dans toute la r\u00e9gion prometteuse du Moyen-Orient, de l\u2019Afrique du Nord et de la Turquie (MENAT) et au-del\u00e0. Depuis plusieurs d\u00e9cennies, nous ouvrons de nouvelles perspectives \u00e0 la r\u00e9gion et nous en ouvrons d\u00e9sormais encore plus, dans davantage de pays, sur un \u00e9ventail plus large [&hellip;]<\/p>\n","protected":false},"author":14,"featured_media":0,"parent":2451,"menu_order":7,"comment_status":"closed","ping_status":"closed","template":"page-templates\/about-us-values-careers.php","meta":{"footnotes":""},"categories":[],"acf":[],"yoast_head":"<!-- This site is optimized with the Yoast SEO plugin v21.5 - https:\/\/yoast.com\/wordpress\/plugins\/seo\/ -->\n<title>Nos valeurs | Abdul Latif Jameel\u00ae<\/title>\n<meta name=\"description\" content=\"Nos valeurs fondamentales sont rest\u00e9es inchang\u00e9es. Elles nous soutiennent en tant qu&#039;entreprise et nous servent de boussole dans nos actions.Apprenez-en plus sur nos valeurs fondamentales\" \/>\n<meta name=\"robots\" content=\"index, follow, max-snippet:-1, max-image-preview:large, max-video-preview:-1\" \/>\n<link rel=\"canonical\" href=\"https:\/\/alj.com\/fr\/about\/values\/\" \/>\n<meta property=\"og:locale\" content=\"fr_FR\" \/>\n<meta property=\"og:type\" content=\"article\" \/>\n<meta property=\"og:title\" content=\"Nos valeurs | Abdul Latif Jameel\u00ae\" \/>\n<meta property=\"og:description\" content=\"Nos valeurs fondamentales sont rest\u00e9es inchang\u00e9es. Elles nous soutiennent en tant qu&#039;entreprise et nous servent de boussole dans nos actions.Apprenez-en plus sur nos valeurs fondamentales\" \/>\n<meta property=\"og:url\" content=\"https:\/\/alj.com\/fr\/about\/values\/\" \/>\n<meta property=\"og:site_name\" content=\"Abdul Latif Jameel\" \/>\n<meta property=\"article:publisher\" content=\"https:\/\/www.facebook.com\/Abdul.Latif.Jameel.Official\" \/>\n<meta property=\"article:modified_time\" content=\"2019-12-30T10:12:25+00:00\" \/>\n<meta property=\"og:image\" content=\"https:\/\/media.alj.com\/app\/uploads\/2016\/10\/alj-our-presence-in-menat-and-beyond.jpg\" \/>\n\t<meta property=\"og:image:width\" content=\"1294\" \/>\n\t<meta property=\"og:image:height\" content=\"600\" \/>\n\t<meta property=\"og:image:type\" content=\"image\/jpeg\" \/>\n<meta name=\"twitter:card\" content=\"summary_large_image\" \/>\n<meta name=\"twitter:label1\" content=\"Est. reading time\" \/>\n\t<meta name=\"twitter:data1\" content=\"1 minute\" \/>\n<script type=\"application\/ld+json\" class=\"yoast-schema-graph\">{\"@context\":\"https:\/\/schema.org\",\"@graph\":[{\"@type\":\"WebPage\",\"@id\":\"https:\/\/alj.com\/fr\/about\/values\/\",\"url\":\"https:\/\/alj.com\/fr\/about\/values\/\",\"name\":\"Nos valeurs | Abdul Latif Jameel\u00ae\",\"isPartOf\":{\"@id\":\"https:\/\/13.40.99.56\/en\/#website\"},\"datePublished\":\"2016-10-04T15:21:41+00:00\",\"dateModified\":\"2019-12-30T10:12:25+00:00\",\"description\":\"Nos valeurs fondamentales sont rest\u00e9es inchang\u00e9es. Elles nous soutiennent en tant qu'entreprise et nous servent de boussole dans nos actions.Apprenez-en plus sur nos valeurs fondamentales\",\"breadcrumb\":{\"@id\":\"https:\/\/alj.com\/fr\/about\/values\/#breadcrumb\"},\"inLanguage\":\"fr-FR\",\"potentialAction\":[{\"@type\":\"ReadAction\",\"target\":[\"https:\/\/alj.com\/fr\/about\/values\/\"]}]},{\"@type\":\"BreadcrumbList\",\"@id\":\"https:\/\/alj.com\/fr\/about\/values\/#breadcrumb\",\"itemListElement\":[{\"@type\":\"ListItem\",\"position\":1,\"name\":\"Home\",\"item\":\"https:\/\/alj.com\/fr\/\"},{\"@type\":\"ListItem\",\"position\":2,\"name\":\"\u00c0 Propos de Nous\",\"item\":\"https:\/\/alj.com\/fr\/about\/\"},{\"@type\":\"ListItem\",\"position\":3,\"name\":\"Nos Valeurs\"}]},{\"@type\":\"WebSite\",\"@id\":\"https:\/\/13.40.99.56\/en\/#website\",\"url\":\"https:\/\/13.40.99.56\/en\/\",\"name\":\"Abdul Latif Jameel\",\"description\":\"Abdul Latif Jameel\",\"potentialAction\":[{\"@type\":\"SearchAction\",\"target\":{\"@type\":\"EntryPoint\",\"urlTemplate\":\"https:\/\/13.40.99.56\/en\/?s={search_term_string}\"},\"query-input\":\"required name=search_term_string\"}],\"inLanguage\":\"fr-FR\"}]}<\/script>\n<!-- \/ Yoast SEO plugin. -->","yoast_head_json":{"title":"Nos valeurs | Abdul Latif Jameel\u00ae","description":"Nos valeurs fondamentales sont rest\u00e9es inchang\u00e9es. Elles nous soutiennent en tant qu'entreprise et nous servent de boussole dans nos actions.Apprenez-en plus sur nos valeurs fondamentales","robots":{"index":"index","follow":"follow","max-snippet":"max-snippet:-1","max-image-preview":"max-image-preview:large","max-video-preview":"max-video-preview:-1"},"canonical":"https:\/\/alj.com\/fr\/about\/values\/","og_locale":"fr_FR","og_type":"article","og_title":"Nos valeurs | Abdul Latif Jameel\u00ae","og_description":"Nos valeurs fondamentales sont rest\u00e9es inchang\u00e9es. Elles nous soutiennent en tant qu'entreprise et nous servent de boussole dans nos actions.Apprenez-en plus sur nos valeurs fondamentales","og_url":"https:\/\/alj.com\/fr\/about\/values\/","og_site_name":"Abdul Latif Jameel","article_publisher":"https:\/\/www.facebook.com\/Abdul.Latif.Jameel.Official","article_modified_time":"2019-12-30T10:12:25+00:00","og_image":[{"width":1294,"height":600,"url":"https:\/\/media.alj.com\/app\/uploads\/2016\/10\/alj-our-presence-in-menat-and-beyond.jpg","type":"image\/jpeg"}],"twitter_card":"summary_large_image","twitter_misc":{"Est. reading time":"1 minute"},"schema":{"@context":"https:\/\/schema.org","@graph":[{"@type":"WebPage","@id":"https:\/\/alj.com\/fr\/about\/values\/","url":"https:\/\/alj.com\/fr\/about\/values\/","name":"Nos valeurs | Abdul Latif Jameel\u00ae","isPartOf":{"@id":"https:\/\/13.40.99.56\/en\/#website"},"datePublished":"2016-10-04T15:21:41+00:00","dateModified":"2019-12-30T10:12:25+00:00","description":"Nos valeurs fondamentales sont rest\u00e9es inchang\u00e9es. Elles nous soutiennent en tant qu'entreprise et nous servent de boussole dans nos actions.Apprenez-en plus sur nos valeurs fondamentales","breadcrumb":{"@id":"https:\/\/alj.com\/fr\/about\/values\/#breadcrumb"},"inLanguage":"fr-FR","potentialAction":[{"@type":"ReadAction","target":["https:\/\/alj.com\/fr\/about\/values\/"]}]},{"@type":"BreadcrumbList","@id":"https:\/\/alj.com\/fr\/about\/values\/#breadcrumb","itemListElement":[{"@type":"ListItem","position":1,"name":"Home","item":"https:\/\/alj.com\/fr\/"},{"@type":"ListItem","position":2,"name":"\u00c0 Propos de Nous","item":"https:\/\/alj.com\/fr\/about\/"},{"@type":"ListItem","position":3,"name":"Nos Valeurs"}]},{"@type":"WebSite","@id":"https:\/\/13.40.99.56\/en\/#website","url":"https:\/\/13.40.99.56\/en\/","name":"Abdul Latif Jameel","description":"Abdul Latif Jameel","potentialAction":[{"@type":"SearchAction","target":{"@type":"EntryPoint","urlTemplate":"https:\/\/13.40.99.56\/en\/?s={search_term_string}"},"query-input":"required name=search_term_string"}],"inLanguage":"fr-FR"}]}},"_links":{"self":[{"href":"https:\/\/alj.com\/fr\/wp-json\/wp\/v2\/pages\/8580"}],"collection":[{"href":"https:\/\/alj.com\/fr\/wp-json\/wp\/v2\/pages"}],"about":[{"href":"https:\/\/alj.com\/fr\/wp-json\/wp\/v2\/types\/page"}],"author":[{"embeddable":true,"href":"https:\/\/alj.com\/fr\/wp-json\/wp\/v2\/users\/14"}],"replies":[{"embeddable":true,"href":"https:\/\/alj.com\/fr\/wp-json\/wp\/v2\/comments?post=8580"}],"version-history":[{"count":0,"href":"https:\/\/alj.com\/fr\/wp-json\/wp\/v2\/pages\/8580\/revisions"}],"up":[{"embeddable":true,"href":"https:\/\/alj.com\/fr\/wp-json\/wp\/v2\/pages\/2451"}],"wp:attachment":[{"href":"https:\/\/alj.com\/fr\/wp-json\/wp\/v2\/media?parent=8580"}],"wp:term":[{"taxonomy":"category","embeddable":true,"href":"https:\/\/alj.com\/fr\/wp-json\/wp\/v2\/categories?post=8580"}],"curies":[{"name":"wp","href":"https:\/\/api.w.org\/{rel}","templated":true}]}}