{"id":8593,"date":"2016-10-05T12:14:42","date_gmt":"2016-10-05T12:14:42","guid":{"rendered":"http:\/\/alj.corp.staging.omniaconnect.net\/fr\/land-and-real-estate\/real-estate-overview\/"},"modified":"2022-12-08T11:35:14","modified_gmt":"2022-12-08T11:35:14","slug":"real-estate-overview","status":"publish","type":"page","link":"https:\/\/alj.com\/fr\/land-and-real-estate\/real-estate-overview\/","title":{"rendered":"Aper\u00e7u"},"content":{"rendered":"<h2>Construire des communaut\u00e9s pour un avenir plus radieux<\/h2>\n<h4>Notre activit\u00e9 immobili\u00e8re a \u00e9t\u00e9 cr\u00e9\u00e9e en\u00a02012, apr\u00e8s des d\u00e9cennies d\u2019exp\u00e9rience attest\u00e9e dans le d\u00e9veloppement de nos propri\u00e9t\u00e9s.<\/h4>\n<h4>Abdul\u00a0Latif\u00a0Jameel\u00a0Properties est d\u00e9sormais un d\u00e9veloppeur immobilier r\u00e9sidentiel et commercial leader en Arabie\u00a0saoudite.<\/h4>\n<p>Les capacit\u00e9s d\u2019<a href=\"https:\/\/alj-properties.com\/\">Abdul\u00a0Latif\u00a0Jameel\u00a0Properties<\/a> englobent le large spectre du d\u00e9veloppement de propri\u00e9t\u00e9s r\u00e9sidentielles et emploient des technologies et des techniques de construction de pointe pour fournir des maisons familiales contemporaines, des appartements r\u00e9sidentiels et des communaut\u00e9s ax\u00e9es sur un m\u00eame mode de vie qui soient de qualit\u00e9 sup\u00e9rieure, efficaces sur le plan \u00e9nerg\u00e9tique et abordables.<\/p>\n","protected":false},"excerpt":{"rendered":"<p>Construire des communaut\u00e9s pour un avenir plus radieux Notre activit\u00e9 immobili\u00e8re a \u00e9t\u00e9 cr\u00e9\u00e9e en\u00a02012, apr\u00e8s des d\u00e9cennies d\u2019exp\u00e9rience attest\u00e9e dans le d\u00e9veloppement de nos propri\u00e9t\u00e9s. Abdul\u00a0Latif\u00a0Jameel\u00a0Properties est d\u00e9sormais un d\u00e9veloppeur immobilier r\u00e9sidentiel et commercial leader en Arabie\u00a0saoudite. Les capacit\u00e9s d\u2019Abdul\u00a0Latif\u00a0Jameel\u00a0Properties englobent le large spectre du d\u00e9veloppement de propri\u00e9t\u00e9s r\u00e9sidentielles et emploient des technologies et [&hellip;]<\/p>\n","protected":false},"author":14,"featured_media":0,"parent":8588,"menu_order":15,"comment_status":"closed","ping_status":"closed","template":"page-templates\/business-overview.php","meta":{"footnotes":""},"categories":[],"acf":[],"yoast_head":"<!-- This site is optimized with the Yoast SEO plugin v21.5 - https:\/\/yoast.com\/wordpress\/plugins\/seo\/ -->\n<title>Immobilier et d\u00e9veloppement immobilier | Abdul Latif Jameel\u00ae<\/title>\n<meta name=\"description\" content=\"En tant que l&#039;un des principaux promoteurs immobiliers d&#039;Arabie saoudite, nous r\u00e9pondons aux besoins de logement en fournissant des solutions immobili\u00e8res compl\u00e8tes.\" \/>\n<meta name=\"robots\" content=\"index, follow, max-snippet:-1, max-image-preview:large, max-video-preview:-1\" \/>\n<link rel=\"canonical\" href=\"https:\/\/alj.com\/fr\/land-and-real-estate\/real-estate-overview\/\" \/>\n<meta property=\"og:locale\" content=\"fr_FR\" \/>\n<meta property=\"og:type\" content=\"article\" \/>\n<meta property=\"og:title\" content=\"Immobilier et d\u00e9veloppement immobilier | Abdul Latif Jameel\u00ae\" \/>\n<meta property=\"og:description\" content=\"En tant que l&#039;un des principaux promoteurs immobiliers d&#039;Arabie saoudite, nous r\u00e9pondons aux besoins de logement en fournissant des solutions immobili\u00e8res compl\u00e8tes.\" \/>\n<meta property=\"og:url\" content=\"https:\/\/alj.com\/fr\/land-and-real-estate\/real-estate-overview\/\" \/>\n<meta property=\"og:site_name\" content=\"Abdul Latif Jameel\" \/>\n<meta property=\"article:publisher\" content=\"https:\/\/www.facebook.com\/Abdul.Latif.Jameel.Official\" \/>\n<meta property=\"article:modified_time\" content=\"2022-12-08T11:35:14+00:00\" \/>\n<meta property=\"og:image\" content=\"https:\/\/media.alj.com\/app\/uploads\/2016\/10\/alj-our-presence-in-menat-and-beyond.jpg\" \/>\n\t<meta property=\"og:image:width\" content=\"1294\" \/>\n\t<meta property=\"og:image:height\" content=\"600\" \/>\n\t<meta property=\"og:image:type\" content=\"image\/jpeg\" \/>\n<meta name=\"twitter:card\" content=\"summary_large_image\" \/>\n<meta name=\"twitter:label1\" content=\"Est. reading time\" \/>\n\t<meta name=\"twitter:data1\" content=\"1 minute\" \/>\n<script type=\"application\/ld+json\" class=\"yoast-schema-graph\">{\"@context\":\"https:\/\/schema.org\",\"@graph\":[{\"@type\":\"WebPage\",\"@id\":\"https:\/\/alj.com\/fr\/land-and-real-estate\/real-estate-overview\/\",\"url\":\"https:\/\/alj.com\/fr\/land-and-real-estate\/real-estate-overview\/\",\"name\":\"Immobilier et d\u00e9veloppement immobilier | Abdul Latif Jameel\u00ae\",\"isPartOf\":{\"@id\":\"https:\/\/alj.com\/en\/#website\"},\"datePublished\":\"2016-10-05T12:14:42+00:00\",\"dateModified\":\"2022-12-08T11:35:14+00:00\",\"description\":\"En tant que l'un des principaux promoteurs immobiliers d'Arabie saoudite, nous r\u00e9pondons aux besoins de logement en fournissant des solutions immobili\u00e8res compl\u00e8tes.\",\"breadcrumb\":{\"@id\":\"https:\/\/alj.com\/fr\/land-and-real-estate\/real-estate-overview\/#breadcrumb\"},\"inLanguage\":\"fr-FR\",\"potentialAction\":[{\"@type\":\"ReadAction\",\"target\":[\"https:\/\/alj.com\/fr\/land-and-real-estate\/real-estate-overview\/\"]}]},{\"@type\":\"BreadcrumbList\",\"@id\":\"https:\/\/alj.com\/fr\/land-and-real-estate\/real-estate-overview\/#breadcrumb\",\"itemListElement\":[{\"@type\":\"ListItem\",\"position\":1,\"name\":\"Home\",\"item\":\"https:\/\/alj.com\/fr\/\"},{\"@type\":\"ListItem\",\"position\":2,\"name\":\"Immobilier\",\"item\":\"https:\/\/alj.com\/fr\/land-and-real-estate\/\"},{\"@type\":\"ListItem\",\"position\":3,\"name\":\"Aper\u00e7u\"}]},{\"@type\":\"WebSite\",\"@id\":\"https:\/\/alj.com\/en\/#website\",\"url\":\"https:\/\/alj.com\/en\/\",\"name\":\"Abdul Latif Jameel\",\"description\":\"Abdul Latif Jameel\",\"potentialAction\":[{\"@type\":\"SearchAction\",\"target\":{\"@type\":\"EntryPoint\",\"urlTemplate\":\"https:\/\/alj.com\/en\/?s={search_term_string}\"},\"query-input\":\"required name=search_term_string\"}],\"inLanguage\":\"fr-FR\"}]}<\/script>\n<!-- \/ Yoast SEO plugin. -->","yoast_head_json":{"title":"Immobilier et d\u00e9veloppement immobilier | Abdul Latif Jameel\u00ae","description":"En tant que l'un des principaux promoteurs immobiliers d'Arabie saoudite, nous r\u00e9pondons aux besoins de logement en fournissant des solutions immobili\u00e8res compl\u00e8tes.","robots":{"index":"index","follow":"follow","max-snippet":"max-snippet:-1","max-image-preview":"max-image-preview:large","max-video-preview":"max-video-preview:-1"},"canonical":"https:\/\/alj.com\/fr\/land-and-real-estate\/real-estate-overview\/","og_locale":"fr_FR","og_type":"article","og_title":"Immobilier et d\u00e9veloppement immobilier | Abdul Latif Jameel\u00ae","og_description":"En tant que l'un des principaux promoteurs immobiliers d'Arabie saoudite, nous r\u00e9pondons aux besoins de logement en fournissant des solutions immobili\u00e8res compl\u00e8tes.","og_url":"https:\/\/alj.com\/fr\/land-and-real-estate\/real-estate-overview\/","og_site_name":"Abdul Latif Jameel","article_publisher":"https:\/\/www.facebook.com\/Abdul.Latif.Jameel.Official","article_modified_time":"2022-12-08T11:35:14+00:00","og_image":[{"width":1294,"height":600,"url":"https:\/\/media.alj.com\/app\/uploads\/2016\/10\/alj-our-presence-in-menat-and-beyond.jpg","type":"image\/jpeg"}],"twitter_card":"summary_large_image","twitter_misc":{"Est. reading time":"1 minute"},"schema":{"@context":"https:\/\/schema.org","@graph":[{"@type":"WebPage","@id":"https:\/\/alj.com\/fr\/land-and-real-estate\/real-estate-overview\/","url":"https:\/\/alj.com\/fr\/land-and-real-estate\/real-estate-overview\/","name":"Immobilier et d\u00e9veloppement immobilier | Abdul Latif Jameel\u00ae","isPartOf":{"@id":"https:\/\/alj.com\/en\/#website"},"datePublished":"2016-10-05T12:14:42+00:00","dateModified":"2022-12-08T11:35:14+00:00","description":"En tant que l'un des principaux promoteurs immobiliers d'Arabie saoudite, nous r\u00e9pondons aux besoins de logement en fournissant des solutions immobili\u00e8res compl\u00e8tes.","breadcrumb":{"@id":"https:\/\/alj.com\/fr\/land-and-real-estate\/real-estate-overview\/#breadcrumb"},"inLanguage":"fr-FR","potentialAction":[{"@type":"ReadAction","target":["https:\/\/alj.com\/fr\/land-and-real-estate\/real-estate-overview\/"]}]},{"@type":"BreadcrumbList","@id":"https:\/\/alj.com\/fr\/land-and-real-estate\/real-estate-overview\/#breadcrumb","itemListElement":[{"@type":"ListItem","position":1,"name":"Home","item":"https:\/\/alj.com\/fr\/"},{"@type":"ListItem","position":2,"name":"Immobilier","item":"https:\/\/alj.com\/fr\/land-and-real-estate\/"},{"@type":"ListItem","position":3,"name":"Aper\u00e7u"}]},{"@type":"WebSite","@id":"https:\/\/alj.com\/en\/#website","url":"https:\/\/alj.com\/en\/","name":"Abdul Latif Jameel","description":"Abdul Latif Jameel","potentialAction":[{"@type":"SearchAction","target":{"@type":"EntryPoint","urlTemplate":"https:\/\/alj.com\/en\/?s={search_term_string}"},"query-input":"required name=search_term_string"}],"inLanguage":"fr-FR"}]}},"_links":{"self":[{"href":"https:\/\/alj.com\/fr\/wp-json\/wp\/v2\/pages\/8593"}],"collection":[{"href":"https:\/\/alj.com\/fr\/wp-json\/wp\/v2\/pages"}],"about":[{"href":"https:\/\/alj.com\/fr\/wp-json\/wp\/v2\/types\/page"}],"author":[{"embeddable":true,"href":"https:\/\/alj.com\/fr\/wp-json\/wp\/v2\/users\/14"}],"replies":[{"embeddable":true,"href":"https:\/\/alj.com\/fr\/wp-json\/wp\/v2\/comments?post=8593"}],"version-history":[{"count":0,"href":"https:\/\/alj.com\/fr\/wp-json\/wp\/v2\/pages\/8593\/revisions"}],"up":[{"embeddable":true,"href":"https:\/\/alj.com\/fr\/wp-json\/wp\/v2\/pages\/8588"}],"wp:attachment":[{"href":"https:\/\/alj.com\/fr\/wp-json\/wp\/v2\/media?parent=8593"}],"wp:term":[{"taxonomy":"category","embeddable":true,"href":"https:\/\/alj.com\/fr\/wp-json\/wp\/v2\/categories?post=8593"}],"curies":[{"name":"wp","href":"https:\/\/api.w.org\/{rel}","templated":true}]}}