{"id":8610,"date":"2016-10-11T14:33:37","date_gmt":"2016-10-11T14:33:37","guid":{"rendered":"http:\/\/alj.corp.staging.omniaconnect.net\/fr\/accessibility-policy\/"},"modified":"2022-07-04T07:22:44","modified_gmt":"2022-07-04T07:22:44","slug":"accessibility-policy","status":"publish","type":"page","link":"https:\/\/alj.com\/fr\/accessibility-policy\/","title":{"rendered":"Politique d\u2019accessibilit\u00e9"},"content":{"rendered":"<p>La pr\u00e9sente Politique d\u2019accessibilit\u00e9 d\u00e9taille les conditions de disponibilit\u00e9 du site Web d\u2019Abdul Latif Jameel relevant du nom de domaine &lt;alj.com&gt; (le \u00ab\u00a0Site Web\u00a0ALJ\u00a0\u00bb) pour les utilisateurs ayant des besoins sp\u00e9cifiques. La pr\u00e9sente Politique d\u2019accessibilit\u00e9 couvre les objectifs et l\u2019approche d\u2019Abdul Latif Jameel en mati\u00e8re d\u2019accessibilit\u00e9, les fonctions principales qu\u2019un utilisateur du Site Web\u00a0ALJ devrait \u00eatre en mesure d\u2019activer et les mesures pratiques prises par Abdul Latif Jameel afin d\u2019am\u00e9liorer l\u2019accessibilit\u00e9 au Site Web\u00a0ALJ.<\/p>\n<h2>Introduction<\/h2>\n<p>Le Groupe Abdul Latif Jameel est conscient que certains handicaps ou invalidit\u00e9s sont susceptibles d\u2019affecter l\u2019acc\u00e8s au Site Web\u00a0ALJ. Une approche proactive a \u00e9t\u00e9 adopt\u00e9e afin d\u2019am\u00e9liorer le Site Web\u00a0ALJ et les services propos\u00e9s via le Site Web\u00a0ALJ.<\/p>\n<p>Abdul Latif Jameel souhaite que le Site Web\u00a0ALJ puisse r\u00e9pondre aux besoins des utilisateurs souffrant d\u2019un handicap et offrir des informations et des services accessibles au plus grand nombre possible. Abdul Latif Jameel fait tous les efforts raisonnables pour se conformer \u00e0 la norme 1.0\u00a0AA fix\u00e9e par la \u00a0Web Accessibility Initiative (WAI) du World Wide Web Consortium (W3C)\u00a0. Abdul Latif Jameel vise \u00e0 donner aux utilisateurs ayant des besoins sp\u00e9ciaux la possibilit\u00e9 de consulter et d\u2019utiliser convenablement le Site Web\u00a0ALJ.<\/p>\n<p>Norme\u00a01.0 AA fix\u00e9e par la Web Accessibility Initiative (WAI)<\/p>\n<h2>Approche<\/h2>\n<p>The Abdul Latif Jameel approach to accessibility is to attempt to make the ALJ Website and services easy to use and understand for all users, including by the customisation of computing devices. It is recognised that not just disabled people are affected by issues of accessibility The ALJ Website webpages intend to be clear with easy to follow content<\/p>\n<h2>Using the ALJ Website<\/h2>\n<p>L\u2019approche d\u2019Abdul Latif Jameel en mati\u00e8re d\u2019accessibilit\u00e9 est de faire tous les efforts n\u00e9cessaires pour que le Site Web\u00a0ALJ et les services associ\u00e9s soient faciles \u00e0 utiliser et \u00e0 appr\u00e9hender par tous les utilisateurs, notamment en personnalisant les p\u00e9riph\u00e9riques informatiques. Le Groupe Abdul Latif Jameel est conscient que les utilisateurs souffrant d\u2019un handicap ne sont pas les seuls \u00e0 avoir des probl\u00e8mes d\u2019accessibilit\u00e9. Les pages du Site Web\u00a0ALJ sont cens\u00e9es \u00eatre claires et permettre d\u2019en appr\u00e9hender facilement le contenu.<\/p>\n<p>Utilisation du Site Web\u00a0ALJ<\/p>\n<ul>\n<li>un plan du site.<\/li>\n<li>les coordonn\u00e9es d\u2019Abdul Latif Jameel.<\/li>\n<li>les coordonn\u00e9es o\u00f9 adresser tout commentaire concernant l\u2019am\u00e9lioration de l\u2019accessibilit\u00e9 au Site Web\u00a0ALJ.<\/li>\n<\/ul>\n<h2>Implication des clients<\/h2>\n<p>Abdul Latif Jameel encourage les utilisateurs du Site Web\u00a0ALJ ayant des besoins sp\u00e9ciaux \u00e0 faire part de leurs commentaires. \u00c0 l\u2019avenir, Abdul Latif Jameel s\u2019efforcera d\u2019associer, pour autant que possible, ces utilisateurs au d\u00e9veloppement et au test des nouveaux services et contenus.<\/p>\n<h2>Solutions alternatives<\/h2>\n<p>Abdul Latif Jameel pourra \u00e9ventuellement offrir un format ou une solution \u00e0 m\u00eame de r\u00e9pondre aux probl\u00e8mes d\u2019accessibilit\u00e9 rencontr\u00e9s par les utilisateurs du Site Web\u00a0ALJ. Veuillez contacter Abdul Latif Jameel aux coordonn\u00e9es indiqu\u00e9es ci-dessous.<\/p>\n<h2>Conformit\u00e9 aux normes<\/h2>\n<p>L\u2019objectif d\u2019Abdul Latif Jameel est de suivre les recommandations (norme\u00a01.0 Niveau\u00a0AA) de la Web Accessibility Initiative du World Wide Web Consortium (W3C) et \u00e0 faire en sorte de maintenir cette norme une fois qu\u2019elle y sera parvenue. Afin d\u2019\u00eatre conforme \u00e0 cette norme d\u2019accessibilit\u00e9, Abdul Latif Jameel a fait en sorte que le contenu du Site Web\u00a0ALJ soit clairement pr\u00e9sent\u00e9 et r\u00e9dig\u00e9 d\u2019une mani\u00e8re qui, selon le groupe, est facile \u00e0 comprendre et \u00e0 suivre.<\/p>\n<p>Norme\u00a01.0 fix\u00e9e par la Web Accessibility Initiative (WAI)<\/p>\n<h2>Nous contacter<\/h2>\n<p>Si vous avez des questions ou commentaires concernant l\u2019accessibilit\u00e9 au Site Web\u00a0ALJ, ou si vous rencontrez des difficult\u00e9s lors de l\u2019utilisation du Site Web\u00a0ALJ, veuillez contacter Abdul Latif Jameel \u00e0 l\u2019adresse <a href=\"mailto:info@alj.ae\">info@alj.ae<\/a>, en d\u00e9taillant les raisons de votre demande.<\/p>\n<p>Date de derni\u00e8re mise \u00e0 jour de la pr\u00e9sente politique\u00a0: 24\u00a0f\u00e9vrier\u00a02015<\/p>\n","protected":false},"excerpt":{"rendered":"<p>La pr\u00e9sente Politique d\u2019accessibilit\u00e9 d\u00e9taille les conditions de disponibilit\u00e9 du site Web d\u2019Abdul Latif Jameel relevant du nom de domaine &lt;alj.com&gt; (le \u00ab\u00a0Site Web\u00a0ALJ\u00a0\u00bb) pour les utilisateurs ayant des besoins sp\u00e9cifiques. La pr\u00e9sente Politique d\u2019accessibilit\u00e9 couvre les objectifs et l\u2019approche d\u2019Abdul Latif Jameel en mati\u00e8re d\u2019accessibilit\u00e9, les fonctions principales qu\u2019un utilisateur du Site Web\u00a0ALJ devrait [&hellip;]<\/p>\n","protected":false},"author":14,"featured_media":0,"parent":0,"menu_order":59,"comment_status":"closed","ping_status":"closed","template":"page-templates\/static_page.php","meta":{"footnotes":""},"categories":[],"acf":[],"yoast_head":"<!-- This site is optimized with the Yoast SEO plugin v21.5 - https:\/\/yoast.com\/wordpress\/plugins\/seo\/ -->\n<title>Politique d&#039;accessibilit\u00e9 | Abdul Latif Jameel\u00ae<\/title>\n<meta name=\"description\" content=\"Veuillez lire cette notice qui d\u00e9taille l&#039;approche d&#039;Abdul Latif Jameel en mati\u00e8re d&#039;accessibilit\u00e9, et comment nous travaillons pour am\u00e9liorer l&#039;exp\u00e9rience utilisateur.\" \/>\n<meta name=\"robots\" content=\"index, follow, max-snippet:-1, max-image-preview:large, max-video-preview:-1\" \/>\n<link rel=\"canonical\" href=\"https:\/\/alj.com\/fr\/accessibility-policy\/\" \/>\n<meta property=\"og:locale\" content=\"fr_FR\" \/>\n<meta property=\"og:type\" content=\"article\" \/>\n<meta property=\"og:title\" content=\"Politique d&#039;accessibilit\u00e9 | Abdul Latif Jameel\u00ae\" \/>\n<meta property=\"og:description\" content=\"Veuillez lire cette notice qui d\u00e9taille l&#039;approche d&#039;Abdul Latif Jameel en mati\u00e8re d&#039;accessibilit\u00e9, et comment nous travaillons pour am\u00e9liorer l&#039;exp\u00e9rience utilisateur.\" \/>\n<meta property=\"og:url\" content=\"https:\/\/alj.com\/fr\/accessibility-policy\/\" \/>\n<meta property=\"og:site_name\" content=\"Abdul Latif Jameel\" \/>\n<meta property=\"article:publisher\" content=\"https:\/\/www.facebook.com\/Abdul.Latif.Jameel.Official\" \/>\n<meta property=\"article:modified_time\" content=\"2022-07-04T07:22:44+00:00\" \/>\n<meta property=\"og:image\" content=\"https:\/\/media.alj.com\/app\/uploads\/2016\/10\/alj-our-presence-in-menat-and-beyond.jpg\" \/>\n\t<meta property=\"og:image:width\" content=\"1294\" \/>\n\t<meta property=\"og:image:height\" content=\"600\" \/>\n\t<meta property=\"og:image:type\" content=\"image\/jpeg\" \/>\n<meta name=\"twitter:card\" content=\"summary_large_image\" \/>\n<meta name=\"twitter:label1\" content=\"Est. reading time\" \/>\n\t<meta name=\"twitter:data1\" content=\"3 minutes\" \/>\n<script type=\"application\/ld+json\" class=\"yoast-schema-graph\">{\"@context\":\"https:\/\/schema.org\",\"@graph\":[{\"@type\":\"WebPage\",\"@id\":\"https:\/\/alj.com\/fr\/accessibility-policy\/\",\"url\":\"https:\/\/alj.com\/fr\/accessibility-policy\/\",\"name\":\"Politique d'accessibilit\u00e9 | Abdul Latif Jameel\u00ae\",\"isPartOf\":{\"@id\":\"https:\/\/alj.com\/en\/#website\"},\"datePublished\":\"2016-10-11T14:33:37+00:00\",\"dateModified\":\"2022-07-04T07:22:44+00:00\",\"description\":\"Veuillez lire cette notice qui d\u00e9taille l'approche d'Abdul Latif Jameel en mati\u00e8re d'accessibilit\u00e9, et comment nous travaillons pour am\u00e9liorer l'exp\u00e9rience utilisateur.\",\"breadcrumb\":{\"@id\":\"https:\/\/alj.com\/fr\/accessibility-policy\/#breadcrumb\"},\"inLanguage\":\"fr-FR\",\"potentialAction\":[{\"@type\":\"ReadAction\",\"target\":[\"https:\/\/alj.com\/fr\/accessibility-policy\/\"]}]},{\"@type\":\"BreadcrumbList\",\"@id\":\"https:\/\/alj.com\/fr\/accessibility-policy\/#breadcrumb\",\"itemListElement\":[{\"@type\":\"ListItem\",\"position\":1,\"name\":\"Home\",\"item\":\"https:\/\/alj.com\/fr\/\"},{\"@type\":\"ListItem\",\"position\":2,\"name\":\"Politique d\u2019accessibilit\u00e9\"}]},{\"@type\":\"WebSite\",\"@id\":\"https:\/\/alj.com\/en\/#website\",\"url\":\"https:\/\/alj.com\/en\/\",\"name\":\"Abdul Latif Jameel\",\"description\":\"Abdul Latif Jameel\",\"potentialAction\":[{\"@type\":\"SearchAction\",\"target\":{\"@type\":\"EntryPoint\",\"urlTemplate\":\"https:\/\/alj.com\/en\/?s={search_term_string}\"},\"query-input\":\"required name=search_term_string\"}],\"inLanguage\":\"fr-FR\"}]}<\/script>\n<!-- \/ Yoast SEO plugin. -->","yoast_head_json":{"title":"Politique d'accessibilit\u00e9 | Abdul Latif Jameel\u00ae","description":"Veuillez lire cette notice qui d\u00e9taille l'approche d'Abdul Latif Jameel en mati\u00e8re d'accessibilit\u00e9, et comment nous travaillons pour am\u00e9liorer l'exp\u00e9rience utilisateur.","robots":{"index":"index","follow":"follow","max-snippet":"max-snippet:-1","max-image-preview":"max-image-preview:large","max-video-preview":"max-video-preview:-1"},"canonical":"https:\/\/alj.com\/fr\/accessibility-policy\/","og_locale":"fr_FR","og_type":"article","og_title":"Politique d'accessibilit\u00e9 | Abdul Latif Jameel\u00ae","og_description":"Veuillez lire cette notice qui d\u00e9taille l'approche d'Abdul Latif Jameel en mati\u00e8re d'accessibilit\u00e9, et comment nous travaillons pour am\u00e9liorer l'exp\u00e9rience utilisateur.","og_url":"https:\/\/alj.com\/fr\/accessibility-policy\/","og_site_name":"Abdul Latif Jameel","article_publisher":"https:\/\/www.facebook.com\/Abdul.Latif.Jameel.Official","article_modified_time":"2022-07-04T07:22:44+00:00","og_image":[{"width":1294,"height":600,"url":"https:\/\/media.alj.com\/app\/uploads\/2016\/10\/alj-our-presence-in-menat-and-beyond.jpg","type":"image\/jpeg"}],"twitter_card":"summary_large_image","twitter_misc":{"Est. reading time":"3 minutes"},"schema":{"@context":"https:\/\/schema.org","@graph":[{"@type":"WebPage","@id":"https:\/\/alj.com\/fr\/accessibility-policy\/","url":"https:\/\/alj.com\/fr\/accessibility-policy\/","name":"Politique d'accessibilit\u00e9 | Abdul Latif Jameel\u00ae","isPartOf":{"@id":"https:\/\/alj.com\/en\/#website"},"datePublished":"2016-10-11T14:33:37+00:00","dateModified":"2022-07-04T07:22:44+00:00","description":"Veuillez lire cette notice qui d\u00e9taille l'approche d'Abdul Latif Jameel en mati\u00e8re d'accessibilit\u00e9, et comment nous travaillons pour am\u00e9liorer l'exp\u00e9rience utilisateur.","breadcrumb":{"@id":"https:\/\/alj.com\/fr\/accessibility-policy\/#breadcrumb"},"inLanguage":"fr-FR","potentialAction":[{"@type":"ReadAction","target":["https:\/\/alj.com\/fr\/accessibility-policy\/"]}]},{"@type":"BreadcrumbList","@id":"https:\/\/alj.com\/fr\/accessibility-policy\/#breadcrumb","itemListElement":[{"@type":"ListItem","position":1,"name":"Home","item":"https:\/\/alj.com\/fr\/"},{"@type":"ListItem","position":2,"name":"Politique d\u2019accessibilit\u00e9"}]},{"@type":"WebSite","@id":"https:\/\/alj.com\/en\/#website","url":"https:\/\/alj.com\/en\/","name":"Abdul Latif Jameel","description":"Abdul Latif Jameel","potentialAction":[{"@type":"SearchAction","target":{"@type":"EntryPoint","urlTemplate":"https:\/\/alj.com\/en\/?s={search_term_string}"},"query-input":"required name=search_term_string"}],"inLanguage":"fr-FR"}]}},"_links":{"self":[{"href":"https:\/\/alj.com\/fr\/wp-json\/wp\/v2\/pages\/8610"}],"collection":[{"href":"https:\/\/alj.com\/fr\/wp-json\/wp\/v2\/pages"}],"about":[{"href":"https:\/\/alj.com\/fr\/wp-json\/wp\/v2\/types\/page"}],"author":[{"embeddable":true,"href":"https:\/\/alj.com\/fr\/wp-json\/wp\/v2\/users\/14"}],"replies":[{"embeddable":true,"href":"https:\/\/alj.com\/fr\/wp-json\/wp\/v2\/comments?post=8610"}],"version-history":[{"count":0,"href":"https:\/\/alj.com\/fr\/wp-json\/wp\/v2\/pages\/8610\/revisions"}],"wp:attachment":[{"href":"https:\/\/alj.com\/fr\/wp-json\/wp\/v2\/media?parent=8610"}],"wp:term":[{"taxonomy":"category","embeddable":true,"href":"https:\/\/alj.com\/fr\/wp-json\/wp\/v2\/categories?post=8610"}],"curies":[{"name":"wp","href":"https:\/\/api.w.org\/{rel}","templated":true}]}}