{"id":8616,"date":"2016-10-05T12:17:15","date_gmt":"2016-10-05T12:17:15","guid":{"rendered":"http:\/\/alj.corp.staging.omniaconnect.net\/fr\/energy-and-environmental-services\/energy-overview\/"},"modified":"2025-04-08T08:52:04","modified_gmt":"2025-04-08T08:52:04","slug":"energy-overview","status":"publish","type":"page","link":"https:\/\/alj.com\/fr\/energy-and-environmental-services\/energy-overview\/","title":{"rendered":"Aper\u00e7u"},"content":{"rendered":"<h2>Cr\u00e9ation d\u2019un futur durable<\/h2>\n<div class=\"p1-style\">Avec une demande d\u2019\u00e9nergie dans la r\u00e9gion Moyen-Orient Afrique du Nord et Turquie qui devrait cro\u00eetre de 4 % par an d\u2019ici 2027, le d\u00e9veloppement de sources suppl\u00e9mentaires d\u2019\u00e9nergie renouvelable repr\u00e9sente un imp\u00e9ratif social et strat\u00e9gique.<\/div>\n<p>Plus de la moiti\u00e9 de la population de la r\u00e9gion vit dans des conditions o\u00f9 l\u2019eau est rare, la demande d\u00e9passant l\u2019offre. La production d\u2019une quantit\u00e9 d\u2019eau suffisante pour soutenir la population croissante du Moyen-Orient n\u00e9cessite un tr\u00e8s gros investissement dans les installations et infrastructures de production d\u2019eau, ainsi que dans l\u2019\u00e9nergie qu\u2019exigent ces processus.<\/p>\n<p>Les objectifs en termes d\u2019\u00e9nergie renouvelable \u00e9tablis par les pays du Gulf Cooperation Council et par ceux de la r\u00e9gion Moyen-Orient Afrique du Nord et Turquie dans son ensemble, avec la demande croissante en eau, cr\u00e9ent des opportunit\u00e9s d\u2019investissement non n\u00e9gligeables dans la production et le stockage d\u2019\u00e9nergie, ainsi que dans les infrastructures hydrauliques.<\/p>\n","protected":false},"excerpt":{"rendered":"<p>Cr\u00e9ation d\u2019un futur durable Avec une demande d\u2019\u00e9nergie dans la r\u00e9gion Moyen-Orient Afrique du Nord et Turquie qui devrait cro\u00eetre de 4 % par an d\u2019ici 2027, le d\u00e9veloppement de sources suppl\u00e9mentaires d\u2019\u00e9nergie renouvelable repr\u00e9sente un imp\u00e9ratif social et strat\u00e9gique. Plus de la moiti\u00e9 de la population de la r\u00e9gion vit dans des conditions o\u00f9 [&hellip;]<\/p>\n","protected":false},"author":14,"featured_media":0,"parent":8613,"menu_order":0,"comment_status":"closed","ping_status":"closed","template":"page-templates\/business-overview.php","meta":{"footnotes":""},"categories":[],"acf":[],"yoast_head":"<!-- This site is optimized with the Yoast SEO plugin v21.5 - https:\/\/yoast.com\/wordpress\/plugins\/seo\/ -->\n<title>Energies Renouvelables et Services Environnementaux | Abdul Latif Jameel\u00ae<\/title>\n<meta name=\"description\" content=\"En mettant l&#039;accent sur la responsabilit\u00e9 environnementale et sociale, nous privil\u00e9gions l&#039;efficacit\u00e9 \u00e9nerg\u00e9tique et la r\u00e9duction de la consommation des ressources limit\u00e9es.\" \/>\n<meta name=\"robots\" content=\"index, follow, max-snippet:-1, max-image-preview:large, max-video-preview:-1\" \/>\n<link rel=\"canonical\" href=\"https:\/\/alj.com\/fr\/energy-and-environmental-services\/energy-overview\/\" \/>\n<meta property=\"og:locale\" content=\"fr_FR\" \/>\n<meta property=\"og:type\" content=\"article\" \/>\n<meta property=\"og:title\" content=\"Energies Renouvelables et Services Environnementaux | Abdul Latif Jameel\u00ae\" \/>\n<meta property=\"og:description\" content=\"En mettant l&#039;accent sur la responsabilit\u00e9 environnementale et sociale, nous privil\u00e9gions l&#039;efficacit\u00e9 \u00e9nerg\u00e9tique et la r\u00e9duction de la consommation des ressources limit\u00e9es.\" \/>\n<meta property=\"og:url\" content=\"https:\/\/alj.com\/fr\/energy-and-environmental-services\/energy-overview\/\" \/>\n<meta property=\"og:site_name\" content=\"Abdul Latif Jameel\" \/>\n<meta property=\"article:publisher\" content=\"https:\/\/www.facebook.com\/Abdul.Latif.Jameel.Official\" \/>\n<meta property=\"article:modified_time\" content=\"2025-04-08T08:52:04+00:00\" \/>\n<meta property=\"og:image\" content=\"https:\/\/media.alj.com\/app\/uploads\/2016\/10\/alj-our-presence-in-menat-and-beyond.jpg\" \/>\n\t<meta property=\"og:image:width\" content=\"1294\" \/>\n\t<meta property=\"og:image:height\" content=\"600\" \/>\n\t<meta property=\"og:image:type\" content=\"image\/jpeg\" \/>\n<meta name=\"twitter:card\" content=\"summary_large_image\" \/>\n<meta name=\"twitter:label1\" content=\"Est. reading time\" \/>\n\t<meta name=\"twitter:data1\" content=\"1 minute\" \/>\n<script type=\"application\/ld+json\" class=\"yoast-schema-graph\">{\"@context\":\"https:\/\/schema.org\",\"@graph\":[{\"@type\":\"WebPage\",\"@id\":\"https:\/\/alj.com\/fr\/energy-and-environmental-services\/energy-overview\/\",\"url\":\"https:\/\/alj.com\/fr\/energy-and-environmental-services\/energy-overview\/\",\"name\":\"Energies Renouvelables et Services Environnementaux | Abdul Latif Jameel\u00ae\",\"isPartOf\":{\"@id\":\"https:\/\/alj.com\/en\/#website\"},\"datePublished\":\"2016-10-05T12:17:15+00:00\",\"dateModified\":\"2025-04-08T08:52:04+00:00\",\"description\":\"En mettant l'accent sur la responsabilit\u00e9 environnementale et sociale, nous privil\u00e9gions l'efficacit\u00e9 \u00e9nerg\u00e9tique et la r\u00e9duction de la consommation des ressources limit\u00e9es.\",\"breadcrumb\":{\"@id\":\"https:\/\/alj.com\/fr\/energy-and-environmental-services\/energy-overview\/#breadcrumb\"},\"inLanguage\":\"fr-FR\",\"potentialAction\":[{\"@type\":\"ReadAction\",\"target\":[\"https:\/\/alj.com\/fr\/energy-and-environmental-services\/energy-overview\/\"]}]},{\"@type\":\"BreadcrumbList\",\"@id\":\"https:\/\/alj.com\/fr\/energy-and-environmental-services\/energy-overview\/#breadcrumb\",\"itemListElement\":[{\"@type\":\"ListItem\",\"position\":1,\"name\":\"Home\",\"item\":\"https:\/\/alj.com\/fr\/\"},{\"@type\":\"ListItem\",\"position\":2,\"name\":\"Services \u00c9nerg\u00e9tiques et Environnementaux\",\"item\":\"https:\/\/alj.com\/fr\/energy-and-environmental-services\/\"},{\"@type\":\"ListItem\",\"position\":3,\"name\":\"Aper\u00e7u\"}]},{\"@type\":\"WebSite\",\"@id\":\"https:\/\/alj.com\/en\/#website\",\"url\":\"https:\/\/alj.com\/en\/\",\"name\":\"Abdul Latif Jameel\",\"description\":\"Abdul Latif Jameel\",\"potentialAction\":[{\"@type\":\"SearchAction\",\"target\":{\"@type\":\"EntryPoint\",\"urlTemplate\":\"https:\/\/alj.com\/en\/?s={search_term_string}\"},\"query-input\":\"required name=search_term_string\"}],\"inLanguage\":\"fr-FR\"}]}<\/script>\n<!-- \/ Yoast SEO plugin. -->","yoast_head_json":{"title":"Energies Renouvelables et Services Environnementaux | Abdul Latif Jameel\u00ae","description":"En mettant l'accent sur la responsabilit\u00e9 environnementale et sociale, nous privil\u00e9gions l'efficacit\u00e9 \u00e9nerg\u00e9tique et la r\u00e9duction de la consommation des ressources limit\u00e9es.","robots":{"index":"index","follow":"follow","max-snippet":"max-snippet:-1","max-image-preview":"max-image-preview:large","max-video-preview":"max-video-preview:-1"},"canonical":"https:\/\/alj.com\/fr\/energy-and-environmental-services\/energy-overview\/","og_locale":"fr_FR","og_type":"article","og_title":"Energies Renouvelables et Services Environnementaux | Abdul Latif Jameel\u00ae","og_description":"En mettant l'accent sur la responsabilit\u00e9 environnementale et sociale, nous privil\u00e9gions l'efficacit\u00e9 \u00e9nerg\u00e9tique et la r\u00e9duction de la consommation des ressources limit\u00e9es.","og_url":"https:\/\/alj.com\/fr\/energy-and-environmental-services\/energy-overview\/","og_site_name":"Abdul Latif Jameel","article_publisher":"https:\/\/www.facebook.com\/Abdul.Latif.Jameel.Official","article_modified_time":"2025-04-08T08:52:04+00:00","og_image":[{"width":1294,"height":600,"url":"https:\/\/media.alj.com\/app\/uploads\/2016\/10\/alj-our-presence-in-menat-and-beyond.jpg","type":"image\/jpeg"}],"twitter_card":"summary_large_image","twitter_misc":{"Est. reading time":"1 minute"},"schema":{"@context":"https:\/\/schema.org","@graph":[{"@type":"WebPage","@id":"https:\/\/alj.com\/fr\/energy-and-environmental-services\/energy-overview\/","url":"https:\/\/alj.com\/fr\/energy-and-environmental-services\/energy-overview\/","name":"Energies Renouvelables et Services Environnementaux | Abdul Latif Jameel\u00ae","isPartOf":{"@id":"https:\/\/alj.com\/en\/#website"},"datePublished":"2016-10-05T12:17:15+00:00","dateModified":"2025-04-08T08:52:04+00:00","description":"En mettant l'accent sur la responsabilit\u00e9 environnementale et sociale, nous privil\u00e9gions l'efficacit\u00e9 \u00e9nerg\u00e9tique et la r\u00e9duction de la consommation des ressources limit\u00e9es.","breadcrumb":{"@id":"https:\/\/alj.com\/fr\/energy-and-environmental-services\/energy-overview\/#breadcrumb"},"inLanguage":"fr-FR","potentialAction":[{"@type":"ReadAction","target":["https:\/\/alj.com\/fr\/energy-and-environmental-services\/energy-overview\/"]}]},{"@type":"BreadcrumbList","@id":"https:\/\/alj.com\/fr\/energy-and-environmental-services\/energy-overview\/#breadcrumb","itemListElement":[{"@type":"ListItem","position":1,"name":"Home","item":"https:\/\/alj.com\/fr\/"},{"@type":"ListItem","position":2,"name":"Services \u00c9nerg\u00e9tiques et Environnementaux","item":"https:\/\/alj.com\/fr\/energy-and-environmental-services\/"},{"@type":"ListItem","position":3,"name":"Aper\u00e7u"}]},{"@type":"WebSite","@id":"https:\/\/alj.com\/en\/#website","url":"https:\/\/alj.com\/en\/","name":"Abdul Latif Jameel","description":"Abdul Latif Jameel","potentialAction":[{"@type":"SearchAction","target":{"@type":"EntryPoint","urlTemplate":"https:\/\/alj.com\/en\/?s={search_term_string}"},"query-input":"required name=search_term_string"}],"inLanguage":"fr-FR"}]}},"_links":{"self":[{"href":"https:\/\/alj.com\/fr\/wp-json\/wp\/v2\/pages\/8616"}],"collection":[{"href":"https:\/\/alj.com\/fr\/wp-json\/wp\/v2\/pages"}],"about":[{"href":"https:\/\/alj.com\/fr\/wp-json\/wp\/v2\/types\/page"}],"author":[{"embeddable":true,"href":"https:\/\/alj.com\/fr\/wp-json\/wp\/v2\/users\/14"}],"replies":[{"embeddable":true,"href":"https:\/\/alj.com\/fr\/wp-json\/wp\/v2\/comments?post=8616"}],"version-history":[{"count":1,"href":"https:\/\/alj.com\/fr\/wp-json\/wp\/v2\/pages\/8616\/revisions"}],"predecessor-version":[{"id":121332,"href":"https:\/\/alj.com\/fr\/wp-json\/wp\/v2\/pages\/8616\/revisions\/121332"}],"up":[{"embeddable":true,"href":"https:\/\/alj.com\/fr\/wp-json\/wp\/v2\/pages\/8613"}],"wp:attachment":[{"href":"https:\/\/alj.com\/fr\/wp-json\/wp\/v2\/media?parent=8616"}],"wp:term":[{"taxonomy":"category","embeddable":true,"href":"https:\/\/alj.com\/fr\/wp-json\/wp\/v2\/categories?post=8616"}],"curies":[{"name":"wp","href":"https:\/\/api.w.org\/{rel}","templated":true}]}}