{"id":8619,"date":"2016-10-05T12:18:12","date_gmt":"2016-10-05T12:18:12","guid":{"rendered":"http:\/\/alj.corp.staging.omniaconnect.net\/fr\/energy-and-environmental-services\/wind-power-solutions\/"},"modified":"2019-07-09T11:45:08","modified_gmt":"2019-07-09T11:45:08","slug":"wind-power-solutions","status":"publish","type":"page","link":"https:\/\/alj.com\/fr\/energy-and-environmental-services\/wind-power-solutions\/","title":{"rendered":"Solutions \u00c9oliennes"},"content":{"rendered":"<h2>Nous exploitons le changement<\/h2>\n<div class=\"p1-style\">Dans le monde, les installations \u00e9oliennes ont connu une croissance de 17\u00a0% en 2015, passant \u00e0 plus de 63\u00a0MW, donnant un total cumul\u00e9 de plus de 432\u00a0MW sur ces quinze derni\u00e8res ann\u00e9es, selon le Global Wind Energy Council.<\/div>\n<p>L\u2019ann\u00e9e 2015 a vu une croissance significative des plus grands march\u00e9s de l\u2019\u00e9olien actuels au monde\u00a0: la Chine, les \u00c9tats-Unis, l\u2019Allemagne, l\u2019Inde et le Br\u00e9sil, mais les pr\u00e9visions des experts identifient un gros potentiel dans d\u2019autres r\u00e9gions telles que le Moyen-Orient et l\u2019Afrique, l\u2019Asie et l\u2019Am\u00e9rique latine, qui devraient occuper la part principale du march\u00e9 ces dix prochaines ann\u00e9es.<\/p>\n","protected":false},"excerpt":{"rendered":"<p>Nous exploitons le changement Dans le monde, les installations \u00e9oliennes ont connu une croissance de 17\u00a0% en 2015, passant \u00e0 plus de 63\u00a0MW, donnant un total cumul\u00e9 de plus de 432\u00a0MW sur ces quinze derni\u00e8res ann\u00e9es, selon le Global Wind Energy Council. L\u2019ann\u00e9e 2015 a vu une croissance significative des plus grands march\u00e9s de l\u2019\u00e9olien [&hellip;]<\/p>\n","protected":false},"author":14,"featured_media":4405,"parent":8613,"menu_order":19,"comment_status":"closed","ping_status":"closed","template":"page-templates\/business-inner.php","meta":{"footnotes":""},"categories":[],"acf":[],"yoast_head":"<!-- This site is optimized with the Yoast SEO plugin v21.5 - https:\/\/yoast.com\/wordpress\/plugins\/seo\/ -->\n<title>Solutions d&#039;\u00e9nergie \u00e9olienne | Abdul Latif Jameel\u00ae<\/title>\n<meta name=\"description\" content=\"Dans la progression de notre expertise, \u00e9prouv\u00e9e dans le secteur de l&#039;\u00e9nergie propre, nous nous diversifions dans l&#039;\u00e9nergie \u00e9olienne en Arabie Saoudite.\" \/>\n<meta name=\"robots\" content=\"index, follow, max-snippet:-1, max-image-preview:large, max-video-preview:-1\" \/>\n<link rel=\"canonical\" href=\"https:\/\/alj.com\/fr\/energy-and-environmental-services\/wind-power-solutions\/\" \/>\n<meta property=\"og:locale\" content=\"fr_FR\" \/>\n<meta property=\"og:type\" content=\"article\" \/>\n<meta property=\"og:title\" content=\"Solutions d&#039;\u00e9nergie \u00e9olienne | Abdul Latif Jameel\u00ae\" \/>\n<meta property=\"og:description\" content=\"Dans la progression de notre expertise, \u00e9prouv\u00e9e dans le secteur de l&#039;\u00e9nergie propre, nous nous diversifions dans l&#039;\u00e9nergie \u00e9olienne en Arabie Saoudite.\" \/>\n<meta property=\"og:url\" content=\"https:\/\/alj.com\/fr\/energy-and-environmental-services\/wind-power-solutions\/\" \/>\n<meta property=\"og:site_name\" content=\"Abdul Latif Jameel\" \/>\n<meta property=\"article:publisher\" content=\"https:\/\/www.facebook.com\/Abdul.Latif.Jameel.Official\" \/>\n<meta property=\"article:modified_time\" content=\"2019-07-09T11:45:08+00:00\" \/>\n<meta property=\"og:image\" content=\"https:\/\/media.alj.com\/app\/uploads\/2016\/10\/alj-our-presence-in-menat-and-beyond.jpg\" \/>\n\t<meta property=\"og:image:width\" content=\"1294\" \/>\n\t<meta property=\"og:image:height\" content=\"600\" \/>\n\t<meta property=\"og:image:type\" content=\"image\/jpeg\" \/>\n<meta name=\"twitter:card\" content=\"summary_large_image\" \/>\n<meta name=\"twitter:label1\" content=\"Est. reading time\" \/>\n\t<meta name=\"twitter:data1\" content=\"1 minute\" \/>\n<script type=\"application\/ld+json\" class=\"yoast-schema-graph\">{\"@context\":\"https:\/\/schema.org\",\"@graph\":[{\"@type\":\"WebPage\",\"@id\":\"https:\/\/alj.com\/fr\/energy-and-environmental-services\/wind-power-solutions\/\",\"url\":\"https:\/\/alj.com\/fr\/energy-and-environmental-services\/wind-power-solutions\/\",\"name\":\"Solutions d'\u00e9nergie \u00e9olienne | Abdul Latif Jameel\u00ae\",\"isPartOf\":{\"@id\":\"https:\/\/alj.com\/en\/#website\"},\"datePublished\":\"2016-10-05T12:18:12+00:00\",\"dateModified\":\"2019-07-09T11:45:08+00:00\",\"description\":\"Dans la progression de notre expertise, \u00e9prouv\u00e9e dans le secteur de l'\u00e9nergie propre, nous nous diversifions dans l'\u00e9nergie \u00e9olienne en Arabie Saoudite.\",\"breadcrumb\":{\"@id\":\"https:\/\/alj.com\/fr\/energy-and-environmental-services\/wind-power-solutions\/#breadcrumb\"},\"inLanguage\":\"fr-FR\",\"potentialAction\":[{\"@type\":\"ReadAction\",\"target\":[\"https:\/\/alj.com\/fr\/energy-and-environmental-services\/wind-power-solutions\/\"]}]},{\"@type\":\"BreadcrumbList\",\"@id\":\"https:\/\/alj.com\/fr\/energy-and-environmental-services\/wind-power-solutions\/#breadcrumb\",\"itemListElement\":[{\"@type\":\"ListItem\",\"position\":1,\"name\":\"Home\",\"item\":\"https:\/\/alj.com\/fr\/\"},{\"@type\":\"ListItem\",\"position\":2,\"name\":\"Services \u00c9nerg\u00e9tiques et Environnementaux\",\"item\":\"https:\/\/alj.com\/fr\/energy-and-environmental-services\/\"},{\"@type\":\"ListItem\",\"position\":3,\"name\":\"Solutions \u00c9oliennes\"}]},{\"@type\":\"WebSite\",\"@id\":\"https:\/\/alj.com\/en\/#website\",\"url\":\"https:\/\/alj.com\/en\/\",\"name\":\"Abdul Latif Jameel\",\"description\":\"Abdul Latif Jameel\",\"potentialAction\":[{\"@type\":\"SearchAction\",\"target\":{\"@type\":\"EntryPoint\",\"urlTemplate\":\"https:\/\/alj.com\/en\/?s={search_term_string}\"},\"query-input\":\"required name=search_term_string\"}],\"inLanguage\":\"fr-FR\"}]}<\/script>\n<!-- \/ Yoast SEO plugin. -->","yoast_head_json":{"title":"Solutions d'\u00e9nergie \u00e9olienne | Abdul Latif Jameel\u00ae","description":"Dans la progression de notre expertise, \u00e9prouv\u00e9e dans le secteur de l'\u00e9nergie propre, nous nous diversifions dans l'\u00e9nergie \u00e9olienne en Arabie Saoudite.","robots":{"index":"index","follow":"follow","max-snippet":"max-snippet:-1","max-image-preview":"max-image-preview:large","max-video-preview":"max-video-preview:-1"},"canonical":"https:\/\/alj.com\/fr\/energy-and-environmental-services\/wind-power-solutions\/","og_locale":"fr_FR","og_type":"article","og_title":"Solutions d'\u00e9nergie \u00e9olienne | Abdul Latif Jameel\u00ae","og_description":"Dans la progression de notre expertise, \u00e9prouv\u00e9e dans le secteur de l'\u00e9nergie propre, nous nous diversifions dans l'\u00e9nergie \u00e9olienne en Arabie Saoudite.","og_url":"https:\/\/alj.com\/fr\/energy-and-environmental-services\/wind-power-solutions\/","og_site_name":"Abdul Latif Jameel","article_publisher":"https:\/\/www.facebook.com\/Abdul.Latif.Jameel.Official","article_modified_time":"2019-07-09T11:45:08+00:00","og_image":[{"width":1294,"height":600,"url":"https:\/\/media.alj.com\/app\/uploads\/2016\/10\/alj-our-presence-in-menat-and-beyond.jpg","type":"image\/jpeg"}],"twitter_card":"summary_large_image","twitter_misc":{"Est. reading time":"1 minute"},"schema":{"@context":"https:\/\/schema.org","@graph":[{"@type":"WebPage","@id":"https:\/\/alj.com\/fr\/energy-and-environmental-services\/wind-power-solutions\/","url":"https:\/\/alj.com\/fr\/energy-and-environmental-services\/wind-power-solutions\/","name":"Solutions d'\u00e9nergie \u00e9olienne | Abdul Latif Jameel\u00ae","isPartOf":{"@id":"https:\/\/alj.com\/en\/#website"},"datePublished":"2016-10-05T12:18:12+00:00","dateModified":"2019-07-09T11:45:08+00:00","description":"Dans la progression de notre expertise, \u00e9prouv\u00e9e dans le secteur de l'\u00e9nergie propre, nous nous diversifions dans l'\u00e9nergie \u00e9olienne en Arabie Saoudite.","breadcrumb":{"@id":"https:\/\/alj.com\/fr\/energy-and-environmental-services\/wind-power-solutions\/#breadcrumb"},"inLanguage":"fr-FR","potentialAction":[{"@type":"ReadAction","target":["https:\/\/alj.com\/fr\/energy-and-environmental-services\/wind-power-solutions\/"]}]},{"@type":"BreadcrumbList","@id":"https:\/\/alj.com\/fr\/energy-and-environmental-services\/wind-power-solutions\/#breadcrumb","itemListElement":[{"@type":"ListItem","position":1,"name":"Home","item":"https:\/\/alj.com\/fr\/"},{"@type":"ListItem","position":2,"name":"Services \u00c9nerg\u00e9tiques et Environnementaux","item":"https:\/\/alj.com\/fr\/energy-and-environmental-services\/"},{"@type":"ListItem","position":3,"name":"Solutions \u00c9oliennes"}]},{"@type":"WebSite","@id":"https:\/\/alj.com\/en\/#website","url":"https:\/\/alj.com\/en\/","name":"Abdul Latif Jameel","description":"Abdul Latif Jameel","potentialAction":[{"@type":"SearchAction","target":{"@type":"EntryPoint","urlTemplate":"https:\/\/alj.com\/en\/?s={search_term_string}"},"query-input":"required name=search_term_string"}],"inLanguage":"fr-FR"}]}},"_links":{"self":[{"href":"https:\/\/alj.com\/fr\/wp-json\/wp\/v2\/pages\/8619"}],"collection":[{"href":"https:\/\/alj.com\/fr\/wp-json\/wp\/v2\/pages"}],"about":[{"href":"https:\/\/alj.com\/fr\/wp-json\/wp\/v2\/types\/page"}],"author":[{"embeddable":true,"href":"https:\/\/alj.com\/fr\/wp-json\/wp\/v2\/users\/14"}],"replies":[{"embeddable":true,"href":"https:\/\/alj.com\/fr\/wp-json\/wp\/v2\/comments?post=8619"}],"version-history":[{"count":0,"href":"https:\/\/alj.com\/fr\/wp-json\/wp\/v2\/pages\/8619\/revisions"}],"up":[{"embeddable":true,"href":"https:\/\/alj.com\/fr\/wp-json\/wp\/v2\/pages\/8613"}],"wp:featuredmedia":[{"embeddable":true,"href":"https:\/\/alj.com\/fr\/wp-json\/wp\/v2\/media\/4405"}],"wp:attachment":[{"href":"https:\/\/alj.com\/fr\/wp-json\/wp\/v2\/media?parent=8619"}],"wp:term":[{"taxonomy":"category","embeddable":true,"href":"https:\/\/alj.com\/fr\/wp-json\/wp\/v2\/categories?post=8619"}],"curies":[{"name":"wp","href":"https:\/\/api.w.org\/{rel}","templated":true}]}}