{"id":8622,"date":"2016-10-05T12:17:56","date_gmt":"2016-10-05T12:17:56","guid":{"rendered":"http:\/\/alj.corp.staging.omniaconnect.net\/fr\/energy-and-environmental-services\/solar-power-solutions\/"},"modified":"2021-03-11T10:11:45","modified_gmt":"2021-03-11T10:11:45","slug":"solar-power-solutions","status":"publish","type":"page","link":"https:\/\/alj.com\/fr\/energy-and-environmental-services\/solar-power-solutions\/","title":{"rendered":"Solutions Solaires"},"content":{"rendered":"<h2>Sous la lumi\u00e8re<\/h2>\n<div class=\"p1-style\">En 90\u00a0minutes, la lumi\u00e8re du soleil qui atteint la terre est suffisante pour r\u00e9pondre aux besoins \u00e9nerg\u00e9tiques de toute la plan\u00e8te pendant un an. L\u2019\u00e9nergie solaire est abondante, mais elle ne repr\u00e9sente qu\u2019une fraction du m\u00e9lange \u00e9nerg\u00e9tique actuel mondial, selon l\u2019AIE.<\/div>\n<p>Ces donn\u00e9es changent rapidement: suite \u00e0 l\u2019action mondiale pour am\u00e9liorer l\u2019acc\u00e8s \u00e0 l\u2019\u00e9nergie et son approvisionnement, des gouvernements et entreprises du monde entier investissent dans des capacit\u00e9s de g\u00e9n\u00e9ration d\u2019\u00e9nergie solaire \u00e0 une \u00e9chelle in\u00e9dite.<\/p>\n","protected":false},"excerpt":{"rendered":"<p>Sous la lumi\u00e8re En 90\u00a0minutes, la lumi\u00e8re du soleil qui atteint la terre est suffisante pour r\u00e9pondre aux besoins \u00e9nerg\u00e9tiques de toute la plan\u00e8te pendant un an. L\u2019\u00e9nergie solaire est abondante, mais elle ne repr\u00e9sente qu\u2019une fraction du m\u00e9lange \u00e9nerg\u00e9tique actuel mondial, selon l\u2019AIE. Ces donn\u00e9es changent rapidement: suite \u00e0 l\u2019action mondiale pour am\u00e9liorer l\u2019acc\u00e8s [&hellip;]<\/p>\n","protected":false},"author":14,"featured_media":4179,"parent":8613,"menu_order":17,"comment_status":"closed","ping_status":"closed","template":"page-templates\/business-inner.php","meta":{"footnotes":""},"categories":[],"acf":[],"yoast_head":"<!-- This site is optimized with the Yoast SEO plugin v21.5 - https:\/\/yoast.com\/wordpress\/plugins\/seo\/ -->\n<title>Solutions d&#039;\u00e9nergie solaire | Abdul Latif Jameel\u00ae<\/title>\n<meta name=\"description\" content=\"Actant pour am\u00e9liorer l&#039;approvisionnement et l&#039;acc\u00e8s en \u00e9nergie \u00e0 l&#039;\u00e9chelle mondiale, nous sommes l&#039;un des plus grands d\u00e9veloppeurs photovolta\u00efques au monde.\" \/>\n<meta name=\"robots\" content=\"index, follow, max-snippet:-1, max-image-preview:large, max-video-preview:-1\" \/>\n<link rel=\"canonical\" href=\"https:\/\/alj.com\/fr\/energy-and-environmental-services\/solar-power-solutions\/\" \/>\n<meta property=\"og:locale\" content=\"fr_FR\" \/>\n<meta property=\"og:type\" content=\"article\" \/>\n<meta property=\"og:title\" content=\"Solutions d&#039;\u00e9nergie solaire | Abdul Latif Jameel\u00ae\" \/>\n<meta property=\"og:description\" content=\"Actant pour am\u00e9liorer l&#039;approvisionnement et l&#039;acc\u00e8s en \u00e9nergie \u00e0 l&#039;\u00e9chelle mondiale, nous sommes l&#039;un des plus grands d\u00e9veloppeurs photovolta\u00efques au monde.\" \/>\n<meta property=\"og:url\" content=\"https:\/\/alj.com\/fr\/energy-and-environmental-services\/solar-power-solutions\/\" \/>\n<meta property=\"og:site_name\" content=\"Abdul Latif Jameel\" \/>\n<meta property=\"article:publisher\" content=\"https:\/\/www.facebook.com\/Abdul.Latif.Jameel.Official\" \/>\n<meta property=\"article:modified_time\" content=\"2021-03-11T10:11:45+00:00\" \/>\n<meta property=\"og:image\" content=\"https:\/\/media.alj.com\/app\/uploads\/2016\/10\/alj-our-presence-in-menat-and-beyond.jpg\" \/>\n\t<meta property=\"og:image:width\" content=\"1294\" \/>\n\t<meta property=\"og:image:height\" content=\"600\" \/>\n\t<meta property=\"og:image:type\" content=\"image\/jpeg\" \/>\n<meta name=\"twitter:card\" content=\"summary_large_image\" \/>\n<script type=\"application\/ld+json\" class=\"yoast-schema-graph\">{\"@context\":\"https:\/\/schema.org\",\"@graph\":[{\"@type\":\"WebPage\",\"@id\":\"https:\/\/alj.com\/fr\/energy-and-environmental-services\/solar-power-solutions\/\",\"url\":\"https:\/\/alj.com\/fr\/energy-and-environmental-services\/solar-power-solutions\/\",\"name\":\"Solutions d'\u00e9nergie solaire | Abdul Latif Jameel\u00ae\",\"isPartOf\":{\"@id\":\"https:\/\/alj.com\/en\/#website\"},\"datePublished\":\"2016-10-05T12:17:56+00:00\",\"dateModified\":\"2021-03-11T10:11:45+00:00\",\"description\":\"Actant pour am\u00e9liorer l'approvisionnement et l'acc\u00e8s en \u00e9nergie \u00e0 l'\u00e9chelle mondiale, nous sommes l'un des plus grands d\u00e9veloppeurs photovolta\u00efques au monde.\",\"breadcrumb\":{\"@id\":\"https:\/\/alj.com\/fr\/energy-and-environmental-services\/solar-power-solutions\/#breadcrumb\"},\"inLanguage\":\"fr-FR\",\"potentialAction\":[{\"@type\":\"ReadAction\",\"target\":[\"https:\/\/alj.com\/fr\/energy-and-environmental-services\/solar-power-solutions\/\"]}]},{\"@type\":\"BreadcrumbList\",\"@id\":\"https:\/\/alj.com\/fr\/energy-and-environmental-services\/solar-power-solutions\/#breadcrumb\",\"itemListElement\":[{\"@type\":\"ListItem\",\"position\":1,\"name\":\"Home\",\"item\":\"https:\/\/alj.com\/fr\/\"},{\"@type\":\"ListItem\",\"position\":2,\"name\":\"Services \u00c9nerg\u00e9tiques et Environnementaux\",\"item\":\"https:\/\/alj.com\/fr\/energy-and-environmental-services\/\"},{\"@type\":\"ListItem\",\"position\":3,\"name\":\"Solutions Solaires\"}]},{\"@type\":\"WebSite\",\"@id\":\"https:\/\/alj.com\/en\/#website\",\"url\":\"https:\/\/alj.com\/en\/\",\"name\":\"Abdul Latif Jameel\",\"description\":\"Abdul Latif Jameel\",\"potentialAction\":[{\"@type\":\"SearchAction\",\"target\":{\"@type\":\"EntryPoint\",\"urlTemplate\":\"https:\/\/alj.com\/en\/?s={search_term_string}\"},\"query-input\":\"required name=search_term_string\"}],\"inLanguage\":\"fr-FR\"}]}<\/script>\n<!-- \/ Yoast SEO plugin. -->","yoast_head_json":{"title":"Solutions d'\u00e9nergie solaire | Abdul Latif Jameel\u00ae","description":"Actant pour am\u00e9liorer l'approvisionnement et l'acc\u00e8s en \u00e9nergie \u00e0 l'\u00e9chelle mondiale, nous sommes l'un des plus grands d\u00e9veloppeurs photovolta\u00efques au monde.","robots":{"index":"index","follow":"follow","max-snippet":"max-snippet:-1","max-image-preview":"max-image-preview:large","max-video-preview":"max-video-preview:-1"},"canonical":"https:\/\/alj.com\/fr\/energy-and-environmental-services\/solar-power-solutions\/","og_locale":"fr_FR","og_type":"article","og_title":"Solutions d'\u00e9nergie solaire | Abdul Latif Jameel\u00ae","og_description":"Actant pour am\u00e9liorer l'approvisionnement et l'acc\u00e8s en \u00e9nergie \u00e0 l'\u00e9chelle mondiale, nous sommes l'un des plus grands d\u00e9veloppeurs photovolta\u00efques au monde.","og_url":"https:\/\/alj.com\/fr\/energy-and-environmental-services\/solar-power-solutions\/","og_site_name":"Abdul Latif Jameel","article_publisher":"https:\/\/www.facebook.com\/Abdul.Latif.Jameel.Official","article_modified_time":"2021-03-11T10:11:45+00:00","og_image":[{"width":1294,"height":600,"url":"https:\/\/media.alj.com\/app\/uploads\/2016\/10\/alj-our-presence-in-menat-and-beyond.jpg","type":"image\/jpeg"}],"twitter_card":"summary_large_image","schema":{"@context":"https:\/\/schema.org","@graph":[{"@type":"WebPage","@id":"https:\/\/alj.com\/fr\/energy-and-environmental-services\/solar-power-solutions\/","url":"https:\/\/alj.com\/fr\/energy-and-environmental-services\/solar-power-solutions\/","name":"Solutions d'\u00e9nergie solaire | Abdul Latif Jameel\u00ae","isPartOf":{"@id":"https:\/\/alj.com\/en\/#website"},"datePublished":"2016-10-05T12:17:56+00:00","dateModified":"2021-03-11T10:11:45+00:00","description":"Actant pour am\u00e9liorer l'approvisionnement et l'acc\u00e8s en \u00e9nergie \u00e0 l'\u00e9chelle mondiale, nous sommes l'un des plus grands d\u00e9veloppeurs photovolta\u00efques au monde.","breadcrumb":{"@id":"https:\/\/alj.com\/fr\/energy-and-environmental-services\/solar-power-solutions\/#breadcrumb"},"inLanguage":"fr-FR","potentialAction":[{"@type":"ReadAction","target":["https:\/\/alj.com\/fr\/energy-and-environmental-services\/solar-power-solutions\/"]}]},{"@type":"BreadcrumbList","@id":"https:\/\/alj.com\/fr\/energy-and-environmental-services\/solar-power-solutions\/#breadcrumb","itemListElement":[{"@type":"ListItem","position":1,"name":"Home","item":"https:\/\/alj.com\/fr\/"},{"@type":"ListItem","position":2,"name":"Services \u00c9nerg\u00e9tiques et Environnementaux","item":"https:\/\/alj.com\/fr\/energy-and-environmental-services\/"},{"@type":"ListItem","position":3,"name":"Solutions Solaires"}]},{"@type":"WebSite","@id":"https:\/\/alj.com\/en\/#website","url":"https:\/\/alj.com\/en\/","name":"Abdul Latif Jameel","description":"Abdul Latif Jameel","potentialAction":[{"@type":"SearchAction","target":{"@type":"EntryPoint","urlTemplate":"https:\/\/alj.com\/en\/?s={search_term_string}"},"query-input":"required name=search_term_string"}],"inLanguage":"fr-FR"}]}},"_links":{"self":[{"href":"https:\/\/alj.com\/fr\/wp-json\/wp\/v2\/pages\/8622"}],"collection":[{"href":"https:\/\/alj.com\/fr\/wp-json\/wp\/v2\/pages"}],"about":[{"href":"https:\/\/alj.com\/fr\/wp-json\/wp\/v2\/types\/page"}],"author":[{"embeddable":true,"href":"https:\/\/alj.com\/fr\/wp-json\/wp\/v2\/users\/14"}],"replies":[{"embeddable":true,"href":"https:\/\/alj.com\/fr\/wp-json\/wp\/v2\/comments?post=8622"}],"version-history":[{"count":0,"href":"https:\/\/alj.com\/fr\/wp-json\/wp\/v2\/pages\/8622\/revisions"}],"up":[{"embeddable":true,"href":"https:\/\/alj.com\/fr\/wp-json\/wp\/v2\/pages\/8613"}],"wp:featuredmedia":[{"embeddable":true,"href":"https:\/\/alj.com\/fr\/wp-json\/wp\/v2\/media\/4179"}],"wp:attachment":[{"href":"https:\/\/alj.com\/fr\/wp-json\/wp\/v2\/media?parent=8622"}],"wp:term":[{"taxonomy":"category","embeddable":true,"href":"https:\/\/alj.com\/fr\/wp-json\/wp\/v2\/categories?post=8622"}],"curies":[{"name":"wp","href":"https:\/\/api.w.org\/{rel}","templated":true}]}}