{"id":8625,"date":"2016-10-05T12:18:28","date_gmt":"2016-10-05T12:18:28","guid":{"rendered":"http:\/\/alj.corp.staging.omniaconnect.net\/fr\/energy-and-environmental-services\/water-environmental-solutions\/"},"modified":"2019-07-09T11:44:03","modified_gmt":"2019-07-09T11:44:03","slug":"water-environmental-solutions","status":"publish","type":"page","link":"https:\/\/alj.com\/fr\/energy-and-environmental-services\/water-environmental-solutions\/","title":{"rendered":"Solutions Pour L\u2019eau et L&#8217;environnement"},"content":{"rendered":"<h2>Fournir de l\u2019eau potable pour tous<\/h2>\n<div class=\"p1-style\">Selon les Nations unies, la consommation d\u2019eau a augment\u00e9 \u00e0 une vitesse deux fois sup\u00e9rieure \u00e0 la croissance de la population au cours du si\u00e8cle dernier.<\/div>\n<p>La population mondiale devrait augmenter de plus de deux milliards de personnes d\u2019ici la moiti\u00e9 du XXIe\u00a0si\u00e8cle, selon le D\u00e9partement des affaires \u00e9conomiques et sociales des Nations unies. Face \u00e0 cette croissance, la s\u00e9curit\u00e9 de l\u2019eau est l\u2019un des probl\u00e8mes les plus urgents et complexes au monde, en particulier au Moyen-Orient, o\u00f9 des sch\u00e9mas hydrauliques gourmands en \u00e9nergie sont essentiels pour r\u00e9pondre \u00e0 la demande croissante.<\/p>\n","protected":false},"excerpt":{"rendered":"<p>Fournir de l\u2019eau potable pour tous Selon les Nations unies, la consommation d\u2019eau a augment\u00e9 \u00e0 une vitesse deux fois sup\u00e9rieure \u00e0 la croissance de la population au cours du si\u00e8cle dernier. La population mondiale devrait augmenter de plus de deux milliards de personnes d\u2019ici la moiti\u00e9 du XXIe\u00a0si\u00e8cle, selon le D\u00e9partement des affaires \u00e9conomiques [&hellip;]<\/p>\n","protected":false},"author":14,"featured_media":4146,"parent":8613,"menu_order":20,"comment_status":"closed","ping_status":"closed","template":"page-templates\/business-inner.php","meta":{"footnotes":""},"categories":[],"acf":[],"yoast_head":"<!-- This site is optimized with the Yoast SEO plugin v21.5 - https:\/\/yoast.com\/wordpress\/plugins\/seo\/ -->\n<title>Solutions pour l&#039;eau et l&#039;environnement | Abdul Latif Jameel\u00ae<\/title>\n<meta name=\"description\" content=\"Nous abordons le programme durable du dessalement, les initiatives du traitement de l&#039;eau et des eaux us\u00e9es pour r\u00e9pondre aux besoins de la population de la r\u00e9gion et de la plan\u00e8te.\" \/>\n<meta name=\"robots\" content=\"index, follow, max-snippet:-1, max-image-preview:large, max-video-preview:-1\" \/>\n<link rel=\"canonical\" href=\"https:\/\/alj.com\/fr\/energy-and-environmental-services\/water-environmental-solutions\/\" \/>\n<meta property=\"og:locale\" content=\"fr_FR\" \/>\n<meta property=\"og:type\" content=\"article\" \/>\n<meta property=\"og:title\" content=\"Solutions pour l&#039;eau et l&#039;environnement | Abdul Latif Jameel\u00ae\" \/>\n<meta property=\"og:description\" content=\"Nous abordons le programme durable du dessalement, les initiatives du traitement de l&#039;eau et des eaux us\u00e9es pour r\u00e9pondre aux besoins de la population de la r\u00e9gion et de la plan\u00e8te.\" \/>\n<meta property=\"og:url\" content=\"https:\/\/alj.com\/fr\/energy-and-environmental-services\/water-environmental-solutions\/\" \/>\n<meta property=\"og:site_name\" content=\"Abdul Latif Jameel\" \/>\n<meta property=\"article:publisher\" content=\"https:\/\/www.facebook.com\/Abdul.Latif.Jameel.Official\" \/>\n<meta property=\"article:modified_time\" content=\"2019-07-09T11:44:03+00:00\" \/>\n<meta property=\"og:image\" content=\"https:\/\/media.alj.com\/app\/uploads\/2016\/10\/alj-our-presence-in-menat-and-beyond.jpg\" \/>\n\t<meta property=\"og:image:width\" content=\"1294\" \/>\n\t<meta property=\"og:image:height\" content=\"600\" \/>\n\t<meta property=\"og:image:type\" content=\"image\/jpeg\" \/>\n<meta name=\"twitter:card\" content=\"summary_large_image\" \/>\n<meta name=\"twitter:label1\" content=\"Est. reading time\" \/>\n\t<meta name=\"twitter:data1\" content=\"1 minute\" \/>\n<script type=\"application\/ld+json\" class=\"yoast-schema-graph\">{\"@context\":\"https:\/\/schema.org\",\"@graph\":[{\"@type\":\"WebPage\",\"@id\":\"https:\/\/alj.com\/fr\/energy-and-environmental-services\/water-environmental-solutions\/\",\"url\":\"https:\/\/alj.com\/fr\/energy-and-environmental-services\/water-environmental-solutions\/\",\"name\":\"Solutions pour l'eau et l'environnement | Abdul Latif Jameel\u00ae\",\"isPartOf\":{\"@id\":\"https:\/\/alj.com\/en\/#website\"},\"datePublished\":\"2016-10-05T12:18:28+00:00\",\"dateModified\":\"2019-07-09T11:44:03+00:00\",\"description\":\"Nous abordons le programme durable du dessalement, les initiatives du traitement de l'eau et des eaux us\u00e9es pour r\u00e9pondre aux besoins de la population de la r\u00e9gion et de la plan\u00e8te.\",\"breadcrumb\":{\"@id\":\"https:\/\/alj.com\/fr\/energy-and-environmental-services\/water-environmental-solutions\/#breadcrumb\"},\"inLanguage\":\"fr-FR\",\"potentialAction\":[{\"@type\":\"ReadAction\",\"target\":[\"https:\/\/alj.com\/fr\/energy-and-environmental-services\/water-environmental-solutions\/\"]}]},{\"@type\":\"BreadcrumbList\",\"@id\":\"https:\/\/alj.com\/fr\/energy-and-environmental-services\/water-environmental-solutions\/#breadcrumb\",\"itemListElement\":[{\"@type\":\"ListItem\",\"position\":1,\"name\":\"Home\",\"item\":\"https:\/\/alj.com\/fr\/\"},{\"@type\":\"ListItem\",\"position\":2,\"name\":\"Services \u00c9nerg\u00e9tiques et Environnementaux\",\"item\":\"https:\/\/alj.com\/fr\/energy-and-environmental-services\/\"},{\"@type\":\"ListItem\",\"position\":3,\"name\":\"Solutions Pour L\u2019eau et L&#8217;environnement\"}]},{\"@type\":\"WebSite\",\"@id\":\"https:\/\/alj.com\/en\/#website\",\"url\":\"https:\/\/alj.com\/en\/\",\"name\":\"Abdul Latif Jameel\",\"description\":\"Abdul Latif Jameel\",\"potentialAction\":[{\"@type\":\"SearchAction\",\"target\":{\"@type\":\"EntryPoint\",\"urlTemplate\":\"https:\/\/alj.com\/en\/?s={search_term_string}\"},\"query-input\":\"required name=search_term_string\"}],\"inLanguage\":\"fr-FR\"}]}<\/script>\n<!-- \/ Yoast SEO plugin. -->","yoast_head_json":{"title":"Solutions pour l'eau et l'environnement | Abdul Latif Jameel\u00ae","description":"Nous abordons le programme durable du dessalement, les initiatives du traitement de l'eau et des eaux us\u00e9es pour r\u00e9pondre aux besoins de la population de la r\u00e9gion et de la plan\u00e8te.","robots":{"index":"index","follow":"follow","max-snippet":"max-snippet:-1","max-image-preview":"max-image-preview:large","max-video-preview":"max-video-preview:-1"},"canonical":"https:\/\/alj.com\/fr\/energy-and-environmental-services\/water-environmental-solutions\/","og_locale":"fr_FR","og_type":"article","og_title":"Solutions pour l'eau et l'environnement | Abdul Latif Jameel\u00ae","og_description":"Nous abordons le programme durable du dessalement, les initiatives du traitement de l'eau et des eaux us\u00e9es pour r\u00e9pondre aux besoins de la population de la r\u00e9gion et de la plan\u00e8te.","og_url":"https:\/\/alj.com\/fr\/energy-and-environmental-services\/water-environmental-solutions\/","og_site_name":"Abdul Latif Jameel","article_publisher":"https:\/\/www.facebook.com\/Abdul.Latif.Jameel.Official","article_modified_time":"2019-07-09T11:44:03+00:00","og_image":[{"width":1294,"height":600,"url":"https:\/\/media.alj.com\/app\/uploads\/2016\/10\/alj-our-presence-in-menat-and-beyond.jpg","type":"image\/jpeg"}],"twitter_card":"summary_large_image","twitter_misc":{"Est. reading time":"1 minute"},"schema":{"@context":"https:\/\/schema.org","@graph":[{"@type":"WebPage","@id":"https:\/\/alj.com\/fr\/energy-and-environmental-services\/water-environmental-solutions\/","url":"https:\/\/alj.com\/fr\/energy-and-environmental-services\/water-environmental-solutions\/","name":"Solutions pour l'eau et l'environnement | Abdul Latif Jameel\u00ae","isPartOf":{"@id":"https:\/\/alj.com\/en\/#website"},"datePublished":"2016-10-05T12:18:28+00:00","dateModified":"2019-07-09T11:44:03+00:00","description":"Nous abordons le programme durable du dessalement, les initiatives du traitement de l'eau et des eaux us\u00e9es pour r\u00e9pondre aux besoins de la population de la r\u00e9gion et de la plan\u00e8te.","breadcrumb":{"@id":"https:\/\/alj.com\/fr\/energy-and-environmental-services\/water-environmental-solutions\/#breadcrumb"},"inLanguage":"fr-FR","potentialAction":[{"@type":"ReadAction","target":["https:\/\/alj.com\/fr\/energy-and-environmental-services\/water-environmental-solutions\/"]}]},{"@type":"BreadcrumbList","@id":"https:\/\/alj.com\/fr\/energy-and-environmental-services\/water-environmental-solutions\/#breadcrumb","itemListElement":[{"@type":"ListItem","position":1,"name":"Home","item":"https:\/\/alj.com\/fr\/"},{"@type":"ListItem","position":2,"name":"Services \u00c9nerg\u00e9tiques et Environnementaux","item":"https:\/\/alj.com\/fr\/energy-and-environmental-services\/"},{"@type":"ListItem","position":3,"name":"Solutions Pour L\u2019eau et L&#8217;environnement"}]},{"@type":"WebSite","@id":"https:\/\/alj.com\/en\/#website","url":"https:\/\/alj.com\/en\/","name":"Abdul Latif Jameel","description":"Abdul Latif Jameel","potentialAction":[{"@type":"SearchAction","target":{"@type":"EntryPoint","urlTemplate":"https:\/\/alj.com\/en\/?s={search_term_string}"},"query-input":"required name=search_term_string"}],"inLanguage":"fr-FR"}]}},"_links":{"self":[{"href":"https:\/\/alj.com\/fr\/wp-json\/wp\/v2\/pages\/8625"}],"collection":[{"href":"https:\/\/alj.com\/fr\/wp-json\/wp\/v2\/pages"}],"about":[{"href":"https:\/\/alj.com\/fr\/wp-json\/wp\/v2\/types\/page"}],"author":[{"embeddable":true,"href":"https:\/\/alj.com\/fr\/wp-json\/wp\/v2\/users\/14"}],"replies":[{"embeddable":true,"href":"https:\/\/alj.com\/fr\/wp-json\/wp\/v2\/comments?post=8625"}],"version-history":[{"count":0,"href":"https:\/\/alj.com\/fr\/wp-json\/wp\/v2\/pages\/8625\/revisions"}],"up":[{"embeddable":true,"href":"https:\/\/alj.com\/fr\/wp-json\/wp\/v2\/pages\/8613"}],"wp:featuredmedia":[{"embeddable":true,"href":"https:\/\/alj.com\/fr\/wp-json\/wp\/v2\/media\/4146"}],"wp:attachment":[{"href":"https:\/\/alj.com\/fr\/wp-json\/wp\/v2\/media?parent=8625"}],"wp:term":[{"taxonomy":"category","embeddable":true,"href":"https:\/\/alj.com\/fr\/wp-json\/wp\/v2\/categories?post=8625"}],"curies":[{"name":"wp","href":"https:\/\/api.w.org\/{rel}","templated":true}]}}