{"id":8628,"date":"2016-10-05T12:19:05","date_gmt":"2016-10-05T12:19:05","guid":{"rendered":"http:\/\/alj.corp.staging.omniaconnect.net\/fr\/consumer-products\/"},"modified":"2019-07-09T11:28:20","modified_gmt":"2019-07-09T11:28:20","slug":"consumer-products","status":"publish","type":"page","link":"https:\/\/alj.com\/fr\/consumer-products\/","title":{"rendered":"Produits de Consommation"},"content":{"rendered":"<h2>Offrir des marques de niveau mondial<\/h2>\n<div class=\"p1-style\">La r\u00e9gion Moyen-Orient Afrique du Nord et Turquie devient l\u2019un des plus grands p\u00f4les de consommation au monde.<\/div>\n<p>Ce statut cr\u00e9e une demande croissante envers une large gamme de produits de consommation, comprenant les appareils \u00e9lectroniques et l\u2019\u00e9lectrom\u00e9nager, pour une population jeune, connect\u00e9e et attir\u00e9e par la technologie.<\/p>\n","protected":false},"excerpt":{"rendered":"<p>Offrir des marques de niveau mondial La r\u00e9gion Moyen-Orient Afrique du Nord et Turquie devient l\u2019un des plus grands p\u00f4les de consommation au monde. Ce statut cr\u00e9e une demande croissante envers une large gamme de produits de consommation, comprenant les appareils \u00e9lectroniques et l\u2019\u00e9lectrom\u00e9nager, pour une population jeune, connect\u00e9e et attir\u00e9e par la technologie.<\/p>\n","protected":false},"author":14,"featured_media":24187,"parent":0,"menu_order":19,"comment_status":"closed","ping_status":"closed","template":"page-templates\/businesses-one-page.php","meta":{"footnotes":""},"categories":[24],"acf":[],"yoast_head":"<!-- This site is optimized with the Yoast SEO plugin v21.5 - https:\/\/yoast.com\/wordpress\/plugins\/seo\/ -->\n<title>Produits de consommation et \u00e9lectronique | Abdul Latif Jameel\u00ae<\/title>\n<meta name=\"description\" content=\"Nous sommes les principaux distributeurs de produits de consommation en Arabie saoudite, en produits \u00e9lectroniques grand public et en climatisation avec des marques internationales.\" \/>\n<meta name=\"robots\" content=\"index, follow, max-snippet:-1, max-image-preview:large, max-video-preview:-1\" \/>\n<link rel=\"canonical\" href=\"https:\/\/alj.com\/fr\/consumer-products\/\" \/>\n<meta property=\"og:locale\" content=\"fr_FR\" \/>\n<meta property=\"og:type\" content=\"article\" \/>\n<meta property=\"og:title\" content=\"Produits de consommation et \u00e9lectronique | Abdul Latif Jameel\u00ae\" \/>\n<meta property=\"og:description\" content=\"Nous sommes les principaux distributeurs de produits de consommation en Arabie saoudite, en produits \u00e9lectroniques grand public et en climatisation avec des marques internationales.\" \/>\n<meta property=\"og:url\" content=\"https:\/\/alj.com\/fr\/consumer-products\/\" \/>\n<meta property=\"og:site_name\" content=\"Abdul Latif Jameel\" \/>\n<meta property=\"article:publisher\" content=\"https:\/\/www.facebook.com\/Abdul.Latif.Jameel.Official\" \/>\n<meta property=\"article:modified_time\" content=\"2019-07-09T11:28:20+00:00\" \/>\n<meta property=\"og:image\" content=\"https:\/\/media.alj.com\/app\/uploads\/2016\/10\/alj-our-presence-in-menat-and-beyond.jpg\" \/>\n\t<meta property=\"og:image:width\" content=\"1294\" \/>\n\t<meta property=\"og:image:height\" content=\"600\" \/>\n\t<meta property=\"og:image:type\" content=\"image\/jpeg\" \/>\n<meta name=\"twitter:card\" content=\"summary_large_image\" \/>\n<script type=\"application\/ld+json\" class=\"yoast-schema-graph\">{\"@context\":\"https:\/\/schema.org\",\"@graph\":[{\"@type\":\"WebPage\",\"@id\":\"https:\/\/alj.com\/fr\/consumer-products\/\",\"url\":\"https:\/\/alj.com\/fr\/consumer-products\/\",\"name\":\"Produits de consommation et \u00e9lectronique | Abdul Latif Jameel\u00ae\",\"isPartOf\":{\"@id\":\"https:\/\/alj.com\/en\/#website\"},\"datePublished\":\"2016-10-05T12:19:05+00:00\",\"dateModified\":\"2019-07-09T11:28:20+00:00\",\"description\":\"Nous sommes les principaux distributeurs de produits de consommation en Arabie saoudite, en produits \u00e9lectroniques grand public et en climatisation avec des marques internationales.\",\"breadcrumb\":{\"@id\":\"https:\/\/alj.com\/fr\/consumer-products\/#breadcrumb\"},\"inLanguage\":\"fr-FR\",\"potentialAction\":[{\"@type\":\"ReadAction\",\"target\":[\"https:\/\/alj.com\/fr\/consumer-products\/\"]}]},{\"@type\":\"BreadcrumbList\",\"@id\":\"https:\/\/alj.com\/fr\/consumer-products\/#breadcrumb\",\"itemListElement\":[{\"@type\":\"ListItem\",\"position\":1,\"name\":\"Home\",\"item\":\"https:\/\/alj.com\/fr\/\"},{\"@type\":\"ListItem\",\"position\":2,\"name\":\"Produits de Consommation\"}]},{\"@type\":\"WebSite\",\"@id\":\"https:\/\/alj.com\/en\/#website\",\"url\":\"https:\/\/alj.com\/en\/\",\"name\":\"Abdul Latif Jameel\",\"description\":\"Abdul Latif Jameel\",\"potentialAction\":[{\"@type\":\"SearchAction\",\"target\":{\"@type\":\"EntryPoint\",\"urlTemplate\":\"https:\/\/alj.com\/en\/?s={search_term_string}\"},\"query-input\":\"required name=search_term_string\"}],\"inLanguage\":\"fr-FR\"}]}<\/script>\n<!-- \/ Yoast SEO plugin. -->","yoast_head_json":{"title":"Produits de consommation et \u00e9lectronique | Abdul Latif Jameel\u00ae","description":"Nous sommes les principaux distributeurs de produits de consommation en Arabie saoudite, en produits \u00e9lectroniques grand public et en climatisation avec des marques internationales.","robots":{"index":"index","follow":"follow","max-snippet":"max-snippet:-1","max-image-preview":"max-image-preview:large","max-video-preview":"max-video-preview:-1"},"canonical":"https:\/\/alj.com\/fr\/consumer-products\/","og_locale":"fr_FR","og_type":"article","og_title":"Produits de consommation et \u00e9lectronique | Abdul Latif Jameel\u00ae","og_description":"Nous sommes les principaux distributeurs de produits de consommation en Arabie saoudite, en produits \u00e9lectroniques grand public et en climatisation avec des marques internationales.","og_url":"https:\/\/alj.com\/fr\/consumer-products\/","og_site_name":"Abdul Latif Jameel","article_publisher":"https:\/\/www.facebook.com\/Abdul.Latif.Jameel.Official","article_modified_time":"2019-07-09T11:28:20+00:00","og_image":[{"width":1294,"height":600,"url":"https:\/\/media.alj.com\/app\/uploads\/2016\/10\/alj-our-presence-in-menat-and-beyond.jpg","type":"image\/jpeg"}],"twitter_card":"summary_large_image","schema":{"@context":"https:\/\/schema.org","@graph":[{"@type":"WebPage","@id":"https:\/\/alj.com\/fr\/consumer-products\/","url":"https:\/\/alj.com\/fr\/consumer-products\/","name":"Produits de consommation et \u00e9lectronique | Abdul Latif Jameel\u00ae","isPartOf":{"@id":"https:\/\/alj.com\/en\/#website"},"datePublished":"2016-10-05T12:19:05+00:00","dateModified":"2019-07-09T11:28:20+00:00","description":"Nous sommes les principaux distributeurs de produits de consommation en Arabie saoudite, en produits \u00e9lectroniques grand public et en climatisation avec des marques internationales.","breadcrumb":{"@id":"https:\/\/alj.com\/fr\/consumer-products\/#breadcrumb"},"inLanguage":"fr-FR","potentialAction":[{"@type":"ReadAction","target":["https:\/\/alj.com\/fr\/consumer-products\/"]}]},{"@type":"BreadcrumbList","@id":"https:\/\/alj.com\/fr\/consumer-products\/#breadcrumb","itemListElement":[{"@type":"ListItem","position":1,"name":"Home","item":"https:\/\/alj.com\/fr\/"},{"@type":"ListItem","position":2,"name":"Produits de Consommation"}]},{"@type":"WebSite","@id":"https:\/\/alj.com\/en\/#website","url":"https:\/\/alj.com\/en\/","name":"Abdul Latif Jameel","description":"Abdul Latif Jameel","potentialAction":[{"@type":"SearchAction","target":{"@type":"EntryPoint","urlTemplate":"https:\/\/alj.com\/en\/?s={search_term_string}"},"query-input":"required name=search_term_string"}],"inLanguage":"fr-FR"}]}},"_links":{"self":[{"href":"https:\/\/alj.com\/fr\/wp-json\/wp\/v2\/pages\/8628"}],"collection":[{"href":"https:\/\/alj.com\/fr\/wp-json\/wp\/v2\/pages"}],"about":[{"href":"https:\/\/alj.com\/fr\/wp-json\/wp\/v2\/types\/page"}],"author":[{"embeddable":true,"href":"https:\/\/alj.com\/fr\/wp-json\/wp\/v2\/users\/14"}],"replies":[{"embeddable":true,"href":"https:\/\/alj.com\/fr\/wp-json\/wp\/v2\/comments?post=8628"}],"version-history":[{"count":0,"href":"https:\/\/alj.com\/fr\/wp-json\/wp\/v2\/pages\/8628\/revisions"}],"wp:featuredmedia":[{"embeddable":true,"href":"https:\/\/alj.com\/fr\/wp-json\/wp\/v2\/media\/24187"}],"wp:attachment":[{"href":"https:\/\/alj.com\/fr\/wp-json\/wp\/v2\/media?parent=8628"}],"wp:term":[{"taxonomy":"category","embeddable":true,"href":"https:\/\/alj.com\/fr\/wp-json\/wp\/v2\/categories?post=8628"}],"curies":[{"name":"wp","href":"https:\/\/api.w.org\/{rel}","templated":true}]}}