{"id":8638,"date":"2016-10-11T14:34:17","date_gmt":"2016-10-11T14:34:17","guid":{"rendered":"http:\/\/alj.corp.staging.omniaconnect.net\/fr\/cookie-policy\/"},"modified":"2020-04-15T12:38:29","modified_gmt":"2020-04-15T12:38:29","slug":"cookie-policy","status":"publish","type":"page","link":"https:\/\/alj.com\/fr\/cookie-policy\/","title":{"rendered":"Politique de Cookies"},"content":{"rendered":"<p>La pr\u00e9sente Politique d\u2019utilisation des cookies d\u00e9taille la fa\u00e7on dont le site Web Abdul Latif Jameel relevant du nom de domaine &lt;alj.com&gt; (le \u00ab\u00a0<strong>Site Web\u00a0ALJ<\/strong>\u00a0\u00bb) utilise les cookies.<\/p>\n<h2>Qu\u2019est-ce qu\u2019un cookie\u00a0?<\/h2>\n<p>Un cookie est un petit fichier texte compos\u00e9 de lettres et de chiffres, qui est plac\u00e9 et stock\u00e9 sur votre navigateur ou sur le disque dur de votre ordinateur par les sites Web que vous visitez, si vous y consentez. Les cookies contiennent des informations qui sont transf\u00e9r\u00e9es sur le disque dur de votre ordinateur. Les cookies ne sont pas utilis\u00e9s pour vous identifier personnellement.<\/p>\n<p>Le Site Web\u00a0ALJ utilise des cookies afin de vous distinguer des autres utilisateurs du Site Web\u00a0ALJ. Les informations collect\u00e9es par les cookies comprennent des informations g\u00e9n\u00e9rales sur les param\u00e8tres de votre ordinateur, sur votre connexion \u00e0 Internet par exemple votre syst\u00e8me et plateforme d\u2019exploitation, votre adresse\u00a0IP, vos habitudes de navigation et la chronologie de votre navigation sur le Site Web\u00a0ALJ, ainsi que votre situation g\u00e9ographique. Les cookies permettent au Site Web\u00a0ALJ de fonctionner plus efficacement et contribuent \u00e0 faciliter grandement votre navigation le Site Web\u00a0ALJ (par exemple en m\u00e9morisant vos param\u00e8tres)\u00a0; ils permettent en outre d\u2019am\u00e9liorer le Site Web\u00a0ALJ.<\/p>\n<h2>Acceptation des cookies<\/h2>\n<p>En cliquant sur le bouton \u00ab\u00a0J\u2019accepte\u00a0\u00bb de la fen\u00eatre contextuelle s\u2019affichant lors de votre premi\u00e8re utilisation du Site Web\u00a0ALJ, vous acceptez l\u2019utilisation de cookies par le Site Web\u00a0ALJ.<\/p>\n<h2>Quel type de cookies utilise-t-on\u00a0?<\/h2>\n<p>Les cookies utilis\u00e9s par le Site Web\u00a0ALJ sont d\u00e9crits ci-dessous\u00a0:<\/p>\n<ul>\n<li><strong>Cookies strictement n\u00e9cessaires.<\/strong>\u00a0Ces cookies sont n\u00e9cessaires au fonctionnement du Site Web\u00a0ALJ.<\/li>\n<li><strong>Cookies d\u2019analyse et de mesure de performances. <\/strong>Ces cookies permettent de reconna\u00eetre et de compter les visiteurs du Site Web\u00a0ALJ, ainsi que de voir comment ces visiteurs se d\u00e9placent et naviguent \u00e0 l\u2019int\u00e9rieur du Site Web\u00a0ALJ. Cela nous aide \u00e0 am\u00e9liorer le fonctionnement du Site Web\u00a0ALJ, en faisant en sorte, par exemple, que les utilisateurs trouvent plus facilement ce qu\u2019ils recherchent.<\/li>\n<li><strong>Cookies fonctionnels.<\/strong>\u00a0Ces cookies vous reconnaissent lorsque vous revenez sur le Site Web\u00a0ALJ. Cela nous permet de personnaliser le contenu et de m\u00e9moriser vos pr\u00e9f\u00e9rences (par exemple, votre langue ou votre r\u00e9gion).<\/li>\n<\/ul>\n<p>Vous pouvez trouver plus d\u2019informations sur l\u2019utilisation des cookies sur le Site Web\u00a0ALJ et ce \u00e0 quoi ils servent dans le tableau ci-dessous\u00a0:<\/p>\n<table>\n<tbody>\n<tr>\n<th><span style=\"color: #333333;\">Cookie<\/span><\/th>\n<th><span style=\"color: #333333;\">Nom<\/span><\/th>\n<th><span style=\"color: #333333;\">Objet<\/span><\/th>\n<th><span style=\"color: #333333;\">Plus d\u2019informations<\/span><\/th>\n<\/tr>\n<tr>\n<td><span style=\"color: #333333;\">Strictement n\u00e9cessaire<\/span><\/td>\n<td><span style=\"color: #333333;\">\u00a0<\/span><\/td>\n<td><span style=\"color: #333333;\">Enregistre un message pour avertir Abdul Latif Jameel que vous avez vu le message d\u2019utilisation des cookies sur le Site Web\u00a0ALJ.<\/span><\/td>\n<td><span style=\"color: #333333;\">\u00a0Expire au bout d\u2019un mois.<\/span><\/td>\n<\/tr>\n<tr>\n<td>Analytique<\/td>\n<td>Google Analytics<\/td>\n<td>Permet d\u2019analyser comment les utilisateurs arrivent au Site Web\u00a0ALJ et comment ils l\u2019utilisent. Ce cookie permet d\u2019estimer l\u2019importance de l\u2019audience et les habitudes d\u2019utilisation, et il fournit les informations utiles pour la SEO (optimisation pour les moteurs de recherche).<\/td>\n<td>Pour de plus amples informations, veuillez consulter le site https:<a href=\"https:\/\/support.google.com\/analytics\/answer\/6004245.\">\/\/support.google.com\/analytics\/answer\/6004245<\/a>.<br \/>\nCe cookie expire au bout de 365\u00a0jours.<\/td>\n<\/tr>\n<tr>\n<td>Fonctionnel<\/td>\n<td>Dossier de presse Newsroom<\/td>\n<td>Stockage des donn\u00e9es relatives \u00e0 une session, permettant de t\u00e9l\u00e9charger une fonctionnalit\u00e9.<\/td>\n<td>Aucune information personnelle n\u2019est recueillie par ce cookie.<br \/>\nCe cookie expire \u00e0 la fin de votre session de navigation.<\/td>\n<\/tr>\n<tr>\n<td>Fonctionnel<\/td>\n<td>WPML<\/td>\n<td>Stocke les pr\u00e9f\u00e9rences de langue du site Web.<\/td>\n<td>Aucune information personnelle n\u2019est recueillie par ce cookie.<br \/>\nCe cookie expire au bout d\u2019une\u00a0semaine.<\/td>\n<\/tr>\n<tr>\n<td>Fonctionnel<\/td>\n<td>Politique de cookies<\/td>\n<td>Indique si l\u2019utilisateur a accept\u00e9 la politique de cookies.<\/td>\n<td>Aucune information personnelle n\u2019est recueillie par ce cookie.<br \/>\nCe cookie expire au bout de 365\u00a0jours.<\/td>\n<\/tr>\n<\/tbody>\n<\/table>\n<h2>Est-ce que je peux d\u00e9sactiver les cookies\u00a0?<\/h2>\n<p>Le fait de vous connecter sur le site Web ALJ.com placera des cookies non permanents sur votre ordinateur afin d\u2019am\u00e9liorer votre exp\u00e9rience lorsque vous utilisez le site Web. Si vous ne souhaitez pas que des cookies non permanents soient plac\u00e9s sur votre ordinateur, vous ne devez pas accepter les cookies lorsque vous voyez l\u2019interface ruban qui s\u2019affiche \u00e0 cet effet sur la page d\u2019accueil.<\/p>\n<h2>Comment puis-je changer mes param\u00e8tres de cookies\u00a0?<\/h2>\n<p>Le fait de vous connecter sur le site Web ALJ.com placera des cookies non permanents sur votre ordinateur afin d\u2019am\u00e9liorer votre exp\u00e9rience lorsque vous utilisez le site Web. Si vous ne souhaitez pas que des cookies non permanents soient plac\u00e9s sur votre ordinateur, vous ne devez pas accepter les cookies lorsque vous voyez l\u2019interface ruban qui s\u2019affiche \u00e0 cet effet sur la page d\u2019accueil.<\/p>\n<p>Pour d\u00e9sactiver le suivi par Google Analytics, veuillez vous reporter au site <a href=\"http:\/\/tools.google.com\/dlpage\/gaoptout\">http:\/\/tools.google.com\/dlpage\/gaoptout<\/a>.<\/p>\n<h2>Pour en savoir plus sur les cookies<\/h2>\n<p>Pour en savoir plus sur les cookies, y compris comment voir quels sont les cookies install\u00e9s sur votre ordinateur, comment les g\u00e9rer et comment les supprimer, veuillez vous reporter aux sites\u00a0<a href=\"http:\/\/www.aboutcookies.org\">www.aboutcookies.org<\/a>\u00a0ou\u00a0<a href=\"http:\/\/www.allaboutcookies.org\">www.allaboutcookies.org<\/a>.<\/p>\n<p>Date de derni\u00e8re mise \u00e0 jour de la pr\u00e9sente politique\u00a0: 24\u00a0f\u00e9vrier\u00a02015<\/p>\n","protected":false},"excerpt":{"rendered":"<p>La pr\u00e9sente Politique d\u2019utilisation des cookies d\u00e9taille la fa\u00e7on dont le site Web Abdul Latif Jameel relevant du nom de domaine &lt;alj.com&gt; (le \u00ab\u00a0Site Web\u00a0ALJ\u00a0\u00bb) utilise les cookies. Qu\u2019est-ce qu\u2019un cookie\u00a0? Un cookie est un petit fichier texte compos\u00e9 de lettres et de chiffres, qui est plac\u00e9 et stock\u00e9 sur votre navigateur ou sur le [&hellip;]<\/p>\n","protected":false},"author":14,"featured_media":0,"parent":0,"menu_order":72,"comment_status":"closed","ping_status":"closed","template":"page-templates\/static_page.php","meta":{"footnotes":""},"categories":[],"acf":[],"yoast_head":"<!-- This site is optimized with the Yoast SEO plugin v21.5 - https:\/\/yoast.com\/wordpress\/plugins\/seo\/ -->\n<title>Politique d&#039;utilisation des cookies | Abdul Latif Jameel\u00ae<\/title>\n<meta name=\"description\" content=\"Veuillez lire cette notice qui fournit des informations sur l&#039;utilisation des cookies par ce site.\" \/>\n<meta name=\"robots\" content=\"index, follow, max-snippet:-1, max-image-preview:large, max-video-preview:-1\" \/>\n<link rel=\"canonical\" href=\"https:\/\/alj.com\/fr\/cookie-policy\/\" \/>\n<meta property=\"og:locale\" content=\"fr_FR\" \/>\n<meta property=\"og:type\" content=\"article\" \/>\n<meta property=\"og:title\" content=\"Politique d&#039;utilisation des cookies | Abdul Latif Jameel\u00ae\" \/>\n<meta property=\"og:description\" content=\"Veuillez lire cette notice qui fournit des informations sur l&#039;utilisation des cookies par ce site.\" \/>\n<meta property=\"og:url\" content=\"https:\/\/alj.com\/fr\/cookie-policy\/\" \/>\n<meta property=\"og:site_name\" content=\"Abdul Latif Jameel\" \/>\n<meta property=\"article:publisher\" content=\"https:\/\/www.facebook.com\/Abdul.Latif.Jameel.Official\" \/>\n<meta property=\"article:modified_time\" content=\"2020-04-15T12:38:29+00:00\" \/>\n<meta property=\"og:image\" content=\"https:\/\/media.alj.com\/app\/uploads\/2016\/10\/alj-our-presence-in-menat-and-beyond.jpg\" \/>\n\t<meta property=\"og:image:width\" content=\"1294\" \/>\n\t<meta property=\"og:image:height\" content=\"600\" \/>\n\t<meta property=\"og:image:type\" content=\"image\/jpeg\" \/>\n<meta name=\"twitter:card\" content=\"summary_large_image\" \/>\n<meta name=\"twitter:label1\" content=\"Est. reading time\" \/>\n\t<meta name=\"twitter:data1\" content=\"4 minutes\" \/>\n<script type=\"application\/ld+json\" class=\"yoast-schema-graph\">{\"@context\":\"https:\/\/schema.org\",\"@graph\":[{\"@type\":\"WebPage\",\"@id\":\"https:\/\/alj.com\/fr\/cookie-policy\/\",\"url\":\"https:\/\/alj.com\/fr\/cookie-policy\/\",\"name\":\"Politique d'utilisation des cookies | Abdul Latif Jameel\u00ae\",\"isPartOf\":{\"@id\":\"https:\/\/alj.com\/en\/#website\"},\"datePublished\":\"2016-10-11T14:34:17+00:00\",\"dateModified\":\"2020-04-15T12:38:29+00:00\",\"description\":\"Veuillez lire cette notice qui fournit des informations sur l'utilisation des cookies par ce site.\",\"breadcrumb\":{\"@id\":\"https:\/\/alj.com\/fr\/cookie-policy\/#breadcrumb\"},\"inLanguage\":\"fr-FR\",\"potentialAction\":[{\"@type\":\"ReadAction\",\"target\":[\"https:\/\/alj.com\/fr\/cookie-policy\/\"]}]},{\"@type\":\"BreadcrumbList\",\"@id\":\"https:\/\/alj.com\/fr\/cookie-policy\/#breadcrumb\",\"itemListElement\":[{\"@type\":\"ListItem\",\"position\":1,\"name\":\"Home\",\"item\":\"https:\/\/alj.com\/fr\/\"},{\"@type\":\"ListItem\",\"position\":2,\"name\":\"Politique de Cookies\"}]},{\"@type\":\"WebSite\",\"@id\":\"https:\/\/alj.com\/en\/#website\",\"url\":\"https:\/\/alj.com\/en\/\",\"name\":\"Abdul Latif Jameel\",\"description\":\"Abdul Latif Jameel\",\"potentialAction\":[{\"@type\":\"SearchAction\",\"target\":{\"@type\":\"EntryPoint\",\"urlTemplate\":\"https:\/\/alj.com\/en\/?s={search_term_string}\"},\"query-input\":\"required name=search_term_string\"}],\"inLanguage\":\"fr-FR\"}]}<\/script>\n<!-- \/ Yoast SEO plugin. -->","yoast_head_json":{"title":"Politique d'utilisation des cookies | Abdul Latif Jameel\u00ae","description":"Veuillez lire cette notice qui fournit des informations sur l'utilisation des cookies par ce site.","robots":{"index":"index","follow":"follow","max-snippet":"max-snippet:-1","max-image-preview":"max-image-preview:large","max-video-preview":"max-video-preview:-1"},"canonical":"https:\/\/alj.com\/fr\/cookie-policy\/","og_locale":"fr_FR","og_type":"article","og_title":"Politique d'utilisation des cookies | Abdul Latif Jameel\u00ae","og_description":"Veuillez lire cette notice qui fournit des informations sur l'utilisation des cookies par ce site.","og_url":"https:\/\/alj.com\/fr\/cookie-policy\/","og_site_name":"Abdul Latif Jameel","article_publisher":"https:\/\/www.facebook.com\/Abdul.Latif.Jameel.Official","article_modified_time":"2020-04-15T12:38:29+00:00","og_image":[{"width":1294,"height":600,"url":"https:\/\/media.alj.com\/app\/uploads\/2016\/10\/alj-our-presence-in-menat-and-beyond.jpg","type":"image\/jpeg"}],"twitter_card":"summary_large_image","twitter_misc":{"Est. reading time":"4 minutes"},"schema":{"@context":"https:\/\/schema.org","@graph":[{"@type":"WebPage","@id":"https:\/\/alj.com\/fr\/cookie-policy\/","url":"https:\/\/alj.com\/fr\/cookie-policy\/","name":"Politique d'utilisation des cookies | Abdul Latif Jameel\u00ae","isPartOf":{"@id":"https:\/\/alj.com\/en\/#website"},"datePublished":"2016-10-11T14:34:17+00:00","dateModified":"2020-04-15T12:38:29+00:00","description":"Veuillez lire cette notice qui fournit des informations sur l'utilisation des cookies par ce site.","breadcrumb":{"@id":"https:\/\/alj.com\/fr\/cookie-policy\/#breadcrumb"},"inLanguage":"fr-FR","potentialAction":[{"@type":"ReadAction","target":["https:\/\/alj.com\/fr\/cookie-policy\/"]}]},{"@type":"BreadcrumbList","@id":"https:\/\/alj.com\/fr\/cookie-policy\/#breadcrumb","itemListElement":[{"@type":"ListItem","position":1,"name":"Home","item":"https:\/\/alj.com\/fr\/"},{"@type":"ListItem","position":2,"name":"Politique de Cookies"}]},{"@type":"WebSite","@id":"https:\/\/alj.com\/en\/#website","url":"https:\/\/alj.com\/en\/","name":"Abdul Latif Jameel","description":"Abdul Latif Jameel","potentialAction":[{"@type":"SearchAction","target":{"@type":"EntryPoint","urlTemplate":"https:\/\/alj.com\/en\/?s={search_term_string}"},"query-input":"required name=search_term_string"}],"inLanguage":"fr-FR"}]}},"_links":{"self":[{"href":"https:\/\/alj.com\/fr\/wp-json\/wp\/v2\/pages\/8638"}],"collection":[{"href":"https:\/\/alj.com\/fr\/wp-json\/wp\/v2\/pages"}],"about":[{"href":"https:\/\/alj.com\/fr\/wp-json\/wp\/v2\/types\/page"}],"author":[{"embeddable":true,"href":"https:\/\/alj.com\/fr\/wp-json\/wp\/v2\/users\/14"}],"replies":[{"embeddable":true,"href":"https:\/\/alj.com\/fr\/wp-json\/wp\/v2\/comments?post=8638"}],"version-history":[{"count":0,"href":"https:\/\/alj.com\/fr\/wp-json\/wp\/v2\/pages\/8638\/revisions"}],"wp:attachment":[{"href":"https:\/\/alj.com\/fr\/wp-json\/wp\/v2\/media?parent=8638"}],"wp:term":[{"taxonomy":"category","embeddable":true,"href":"https:\/\/alj.com\/fr\/wp-json\/wp\/v2\/categories?post=8638"}],"curies":[{"name":"wp","href":"https:\/\/api.w.org\/{rel}","templated":true}]}}