{"id":9042,"date":"2017-02-09T12:10:26","date_gmt":"2017-02-09T12:10:26","guid":{"rendered":"http:\/\/alj.corp.staging.omniaconnect.net\/fr\/investments\/partner-with-us\/"},"modified":"2019-12-31T08:09:10","modified_gmt":"2019-12-31T08:09:10","slug":"partner-with-us","status":"publish","type":"page","link":"https:\/\/alj.com\/fr\/investments\/partner-with-us\/","title":{"rendered":"Travaillons Ensemble"},"content":{"rendered":"<h2>Votre partenaire de choix en mati\u00e8re d\u2019investissement<\/h2>\n<div class=\"p1-style\">En tant que partenaire respect\u00e9 et conseiller privil\u00e9gi\u00e9 au Moyen-Orient, en Afrique du Nord et en Turquie, ou la r\u00e9gion MENAT, Abdul Latif Jameel encourage et facilite les \u00e9changes et les investissements \u00e0 chaque fois que se pr\u00e9sentent des opportunit\u00e9s permettant \u00e0 nos partenaires de tirer parti de nouveaux march\u00e9s, et vice-versa.<\/div>\n<p>Nous disposons d\u2019un \u00e9ventail de professionnels tr\u00e8s exp\u00e9riment\u00e9s en mati\u00e8re de d\u00e9veloppement commercial \u00e0 l\u2019international et \u00e0 m\u00eame de r\u00e9agir lorsque ces opportunit\u00e9s se pr\u00e9sentent\u00a0; vous pouvez les contacter dans l\u2019un de nos bureaux strat\u00e9giques au Japon, en Arabie Saoudite, en Turquie et aux \u00c9mirats Arabes Unis.<\/p>\n","protected":false},"excerpt":{"rendered":"<p>Votre partenaire de choix en mati\u00e8re d\u2019investissement En tant que partenaire respect\u00e9 et conseiller privil\u00e9gi\u00e9 au Moyen-Orient, en Afrique du Nord et en Turquie, ou la r\u00e9gion MENAT, Abdul Latif Jameel encourage et facilite les \u00e9changes et les investissements \u00e0 chaque fois que se pr\u00e9sentent des opportunit\u00e9s permettant \u00e0 nos partenaires de tirer parti de [&hellip;]<\/p>\n","protected":false},"author":14,"featured_media":0,"parent":9036,"menu_order":14,"comment_status":"closed","ping_status":"closed","template":"page-templates\/investment-overview.php","meta":{"footnotes":""},"categories":[],"acf":[],"yoast_head":"<!-- This site is optimized with the Yoast SEO plugin v21.5 - https:\/\/yoast.com\/wordpress\/plugins\/seo\/ -->\n<title>Partenaires internationaux en investissement et commerce | Abdul Latif Jameel\u00ae<\/title>\n<meta name=\"description\" content=\"Pour en savoir plus sur les opportunit\u00e9s d&#039;investissement dans la r\u00e9gion, veuillez contacter l&#039;un de nos bureaux strat\u00e9giques au Japon, en Arabie Saoudite, en Turquie ou aux EAU.\" \/>\n<meta name=\"robots\" content=\"index, follow, max-snippet:-1, max-image-preview:large, max-video-preview:-1\" \/>\n<link rel=\"canonical\" href=\"https:\/\/alj.com\/fr\/investments\/partner-with-us\/\" \/>\n<meta property=\"og:locale\" content=\"fr_FR\" \/>\n<meta property=\"og:type\" content=\"article\" \/>\n<meta property=\"og:title\" content=\"Partenaires internationaux en investissement et commerce | Abdul Latif Jameel\u00ae\" \/>\n<meta property=\"og:description\" content=\"Pour en savoir plus sur les opportunit\u00e9s d&#039;investissement dans la r\u00e9gion, veuillez contacter l&#039;un de nos bureaux strat\u00e9giques au Japon, en Arabie Saoudite, en Turquie ou aux EAU.\" \/>\n<meta property=\"og:url\" content=\"https:\/\/alj.com\/fr\/investments\/partner-with-us\/\" \/>\n<meta property=\"og:site_name\" content=\"Abdul Latif Jameel\" \/>\n<meta property=\"article:publisher\" content=\"https:\/\/www.facebook.com\/Abdul.Latif.Jameel.Official\" \/>\n<meta property=\"article:modified_time\" content=\"2019-12-31T08:09:10+00:00\" \/>\n<meta property=\"og:image\" content=\"https:\/\/media.alj.com\/app\/uploads\/2016\/10\/alj-our-presence-in-menat-and-beyond.jpg\" \/>\n\t<meta property=\"og:image:width\" content=\"1294\" \/>\n\t<meta property=\"og:image:height\" content=\"600\" \/>\n\t<meta property=\"og:image:type\" content=\"image\/jpeg\" \/>\n<meta name=\"twitter:card\" content=\"summary_large_image\" \/>\n<meta name=\"twitter:label1\" content=\"Est. reading time\" \/>\n\t<meta name=\"twitter:data1\" content=\"1 minute\" \/>\n<script type=\"application\/ld+json\" class=\"yoast-schema-graph\">{\"@context\":\"https:\/\/schema.org\",\"@graph\":[{\"@type\":\"WebPage\",\"@id\":\"https:\/\/alj.com\/fr\/investments\/partner-with-us\/\",\"url\":\"https:\/\/alj.com\/fr\/investments\/partner-with-us\/\",\"name\":\"Partenaires internationaux en investissement et commerce | Abdul Latif Jameel\u00ae\",\"isPartOf\":{\"@id\":\"https:\/\/alj.com\/en\/#website\"},\"datePublished\":\"2017-02-09T12:10:26+00:00\",\"dateModified\":\"2019-12-31T08:09:10+00:00\",\"description\":\"Pour en savoir plus sur les opportunit\u00e9s d'investissement dans la r\u00e9gion, veuillez contacter l'un de nos bureaux strat\u00e9giques au Japon, en Arabie Saoudite, en Turquie ou aux EAU.\",\"breadcrumb\":{\"@id\":\"https:\/\/alj.com\/fr\/investments\/partner-with-us\/#breadcrumb\"},\"inLanguage\":\"fr-FR\",\"potentialAction\":[{\"@type\":\"ReadAction\",\"target\":[\"https:\/\/alj.com\/fr\/investments\/partner-with-us\/\"]}]},{\"@type\":\"BreadcrumbList\",\"@id\":\"https:\/\/alj.com\/fr\/investments\/partner-with-us\/#breadcrumb\",\"itemListElement\":[{\"@type\":\"ListItem\",\"position\":1,\"name\":\"Home\",\"item\":\"https:\/\/alj.com\/fr\/\"},{\"@type\":\"ListItem\",\"position\":2,\"name\":\"Investissements\",\"item\":\"https:\/\/alj.com\/fr\/investments\/\"},{\"@type\":\"ListItem\",\"position\":3,\"name\":\"Travaillons Ensemble\"}]},{\"@type\":\"WebSite\",\"@id\":\"https:\/\/alj.com\/en\/#website\",\"url\":\"https:\/\/alj.com\/en\/\",\"name\":\"Abdul Latif Jameel\",\"description\":\"Abdul Latif Jameel\",\"potentialAction\":[{\"@type\":\"SearchAction\",\"target\":{\"@type\":\"EntryPoint\",\"urlTemplate\":\"https:\/\/alj.com\/en\/?s={search_term_string}\"},\"query-input\":\"required name=search_term_string\"}],\"inLanguage\":\"fr-FR\"}]}<\/script>\n<!-- \/ Yoast SEO plugin. -->","yoast_head_json":{"title":"Partenaires internationaux en investissement et commerce | Abdul Latif Jameel\u00ae","description":"Pour en savoir plus sur les opportunit\u00e9s d'investissement dans la r\u00e9gion, veuillez contacter l'un de nos bureaux strat\u00e9giques au Japon, en Arabie Saoudite, en Turquie ou aux EAU.","robots":{"index":"index","follow":"follow","max-snippet":"max-snippet:-1","max-image-preview":"max-image-preview:large","max-video-preview":"max-video-preview:-1"},"canonical":"https:\/\/alj.com\/fr\/investments\/partner-with-us\/","og_locale":"fr_FR","og_type":"article","og_title":"Partenaires internationaux en investissement et commerce | Abdul Latif Jameel\u00ae","og_description":"Pour en savoir plus sur les opportunit\u00e9s d'investissement dans la r\u00e9gion, veuillez contacter l'un de nos bureaux strat\u00e9giques au Japon, en Arabie Saoudite, en Turquie ou aux EAU.","og_url":"https:\/\/alj.com\/fr\/investments\/partner-with-us\/","og_site_name":"Abdul Latif Jameel","article_publisher":"https:\/\/www.facebook.com\/Abdul.Latif.Jameel.Official","article_modified_time":"2019-12-31T08:09:10+00:00","og_image":[{"width":1294,"height":600,"url":"https:\/\/media.alj.com\/app\/uploads\/2016\/10\/alj-our-presence-in-menat-and-beyond.jpg","type":"image\/jpeg"}],"twitter_card":"summary_large_image","twitter_misc":{"Est. reading time":"1 minute"},"schema":{"@context":"https:\/\/schema.org","@graph":[{"@type":"WebPage","@id":"https:\/\/alj.com\/fr\/investments\/partner-with-us\/","url":"https:\/\/alj.com\/fr\/investments\/partner-with-us\/","name":"Partenaires internationaux en investissement et commerce | Abdul Latif Jameel\u00ae","isPartOf":{"@id":"https:\/\/alj.com\/en\/#website"},"datePublished":"2017-02-09T12:10:26+00:00","dateModified":"2019-12-31T08:09:10+00:00","description":"Pour en savoir plus sur les opportunit\u00e9s d'investissement dans la r\u00e9gion, veuillez contacter l'un de nos bureaux strat\u00e9giques au Japon, en Arabie Saoudite, en Turquie ou aux EAU.","breadcrumb":{"@id":"https:\/\/alj.com\/fr\/investments\/partner-with-us\/#breadcrumb"},"inLanguage":"fr-FR","potentialAction":[{"@type":"ReadAction","target":["https:\/\/alj.com\/fr\/investments\/partner-with-us\/"]}]},{"@type":"BreadcrumbList","@id":"https:\/\/alj.com\/fr\/investments\/partner-with-us\/#breadcrumb","itemListElement":[{"@type":"ListItem","position":1,"name":"Home","item":"https:\/\/alj.com\/fr\/"},{"@type":"ListItem","position":2,"name":"Investissements","item":"https:\/\/alj.com\/fr\/investments\/"},{"@type":"ListItem","position":3,"name":"Travaillons Ensemble"}]},{"@type":"WebSite","@id":"https:\/\/alj.com\/en\/#website","url":"https:\/\/alj.com\/en\/","name":"Abdul Latif Jameel","description":"Abdul Latif Jameel","potentialAction":[{"@type":"SearchAction","target":{"@type":"EntryPoint","urlTemplate":"https:\/\/alj.com\/en\/?s={search_term_string}"},"query-input":"required name=search_term_string"}],"inLanguage":"fr-FR"}]}},"_links":{"self":[{"href":"https:\/\/alj.com\/fr\/wp-json\/wp\/v2\/pages\/9042"}],"collection":[{"href":"https:\/\/alj.com\/fr\/wp-json\/wp\/v2\/pages"}],"about":[{"href":"https:\/\/alj.com\/fr\/wp-json\/wp\/v2\/types\/page"}],"author":[{"embeddable":true,"href":"https:\/\/alj.com\/fr\/wp-json\/wp\/v2\/users\/14"}],"replies":[{"embeddable":true,"href":"https:\/\/alj.com\/fr\/wp-json\/wp\/v2\/comments?post=9042"}],"version-history":[{"count":0,"href":"https:\/\/alj.com\/fr\/wp-json\/wp\/v2\/pages\/9042\/revisions"}],"up":[{"embeddable":true,"href":"https:\/\/alj.com\/fr\/wp-json\/wp\/v2\/pages\/9036"}],"wp:attachment":[{"href":"https:\/\/alj.com\/fr\/wp-json\/wp\/v2\/media?parent=9042"}],"wp:term":[{"taxonomy":"category","embeddable":true,"href":"https:\/\/alj.com\/fr\/wp-json\/wp\/v2\/categories?post=9042"}],"curies":[{"name":"wp","href":"https:\/\/api.w.org\/{rel}","templated":true}]}}