{"id":9047,"date":"2017-02-09T13:42:13","date_gmt":"2017-02-09T13:42:13","guid":{"rendered":"http:\/\/alj.corp.staging.omniaconnect.net\/fr\/investments\/saudi-arabia\/"},"modified":"2020-03-30T09:15:59","modified_gmt":"2020-03-30T09:15:59","slug":"saudi-arabia","status":"publish","type":"page","link":"https:\/\/alj.com\/fr\/investments\/saudi-arabia\/","title":{"rendered":"Arabie Saoudite"},"content":{"rendered":"<h2>Investir pour l\u2019avenir de l\u2019Arabie Saoudite<\/h2>\n<div class=\"p1-style\">En 2016, apr\u00e8s pr\u00e8s de 70 ans de succ\u00e8s, nous avons renforc\u00e9 nos objectifs d\u2019investissement en mati\u00e8re de d\u00e9veloppement de notre march\u00e9 int\u00e9rieur, en \u00e9tablissant \u00ab Abdul Latif Jameel investissements \u00bb, une entreprise d\u00e9vou\u00e9e et disposant de vastes ressources.<\/div>\n<p>Cette initiative a \u00e9t\u00e9 \u00e9tablie afin d\u2019identifier les opportunit\u00e9s et stimuler les investissements en Arabie Saoudite. Son objectif est d\u2019acc\u00e9l\u00e9rer la diversification et la croissance commerciales tout en contribuant au d\u00e9veloppement \u00e9conomique du pays.<\/p>\n","protected":false},"excerpt":{"rendered":"<p>Investir pour l\u2019avenir de l\u2019Arabie Saoudite En 2016, apr\u00e8s pr\u00e8s de 70 ans de succ\u00e8s, nous avons renforc\u00e9 nos objectifs d\u2019investissement en mati\u00e8re de d\u00e9veloppement de notre march\u00e9 int\u00e9rieur, en \u00e9tablissant \u00ab Abdul Latif Jameel investissements \u00bb, une entreprise d\u00e9vou\u00e9e et disposant de vastes ressources. Cette initiative a \u00e9t\u00e9 \u00e9tablie afin d\u2019identifier les opportunit\u00e9s et [&hellip;]<\/p>\n","protected":false},"author":14,"featured_media":0,"parent":9036,"menu_order":15,"comment_status":"closed","ping_status":"closed","template":"page-templates\/investment-saudi.php","meta":{"footnotes":""},"categories":[],"acf":[],"yoast_head":"<!-- This site is optimized with the Yoast SEO plugin v21.5 - https:\/\/yoast.com\/wordpress\/plugins\/seo\/ -->\n<title>Opportunit\u00e9s d&#039;investissement en Arabie Saoudite | Abdul Latif Jameel\u00ae<\/title>\n<meta name=\"description\" content=\"Nous visons \u00e0 acc\u00e9l\u00e9rer diversification et croissance, tout en contribuant au d\u00e9veloppement \u00e9conomique de l&#039;Arabie Saoudite. Apprenez-en plus sur les opportunit\u00e9s d&#039;investissement.\" \/>\n<meta name=\"robots\" content=\"index, follow, max-snippet:-1, max-image-preview:large, max-video-preview:-1\" \/>\n<link rel=\"canonical\" href=\"https:\/\/alj.com\/fr\/investments\/saudi-arabia\/\" \/>\n<meta property=\"og:locale\" content=\"fr_FR\" \/>\n<meta property=\"og:type\" content=\"article\" \/>\n<meta property=\"og:title\" content=\"Opportunit\u00e9s d&#039;investissement en Arabie Saoudite | Abdul Latif Jameel\u00ae\" \/>\n<meta property=\"og:description\" content=\"Nous visons \u00e0 acc\u00e9l\u00e9rer diversification et croissance, tout en contribuant au d\u00e9veloppement \u00e9conomique de l&#039;Arabie Saoudite. Apprenez-en plus sur les opportunit\u00e9s d&#039;investissement.\" \/>\n<meta property=\"og:url\" content=\"https:\/\/alj.com\/fr\/investments\/saudi-arabia\/\" \/>\n<meta property=\"og:site_name\" content=\"Abdul Latif Jameel\" \/>\n<meta property=\"article:publisher\" content=\"https:\/\/www.facebook.com\/Abdul.Latif.Jameel.Official\" \/>\n<meta property=\"article:modified_time\" content=\"2020-03-30T09:15:59+00:00\" \/>\n<meta property=\"og:image\" content=\"https:\/\/media.alj.com\/app\/uploads\/2016\/10\/alj-our-presence-in-menat-and-beyond.jpg\" \/>\n\t<meta property=\"og:image:width\" content=\"1294\" \/>\n\t<meta property=\"og:image:height\" content=\"600\" \/>\n\t<meta property=\"og:image:type\" content=\"image\/jpeg\" \/>\n<meta name=\"twitter:card\" content=\"summary_large_image\" \/>\n<script type=\"application\/ld+json\" class=\"yoast-schema-graph\">{\"@context\":\"https:\/\/schema.org\",\"@graph\":[{\"@type\":\"WebPage\",\"@id\":\"https:\/\/alj.com\/fr\/investments\/saudi-arabia\/\",\"url\":\"https:\/\/alj.com\/fr\/investments\/saudi-arabia\/\",\"name\":\"Opportunit\u00e9s d'investissement en Arabie Saoudite | Abdul Latif Jameel\u00ae\",\"isPartOf\":{\"@id\":\"https:\/\/alj.com\/en\/#website\"},\"datePublished\":\"2017-02-09T13:42:13+00:00\",\"dateModified\":\"2020-03-30T09:15:59+00:00\",\"description\":\"Nous visons \u00e0 acc\u00e9l\u00e9rer diversification et croissance, tout en contribuant au d\u00e9veloppement \u00e9conomique de l'Arabie Saoudite. Apprenez-en plus sur les opportunit\u00e9s d'investissement.\",\"breadcrumb\":{\"@id\":\"https:\/\/alj.com\/fr\/investments\/saudi-arabia\/#breadcrumb\"},\"inLanguage\":\"fr-FR\",\"potentialAction\":[{\"@type\":\"ReadAction\",\"target\":[\"https:\/\/alj.com\/fr\/investments\/saudi-arabia\/\"]}]},{\"@type\":\"BreadcrumbList\",\"@id\":\"https:\/\/alj.com\/fr\/investments\/saudi-arabia\/#breadcrumb\",\"itemListElement\":[{\"@type\":\"ListItem\",\"position\":1,\"name\":\"Home\",\"item\":\"https:\/\/alj.com\/fr\/\"},{\"@type\":\"ListItem\",\"position\":2,\"name\":\"Investissements\",\"item\":\"https:\/\/alj.com\/fr\/investments\/\"},{\"@type\":\"ListItem\",\"position\":3,\"name\":\"Arabie Saoudite\"}]},{\"@type\":\"WebSite\",\"@id\":\"https:\/\/alj.com\/en\/#website\",\"url\":\"https:\/\/alj.com\/en\/\",\"name\":\"Abdul Latif Jameel\",\"description\":\"Abdul Latif Jameel\",\"potentialAction\":[{\"@type\":\"SearchAction\",\"target\":{\"@type\":\"EntryPoint\",\"urlTemplate\":\"https:\/\/alj.com\/en\/?s={search_term_string}\"},\"query-input\":\"required name=search_term_string\"}],\"inLanguage\":\"fr-FR\"}]}<\/script>\n<!-- \/ Yoast SEO plugin. -->","yoast_head_json":{"title":"Opportunit\u00e9s d'investissement en Arabie Saoudite | Abdul Latif Jameel\u00ae","description":"Nous visons \u00e0 acc\u00e9l\u00e9rer diversification et croissance, tout en contribuant au d\u00e9veloppement \u00e9conomique de l'Arabie Saoudite. Apprenez-en plus sur les opportunit\u00e9s d'investissement.","robots":{"index":"index","follow":"follow","max-snippet":"max-snippet:-1","max-image-preview":"max-image-preview:large","max-video-preview":"max-video-preview:-1"},"canonical":"https:\/\/alj.com\/fr\/investments\/saudi-arabia\/","og_locale":"fr_FR","og_type":"article","og_title":"Opportunit\u00e9s d'investissement en Arabie Saoudite | Abdul Latif Jameel\u00ae","og_description":"Nous visons \u00e0 acc\u00e9l\u00e9rer diversification et croissance, tout en contribuant au d\u00e9veloppement \u00e9conomique de l'Arabie Saoudite. Apprenez-en plus sur les opportunit\u00e9s d'investissement.","og_url":"https:\/\/alj.com\/fr\/investments\/saudi-arabia\/","og_site_name":"Abdul Latif Jameel","article_publisher":"https:\/\/www.facebook.com\/Abdul.Latif.Jameel.Official","article_modified_time":"2020-03-30T09:15:59+00:00","og_image":[{"width":1294,"height":600,"url":"https:\/\/media.alj.com\/app\/uploads\/2016\/10\/alj-our-presence-in-menat-and-beyond.jpg","type":"image\/jpeg"}],"twitter_card":"summary_large_image","schema":{"@context":"https:\/\/schema.org","@graph":[{"@type":"WebPage","@id":"https:\/\/alj.com\/fr\/investments\/saudi-arabia\/","url":"https:\/\/alj.com\/fr\/investments\/saudi-arabia\/","name":"Opportunit\u00e9s d'investissement en Arabie Saoudite | Abdul Latif Jameel\u00ae","isPartOf":{"@id":"https:\/\/alj.com\/en\/#website"},"datePublished":"2017-02-09T13:42:13+00:00","dateModified":"2020-03-30T09:15:59+00:00","description":"Nous visons \u00e0 acc\u00e9l\u00e9rer diversification et croissance, tout en contribuant au d\u00e9veloppement \u00e9conomique de l'Arabie Saoudite. Apprenez-en plus sur les opportunit\u00e9s d'investissement.","breadcrumb":{"@id":"https:\/\/alj.com\/fr\/investments\/saudi-arabia\/#breadcrumb"},"inLanguage":"fr-FR","potentialAction":[{"@type":"ReadAction","target":["https:\/\/alj.com\/fr\/investments\/saudi-arabia\/"]}]},{"@type":"BreadcrumbList","@id":"https:\/\/alj.com\/fr\/investments\/saudi-arabia\/#breadcrumb","itemListElement":[{"@type":"ListItem","position":1,"name":"Home","item":"https:\/\/alj.com\/fr\/"},{"@type":"ListItem","position":2,"name":"Investissements","item":"https:\/\/alj.com\/fr\/investments\/"},{"@type":"ListItem","position":3,"name":"Arabie Saoudite"}]},{"@type":"WebSite","@id":"https:\/\/alj.com\/en\/#website","url":"https:\/\/alj.com\/en\/","name":"Abdul Latif Jameel","description":"Abdul Latif Jameel","potentialAction":[{"@type":"SearchAction","target":{"@type":"EntryPoint","urlTemplate":"https:\/\/alj.com\/en\/?s={search_term_string}"},"query-input":"required name=search_term_string"}],"inLanguage":"fr-FR"}]}},"_links":{"self":[{"href":"https:\/\/alj.com\/fr\/wp-json\/wp\/v2\/pages\/9047"}],"collection":[{"href":"https:\/\/alj.com\/fr\/wp-json\/wp\/v2\/pages"}],"about":[{"href":"https:\/\/alj.com\/fr\/wp-json\/wp\/v2\/types\/page"}],"author":[{"embeddable":true,"href":"https:\/\/alj.com\/fr\/wp-json\/wp\/v2\/users\/14"}],"replies":[{"embeddable":true,"href":"https:\/\/alj.com\/fr\/wp-json\/wp\/v2\/comments?post=9047"}],"version-history":[{"count":0,"href":"https:\/\/alj.com\/fr\/wp-json\/wp\/v2\/pages\/9047\/revisions"}],"up":[{"embeddable":true,"href":"https:\/\/alj.com\/fr\/wp-json\/wp\/v2\/pages\/9036"}],"wp:attachment":[{"href":"https:\/\/alj.com\/fr\/wp-json\/wp\/v2\/media?parent=9047"}],"wp:term":[{"taxonomy":"category","embeddable":true,"href":"https:\/\/alj.com\/fr\/wp-json\/wp\/v2\/categories?post=9047"}],"curies":[{"name":"wp","href":"https:\/\/api.w.org\/{rel}","templated":true}]}}