{"id":12925,"date":"2017-06-15T13:45:28","date_gmt":"2017-06-15T13:45:28","guid":{"rendered":"http:\/\/alj.corp.staging.omniaconnect.net\/tr\/media-center\/perspectives\/"},"modified":"2022-07-04T08:02:13","modified_gmt":"2022-07-04T08:02:13","slug":"perspectives","status":"publish","type":"page","link":"https:\/\/alj.com\/tr\/media-center\/perspectives\/","title":{"rendered":"Perspektifler"},"content":{"rendered":"<h4>Abdul Latif Jameel\u2019in <em>Perspektifler<\/em> dizisi h\u0131zla geli\u015fen Orta Do\u011fu, Kuzey Afrika ve T\u00fcrkiye b\u00f6lgesinde ve \u00e7ok daha \u00f6tesinde temel kalk\u0131nma i\u015f sekt\u00f6rlerinde g\u00f6r\u00fclen g\u00fc\u00e7l\u00fckler ve f\u0131rsatlar hakk\u0131nda \u00f6zg\u00fcn ve \u00e7ekici \u015fekilde derinlemesine bir anlay\u0131\u015f sa\u011flar.<\/h4>\n","protected":false},"excerpt":{"rendered":"<p>Abdul Latif Jameel\u2019in Perspektifler dizisi h\u0131zla geli\u015fen Orta Do\u011fu, Kuzey Afrika ve T\u00fcrkiye b\u00f6lgesinde ve \u00e7ok daha \u00f6tesinde temel kalk\u0131nma i\u015f sekt\u00f6rlerinde g\u00f6r\u00fclen g\u00fc\u00e7l\u00fckler ve f\u0131rsatlar hakk\u0131nda \u00f6zg\u00fcn ve \u00e7ekici \u015fekilde derinlemesine bir anlay\u0131\u015f sa\u011flar.<\/p>\n","protected":false},"author":14,"featured_media":12140,"parent":12871,"menu_order":15,"comment_status":"closed","ping_status":"closed","template":"page-templates\/perspective.php","meta":{"footnotes":""},"categories":[],"acf":[],"yoast_head":"<!-- This site is optimized with the Yoast SEO plugin v21.5 - https:\/\/yoast.com\/wordpress\/plugins\/seo\/ -->\n<title>D\u00fc\u015f\u00fcnce Liderlik Serisi - Perspektifler | Abdul Latif Jameel\u00ae<\/title>\n<meta name=\"description\" content=\"Abdul Latif Jameel&#039;in \u201cPerspektifler\u201d d\u00fc\u015f\u00fcnce liderli\u011fi serisi, i\u015fletmelerimizdeki zorluklara ve f\u0131rsatlara benzersiz ve ilgi \u00e7ekici bir bak\u0131\u015f a\u00e7\u0131s\u0131 sunuyor.\" \/>\n<meta name=\"robots\" content=\"index, follow, max-snippet:-1, max-image-preview:large, max-video-preview:-1\" \/>\n<link rel=\"canonical\" href=\"https:\/\/alj.com\/tr\/media-center\/perspectives\/\" \/>\n<meta property=\"og:locale\" content=\"tr_TR\" \/>\n<meta property=\"og:type\" content=\"article\" \/>\n<meta property=\"og:title\" content=\"D\u00fc\u015f\u00fcnce Liderlik Serisi - Perspektifler | Abdul Latif Jameel\u00ae\" \/>\n<meta property=\"og:description\" content=\"Abdul Latif Jameel&#039;in \u201cPerspektifler\u201d d\u00fc\u015f\u00fcnce liderli\u011fi serisi, i\u015fletmelerimizdeki zorluklara ve f\u0131rsatlara benzersiz ve ilgi \u00e7ekici bir bak\u0131\u015f a\u00e7\u0131s\u0131 sunuyor.\" \/>\n<meta property=\"og:url\" content=\"https:\/\/alj.com\/tr\/media-center\/perspectives\/\" \/>\n<meta property=\"og:site_name\" content=\"Abdul Latif Jameel\" \/>\n<meta property=\"article:publisher\" content=\"https:\/\/www.facebook.com\/Abdul.Latif.Jameel.Official\" \/>\n<meta property=\"article:modified_time\" content=\"2022-07-04T08:02:13+00:00\" \/>\n<meta property=\"og:image\" content=\"https:\/\/media.alj.com\/app\/uploads\/2017\/06\/alj-perspectives-msl1.jpg\" \/>\n\t<meta property=\"og:image:width\" content=\"1294\" \/>\n\t<meta property=\"og:image:height\" content=\"600\" \/>\n\t<meta property=\"og:image:type\" content=\"image\/jpeg\" \/>\n<meta name=\"twitter:card\" content=\"summary_large_image\" \/>\n<script type=\"application\/ld+json\" class=\"yoast-schema-graph\">{\"@context\":\"https:\/\/schema.org\",\"@graph\":[{\"@type\":\"WebPage\",\"@id\":\"https:\/\/alj.com\/tr\/media-center\/perspectives\/\",\"url\":\"https:\/\/alj.com\/tr\/media-center\/perspectives\/\",\"name\":\"D\u00fc\u015f\u00fcnce Liderlik Serisi - Perspektifler | Abdul Latif Jameel\u00ae\",\"isPartOf\":{\"@id\":\"https:\/\/alj.com\/en\/#website\"},\"datePublished\":\"2017-06-15T13:45:28+00:00\",\"dateModified\":\"2022-07-04T08:02:13+00:00\",\"description\":\"Abdul Latif Jameel'in \u201cPerspektifler\u201d d\u00fc\u015f\u00fcnce liderli\u011fi serisi, i\u015fletmelerimizdeki zorluklara ve f\u0131rsatlara benzersiz ve ilgi \u00e7ekici bir bak\u0131\u015f a\u00e7\u0131s\u0131 sunuyor.\",\"breadcrumb\":{\"@id\":\"https:\/\/alj.com\/tr\/media-center\/perspectives\/#breadcrumb\"},\"inLanguage\":\"tr\",\"potentialAction\":[{\"@type\":\"ReadAction\",\"target\":[\"https:\/\/alj.com\/tr\/media-center\/perspectives\/\"]}]},{\"@type\":\"BreadcrumbList\",\"@id\":\"https:\/\/alj.com\/tr\/media-center\/perspectives\/#breadcrumb\",\"itemListElement\":[{\"@type\":\"ListItem\",\"position\":1,\"name\":\"Home\",\"item\":\"https:\/\/alj.com\/tr\/\"},{\"@type\":\"ListItem\",\"position\":2,\"name\":\"Media Center\",\"item\":\"https:\/\/alj.com\/tr\/media-center\/\"},{\"@type\":\"ListItem\",\"position\":3,\"name\":\"Perspektifler\"}]},{\"@type\":\"WebSite\",\"@id\":\"https:\/\/alj.com\/en\/#website\",\"url\":\"https:\/\/alj.com\/en\/\",\"name\":\"Abdul Latif Jameel\",\"description\":\"Abdul Latif Jameel\",\"potentialAction\":[{\"@type\":\"SearchAction\",\"target\":{\"@type\":\"EntryPoint\",\"urlTemplate\":\"https:\/\/alj.com\/en\/?s={search_term_string}\"},\"query-input\":\"required name=search_term_string\"}],\"inLanguage\":\"tr\"}]}<\/script>\n<!-- \/ Yoast SEO plugin. -->","yoast_head_json":{"title":"D\u00fc\u015f\u00fcnce Liderlik Serisi - Perspektifler | Abdul Latif Jameel\u00ae","description":"Abdul Latif Jameel'in \u201cPerspektifler\u201d d\u00fc\u015f\u00fcnce liderli\u011fi serisi, i\u015fletmelerimizdeki zorluklara ve f\u0131rsatlara benzersiz ve ilgi \u00e7ekici bir bak\u0131\u015f a\u00e7\u0131s\u0131 sunuyor.","robots":{"index":"index","follow":"follow","max-snippet":"max-snippet:-1","max-image-preview":"max-image-preview:large","max-video-preview":"max-video-preview:-1"},"canonical":"https:\/\/alj.com\/tr\/media-center\/perspectives\/","og_locale":"tr_TR","og_type":"article","og_title":"D\u00fc\u015f\u00fcnce Liderlik Serisi - Perspektifler | Abdul Latif Jameel\u00ae","og_description":"Abdul Latif Jameel'in \u201cPerspektifler\u201d d\u00fc\u015f\u00fcnce liderli\u011fi serisi, i\u015fletmelerimizdeki zorluklara ve f\u0131rsatlara benzersiz ve ilgi \u00e7ekici bir bak\u0131\u015f a\u00e7\u0131s\u0131 sunuyor.","og_url":"https:\/\/alj.com\/tr\/media-center\/perspectives\/","og_site_name":"Abdul Latif Jameel","article_publisher":"https:\/\/www.facebook.com\/Abdul.Latif.Jameel.Official","article_modified_time":"2022-07-04T08:02:13+00:00","og_image":[{"width":1294,"height":600,"url":"https:\/\/media.alj.com\/app\/uploads\/2017\/06\/alj-perspectives-msl1.jpg","type":"image\/jpeg"}],"twitter_card":"summary_large_image","schema":{"@context":"https:\/\/schema.org","@graph":[{"@type":"WebPage","@id":"https:\/\/alj.com\/tr\/media-center\/perspectives\/","url":"https:\/\/alj.com\/tr\/media-center\/perspectives\/","name":"D\u00fc\u015f\u00fcnce Liderlik Serisi - Perspektifler | Abdul Latif Jameel\u00ae","isPartOf":{"@id":"https:\/\/alj.com\/en\/#website"},"datePublished":"2017-06-15T13:45:28+00:00","dateModified":"2022-07-04T08:02:13+00:00","description":"Abdul Latif Jameel'in \u201cPerspektifler\u201d d\u00fc\u015f\u00fcnce liderli\u011fi serisi, i\u015fletmelerimizdeki zorluklara ve f\u0131rsatlara benzersiz ve ilgi \u00e7ekici bir bak\u0131\u015f a\u00e7\u0131s\u0131 sunuyor.","breadcrumb":{"@id":"https:\/\/alj.com\/tr\/media-center\/perspectives\/#breadcrumb"},"inLanguage":"tr","potentialAction":[{"@type":"ReadAction","target":["https:\/\/alj.com\/tr\/media-center\/perspectives\/"]}]},{"@type":"BreadcrumbList","@id":"https:\/\/alj.com\/tr\/media-center\/perspectives\/#breadcrumb","itemListElement":[{"@type":"ListItem","position":1,"name":"Home","item":"https:\/\/alj.com\/tr\/"},{"@type":"ListItem","position":2,"name":"Media Center","item":"https:\/\/alj.com\/tr\/media-center\/"},{"@type":"ListItem","position":3,"name":"Perspektifler"}]},{"@type":"WebSite","@id":"https:\/\/alj.com\/en\/#website","url":"https:\/\/alj.com\/en\/","name":"Abdul Latif Jameel","description":"Abdul Latif Jameel","potentialAction":[{"@type":"SearchAction","target":{"@type":"EntryPoint","urlTemplate":"https:\/\/alj.com\/en\/?s={search_term_string}"},"query-input":"required name=search_term_string"}],"inLanguage":"tr"}]}},"_links":{"self":[{"href":"https:\/\/alj.com\/tr\/wp-json\/wp\/v2\/pages\/12925"}],"collection":[{"href":"https:\/\/alj.com\/tr\/wp-json\/wp\/v2\/pages"}],"about":[{"href":"https:\/\/alj.com\/tr\/wp-json\/wp\/v2\/types\/page"}],"author":[{"embeddable":true,"href":"https:\/\/alj.com\/tr\/wp-json\/wp\/v2\/users\/14"}],"replies":[{"embeddable":true,"href":"https:\/\/alj.com\/tr\/wp-json\/wp\/v2\/comments?post=12925"}],"version-history":[{"count":0,"href":"https:\/\/alj.com\/tr\/wp-json\/wp\/v2\/pages\/12925\/revisions"}],"up":[{"embeddable":true,"href":"https:\/\/alj.com\/tr\/wp-json\/wp\/v2\/pages\/12871"}],"wp:featuredmedia":[{"embeddable":true,"href":"https:\/\/alj.com\/tr\/wp-json\/wp\/v2\/media\/12140"}],"wp:attachment":[{"href":"https:\/\/alj.com\/tr\/wp-json\/wp\/v2\/media?parent=12925"}],"wp:term":[{"taxonomy":"category","embeddable":true,"href":"https:\/\/alj.com\/tr\/wp-json\/wp\/v2\/categories?post=12925"}],"curies":[{"name":"wp","href":"https:\/\/api.w.org\/{rel}","templated":true}]}}