{"id":18036,"date":"2018-11-27T07:35:33","date_gmt":"2018-11-27T07:35:33","guid":{"rendered":"https:\/\/www.alj.com\/tr\/investments\/partners-in-prosperity\/"},"modified":"2023-10-13T07:53:03","modified_gmt":"2023-10-13T07:53:03","slug":"partners-in-prosperity","status":"publish","type":"page","link":"https:\/\/alj.com\/tr\/investments\/partners-in-prosperity\/","title":{"rendered":"Ba\u015far\u0131 Ortaklar\u0131"},"content":{"rendered":"<h2><strong>Gelece\u011fe Yat\u0131r\u0131m<\/strong><\/h2>\n<h4>Abdul Latif Jameel&#8217;in yat\u0131r\u0131m kolu, \u0130stanbul, Tokyo, Riyad, Cidde ve Dubai&#8217;de bulunan uluslararas\u0131 i\u015f geli\u015ftirme merkezlerimizden yeni potansiyelleri ortaya \u00e7\u0131karmak; \u015fu an\u0131 ve gelece\u011fi zenginle\u015ftirecek olanaklar\u0131 te\u015fvik eden yeni kap\u0131lar a\u00e7mak i\u00e7in s\u00fcrekli \u00e7aba g\u00f6stermektedir.<\/h4>\n<p>Birlikte fark yaratabilece\u011fimize inand\u0131\u011f\u0131m\u0131z yat\u0131r\u0131m olanaklar\u0131, ortakl\u0131klar, ittifaklar ve\u00a0 kar\u015f\u0131l\u0131kl\u0131 olarak geli\u015ftirip zenginle\u015ftirece\u011fimiz yeni pazarlar aray\u0131\u015f\u0131 i\u00e7indeyiz. Bu ortakl\u0131klar\u0131m\u0131zdan sadece birka\u00e7\u0131 burada sergilenecektir.<\/p>\n","protected":false},"excerpt":{"rendered":"<p>Gelece\u011fe Yat\u0131r\u0131m Abdul Latif Jameel&#8217;in yat\u0131r\u0131m kolu, \u0130stanbul, Tokyo, Riyad, Cidde ve Dubai&#8217;de bulunan uluslararas\u0131 i\u015f geli\u015ftirme merkezlerimizden yeni potansiyelleri ortaya \u00e7\u0131karmak; \u015fu an\u0131 ve gelece\u011fi zenginle\u015ftirecek olanaklar\u0131 te\u015fvik eden yeni kap\u0131lar a\u00e7mak i\u00e7in s\u00fcrekli \u00e7aba g\u00f6stermektedir. Birlikte fark yaratabilece\u011fimize inand\u0131\u011f\u0131m\u0131z yat\u0131r\u0131m olanaklar\u0131, ortakl\u0131klar, ittifaklar ve\u00a0 kar\u015f\u0131l\u0131kl\u0131 olarak geli\u015ftirip zenginle\u015ftirece\u011fimiz yeni pazarlar aray\u0131\u015f\u0131 i\u00e7indeyiz. Bu [&hellip;]<\/p>\n","protected":false},"author":14,"featured_media":65905,"parent":9039,"menu_order":21,"comment_status":"closed","ping_status":"closed","template":"page-templates\/investment-overview.php","meta":{"footnotes":""},"categories":[],"acf":[],"yoast_head":"<!-- This site is optimized with the Yoast SEO plugin v21.5 - https:\/\/yoast.com\/wordpress\/plugins\/seo\/ -->\n<title>Yat\u0131r\u0131m F\u0131rsatlar\u0131 ve Ortakl\u0131klar | Abdul Latif Jameel\u00ae<\/title>\n<meta name=\"description\" content=\"Abdul Latif Jameel&#039;in yat\u0131r\u0131m kolu, s\u00fcrekli olarak yeni potansiyelleri ortaya \u00e7\u0131karmak ve MENAT b\u00f6lgesi ve \u00f6tesindeki i\u015fletmelere yeni kap\u0131lar a\u00e7mak i\u00e7in \u00e7abal\u0131yor.\" \/>\n<meta name=\"robots\" content=\"index, follow, max-snippet:-1, max-image-preview:large, max-video-preview:-1\" \/>\n<link rel=\"canonical\" href=\"https:\/\/alj.com\/tr\/investments\/partners-in-prosperity\/\" \/>\n<meta property=\"og:locale\" content=\"tr_TR\" \/>\n<meta property=\"og:type\" content=\"article\" \/>\n<meta property=\"og:title\" content=\"Yat\u0131r\u0131m F\u0131rsatlar\u0131 ve Ortakl\u0131klar | Abdul Latif Jameel\u00ae\" \/>\n<meta property=\"og:description\" content=\"Abdul Latif Jameel&#039;in yat\u0131r\u0131m kolu, s\u00fcrekli olarak yeni potansiyelleri ortaya \u00e7\u0131karmak ve MENAT b\u00f6lgesi ve \u00f6tesindeki i\u015fletmelere yeni kap\u0131lar a\u00e7mak i\u00e7in \u00e7abal\u0131yor.\" \/>\n<meta property=\"og:url\" content=\"https:\/\/alj.com\/tr\/investments\/partners-in-prosperity\/\" \/>\n<meta property=\"og:site_name\" content=\"Abdul Latif Jameel\" \/>\n<meta property=\"article:publisher\" content=\"https:\/\/www.facebook.com\/Abdul.Latif.Jameel.Official\" \/>\n<meta property=\"article:modified_time\" content=\"2023-10-13T07:53:03+00:00\" \/>\n<meta property=\"og:image\" content=\"https:\/\/media.alj.com\/app\/uploads\/2020\/07\/2012-International-Operations-HQ-relocates-from-Beruit-to-Dubai-UAE-1.jpg\" \/>\n\t<meta property=\"og:image:width\" content=\"2040\" \/>\n\t<meta property=\"og:image:height\" content=\"1357\" \/>\n\t<meta property=\"og:image:type\" content=\"image\/jpeg\" \/>\n<meta name=\"twitter:card\" content=\"summary_large_image\" \/>\n<script type=\"application\/ld+json\" class=\"yoast-schema-graph\">{\"@context\":\"https:\/\/schema.org\",\"@graph\":[{\"@type\":\"WebPage\",\"@id\":\"https:\/\/alj.com\/tr\/investments\/partners-in-prosperity\/\",\"url\":\"https:\/\/alj.com\/tr\/investments\/partners-in-prosperity\/\",\"name\":\"Yat\u0131r\u0131m F\u0131rsatlar\u0131 ve Ortakl\u0131klar | Abdul Latif Jameel\u00ae\",\"isPartOf\":{\"@id\":\"https:\/\/alj.com\/en\/#website\"},\"datePublished\":\"2018-11-27T07:35:33+00:00\",\"dateModified\":\"2023-10-13T07:53:03+00:00\",\"description\":\"Abdul Latif Jameel'in yat\u0131r\u0131m kolu, s\u00fcrekli olarak yeni potansiyelleri ortaya \u00e7\u0131karmak ve MENAT b\u00f6lgesi ve \u00f6tesindeki i\u015fletmelere yeni kap\u0131lar a\u00e7mak i\u00e7in \u00e7abal\u0131yor.\",\"breadcrumb\":{\"@id\":\"https:\/\/alj.com\/tr\/investments\/partners-in-prosperity\/#breadcrumb\"},\"inLanguage\":\"tr\",\"potentialAction\":[{\"@type\":\"ReadAction\",\"target\":[\"https:\/\/alj.com\/tr\/investments\/partners-in-prosperity\/\"]}]},{\"@type\":\"BreadcrumbList\",\"@id\":\"https:\/\/alj.com\/tr\/investments\/partners-in-prosperity\/#breadcrumb\",\"itemListElement\":[{\"@type\":\"ListItem\",\"position\":1,\"name\":\"Home\",\"item\":\"https:\/\/alj.com\/tr\/\"},{\"@type\":\"ListItem\",\"position\":2,\"name\":\"Yat\u0131r\u0131mlar\",\"item\":\"https:\/\/alj.com\/tr\/investments\/\"},{\"@type\":\"ListItem\",\"position\":3,\"name\":\"Ba\u015far\u0131 Ortaklar\u0131\"}]},{\"@type\":\"WebSite\",\"@id\":\"https:\/\/alj.com\/en\/#website\",\"url\":\"https:\/\/alj.com\/en\/\",\"name\":\"Abdul Latif Jameel\",\"description\":\"Abdul Latif Jameel\",\"potentialAction\":[{\"@type\":\"SearchAction\",\"target\":{\"@type\":\"EntryPoint\",\"urlTemplate\":\"https:\/\/alj.com\/en\/?s={search_term_string}\"},\"query-input\":\"required name=search_term_string\"}],\"inLanguage\":\"tr\"}]}<\/script>\n<!-- \/ Yoast SEO plugin. -->","yoast_head_json":{"title":"Yat\u0131r\u0131m F\u0131rsatlar\u0131 ve Ortakl\u0131klar | Abdul Latif Jameel\u00ae","description":"Abdul Latif Jameel'in yat\u0131r\u0131m kolu, s\u00fcrekli olarak yeni potansiyelleri ortaya \u00e7\u0131karmak ve MENAT b\u00f6lgesi ve \u00f6tesindeki i\u015fletmelere yeni kap\u0131lar a\u00e7mak i\u00e7in \u00e7abal\u0131yor.","robots":{"index":"index","follow":"follow","max-snippet":"max-snippet:-1","max-image-preview":"max-image-preview:large","max-video-preview":"max-video-preview:-1"},"canonical":"https:\/\/alj.com\/tr\/investments\/partners-in-prosperity\/","og_locale":"tr_TR","og_type":"article","og_title":"Yat\u0131r\u0131m F\u0131rsatlar\u0131 ve Ortakl\u0131klar | Abdul Latif Jameel\u00ae","og_description":"Abdul Latif Jameel'in yat\u0131r\u0131m kolu, s\u00fcrekli olarak yeni potansiyelleri ortaya \u00e7\u0131karmak ve MENAT b\u00f6lgesi ve \u00f6tesindeki i\u015fletmelere yeni kap\u0131lar a\u00e7mak i\u00e7in \u00e7abal\u0131yor.","og_url":"https:\/\/alj.com\/tr\/investments\/partners-in-prosperity\/","og_site_name":"Abdul Latif Jameel","article_publisher":"https:\/\/www.facebook.com\/Abdul.Latif.Jameel.Official","article_modified_time":"2023-10-13T07:53:03+00:00","og_image":[{"width":2040,"height":1357,"url":"https:\/\/media.alj.com\/app\/uploads\/2020\/07\/2012-International-Operations-HQ-relocates-from-Beruit-to-Dubai-UAE-1.jpg","type":"image\/jpeg"}],"twitter_card":"summary_large_image","schema":{"@context":"https:\/\/schema.org","@graph":[{"@type":"WebPage","@id":"https:\/\/alj.com\/tr\/investments\/partners-in-prosperity\/","url":"https:\/\/alj.com\/tr\/investments\/partners-in-prosperity\/","name":"Yat\u0131r\u0131m F\u0131rsatlar\u0131 ve Ortakl\u0131klar | Abdul Latif Jameel\u00ae","isPartOf":{"@id":"https:\/\/alj.com\/en\/#website"},"datePublished":"2018-11-27T07:35:33+00:00","dateModified":"2023-10-13T07:53:03+00:00","description":"Abdul Latif Jameel'in yat\u0131r\u0131m kolu, s\u00fcrekli olarak yeni potansiyelleri ortaya \u00e7\u0131karmak ve MENAT b\u00f6lgesi ve \u00f6tesindeki i\u015fletmelere yeni kap\u0131lar a\u00e7mak i\u00e7in \u00e7abal\u0131yor.","breadcrumb":{"@id":"https:\/\/alj.com\/tr\/investments\/partners-in-prosperity\/#breadcrumb"},"inLanguage":"tr","potentialAction":[{"@type":"ReadAction","target":["https:\/\/alj.com\/tr\/investments\/partners-in-prosperity\/"]}]},{"@type":"BreadcrumbList","@id":"https:\/\/alj.com\/tr\/investments\/partners-in-prosperity\/#breadcrumb","itemListElement":[{"@type":"ListItem","position":1,"name":"Home","item":"https:\/\/alj.com\/tr\/"},{"@type":"ListItem","position":2,"name":"Yat\u0131r\u0131mlar","item":"https:\/\/alj.com\/tr\/investments\/"},{"@type":"ListItem","position":3,"name":"Ba\u015far\u0131 Ortaklar\u0131"}]},{"@type":"WebSite","@id":"https:\/\/alj.com\/en\/#website","url":"https:\/\/alj.com\/en\/","name":"Abdul Latif Jameel","description":"Abdul Latif Jameel","potentialAction":[{"@type":"SearchAction","target":{"@type":"EntryPoint","urlTemplate":"https:\/\/alj.com\/en\/?s={search_term_string}"},"query-input":"required name=search_term_string"}],"inLanguage":"tr"}]}},"_links":{"self":[{"href":"https:\/\/alj.com\/tr\/wp-json\/wp\/v2\/pages\/18036"}],"collection":[{"href":"https:\/\/alj.com\/tr\/wp-json\/wp\/v2\/pages"}],"about":[{"href":"https:\/\/alj.com\/tr\/wp-json\/wp\/v2\/types\/page"}],"author":[{"embeddable":true,"href":"https:\/\/alj.com\/tr\/wp-json\/wp\/v2\/users\/14"}],"replies":[{"embeddable":true,"href":"https:\/\/alj.com\/tr\/wp-json\/wp\/v2\/comments?post=18036"}],"version-history":[{"count":0,"href":"https:\/\/alj.com\/tr\/wp-json\/wp\/v2\/pages\/18036\/revisions"}],"up":[{"embeddable":true,"href":"https:\/\/alj.com\/tr\/wp-json\/wp\/v2\/pages\/9039"}],"wp:featuredmedia":[{"embeddable":true,"href":"https:\/\/alj.com\/tr\/wp-json\/wp\/v2\/media\/65905"}],"wp:attachment":[{"href":"https:\/\/alj.com\/tr\/wp-json\/wp\/v2\/media?parent=18036"}],"wp:term":[{"taxonomy":"category","embeddable":true,"href":"https:\/\/alj.com\/tr\/wp-json\/wp\/v2\/categories?post=18036"}],"curies":[{"name":"wp","href":"https:\/\/api.w.org\/{rel}","templated":true}]}}