{"id":2620,"date":"2017-01-03T11:38:45","date_gmt":"2017-01-03T11:38:45","guid":{"rendered":"http:\/\/alj.corp.staging.omniaconnect.net\/tr\/?page_id=2620"},"modified":"2021-06-16T13:35:50","modified_gmt":"2021-06-16T13:35:50","slug":"transportation-overview","status":"publish","type":"page","link":"https:\/\/alj.com\/tr\/transportation\/transportation-overview\/","title":{"rendered":"Ula\u015f\u0131m"},"content":{"rendered":"<h2>Tek Ki\u015finin Vizyonundan . . .<\/h2>\n<div class=\"p1-style\">Kurucumuz Abdul Latif Jameel 1945 y\u0131l\u0131nda ki\u015fisel Ula\u015f\u0131m alan\u0131nda geni\u015fleyen t\u00fcketici se\u00e7ene\u011fi ihtiya\u00e7lar\u0131n\u0131 kar\u015f\u0131layabilmek i\u00e7in aray\u0131\u015fa girdi ve Suudi Arabistan, Cidde\u2019de kendine ait ilk otomotiv sat\u0131\u015f yerini a\u00e7t\u0131.<\/div>\n<p>\u015eirketi on y\u0131l i\u00e7inde resmi Toyota distrib\u00fct\u00f6r\u00fc olarak atand\u0131 ve ilk sipari\u015f olarak d\u00f6rt tane Toyota BJ arazi ta\u015f\u0131t\u0131 \u0131smarlad\u0131. Altm\u0131\u015f y\u0131ldan uzun bir s\u00fcre sonra, Toyota Motor Corporation ile kurmu\u015f oldu\u011fumuz kar\u015f\u0131l\u0131kl\u0131 sayg\u0131ya dayanan ili\u015fkiler, kendimizi Suudi Arabistan merkezli k\u00fc\u00e7\u00fck bir \u015firketten \u00fc\u00e7 k\u0131tadaki dokuz \u00fclkede ticari ve perakendeci m\u00fc\u015fterilerimize tam kapsaml\u0131 hizmet veren ve k\u00fcresel \u00f6l\u00e7ekte faaliyet g\u00f6steren bir otomotiv i\u015fletmesine d\u00f6n\u00fc\u015ft\u00fcrmemize olanak sa\u011flad\u0131.<\/p>\n<p>\u00d6nc\u00fcl\u00fck eden geli\u015ftirme \u00e7al\u0131\u015fmalar\u0131m\u0131z, sadece bir sipari\u015f verebilen o \u015firketimizi d\u00fcnyan\u0131n \u00f6nde gelen ba\u011f\u0131ms\u0131z Toyota distrib\u00fct\u00f6rlerinden birisi haline getirerek, Toyota\u2019n\u0131n ve di\u011fer yedi lider otomotiv markas\u0131n\u0131n Ula\u015f\u0131m sekt\u00f6r\u00fcnde ba\u015far\u0131ya ula\u015fmas\u0131na yard\u0131mc\u0131 oldu.<\/p>\n","protected":false},"excerpt":{"rendered":"<p>Tek Ki\u015finin Vizyonundan . . . Kurucumuz Abdul Latif Jameel 1945 y\u0131l\u0131nda ki\u015fisel Ula\u015f\u0131m alan\u0131nda geni\u015fleyen t\u00fcketici se\u00e7ene\u011fi ihtiya\u00e7lar\u0131n\u0131 kar\u015f\u0131layabilmek i\u00e7in aray\u0131\u015fa girdi ve Suudi Arabistan, Cidde\u2019de kendine ait ilk otomotiv sat\u0131\u015f yerini a\u00e7t\u0131. \u015eirketi on y\u0131l i\u00e7inde resmi Toyota distrib\u00fct\u00f6r\u00fc olarak atand\u0131 ve ilk sipari\u015f olarak d\u00f6rt tane Toyota BJ arazi ta\u015f\u0131t\u0131 \u0131smarlad\u0131. Altm\u0131\u015f [&hellip;]<\/p>\n","protected":false},"author":14,"featured_media":0,"parent":2604,"menu_order":15,"comment_status":"closed","ping_status":"closed","template":"page-templates\/business-overview.php","meta":{"footnotes":""},"categories":[],"acf":[],"yoast_head":"<!-- This site is optimized with the Yoast SEO plugin v21.5 - https:\/\/yoast.com\/wordpress\/plugins\/seo\/ -->\n<title>Nakliye \u00c7\u00f6z\u00fcmleri | Abdul Latif Jameel\u00ae<\/title>\n<meta name=\"description\" content=\"1955&#039;ten bu yana, 12 \u00fclkede d\u00fcnya \u00e7ap\u0131nda bir otomotiv i\u015fletmesi kurduk. K\u00fcresel otomotiv ve m\u00fchendislik i\u015fletmelerimiz hakk\u0131nda daha fazla bilgi edinin!\" \/>\n<meta name=\"robots\" content=\"index, follow, max-snippet:-1, max-image-preview:large, max-video-preview:-1\" \/>\n<link rel=\"canonical\" href=\"https:\/\/alj.com\/tr\/transportation\/transportation-overview\/\" \/>\n<meta property=\"og:locale\" content=\"tr_TR\" \/>\n<meta property=\"og:type\" content=\"article\" \/>\n<meta property=\"og:title\" content=\"Nakliye \u00c7\u00f6z\u00fcmleri | Abdul Latif Jameel\u00ae\" \/>\n<meta property=\"og:description\" content=\"1955&#039;ten bu yana, 12 \u00fclkede d\u00fcnya \u00e7ap\u0131nda bir otomotiv i\u015fletmesi kurduk. K\u00fcresel otomotiv ve m\u00fchendislik i\u015fletmelerimiz hakk\u0131nda daha fazla bilgi edinin!\" \/>\n<meta property=\"og:url\" content=\"https:\/\/alj.com\/tr\/transportation\/transportation-overview\/\" \/>\n<meta property=\"og:site_name\" content=\"Abdul Latif Jameel\" \/>\n<meta property=\"article:publisher\" content=\"https:\/\/www.facebook.com\/Abdul.Latif.Jameel.Official\" \/>\n<meta property=\"article:modified_time\" content=\"2021-06-16T13:35:50+00:00\" \/>\n<meta property=\"og:image\" content=\"https:\/\/media.alj.com\/app\/uploads\/2016\/10\/alj-our-presence-in-menat-and-beyond.jpg\" \/>\n\t<meta property=\"og:image:width\" content=\"1294\" \/>\n\t<meta property=\"og:image:height\" content=\"600\" \/>\n\t<meta property=\"og:image:type\" content=\"image\/jpeg\" \/>\n<meta name=\"twitter:card\" content=\"summary_large_image\" \/>\n<meta name=\"twitter:label1\" content=\"Est. reading time\" \/>\n\t<meta name=\"twitter:data1\" content=\"1 minute\" \/>\n<script type=\"application\/ld+json\" class=\"yoast-schema-graph\">{\"@context\":\"https:\/\/schema.org\",\"@graph\":[{\"@type\":\"WebPage\",\"@id\":\"https:\/\/alj.com\/tr\/transportation\/transportation-overview\/\",\"url\":\"https:\/\/alj.com\/tr\/transportation\/transportation-overview\/\",\"name\":\"Nakliye \u00c7\u00f6z\u00fcmleri | Abdul Latif Jameel\u00ae\",\"isPartOf\":{\"@id\":\"https:\/\/alj.com\/en\/#website\"},\"datePublished\":\"2017-01-03T11:38:45+00:00\",\"dateModified\":\"2021-06-16T13:35:50+00:00\",\"description\":\"1955'ten bu yana, 12 \u00fclkede d\u00fcnya \u00e7ap\u0131nda bir otomotiv i\u015fletmesi kurduk. K\u00fcresel otomotiv ve m\u00fchendislik i\u015fletmelerimiz hakk\u0131nda daha fazla bilgi edinin!\",\"breadcrumb\":{\"@id\":\"https:\/\/alj.com\/tr\/transportation\/transportation-overview\/#breadcrumb\"},\"inLanguage\":\"tr\",\"potentialAction\":[{\"@type\":\"ReadAction\",\"target\":[\"https:\/\/alj.com\/tr\/transportation\/transportation-overview\/\"]}]},{\"@type\":\"BreadcrumbList\",\"@id\":\"https:\/\/alj.com\/tr\/transportation\/transportation-overview\/#breadcrumb\",\"itemListElement\":[{\"@type\":\"ListItem\",\"position\":1,\"name\":\"Home\",\"item\":\"https:\/\/alj.com\/tr\/\"},{\"@type\":\"ListItem\",\"position\":2,\"name\":\"Ula\u015f\u0131m\",\"item\":\"https:\/\/alj.com\/tr\/transportation\/\"},{\"@type\":\"ListItem\",\"position\":3,\"name\":\"Ula\u015f\u0131m\"}]},{\"@type\":\"WebSite\",\"@id\":\"https:\/\/alj.com\/en\/#website\",\"url\":\"https:\/\/alj.com\/en\/\",\"name\":\"Abdul Latif Jameel\",\"description\":\"Abdul Latif Jameel\",\"potentialAction\":[{\"@type\":\"SearchAction\",\"target\":{\"@type\":\"EntryPoint\",\"urlTemplate\":\"https:\/\/alj.com\/en\/?s={search_term_string}\"},\"query-input\":\"required name=search_term_string\"}],\"inLanguage\":\"tr\"}]}<\/script>\n<!-- \/ Yoast SEO plugin. -->","yoast_head_json":{"title":"Nakliye \u00c7\u00f6z\u00fcmleri | Abdul Latif Jameel\u00ae","description":"1955'ten bu yana, 12 \u00fclkede d\u00fcnya \u00e7ap\u0131nda bir otomotiv i\u015fletmesi kurduk. K\u00fcresel otomotiv ve m\u00fchendislik i\u015fletmelerimiz hakk\u0131nda daha fazla bilgi edinin!","robots":{"index":"index","follow":"follow","max-snippet":"max-snippet:-1","max-image-preview":"max-image-preview:large","max-video-preview":"max-video-preview:-1"},"canonical":"https:\/\/alj.com\/tr\/transportation\/transportation-overview\/","og_locale":"tr_TR","og_type":"article","og_title":"Nakliye \u00c7\u00f6z\u00fcmleri | Abdul Latif Jameel\u00ae","og_description":"1955'ten bu yana, 12 \u00fclkede d\u00fcnya \u00e7ap\u0131nda bir otomotiv i\u015fletmesi kurduk. K\u00fcresel otomotiv ve m\u00fchendislik i\u015fletmelerimiz hakk\u0131nda daha fazla bilgi edinin!","og_url":"https:\/\/alj.com\/tr\/transportation\/transportation-overview\/","og_site_name":"Abdul Latif Jameel","article_publisher":"https:\/\/www.facebook.com\/Abdul.Latif.Jameel.Official","article_modified_time":"2021-06-16T13:35:50+00:00","og_image":[{"width":1294,"height":600,"url":"https:\/\/media.alj.com\/app\/uploads\/2016\/10\/alj-our-presence-in-menat-and-beyond.jpg","type":"image\/jpeg"}],"twitter_card":"summary_large_image","twitter_misc":{"Est. reading time":"1 minute"},"schema":{"@context":"https:\/\/schema.org","@graph":[{"@type":"WebPage","@id":"https:\/\/alj.com\/tr\/transportation\/transportation-overview\/","url":"https:\/\/alj.com\/tr\/transportation\/transportation-overview\/","name":"Nakliye \u00c7\u00f6z\u00fcmleri | Abdul Latif Jameel\u00ae","isPartOf":{"@id":"https:\/\/alj.com\/en\/#website"},"datePublished":"2017-01-03T11:38:45+00:00","dateModified":"2021-06-16T13:35:50+00:00","description":"1955'ten bu yana, 12 \u00fclkede d\u00fcnya \u00e7ap\u0131nda bir otomotiv i\u015fletmesi kurduk. K\u00fcresel otomotiv ve m\u00fchendislik i\u015fletmelerimiz hakk\u0131nda daha fazla bilgi edinin!","breadcrumb":{"@id":"https:\/\/alj.com\/tr\/transportation\/transportation-overview\/#breadcrumb"},"inLanguage":"tr","potentialAction":[{"@type":"ReadAction","target":["https:\/\/alj.com\/tr\/transportation\/transportation-overview\/"]}]},{"@type":"BreadcrumbList","@id":"https:\/\/alj.com\/tr\/transportation\/transportation-overview\/#breadcrumb","itemListElement":[{"@type":"ListItem","position":1,"name":"Home","item":"https:\/\/alj.com\/tr\/"},{"@type":"ListItem","position":2,"name":"Ula\u015f\u0131m","item":"https:\/\/alj.com\/tr\/transportation\/"},{"@type":"ListItem","position":3,"name":"Ula\u015f\u0131m"}]},{"@type":"WebSite","@id":"https:\/\/alj.com\/en\/#website","url":"https:\/\/alj.com\/en\/","name":"Abdul Latif Jameel","description":"Abdul Latif Jameel","potentialAction":[{"@type":"SearchAction","target":{"@type":"EntryPoint","urlTemplate":"https:\/\/alj.com\/en\/?s={search_term_string}"},"query-input":"required name=search_term_string"}],"inLanguage":"tr"}]}},"_links":{"self":[{"href":"https:\/\/alj.com\/tr\/wp-json\/wp\/v2\/pages\/2620"}],"collection":[{"href":"https:\/\/alj.com\/tr\/wp-json\/wp\/v2\/pages"}],"about":[{"href":"https:\/\/alj.com\/tr\/wp-json\/wp\/v2\/types\/page"}],"author":[{"embeddable":true,"href":"https:\/\/alj.com\/tr\/wp-json\/wp\/v2\/users\/14"}],"replies":[{"embeddable":true,"href":"https:\/\/alj.com\/tr\/wp-json\/wp\/v2\/comments?post=2620"}],"version-history":[{"count":0,"href":"https:\/\/alj.com\/tr\/wp-json\/wp\/v2\/pages\/2620\/revisions"}],"up":[{"embeddable":true,"href":"https:\/\/alj.com\/tr\/wp-json\/wp\/v2\/pages\/2604"}],"wp:attachment":[{"href":"https:\/\/alj.com\/tr\/wp-json\/wp\/v2\/media?parent=2620"}],"wp:term":[{"taxonomy":"category","embeddable":true,"href":"https:\/\/alj.com\/tr\/wp-json\/wp\/v2\/categories?post=2620"}],"curies":[{"name":"wp","href":"https:\/\/api.w.org\/{rel}","templated":true}]}}