{"id":2635,"date":"2017-01-03T11:48:28","date_gmt":"2017-01-03T11:48:28","guid":{"rendered":"http:\/\/alj.corp.staging.omniaconnect.net\/tr\/?page_id=2635"},"modified":"2020-04-13T10:22:30","modified_gmt":"2020-04-13T10:22:30","slug":"logistics","status":"publish","type":"page","link":"https:\/\/alj.com\/tr\/transportation\/logistics\/","title":{"rendered":"Lojistik"},"content":{"rendered":"<h2>Uluslararas\u0131 Ba\u011flanabilirli\u011fe Yat\u0131r\u0131m Yap\u0131yoruz<\/h2>\n<div class=\"p1-style\">Altyap\u0131 geli\u015ftirmenin ve lojisti\u011fin \u00f6nemini geli\u015fmekte olan her pazar anlar \u2013 kesintisiz ekonomik kalk\u0131nma ve rekabet g\u00fcc\u00fc bak\u0131m\u0131ndan bunlar\u0131n her ikisi de kritik \u00f6neme sahiptir.<\/div>\n<p>Suudi Arabistan nakliye ve lojistik end\u00fcstrisi, demiryolu, denizcilik, yol, lojistik ve havaalan\u0131 altyap\u0131lar\u0131na devlet taraf\u0131ndan y\u00fcr\u00fct\u00fclen yat\u0131r\u0131mlarla g\u00fc\u00e7l\u00fc bir \u015fekilde desteklenen b\u00fcy\u00fck ve dinamik bir end\u00fcstridir. \u00dclkedeki navlun ve lojistik pazar\u0131n\u0131n 22,95 milyar ABD Dolar\u0131 de\u011ferinde oldu\u011fu tahmin ediliyor ve 2020-2025 y\u0131llar\u0131 aras\u0131nda% 7,35&#8217;lik bir CAGR&#8217;de b\u00fcy\u00fcyece\u011fi tahmin ediliyor.<\/p>\n","protected":false},"excerpt":{"rendered":"<p>Uluslararas\u0131 Ba\u011flanabilirli\u011fe Yat\u0131r\u0131m Yap\u0131yoruz Altyap\u0131 geli\u015ftirmenin ve lojisti\u011fin \u00f6nemini geli\u015fmekte olan her pazar anlar \u2013 kesintisiz ekonomik kalk\u0131nma ve rekabet g\u00fcc\u00fc bak\u0131m\u0131ndan bunlar\u0131n her ikisi de kritik \u00f6neme sahiptir. Suudi Arabistan nakliye ve lojistik end\u00fcstrisi, demiryolu, denizcilik, yol, lojistik ve havaalan\u0131 altyap\u0131lar\u0131na devlet taraf\u0131ndan y\u00fcr\u00fct\u00fclen yat\u0131r\u0131mlarla g\u00fc\u00e7l\u00fc bir \u015fekilde desteklenen b\u00fcy\u00fck ve dinamik bir end\u00fcstridir. [&hellip;]<\/p>\n","protected":false},"author":14,"featured_media":9508,"parent":2604,"menu_order":20,"comment_status":"closed","ping_status":"closed","template":"page-templates\/business-inner.php","meta":{"footnotes":""},"categories":[],"acf":[],"yoast_head":"<!-- This site is optimized with the Yoast SEO plugin v21.5 - https:\/\/yoast.com\/wordpress\/plugins\/seo\/ -->\n<title>Nakliye ve Lojistik \u00c7\u00f6z\u00fcmleri | Abdul Latif Jameel\u00ae<\/title>\n<meta name=\"description\" content=\"B\u00f6lgede uzun y\u0131llara dayanan kan\u0131tlanm\u0131\u015f lojistik tecr\u00fcbemizle, ayda 700&#039;den fazla gemi konteyneri sevk\u0131yat\u0131n\u0131 g\u00fcnde 20.000 sipari\u015f hatt\u0131 ile ger\u00e7ekle\u015ftiriyoruz.\" \/>\n<meta name=\"robots\" content=\"index, follow, max-snippet:-1, max-image-preview:large, max-video-preview:-1\" \/>\n<link rel=\"canonical\" href=\"https:\/\/alj.com\/tr\/transportation\/logistics\/\" \/>\n<meta property=\"og:locale\" content=\"tr_TR\" \/>\n<meta property=\"og:type\" content=\"article\" \/>\n<meta property=\"og:title\" content=\"Nakliye ve Lojistik \u00c7\u00f6z\u00fcmleri | Abdul Latif Jameel\u00ae\" \/>\n<meta property=\"og:description\" content=\"B\u00f6lgede uzun y\u0131llara dayanan kan\u0131tlanm\u0131\u015f lojistik tecr\u00fcbemizle, ayda 700&#039;den fazla gemi konteyneri sevk\u0131yat\u0131n\u0131 g\u00fcnde 20.000 sipari\u015f hatt\u0131 ile ger\u00e7ekle\u015ftiriyoruz.\" \/>\n<meta property=\"og:url\" content=\"https:\/\/alj.com\/tr\/transportation\/logistics\/\" \/>\n<meta property=\"og:site_name\" content=\"Abdul Latif Jameel\" \/>\n<meta property=\"article:publisher\" content=\"https:\/\/www.facebook.com\/Abdul.Latif.Jameel.Official\" \/>\n<meta property=\"article:modified_time\" content=\"2020-04-13T10:22:30+00:00\" \/>\n<meta property=\"og:image\" content=\"https:\/\/media.alj.com\/app\/uploads\/2016\/10\/alj-our-presence-in-menat-and-beyond.jpg\" \/>\n\t<meta property=\"og:image:width\" content=\"1294\" \/>\n\t<meta property=\"og:image:height\" content=\"600\" \/>\n\t<meta property=\"og:image:type\" content=\"image\/jpeg\" \/>\n<meta name=\"twitter:card\" content=\"summary_large_image\" \/>\n<meta name=\"twitter:label1\" content=\"Est. reading time\" \/>\n\t<meta name=\"twitter:data1\" content=\"1 minute\" \/>\n<script type=\"application\/ld+json\" class=\"yoast-schema-graph\">{\"@context\":\"https:\/\/schema.org\",\"@graph\":[{\"@type\":\"WebPage\",\"@id\":\"https:\/\/alj.com\/tr\/transportation\/logistics\/\",\"url\":\"https:\/\/alj.com\/tr\/transportation\/logistics\/\",\"name\":\"Nakliye ve Lojistik \u00c7\u00f6z\u00fcmleri | Abdul Latif Jameel\u00ae\",\"isPartOf\":{\"@id\":\"https:\/\/alj.com\/en\/#website\"},\"datePublished\":\"2017-01-03T11:48:28+00:00\",\"dateModified\":\"2020-04-13T10:22:30+00:00\",\"description\":\"B\u00f6lgede uzun y\u0131llara dayanan kan\u0131tlanm\u0131\u015f lojistik tecr\u00fcbemizle, ayda 700'den fazla gemi konteyneri sevk\u0131yat\u0131n\u0131 g\u00fcnde 20.000 sipari\u015f hatt\u0131 ile ger\u00e7ekle\u015ftiriyoruz.\",\"breadcrumb\":{\"@id\":\"https:\/\/alj.com\/tr\/transportation\/logistics\/#breadcrumb\"},\"inLanguage\":\"tr\",\"potentialAction\":[{\"@type\":\"ReadAction\",\"target\":[\"https:\/\/alj.com\/tr\/transportation\/logistics\/\"]}]},{\"@type\":\"BreadcrumbList\",\"@id\":\"https:\/\/alj.com\/tr\/transportation\/logistics\/#breadcrumb\",\"itemListElement\":[{\"@type\":\"ListItem\",\"position\":1,\"name\":\"Home\",\"item\":\"https:\/\/alj.com\/tr\/\"},{\"@type\":\"ListItem\",\"position\":2,\"name\":\"Ula\u015f\u0131m\",\"item\":\"https:\/\/alj.com\/tr\/transportation\/\"},{\"@type\":\"ListItem\",\"position\":3,\"name\":\"Lojistik\"}]},{\"@type\":\"WebSite\",\"@id\":\"https:\/\/alj.com\/en\/#website\",\"url\":\"https:\/\/alj.com\/en\/\",\"name\":\"Abdul Latif Jameel\",\"description\":\"Abdul Latif Jameel\",\"potentialAction\":[{\"@type\":\"SearchAction\",\"target\":{\"@type\":\"EntryPoint\",\"urlTemplate\":\"https:\/\/alj.com\/en\/?s={search_term_string}\"},\"query-input\":\"required name=search_term_string\"}],\"inLanguage\":\"tr\"}]}<\/script>\n<!-- \/ Yoast SEO plugin. -->","yoast_head_json":{"title":"Nakliye ve Lojistik \u00c7\u00f6z\u00fcmleri | Abdul Latif Jameel\u00ae","description":"B\u00f6lgede uzun y\u0131llara dayanan kan\u0131tlanm\u0131\u015f lojistik tecr\u00fcbemizle, ayda 700'den fazla gemi konteyneri sevk\u0131yat\u0131n\u0131 g\u00fcnde 20.000 sipari\u015f hatt\u0131 ile ger\u00e7ekle\u015ftiriyoruz.","robots":{"index":"index","follow":"follow","max-snippet":"max-snippet:-1","max-image-preview":"max-image-preview:large","max-video-preview":"max-video-preview:-1"},"canonical":"https:\/\/alj.com\/tr\/transportation\/logistics\/","og_locale":"tr_TR","og_type":"article","og_title":"Nakliye ve Lojistik \u00c7\u00f6z\u00fcmleri | Abdul Latif Jameel\u00ae","og_description":"B\u00f6lgede uzun y\u0131llara dayanan kan\u0131tlanm\u0131\u015f lojistik tecr\u00fcbemizle, ayda 700'den fazla gemi konteyneri sevk\u0131yat\u0131n\u0131 g\u00fcnde 20.000 sipari\u015f hatt\u0131 ile ger\u00e7ekle\u015ftiriyoruz.","og_url":"https:\/\/alj.com\/tr\/transportation\/logistics\/","og_site_name":"Abdul Latif Jameel","article_publisher":"https:\/\/www.facebook.com\/Abdul.Latif.Jameel.Official","article_modified_time":"2020-04-13T10:22:30+00:00","og_image":[{"width":1294,"height":600,"url":"https:\/\/media.alj.com\/app\/uploads\/2016\/10\/alj-our-presence-in-menat-and-beyond.jpg","type":"image\/jpeg"}],"twitter_card":"summary_large_image","twitter_misc":{"Est. reading time":"1 minute"},"schema":{"@context":"https:\/\/schema.org","@graph":[{"@type":"WebPage","@id":"https:\/\/alj.com\/tr\/transportation\/logistics\/","url":"https:\/\/alj.com\/tr\/transportation\/logistics\/","name":"Nakliye ve Lojistik \u00c7\u00f6z\u00fcmleri | Abdul Latif Jameel\u00ae","isPartOf":{"@id":"https:\/\/alj.com\/en\/#website"},"datePublished":"2017-01-03T11:48:28+00:00","dateModified":"2020-04-13T10:22:30+00:00","description":"B\u00f6lgede uzun y\u0131llara dayanan kan\u0131tlanm\u0131\u015f lojistik tecr\u00fcbemizle, ayda 700'den fazla gemi konteyneri sevk\u0131yat\u0131n\u0131 g\u00fcnde 20.000 sipari\u015f hatt\u0131 ile ger\u00e7ekle\u015ftiriyoruz.","breadcrumb":{"@id":"https:\/\/alj.com\/tr\/transportation\/logistics\/#breadcrumb"},"inLanguage":"tr","potentialAction":[{"@type":"ReadAction","target":["https:\/\/alj.com\/tr\/transportation\/logistics\/"]}]},{"@type":"BreadcrumbList","@id":"https:\/\/alj.com\/tr\/transportation\/logistics\/#breadcrumb","itemListElement":[{"@type":"ListItem","position":1,"name":"Home","item":"https:\/\/alj.com\/tr\/"},{"@type":"ListItem","position":2,"name":"Ula\u015f\u0131m","item":"https:\/\/alj.com\/tr\/transportation\/"},{"@type":"ListItem","position":3,"name":"Lojistik"}]},{"@type":"WebSite","@id":"https:\/\/alj.com\/en\/#website","url":"https:\/\/alj.com\/en\/","name":"Abdul Latif Jameel","description":"Abdul Latif Jameel","potentialAction":[{"@type":"SearchAction","target":{"@type":"EntryPoint","urlTemplate":"https:\/\/alj.com\/en\/?s={search_term_string}"},"query-input":"required name=search_term_string"}],"inLanguage":"tr"}]}},"_links":{"self":[{"href":"https:\/\/alj.com\/tr\/wp-json\/wp\/v2\/pages\/2635"}],"collection":[{"href":"https:\/\/alj.com\/tr\/wp-json\/wp\/v2\/pages"}],"about":[{"href":"https:\/\/alj.com\/tr\/wp-json\/wp\/v2\/types\/page"}],"author":[{"embeddable":true,"href":"https:\/\/alj.com\/tr\/wp-json\/wp\/v2\/users\/14"}],"replies":[{"embeddable":true,"href":"https:\/\/alj.com\/tr\/wp-json\/wp\/v2\/comments?post=2635"}],"version-history":[{"count":0,"href":"https:\/\/alj.com\/tr\/wp-json\/wp\/v2\/pages\/2635\/revisions"}],"up":[{"embeddable":true,"href":"https:\/\/alj.com\/tr\/wp-json\/wp\/v2\/pages\/2604"}],"wp:featuredmedia":[{"embeddable":true,"href":"https:\/\/alj.com\/tr\/wp-json\/wp\/v2\/media\/9508"}],"wp:attachment":[{"href":"https:\/\/alj.com\/tr\/wp-json\/wp\/v2\/media?parent=2635"}],"wp:term":[{"taxonomy":"category","embeddable":true,"href":"https:\/\/alj.com\/tr\/wp-json\/wp\/v2\/categories?post=2635"}],"curies":[{"name":"wp","href":"https:\/\/api.w.org\/{rel}","templated":true}]}}