{"id":2654,"date":"2017-01-03T12:09:10","date_gmt":"2017-01-03T12:09:10","guid":{"rendered":"http:\/\/alj.corp.staging.omniaconnect.net\/tr\/?page_id=2654"},"modified":"2019-12-30T12:52:20","modified_gmt":"2019-12-30T12:52:20","slug":"passenger-vehicles","status":"publish","type":"page","link":"https:\/\/alj.com\/tr\/transportation\/passenger-vehicles\/","title":{"rendered":"Binek Ta\u015f\u0131tlar"},"content":{"rendered":"<h2>\u0130nsanlar\u0131 Her G\u00fcn Daha \u0130leriye Ta\u015f\u0131yoruz<\/h2>\n<div class=\"p1-style\">Otomotiv sekt\u00f6r\u00fcndeki 60 y\u0131ldan daha uzun bir s\u00fcredir devam eden ba\u015far\u0131l\u0131 yolculu\u011fumuz boyunca, operasyonel uzmanl\u0131\u011f\u0131m\u0131z ve s\u00fcrekli geli\u015fme felsefemiz sayesinde rekor d\u00fczeyde y\u0131ll\u0131k sat\u0131\u015flara ula\u015ft\u0131k ve MENAT b\u00f6lgesinde devaml\u0131l\u0131k arz eden bir ekonomik kalk\u0131nma sa\u011flad\u0131k.<\/div>\n<p>G\u00fcn\u00fcm\u00fczde d\u00fcnyan\u0131n lider binek ara\u00e7 markalar\u0131n\u0131n baz\u0131lar\u0131 i\u00e7in distrib\u00fct\u00f6r ve perakendeci olarak hizmet veriyoruz.<\/p>\n","protected":false},"excerpt":{"rendered":"<p>\u0130nsanlar\u0131 Her G\u00fcn Daha \u0130leriye Ta\u015f\u0131yoruz Otomotiv sekt\u00f6r\u00fcndeki 60 y\u0131ldan daha uzun bir s\u00fcredir devam eden ba\u015far\u0131l\u0131 yolculu\u011fumuz boyunca, operasyonel uzmanl\u0131\u011f\u0131m\u0131z ve s\u00fcrekli geli\u015fme felsefemiz sayesinde rekor d\u00fczeyde y\u0131ll\u0131k sat\u0131\u015flara ula\u015ft\u0131k ve MENAT b\u00f6lgesinde devaml\u0131l\u0131k arz eden bir ekonomik kalk\u0131nma sa\u011flad\u0131k. G\u00fcn\u00fcm\u00fczde d\u00fcnyan\u0131n lider binek ara\u00e7 markalar\u0131n\u0131n baz\u0131lar\u0131 i\u00e7in distrib\u00fct\u00f6r ve perakendeci olarak hizmet veriyoruz.<\/p>\n","protected":false},"author":14,"featured_media":4188,"parent":2604,"menu_order":17,"comment_status":"closed","ping_status":"closed","template":"page-templates\/business-inner.php","meta":{"footnotes":""},"categories":[],"acf":[],"yoast_head":"<!-- This site is optimized with the Yoast SEO plugin v21.5 - https:\/\/yoast.com\/wordpress\/plugins\/seo\/ -->\n<title>Otomotiv Da\u011f\u0131t\u0131m ve Perakende \u00c7\u00f6z\u00fcmleri | Abdul Latif Jameel\u00ae<\/title>\n<meta name=\"description\" content=\"D\u00fcnyan\u0131n \u00f6nde gelen binek otomobil markalar\u0131n\u0131n baz\u0131lar\u0131 i\u00e7in distrib\u00fct\u00f6r ve perakendeci olarak hizmet veriyoruz. Oto da\u011f\u0131t\u0131m ve perakende sat\u0131\u015flar\u0131m\u0131z ile ilgili daha fazla bilgi edinin!\" \/>\n<meta name=\"robots\" content=\"index, follow, max-snippet:-1, max-image-preview:large, max-video-preview:-1\" \/>\n<link rel=\"canonical\" href=\"https:\/\/alj.com\/tr\/transportation\/passenger-vehicles\/\" \/>\n<meta property=\"og:locale\" content=\"tr_TR\" \/>\n<meta property=\"og:type\" content=\"article\" \/>\n<meta property=\"og:title\" content=\"Otomotiv Da\u011f\u0131t\u0131m ve Perakende \u00c7\u00f6z\u00fcmleri | Abdul Latif Jameel\u00ae\" \/>\n<meta property=\"og:description\" content=\"D\u00fcnyan\u0131n \u00f6nde gelen binek otomobil markalar\u0131n\u0131n baz\u0131lar\u0131 i\u00e7in distrib\u00fct\u00f6r ve perakendeci olarak hizmet veriyoruz. Oto da\u011f\u0131t\u0131m ve perakende sat\u0131\u015flar\u0131m\u0131z ile ilgili daha fazla bilgi edinin!\" \/>\n<meta property=\"og:url\" content=\"https:\/\/alj.com\/tr\/transportation\/passenger-vehicles\/\" \/>\n<meta property=\"og:site_name\" content=\"Abdul Latif Jameel\" \/>\n<meta property=\"article:publisher\" content=\"https:\/\/www.facebook.com\/Abdul.Latif.Jameel.Official\" \/>\n<meta property=\"article:modified_time\" content=\"2019-12-30T12:52:20+00:00\" \/>\n<meta property=\"og:image\" content=\"https:\/\/media.alj.com\/app\/uploads\/2016\/10\/alj-our-presence-in-menat-and-beyond.jpg\" \/>\n\t<meta property=\"og:image:width\" content=\"1294\" \/>\n\t<meta property=\"og:image:height\" content=\"600\" \/>\n\t<meta property=\"og:image:type\" content=\"image\/jpeg\" \/>\n<meta name=\"twitter:card\" content=\"summary_large_image\" \/>\n<script type=\"application\/ld+json\" class=\"yoast-schema-graph\">{\"@context\":\"https:\/\/schema.org\",\"@graph\":[{\"@type\":\"WebPage\",\"@id\":\"https:\/\/alj.com\/tr\/transportation\/passenger-vehicles\/\",\"url\":\"https:\/\/alj.com\/tr\/transportation\/passenger-vehicles\/\",\"name\":\"Otomotiv Da\u011f\u0131t\u0131m ve Perakende \u00c7\u00f6z\u00fcmleri | Abdul Latif Jameel\u00ae\",\"isPartOf\":{\"@id\":\"https:\/\/alj.com\/en\/#website\"},\"datePublished\":\"2017-01-03T12:09:10+00:00\",\"dateModified\":\"2019-12-30T12:52:20+00:00\",\"description\":\"D\u00fcnyan\u0131n \u00f6nde gelen binek otomobil markalar\u0131n\u0131n baz\u0131lar\u0131 i\u00e7in distrib\u00fct\u00f6r ve perakendeci olarak hizmet veriyoruz. Oto da\u011f\u0131t\u0131m ve perakende sat\u0131\u015flar\u0131m\u0131z ile ilgili daha fazla bilgi edinin!\",\"breadcrumb\":{\"@id\":\"https:\/\/alj.com\/tr\/transportation\/passenger-vehicles\/#breadcrumb\"},\"inLanguage\":\"tr\",\"potentialAction\":[{\"@type\":\"ReadAction\",\"target\":[\"https:\/\/alj.com\/tr\/transportation\/passenger-vehicles\/\"]}]},{\"@type\":\"BreadcrumbList\",\"@id\":\"https:\/\/alj.com\/tr\/transportation\/passenger-vehicles\/#breadcrumb\",\"itemListElement\":[{\"@type\":\"ListItem\",\"position\":1,\"name\":\"Home\",\"item\":\"https:\/\/alj.com\/tr\/\"},{\"@type\":\"ListItem\",\"position\":2,\"name\":\"Ula\u015f\u0131m\",\"item\":\"https:\/\/alj.com\/tr\/transportation\/\"},{\"@type\":\"ListItem\",\"position\":3,\"name\":\"Binek Ta\u015f\u0131tlar\"}]},{\"@type\":\"WebSite\",\"@id\":\"https:\/\/alj.com\/en\/#website\",\"url\":\"https:\/\/alj.com\/en\/\",\"name\":\"Abdul Latif Jameel\",\"description\":\"Abdul Latif Jameel\",\"potentialAction\":[{\"@type\":\"SearchAction\",\"target\":{\"@type\":\"EntryPoint\",\"urlTemplate\":\"https:\/\/alj.com\/en\/?s={search_term_string}\"},\"query-input\":\"required name=search_term_string\"}],\"inLanguage\":\"tr\"}]}<\/script>\n<!-- \/ Yoast SEO plugin. -->","yoast_head_json":{"title":"Otomotiv Da\u011f\u0131t\u0131m ve Perakende \u00c7\u00f6z\u00fcmleri | Abdul Latif Jameel\u00ae","description":"D\u00fcnyan\u0131n \u00f6nde gelen binek otomobil markalar\u0131n\u0131n baz\u0131lar\u0131 i\u00e7in distrib\u00fct\u00f6r ve perakendeci olarak hizmet veriyoruz. Oto da\u011f\u0131t\u0131m ve perakende sat\u0131\u015flar\u0131m\u0131z ile ilgili daha fazla bilgi edinin!","robots":{"index":"index","follow":"follow","max-snippet":"max-snippet:-1","max-image-preview":"max-image-preview:large","max-video-preview":"max-video-preview:-1"},"canonical":"https:\/\/alj.com\/tr\/transportation\/passenger-vehicles\/","og_locale":"tr_TR","og_type":"article","og_title":"Otomotiv Da\u011f\u0131t\u0131m ve Perakende \u00c7\u00f6z\u00fcmleri | Abdul Latif Jameel\u00ae","og_description":"D\u00fcnyan\u0131n \u00f6nde gelen binek otomobil markalar\u0131n\u0131n baz\u0131lar\u0131 i\u00e7in distrib\u00fct\u00f6r ve perakendeci olarak hizmet veriyoruz. Oto da\u011f\u0131t\u0131m ve perakende sat\u0131\u015flar\u0131m\u0131z ile ilgili daha fazla bilgi edinin!","og_url":"https:\/\/alj.com\/tr\/transportation\/passenger-vehicles\/","og_site_name":"Abdul Latif Jameel","article_publisher":"https:\/\/www.facebook.com\/Abdul.Latif.Jameel.Official","article_modified_time":"2019-12-30T12:52:20+00:00","og_image":[{"width":1294,"height":600,"url":"https:\/\/media.alj.com\/app\/uploads\/2016\/10\/alj-our-presence-in-menat-and-beyond.jpg","type":"image\/jpeg"}],"twitter_card":"summary_large_image","schema":{"@context":"https:\/\/schema.org","@graph":[{"@type":"WebPage","@id":"https:\/\/alj.com\/tr\/transportation\/passenger-vehicles\/","url":"https:\/\/alj.com\/tr\/transportation\/passenger-vehicles\/","name":"Otomotiv Da\u011f\u0131t\u0131m ve Perakende \u00c7\u00f6z\u00fcmleri | Abdul Latif Jameel\u00ae","isPartOf":{"@id":"https:\/\/alj.com\/en\/#website"},"datePublished":"2017-01-03T12:09:10+00:00","dateModified":"2019-12-30T12:52:20+00:00","description":"D\u00fcnyan\u0131n \u00f6nde gelen binek otomobil markalar\u0131n\u0131n baz\u0131lar\u0131 i\u00e7in distrib\u00fct\u00f6r ve perakendeci olarak hizmet veriyoruz. Oto da\u011f\u0131t\u0131m ve perakende sat\u0131\u015flar\u0131m\u0131z ile ilgili daha fazla bilgi edinin!","breadcrumb":{"@id":"https:\/\/alj.com\/tr\/transportation\/passenger-vehicles\/#breadcrumb"},"inLanguage":"tr","potentialAction":[{"@type":"ReadAction","target":["https:\/\/alj.com\/tr\/transportation\/passenger-vehicles\/"]}]},{"@type":"BreadcrumbList","@id":"https:\/\/alj.com\/tr\/transportation\/passenger-vehicles\/#breadcrumb","itemListElement":[{"@type":"ListItem","position":1,"name":"Home","item":"https:\/\/alj.com\/tr\/"},{"@type":"ListItem","position":2,"name":"Ula\u015f\u0131m","item":"https:\/\/alj.com\/tr\/transportation\/"},{"@type":"ListItem","position":3,"name":"Binek Ta\u015f\u0131tlar"}]},{"@type":"WebSite","@id":"https:\/\/alj.com\/en\/#website","url":"https:\/\/alj.com\/en\/","name":"Abdul Latif Jameel","description":"Abdul Latif Jameel","potentialAction":[{"@type":"SearchAction","target":{"@type":"EntryPoint","urlTemplate":"https:\/\/alj.com\/en\/?s={search_term_string}"},"query-input":"required name=search_term_string"}],"inLanguage":"tr"}]}},"_links":{"self":[{"href":"https:\/\/alj.com\/tr\/wp-json\/wp\/v2\/pages\/2654"}],"collection":[{"href":"https:\/\/alj.com\/tr\/wp-json\/wp\/v2\/pages"}],"about":[{"href":"https:\/\/alj.com\/tr\/wp-json\/wp\/v2\/types\/page"}],"author":[{"embeddable":true,"href":"https:\/\/alj.com\/tr\/wp-json\/wp\/v2\/users\/14"}],"replies":[{"embeddable":true,"href":"https:\/\/alj.com\/tr\/wp-json\/wp\/v2\/comments?post=2654"}],"version-history":[{"count":0,"href":"https:\/\/alj.com\/tr\/wp-json\/wp\/v2\/pages\/2654\/revisions"}],"up":[{"embeddable":true,"href":"https:\/\/alj.com\/tr\/wp-json\/wp\/v2\/pages\/2604"}],"wp:featuredmedia":[{"embeddable":true,"href":"https:\/\/alj.com\/tr\/wp-json\/wp\/v2\/media\/4188"}],"wp:attachment":[{"href":"https:\/\/alj.com\/tr\/wp-json\/wp\/v2\/media?parent=2654"}],"wp:term":[{"taxonomy":"category","embeddable":true,"href":"https:\/\/alj.com\/tr\/wp-json\/wp\/v2\/categories?post=2654"}],"curies":[{"name":"wp","href":"https:\/\/api.w.org\/{rel}","templated":true}]}}