{"id":2670,"date":"2017-01-03T12:37:05","date_gmt":"2017-01-03T12:37:05","guid":{"rendered":"http:\/\/alj.corp.staging.omniaconnect.net\/tr\/?page_id=2670"},"modified":"2025-07-17T14:58:51","modified_gmt":"2025-07-17T14:58:51","slug":"locations","status":"publish","type":"page","link":"https:\/\/alj.com\/tr\/about\/locations\/","title":{"rendered":"Faaliyet G\u00f6sterdi\u011fimiz Yerler"},"content":{"rendered":"<h2>Yeni Kap\u0131lar A\u00e7\u0131l\u0131yor<\/h2>\n<div class=\"p1-style\">Kurulu\u015fumuzdan bu yana, yeni pazarlar ke\u015ffediyor ve uluslararas\u0131 eri\u015fimimizi b\u00fcy\u00fck bir potansiyel sunan b\u00f6lgeleri kapsayacak \u015fekilde geni\u015fletiyoruz.<\/div>\n<p>Son derece ba\u015far\u0131l\u0131 bu b\u00f6lgesel i\u015fletmeler, yerel k\u00fclt\u00fcrlere ve topluluklara kar\u015f\u0131 derin bir anlay\u0131\u015f ve sayg\u0131 temelinde kurulmu\u015ftur. Bug\u00fcn alt\u0131 k\u0131tada 34&#8217;dan fazla \u00fclkede varl\u0131k g\u00f6steriyoruz.<\/p>\n<p>\u0130\u015fletmelerimizin hepsi beraberce bir tek amac\u0131 payla\u015f\u0131yor: ya\u015fam\u0131n alt yap\u0131s\u0131n\u0131 olu\u015ftururken her zaman daha iyinin pe\u015finde olmaya kararl\u0131l\u0131kla odaklanmak.<\/p>\n","protected":false},"excerpt":{"rendered":"<p>Yeni Kap\u0131lar A\u00e7\u0131l\u0131yor Kurulu\u015fumuzdan bu yana, yeni pazarlar ke\u015ffediyor ve uluslararas\u0131 eri\u015fimimizi b\u00fcy\u00fck bir potansiyel sunan b\u00f6lgeleri kapsayacak \u015fekilde geni\u015fletiyoruz. Son derece ba\u015far\u0131l\u0131 bu b\u00f6lgesel i\u015fletmeler, yerel k\u00fclt\u00fcrlere ve topluluklara kar\u015f\u0131 derin bir anlay\u0131\u015f ve sayg\u0131 temelinde kurulmu\u015ftur. Bug\u00fcn alt\u0131 k\u0131tada 34&#8217;dan fazla \u00fclkede varl\u0131k g\u00f6steriyoruz. \u0130\u015fletmelerimizin hepsi beraberce bir tek amac\u0131 payla\u015f\u0131yor: ya\u015fam\u0131n alt [&hellip;]<\/p>\n","protected":false},"author":14,"featured_media":0,"parent":2665,"menu_order":4,"comment_status":"closed","ping_status":"closed","template":"page-templates\/about-us-locations.php","meta":{"footnotes":""},"categories":[],"acf":[],"yoast_head":"<!-- This site is optimized with the Yoast SEO plugin v21.5 - https:\/\/yoast.com\/wordpress\/plugins\/seo\/ -->\n<title>Lokasyonlar\u0131m\u0131z | Abdul Latif Jameel\u00ae<\/title>\n<meta name=\"description\" content=\"Abdul Latif Jameel, MENAT b\u00f6lgesinde derin k\u00f6k salarak b\u00fcy\u00fcmekte ve sorunsuz hizmet vermek i\u00e7in \u00e7e\u015fitli lokasyonlarda ofisleri bulunmaktad\u0131r.\" \/>\n<meta name=\"robots\" content=\"index, follow, max-snippet:-1, max-image-preview:large, max-video-preview:-1\" \/>\n<link rel=\"canonical\" href=\"https:\/\/alj.com\/tr\/about\/locations\/\" \/>\n<meta property=\"og:locale\" content=\"tr_TR\" \/>\n<meta property=\"og:type\" content=\"article\" \/>\n<meta property=\"og:title\" content=\"Lokasyonlar\u0131m\u0131z | Abdul Latif Jameel\u00ae\" \/>\n<meta property=\"og:description\" content=\"Abdul Latif Jameel, MENAT b\u00f6lgesinde derin k\u00f6k salarak b\u00fcy\u00fcmekte ve sorunsuz hizmet vermek i\u00e7in \u00e7e\u015fitli lokasyonlarda ofisleri bulunmaktad\u0131r.\" \/>\n<meta property=\"og:url\" content=\"https:\/\/alj.com\/tr\/about\/locations\/\" \/>\n<meta property=\"og:site_name\" content=\"Abdul Latif Jameel\" \/>\n<meta property=\"article:publisher\" content=\"https:\/\/www.facebook.com\/Abdul.Latif.Jameel.Official\" \/>\n<meta property=\"article:modified_time\" content=\"2025-07-17T14:58:51+00:00\" \/>\n<meta property=\"og:image\" content=\"https:\/\/media.alj.com\/app\/uploads\/2016\/10\/alj-our-presence-in-menat-and-beyond.jpg\" \/>\n\t<meta property=\"og:image:width\" content=\"1294\" \/>\n\t<meta property=\"og:image:height\" content=\"600\" \/>\n\t<meta property=\"og:image:type\" content=\"image\/jpeg\" \/>\n<meta name=\"twitter:card\" content=\"summary_large_image\" \/>\n<script type=\"application\/ld+json\" class=\"yoast-schema-graph\">{\"@context\":\"https:\/\/schema.org\",\"@graph\":[{\"@type\":\"WebPage\",\"@id\":\"https:\/\/alj.com\/tr\/about\/locations\/\",\"url\":\"https:\/\/alj.com\/tr\/about\/locations\/\",\"name\":\"Lokasyonlar\u0131m\u0131z | Abdul Latif Jameel\u00ae\",\"isPartOf\":{\"@id\":\"https:\/\/alj.com\/en\/#website\"},\"datePublished\":\"2017-01-03T12:37:05+00:00\",\"dateModified\":\"2025-07-17T14:58:51+00:00\",\"description\":\"Abdul Latif Jameel, MENAT b\u00f6lgesinde derin k\u00f6k salarak b\u00fcy\u00fcmekte ve sorunsuz hizmet vermek i\u00e7in \u00e7e\u015fitli lokasyonlarda ofisleri bulunmaktad\u0131r.\",\"breadcrumb\":{\"@id\":\"https:\/\/alj.com\/tr\/about\/locations\/#breadcrumb\"},\"inLanguage\":\"tr\",\"potentialAction\":[{\"@type\":\"ReadAction\",\"target\":[\"https:\/\/alj.com\/tr\/about\/locations\/\"]}]},{\"@type\":\"BreadcrumbList\",\"@id\":\"https:\/\/alj.com\/tr\/about\/locations\/#breadcrumb\",\"itemListElement\":[{\"@type\":\"ListItem\",\"position\":1,\"name\":\"Home\",\"item\":\"https:\/\/alj.com\/tr\/\"},{\"@type\":\"ListItem\",\"position\":2,\"name\":\"Hakk\u0131m\u0131zda\",\"item\":\"https:\/\/alj.com\/tr\/about\/\"},{\"@type\":\"ListItem\",\"position\":3,\"name\":\"Faaliyet G\u00f6sterdi\u011fimiz Yerler\"}]},{\"@type\":\"WebSite\",\"@id\":\"https:\/\/alj.com\/en\/#website\",\"url\":\"https:\/\/alj.com\/en\/\",\"name\":\"Abdul Latif Jameel\",\"description\":\"Abdul Latif Jameel\",\"potentialAction\":[{\"@type\":\"SearchAction\",\"target\":{\"@type\":\"EntryPoint\",\"urlTemplate\":\"https:\/\/alj.com\/en\/?s={search_term_string}\"},\"query-input\":\"required name=search_term_string\"}],\"inLanguage\":\"tr\"}]}<\/script>\n<!-- \/ Yoast SEO plugin. -->","yoast_head_json":{"title":"Lokasyonlar\u0131m\u0131z | Abdul Latif Jameel\u00ae","description":"Abdul Latif Jameel, MENAT b\u00f6lgesinde derin k\u00f6k salarak b\u00fcy\u00fcmekte ve sorunsuz hizmet vermek i\u00e7in \u00e7e\u015fitli lokasyonlarda ofisleri bulunmaktad\u0131r.","robots":{"index":"index","follow":"follow","max-snippet":"max-snippet:-1","max-image-preview":"max-image-preview:large","max-video-preview":"max-video-preview:-1"},"canonical":"https:\/\/alj.com\/tr\/about\/locations\/","og_locale":"tr_TR","og_type":"article","og_title":"Lokasyonlar\u0131m\u0131z | Abdul Latif Jameel\u00ae","og_description":"Abdul Latif Jameel, MENAT b\u00f6lgesinde derin k\u00f6k salarak b\u00fcy\u00fcmekte ve sorunsuz hizmet vermek i\u00e7in \u00e7e\u015fitli lokasyonlarda ofisleri bulunmaktad\u0131r.","og_url":"https:\/\/alj.com\/tr\/about\/locations\/","og_site_name":"Abdul Latif Jameel","article_publisher":"https:\/\/www.facebook.com\/Abdul.Latif.Jameel.Official","article_modified_time":"2025-07-17T14:58:51+00:00","og_image":[{"width":1294,"height":600,"url":"https:\/\/media.alj.com\/app\/uploads\/2016\/10\/alj-our-presence-in-menat-and-beyond.jpg","type":"image\/jpeg"}],"twitter_card":"summary_large_image","schema":{"@context":"https:\/\/schema.org","@graph":[{"@type":"WebPage","@id":"https:\/\/alj.com\/tr\/about\/locations\/","url":"https:\/\/alj.com\/tr\/about\/locations\/","name":"Lokasyonlar\u0131m\u0131z | Abdul Latif Jameel\u00ae","isPartOf":{"@id":"https:\/\/alj.com\/en\/#website"},"datePublished":"2017-01-03T12:37:05+00:00","dateModified":"2025-07-17T14:58:51+00:00","description":"Abdul Latif Jameel, MENAT b\u00f6lgesinde derin k\u00f6k salarak b\u00fcy\u00fcmekte ve sorunsuz hizmet vermek i\u00e7in \u00e7e\u015fitli lokasyonlarda ofisleri bulunmaktad\u0131r.","breadcrumb":{"@id":"https:\/\/alj.com\/tr\/about\/locations\/#breadcrumb"},"inLanguage":"tr","potentialAction":[{"@type":"ReadAction","target":["https:\/\/alj.com\/tr\/about\/locations\/"]}]},{"@type":"BreadcrumbList","@id":"https:\/\/alj.com\/tr\/about\/locations\/#breadcrumb","itemListElement":[{"@type":"ListItem","position":1,"name":"Home","item":"https:\/\/alj.com\/tr\/"},{"@type":"ListItem","position":2,"name":"Hakk\u0131m\u0131zda","item":"https:\/\/alj.com\/tr\/about\/"},{"@type":"ListItem","position":3,"name":"Faaliyet G\u00f6sterdi\u011fimiz Yerler"}]},{"@type":"WebSite","@id":"https:\/\/alj.com\/en\/#website","url":"https:\/\/alj.com\/en\/","name":"Abdul Latif Jameel","description":"Abdul Latif Jameel","potentialAction":[{"@type":"SearchAction","target":{"@type":"EntryPoint","urlTemplate":"https:\/\/alj.com\/en\/?s={search_term_string}"},"query-input":"required name=search_term_string"}],"inLanguage":"tr"}]}},"_links":{"self":[{"href":"https:\/\/alj.com\/tr\/wp-json\/wp\/v2\/pages\/2670"}],"collection":[{"href":"https:\/\/alj.com\/tr\/wp-json\/wp\/v2\/pages"}],"about":[{"href":"https:\/\/alj.com\/tr\/wp-json\/wp\/v2\/types\/page"}],"author":[{"embeddable":true,"href":"https:\/\/alj.com\/tr\/wp-json\/wp\/v2\/users\/14"}],"replies":[{"embeddable":true,"href":"https:\/\/alj.com\/tr\/wp-json\/wp\/v2\/comments?post=2670"}],"version-history":[{"count":2,"href":"https:\/\/alj.com\/tr\/wp-json\/wp\/v2\/pages\/2670\/revisions"}],"predecessor-version":[{"id":121357,"href":"https:\/\/alj.com\/tr\/wp-json\/wp\/v2\/pages\/2670\/revisions\/121357"}],"up":[{"embeddable":true,"href":"https:\/\/alj.com\/tr\/wp-json\/wp\/v2\/pages\/2665"}],"wp:attachment":[{"href":"https:\/\/alj.com\/tr\/wp-json\/wp\/v2\/media?parent=2670"}],"wp:term":[{"taxonomy":"category","embeddable":true,"href":"https:\/\/alj.com\/tr\/wp-json\/wp\/v2\/categories?post=2670"}],"curies":[{"name":"wp","href":"https:\/\/api.w.org\/{rel}","templated":true}]}}